{"id":15634,"date":"2023-12-03T20:04:00","date_gmt":"2023-12-03T19:04:00","guid":{"rendered":"https:\/\/balliuexport.com\/sostenibilitat\/"},"modified":"2025-11-05T16:57:10","modified_gmt":"2025-11-05T15:57:10","slug":"sostenibilitat","status":"publish","type":"page","link":"https:\/\/www.balliuexport.com\/ca\/sostenibilitat\/","title":{"rendered":"Sostenibilitat"},"content":{"rendered":"\t\t<div data-elementor-type=\"wp-page\" data-elementor-id=\"15634\" class=\"elementor elementor-15634 elementor-4601\" data-elementor-post-type=\"page\">\n\t\t\t\t<div class=\"elementor-element elementor-element-7fbcc638 e-flex e-con-boxed kitify-col-width-auto-no ignore-docs-style-no kitify-disable-relative-no e-root-container elementor-top-section e-con e-parent\" data-id=\"7fbcc638\" data-element_type=\"container\" data-settings=\"{&quot;background_background&quot;:&quot;classic&quot;}\">\n\t\t\t\t\t<div class=\"e-con-inner\">\n\t\t\t\t<div class=\"elementor-element elementor-element-68a247d6 elementor-widget__width-auto elementor-view-default elementor-position-top elementor-mobile-position-top elementor-invisible kitify-has-entrance-animation elementor-widget elementor-widget-icon-box\" data-id=\"68a247d6\" data-element_type=\"widget\" data-settings=\"{&quot;_animation&quot;:&quot;rotateIn&quot;,&quot;_animation_delay&quot;:1200}\" data-widget_type=\"icon-box.default\">\n\t\t\t\t<div class=\"elementor-widget-container\">\n\t\t\t\t\t<div class=\"elementor-icon-box-wrapper\">\n\n\t\t\t\t\t\t<div class=\"elementor-icon-box-icon\">\n\t\t\t\t<span  class=\"elementor-icon elementor-animation-\">\n\t\t\t\t<svg xmlns=\"http:\/\/www.w3.org\/2000\/svg\" xmlns:xlink=\"http:\/\/www.w3.org\/1999\/xlink\" width=\"96px\" height=\"102px\" viewBox=\"0 0 96 102\"><title>icona-sostenibilidad-blanc<\/title><g id=\"Nou-Ordre\" stroke=\"none\" stroke-width=\"1\" fill=\"none\" fill-rule=\"evenodd\"><g id=\"icona-sostenibilidad-blanc\" fill=\"#FFFFFF\" fill-rule=\"nonzero\"><path d=\"M81.2679124,22.9785189 L70.2921489,33.9703556 L88.0144246,33.9703556 L88.0144246,33.9703556 L96,33.9703556 L96,33.9703556 L96,33.9703556 L96,33.9697527 C89.002424,14.1801657 70.1590911,0 47.9998495,0 C25.8409089,0 6.997275,14.1801657 0,33.9703556 L7.98557537,33.9703556 C14.6020401,18.3889651 30.0259079,7.46224553 47.9998495,7.46224553 C61.350785,7.46224553 73.2949805,13.4910092 81.2679124,22.9785189 Z\" id=\"Fill-1\"><\/path><path d=\"M7.98545496,68.0296444 L7.98542485,68.0296444 L0.000150517873,68.0296444 C6.99742552,87.8198343 25.8407584,102 48.0001505,102 C70.1590911,102 89.002725,87.8198343 96,68.0296444 L88.0144246,68.0296444 C81.3979599,83.6110349 65.9740921,94.5377545 48.0001505,94.5377545 C34.6489139,94.5377545 22.7047485,88.5089306 14.7320274,79.0215715 L25.7080919,68.0296444 L7.98545496,68.0296444 Z\" id=\"Fill-2\"><\/path><\/g><\/g><\/svg>\t\t\t\t<\/span>\n\t\t\t<\/div>\n\t\t\t\n\t\t\t\n\t\t<\/div>\n\t\t\t\t<\/div>\n\t\t\t\t<\/div>\n\t\t\t\t<div class=\"elementor-element elementor-element-10cc982e elementor-invisible kitify-has-entrance-animation elementor-widget elementor-widget-heading\" data-id=\"10cc982e\" data-element_type=\"widget\" data-settings=\"{&quot;_animation&quot;:&quot;kitifyShortFadeInUp&quot;}\" data-widget_type=\"heading.default\">\n\t\t\t\t<div class=\"elementor-widget-container\">\n\t\t\t<h1 class=\"elementor-heading-title elementor-size-default\">Sostenibilitat<\/h1>\t\t<\/div>\n\t\t\t\t<\/div>\n\t\t\t\t<div class=\"elementor-element elementor-element-741bc951 elementor-widget__width-initial elementor-invisible kitify-has-entrance-animation elementor-widget elementor-widget-text-editor\" data-id=\"741bc951\" data-element_type=\"widget\" data-settings=\"{&quot;_animation&quot;:&quot;kitifyShortFadeInUp&quot;}\" data-widget_type=\"text-editor.default\">\n\t\t\t\t<div class=\"elementor-widget-container\">\n\t\t\t\t\t\t\t<h4><span style=\"color: #ffffff;\">El polipropil\u00e8 \u00e9s un material reutilitzable i 100% reciclable.<\/span><\/h4>\t\t\t\t\t\t<\/div>\n\t\t\t\t<\/div>\n\t\t\t\t\t<\/div>\n\t\t\t\t<\/div>\n\t\t<div class=\"elementor-element elementor-element-16e47854 e-flex e-con-boxed kitify-col-width-auto-no ignore-docs-style-no kitify-disable-relative-no elementor-invisible e-root-container elementor-top-section kitify-has-entrance-animation e-con e-parent\" data-id=\"16e47854\" data-element_type=\"container\" data-settings=\"{&quot;animation&quot;:&quot;kitifyShortFadeInUp&quot;}\">\n\t\t\t\t\t<div class=\"e-con-inner\">\n\t\t<div class=\"elementor-element elementor-element-392b8896 e-con-full e-flex kitify-col-width-auto-no ignore-docs-style-no kitify-disable-relative-no e-con e-child\" data-id=\"392b8896\" data-element_type=\"container\">\n\t\t\t\t<div class=\"elementor-element elementor-element-32d6750 elementor-widget elementor-widget-heading\" data-id=\"32d6750\" data-element_type=\"widget\" data-widget_type=\"heading.default\">\n\t\t\t\t<div class=\"elementor-widget-container\">\n\t\t\t<h2 class=\"elementor-heading-title elementor-size-default\">Apostem per solucions responsables i sostenibles<\/h2>\t\t<\/div>\n\t\t\t\t<\/div>\n\t\t\t\t<\/div>\n\t\t\t\t\t<\/div>\n\t\t\t\t<\/div>\n\t\t<div class=\"elementor-element elementor-element-253f9ece e-flex e-con-boxed kitify-col-width-auto-no ignore-docs-style-no kitify-disable-relative-no e-root-container elementor-top-section e-con e-parent\" data-id=\"253f9ece\" data-element_type=\"container\">\n\t\t\t\t\t<div class=\"e-con-inner\">\n\t\t<div class=\"elementor-element elementor-element-661ce588 e-con-full e-flex kitify-col-width-auto-no ignore-docs-style-no kitify-disable-relative-no elementor-invisible kitify-has-entrance-animation e-con e-child\" data-id=\"661ce588\" data-element_type=\"container\" data-settings=\"{&quot;animation&quot;:&quot;kitifyShortFadeInLeft&quot;}\">\n\t\t\t\t<div class=\"elementor-element elementor-element-3a12e69c elementor-widget elementor-widget-image\" data-id=\"3a12e69c\" data-element_type=\"widget\" data-widget_type=\"image.default\">\n\t\t\t\t<div class=\"elementor-widget-container\">\n\t\t\t\t\t\t\t\t\t\t\t\t\t<img loading=\"lazy\" decoding=\"async\" width=\"675\" height=\"478\" src=\"https:\/\/www.balliuexport.com\/wp-content\/uploads\/2023\/12\/plan-renove.jpg\" class=\"attachment-nova-image-square size-nova-image-square wp-image-15635\" alt=\"\" srcset=\"https:\/\/www.balliuexport.com\/wp-content\/uploads\/2023\/12\/plan-renove.jpg 675w, https:\/\/www.balliuexport.com\/wp-content\/uploads\/2023\/12\/plan-renove-400x283.jpg 400w, https:\/\/www.balliuexport.com\/wp-content\/uploads\/2023\/12\/plan-renove-600x425.jpg 600w\" sizes=\"auto, (max-width: 675px) 100vw, 675px\" \/>\t\t\t\t\t\t\t\t\t\t\t\t\t<\/div>\n\t\t\t\t<\/div>\n\t\t\t\t<\/div>\n\t\t<div class=\"elementor-element elementor-element-1eed3347 e-con-full e-flex kitify-col-width-auto-no ignore-docs-style-no kitify-disable-relative-no e-con e-child\" data-id=\"1eed3347\" data-element_type=\"container\">\n\t\t\t\t<div class=\"elementor-element elementor-element-60859fbb elementor-invisible kitify-has-entrance-animation elementor-widget elementor-widget-heading\" data-id=\"60859fbb\" data-element_type=\"widget\" data-settings=\"{&quot;_animation&quot;:&quot;kitifyShortFadeInUp&quot;,&quot;_animation_delay&quot;:400}\" data-widget_type=\"heading.default\">\n\t\t\t\t<div class=\"elementor-widget-container\">\n\t\t\t<h2 class=\"elementor-heading-title elementor-size-default\">Pla renove<\/h2>\t\t<\/div>\n\t\t\t\t<\/div>\n\t\t\t\t<div class=\"elementor-element elementor-element-1a69272 elementor-widget elementor-widget-text-editor\" data-id=\"1a69272\" data-element_type=\"widget\" data-widget_type=\"text-editor.default\">\n\t\t\t\t<div class=\"elementor-widget-container\">\n\t\t\t\t\t\t\t<p>Donem una nova vida a les gandules en des\u00fas de la Costa Mediterr\u00e0nia, transformant-les en mat\u00e8ria primera per a futurs projectes. Perqu\u00e8 un turisme sostenible comen\u00e7a amb una gesti\u00f3 responsable dels recursos, aquest programa simbolitza el nostre comprom\u00eds amb l&#8217;economia circular i amb un futur m\u00e9s respectu\u00f3s amb la mar i l&#8217;entorn.<\/p>\t\t\t\t\t\t<\/div>\n\t\t\t\t<\/div>\n\t\t\t\t<\/div>\n\t\t\t\t\t<\/div>\n\t\t\t\t<\/div>\n\t\t<div class=\"elementor-element elementor-element-66d40215 e-con-full e-flex kitify-col-width-auto-no ignore-docs-style-no kitify-disable-relative-no elementor-invisible e-root-container elementor-top-section kitify-has-entrance-animation e-con e-parent\" data-id=\"66d40215\" data-element_type=\"container\" data-settings=\"{&quot;animation&quot;:&quot;kitifyShortFadeInUp&quot;}\">\n\t\t\t\t<div class=\"elementor-element elementor-element-d58eb45 elementor-widget elementor-widget-heading\" data-id=\"d58eb45\" data-element_type=\"widget\" data-widget_type=\"heading.default\">\n\t\t\t\t<div class=\"elementor-widget-container\">\n\t\t\t<h2 class=\"elementor-heading-title elementor-size-default\">Com funciona el pla renove?<\/h2>\t\t<\/div>\n\t\t\t\t<\/div>\n\t\t\t\t<div class=\"elementor-element elementor-element-7eb1a42 elementor-widget elementor-widget-eael-image-accordion\" data-id=\"7eb1a42\" data-element_type=\"widget\" data-widget_type=\"eael-image-accordion.default\">\n\t\t\t\t<div class=\"elementor-widget-container\">\n\t\t\t    <div class=\"eael-img-accordion accordion-direction-horizontal eael-img-accordion-horizontal-align-center eael-img-accordion-vertical-align-center\" id=\"eael-img-accordion-7eb1a42\" data-img-accordion-id=\"7eb1a42\" data-img-accordion-type=\"on-hover\">\n                    \n            <div class=\"eael-image-accordion-hover eael-image-accordion-item\" style=\"background-image: url(https:\/\/www.balliuexport.com\/wp-content\/uploads\/2025\/11\/unnamed-1-5.jpg);\"  tabindex=\"0\">\n                <div class=\"overlay\">\n                    <div class=\"overlay-inner \">\n                                                    <p><p>Recollim les gandules de resina en des\u00fas directament en les instal\u00b7lacions del client i ens encarreguem del transport i garantim una gesti\u00f3 responsable del material.<\/p><\/p>\n                                            <\/div>\n                <\/div>\n            <\/div>\n                    \n            <div class=\"eael-image-accordion-hover eael-image-accordion-item\" style=\"background-image: url(https:\/\/www.balliuexport.com\/wp-content\/uploads\/2025\/11\/close-up-of-male-hand-holding-plastic-polymer-granules.jpg);\"  tabindex=\"0\">\n                <div class=\"overlay\">\n                    <div class=\"overlay-inner \">\n                                                    <p><p>Classifiquem i preparem la resina apta per al reciclatge, garantint que compleixi amb els est\u00e0ndards de qualitat i durabilitat que caracteritzen a Balliu.<\/p><\/p>\n                                            <\/div>\n                <\/div>\n            <\/div>\n                    \n            <div class=\"eael-image-accordion-hover eael-image-accordion-item\" style=\"background-image: url(https:\/\/www.balliuexport.com\/wp-content\/uploads\/2025\/11\/IMG_8572-1-2.jpg);\"  tabindex=\"0\">\n                <div class=\"overlay\">\n                    <div class=\"overlay-inner \">\n                                                    <p><p>Transformem el material en gransa reciclada, que reintrodu\u00efm en la fabricaci\u00f3 de nous models, reduint l&#8217;\u00fas de mat\u00e8ria primera verge.<\/p><\/p>\n                                            <\/div>\n                <\/div>\n            <\/div>\n                    \n            <div class=\"eael-image-accordion-hover eael-image-accordion-item\" style=\"background-image: url(https:\/\/www.balliuexport.com\/wp-content\/uploads\/2025\/11\/balliu-eva-pro-arena-outdoor-furniture-mobiliario-terraza-jardin-01-scaled-1-1.jpg);\"  tabindex=\"0\">\n                <div class=\"overlay\">\n                    <div class=\"overlay-inner \">\n                                                    <p><p>Reemplacem les gandules obsoletes per nous models m\u00e9s sostenibles, en la seva versi\u00f3 blanca,\u00a0 garantint el mateix nivell de qualitat que defineix a Balliu i refor\u00e7ant el nostre comprom\u00eds amb l&#8217;economia circular.<\/p><\/p>\n                                            <\/div>\n                <\/div>\n            <\/div>\n                <\/div>\n        <style typr=\"text\/css\">\n                    #eael-img-accordion-7eb1a42 .eael-image-accordion-hover:hover {\n                        flex: 3 1 0% !important;\n                    }\n                    #eael-img-accordion-7eb1a42 .eael-image-accordion-hover:hover:hover .overlay-inner * {\n                        opacity: 1;\n                        visibility: visible;\n                        transform: none;\n                        transition: all .3s .3s;\n                    }\n                <\/style>\t\t<\/div>\n\t\t\t\t<\/div>\n\t\t\t\t<\/div>\n\t\t<div class=\"elementor-element elementor-element-45f83cc e-flex e-con-boxed kitify-col-width-auto-no ignore-docs-style-no kitify-disable-relative-no e-root-container elementor-top-section e-con e-parent\" data-id=\"45f83cc\" data-element_type=\"container\" data-settings=\"{&quot;background_background&quot;:&quot;classic&quot;}\">\n\t\t\t\t\t<div class=\"e-con-inner\">\n\t\t<div class=\"elementor-element elementor-element-bde68ae e-con-full e-flex kitify-col-width-auto-no ignore-docs-style-no kitify-disable-relative-no elementor-invisible kitify-has-entrance-animation e-con e-child\" data-id=\"bde68ae\" data-element_type=\"container\" data-settings=\"{&quot;animation&quot;:&quot;kitifyShortFadeInLeft&quot;}\">\n\t\t\t\t<div class=\"elementor-element elementor-element-54466b5 elementor-widget elementor-widget-image\" data-id=\"54466b5\" data-element_type=\"widget\" data-widget_type=\"image.default\">\n\t\t\t\t<div class=\"elementor-widget-container\">\n\t\t\t\t\t\t\t\t\t\t\t\t\t<img loading=\"lazy\" decoding=\"async\" width=\"675\" height=\"478\" src=\"https:\/\/www.balliuexport.com\/wp-content\/uploads\/2023\/12\/mobiliario-sostenible.jpg\" class=\"attachment-nova-image-square size-nova-image-square wp-image-15638\" alt=\"\" srcset=\"https:\/\/www.balliuexport.com\/wp-content\/uploads\/2023\/12\/mobiliario-sostenible.jpg 675w, https:\/\/www.balliuexport.com\/wp-content\/uploads\/2023\/12\/mobiliario-sostenible-400x283.jpg 400w, https:\/\/www.balliuexport.com\/wp-content\/uploads\/2023\/12\/mobiliario-sostenible-600x425.jpg 600w\" sizes=\"auto, (max-width: 675px) 100vw, 675px\" \/>\t\t\t\t\t\t\t\t\t\t\t\t\t<\/div>\n\t\t\t\t<\/div>\n\t\t\t\t<\/div>\n\t\t<div class=\"elementor-element elementor-element-4b1af14 e-con-full e-flex kitify-col-width-auto-no ignore-docs-style-no kitify-disable-relative-no e-con e-child\" data-id=\"4b1af14\" data-element_type=\"container\">\n\t\t\t\t<div class=\"elementor-element elementor-element-4367e6b elementor-invisible kitify-has-entrance-animation elementor-widget elementor-widget-heading\" data-id=\"4367e6b\" data-element_type=\"widget\" data-settings=\"{&quot;_animation&quot;:&quot;kitifyShortFadeInUp&quot;,&quot;_animation_delay&quot;:400}\" data-widget_type=\"heading.default\">\n\t\t\t\t<div class=\"elementor-widget-container\">\n\t\t\t<h1 class=\"elementor-heading-title elementor-size-default\">Mobiliari sostenible<\/h1>\t\t<\/div>\n\t\t\t\t<\/div>\n\t\t\t\t<div class=\"elementor-element elementor-element-1766652 elementor-widget elementor-widget-text-editor\" data-id=\"1766652\" data-element_type=\"widget\" data-widget_type=\"text-editor.default\">\n\t\t\t\t<div class=\"elementor-widget-container\">\n\t\t\t\t\t\t\t<p>A Balliu dissenyem mobiliari que resisteix el pas del temps. Apostem per solucions de reparaci\u00f3 que amplien la vida \u00fatil de cada pe\u00e7a i redueixen l&#8217;impacte ambiental. Les nostres gandules de polipropil\u00e8 incorporen material reciclat en el model blanc, reflectint un comprom\u00eds real amb la sostenibilitat i l&#8217;economia circular.<\/p>\t\t\t\t\t\t<\/div>\n\t\t\t\t<\/div>\n\t\t\t\t<\/div>\n\t\t\t\t\t<\/div>\n\t\t\t\t<\/div>\n\t\t<div class=\"elementor-element elementor-element-b7a068e e-flex e-con-boxed kitify-col-width-auto-no ignore-docs-style-no kitify-disable-relative-no e-root-container elementor-top-section e-con e-parent\" data-id=\"b7a068e\" data-element_type=\"container\">\n\t\t\t\t\t<div class=\"e-con-inner\">\n\t\t\t\t<div class=\"elementor-element elementor-element-84aee72 elementor-widget elementor-widget-heading\" data-id=\"84aee72\" data-element_type=\"widget\" data-widget_type=\"heading.default\">\n\t\t\t\t<div class=\"elementor-widget-container\">\n\t\t\t<h2 class=\"elementor-heading-title elementor-size-default\">Informe impacte medi ambiental<\/h2>\t\t<\/div>\n\t\t\t\t<\/div>\n\t\t\t\t<div class=\"elementor-element elementor-element-d02656e elementor-align-center elementor-widget elementor-widget-button\" data-id=\"d02656e\" data-element_type=\"widget\" data-widget_type=\"button.default\">\n\t\t\t\t<div class=\"elementor-widget-container\">\n\t\t\t\t\t\t\t<div class=\"elementor-button-wrapper\">\n\t\t\t\t\t<a class=\"elementor-button elementor-button-link elementor-size-sm\" href=\"https:\/\/www.balliuexport.com\/wp-content\/uploads\/2025\/05\/Presentacio-Sostenibilitat-CAT.pdf\">\n\t\t\t\t\t\t<span class=\"elementor-button-content-wrapper\">\n\t\t\t\t\t\t<span class=\"elementor-button-icon\">\n\t\t\t\t<i aria-hidden=\"true\" class=\"icofont icofont-download\"><\/i>\t\t\t<\/span>\n\t\t\t\t\t\t\t\t\t<span class=\"elementor-button-text\">Descarregar<\/span>\n\t\t\t\t\t<\/span>\n\t\t\t\t\t<\/a>\n\t\t\t\t<\/div>\n\t\t\t\t\t\t<\/div>\n\t\t\t\t<\/div>\n\t\t\t\t\t<\/div>\n\t\t\t\t<\/div>\n\t\t<div class=\"elementor-element elementor-element-29ea433 e-flex e-con-boxed kitify-col-width-auto-no ignore-docs-style-no kitify-disable-relative-no e-root-container elementor-top-section e-con e-parent\" data-id=\"29ea433\" data-element_type=\"container\">\n\t\t\t\t\t<div class=\"e-con-inner\">\n\t\t<div class=\"elementor-element elementor-element-e82c569 e-flex e-con-boxed kitify-col-width-auto-no ignore-docs-style-no kitify-disable-relative-no e-con e-child\" data-id=\"e82c569\" data-element_type=\"container\">\n\t\t\t\t\t<div class=\"e-con-inner\">\n\t\t\t\t<div class=\"elementor-element elementor-element-9e9774a elementor-invisible kitify-has-entrance-animation elementor-widget elementor-widget-image\" data-id=\"9e9774a\" data-element_type=\"widget\" data-settings=\"{&quot;_animation&quot;:&quot;kitifyShortFadeInUp&quot;}\" data-widget_type=\"image.default\">\n\t\t\t\t<div class=\"elementor-widget-container\">\n\t\t\t\t\t\t\t\t\t\t\t\t\t<img decoding=\"async\" src=\"https:\/\/www.balliuexport.com\/wp-content\/uploads\/2023\/12\/b-symbol.svg\" class=\"attachment-full size-full wp-image-7163\" alt=\"\" \/>\t\t\t\t\t\t\t\t\t\t\t\t\t<\/div>\n\t\t\t\t<\/div>\n\t\t\t\t<div class=\"elementor-element elementor-element-72f3440 elementor-widget__width-auto elementor-invisible kitify-has-entrance-animation elementor-widget elementor-widget-heading\" data-id=\"72f3440\" data-element_type=\"widget\" data-settings=\"{&quot;_animation&quot;:&quot;kitifyShortFadeInUp&quot;,&quot;_animation_delay&quot;:400}\" data-widget_type=\"heading.default\">\n\t\t\t\t<div class=\"elementor-widget-container\">\n\t\t\t<h1 class=\"elementor-heading-title elementor-size-default\">Eva pro<\/h1>\t\t<\/div>\n\t\t\t\t<\/div>\n\t\t\t\t\t<\/div>\n\t\t\t\t<\/div>\n\t\t\t\t<div class=\"elementor-element elementor-element-db71ec6 elementor-position-top elementor-widget elementor-widget-image-box\" data-id=\"db71ec6\" data-element_type=\"widget\" data-widget_type=\"image-box.default\">\n\t\t\t\t<div class=\"elementor-widget-container\">\n\t\t\t<div class=\"elementor-image-box-wrapper\"><figure class=\"elementor-image-box-img\"><img loading=\"lazy\" decoding=\"async\" width=\"800\" height=\"614\" src=\"https:\/\/www.balliuexport.com\/wp-content\/uploads\/2025\/11\/eva-pro-blanco-01-00-800x614-1.jpg\" class=\"attachment-full size-full wp-image-66569\" alt=\"\" srcset=\"https:\/\/www.balliuexport.com\/wp-content\/uploads\/2025\/11\/eva-pro-blanco-01-00-800x614-1.jpg 800w, https:\/\/www.balliuexport.com\/wp-content\/uploads\/2025\/11\/eva-pro-blanco-01-00-800x614-1-400x307.jpg 400w, https:\/\/www.balliuexport.com\/wp-content\/uploads\/2025\/11\/eva-pro-blanco-01-00-800x614-1-600x461.jpg 600w, https:\/\/www.balliuexport.com\/wp-content\/uploads\/2025\/11\/eva-pro-blanco-01-00-800x614-1-768x589.jpg 768w, https:\/\/www.balliuexport.com\/wp-content\/uploads\/2025\/11\/eva-pro-blanco-01-00-800x614-1-80x61.jpg 80w\" sizes=\"auto, (max-width: 800px) 100vw, 800px\" \/><\/figure><div class=\"elementor-image-box-content\"><h3 class=\"elementor-image-box-title\">100% reciclable i sostenible amb 5 anys de garantia de xass\u00eds<\/h3><p class=\"elementor-image-box-description\">Certificada segons la normativa: ASTM F1988-99 820214) I EN 581<\/p><\/div><\/div>\t\t<\/div>\n\t\t\t\t<\/div>\n\t\t\t\t<div class=\"elementor-element elementor-element-d78212f elementor-align-center elementor-widget elementor-widget-button\" data-id=\"d78212f\" data-element_type=\"widget\" data-widget_type=\"button.default\">\n\t\t\t\t<div class=\"elementor-widget-container\">\n\t\t\t\t\t\t\t<div class=\"elementor-button-wrapper\">\n\t\t\t\t\t<a class=\"elementor-button elementor-button-link elementor-size-sm\" href=\"https:\/\/www.balliuexport.com\/ca\/producte\/gandula-de-resina-evapro\/\">\n\t\t\t\t\t\t<span class=\"elementor-button-content-wrapper\">\n\t\t\t\t\t\t<span class=\"elementor-button-icon\">\n\t\t\t\t<i aria-hidden=\"true\" class=\"dlicon shopping_cart\"><\/i>\t\t\t<\/span>\n\t\t\t\t\t\t\t\t\t<span class=\"elementor-button-text\">Veure producte<\/span>\n\t\t\t\t\t<\/span>\n\t\t\t\t\t<\/a>\n\t\t\t\t<\/div>\n\t\t\t\t\t\t<\/div>\n\t\t\t\t<\/div>\n\t\t\t\t\t<\/div>\n\t\t\t\t<\/div>\n\t\t\t\t<\/div>\n\t\t","protected":false},"excerpt":{"rendered":"<p>icona-sostenibilidad-blanc Sostenibilitat El polipropil\u00e8 \u00e9s un material reutilitzable i 100% reciclable. Apostem per solucions responsables i sostenibles Pla renove Donem una nova vida a les gandules en des\u00fas de la Costa Mediterr\u00e0nia, transformant-les en mat\u00e8ria primera per a futurs projectes. Perqu\u00e8 un turisme sostenible comen\u00e7a amb una gesti\u00f3 responsable dels recursos, aquest programa simbolitza el nostre comprom\u00eds amb l&#8217;economia circular\u2026<\/p>\n","protected":false},"author":1,"featured_media":0,"parent":0,"menu_order":0,"comment_status":"closed","ping_status":"closed","template":"elementor_header_footer","meta":{"_acf_changed":false,"footnotes":""},"class_list":["post-15634","page","type-page","status-publish","hentry"],"acf":[],"_links":{"self":[{"href":"https:\/\/www.balliuexport.com\/ca\/wp-json\/wp\/v2\/pages\/15634","targetHints":{"allow":["GET"]}}],"collection":[{"href":"https:\/\/www.balliuexport.com\/ca\/wp-json\/wp\/v2\/pages"}],"about":[{"href":"https:\/\/www.balliuexport.com\/ca\/wp-json\/wp\/v2\/types\/page"}],"author":[{"embeddable":true,"href":"https:\/\/www.balliuexport.com\/ca\/wp-json\/wp\/v2\/users\/1"}],"replies":[{"embeddable":true,"href":"https:\/\/www.balliuexport.com\/ca\/wp-json\/wp\/v2\/comments?post=15634"}],"version-history":[{"count":51,"href":"https:\/\/www.balliuexport.com\/ca\/wp-json\/wp\/v2\/pages\/15634\/revisions"}],"predecessor-version":[{"id":66580,"href":"https:\/\/www.balliuexport.com\/ca\/wp-json\/wp\/v2\/pages\/15634\/revisions\/66580"}],"wp:attachment":[{"href":"https:\/\/www.balliuexport.com\/ca\/wp-json\/wp\/v2\/media?parent=15634"}],"curies":[{"name":"wp","href":"https:\/\/api.w.org\/{rel}","templated":true}]}}