{"id":33537,"date":"2024-06-25T12:16:01","date_gmt":"2024-06-25T10:16:01","guid":{"rendered":"https:\/\/www.balliuexport.com\/politica-de-devolucions\/"},"modified":"2025-06-27T12:48:09","modified_gmt":"2025-06-27T10:48:09","slug":"politica-de-devolucions","status":"publish","type":"page","link":"https:\/\/www.balliuexport.com\/ca\/politica-de-devolucions\/","title":{"rendered":"Pol\u00edtica de Devolucions"},"content":{"rendered":"\t\t<div data-elementor-type=\"wp-page\" data-elementor-id=\"33537\" class=\"elementor elementor-33537 elementor-27283\" data-elementor-post-type=\"page\">\n\t\t\t\t<div class=\"elementor-element elementor-element-2b7f701 e-flex e-con-boxed kitify-col-width-auto-no ignore-docs-style-no kitify-disable-relative-no e-root-container elementor-top-section e-con e-parent\" data-id=\"2b7f701\" data-element_type=\"container\">\n\t\t\t\t\t<div class=\"e-con-inner\">\n\t\t\t\t<div class=\"elementor-element elementor-element-444a5a36 elementor-widget elementor-widget-text-editor\" data-id=\"444a5a36\" data-element_type=\"widget\" data-widget_type=\"text-editor.default\">\n\t\t\t\t<div class=\"elementor-widget-container\">\n\t\t\t\t\t\t\t<h2 class=\"wp-block-heading\"><span style=\"color: #006eb7;\"><strong>Desistiment<\/strong><\/span><\/h2><p style=\"text-align: left;\"><span style=\"color: #7a7a7a;\"> El Client disposa de <span style=\"color: #006eb7;\"><strong>14 dies naturals<\/strong><\/span> des de la recepci\u00f3 de l&#8217;\u00faltim dels productes adquirits a la mateixa comanda per exercir el dret de desistiment total o parcial. Per retornar, heu de contactar a BALLIU per e-mail. El reemborsament es far\u00e0 pel mateix mitj\u00e0 que es va utilitzar per pagar\u00a0 en un m\u00e0xim de<span style=\"color: #006eb7;\"><strong> 3 dies laborals<\/strong><\/span> despr\u00e9s de rebre la devoluci\u00f3. Un cop rebem el producte retornat i en verifiquem el seu estat, procedirem al reemborsament de l\u2019import pagat per al producte, en un termini m\u00e0xim de 14 dies.\u00a0<\/span><\/p><p><span style=\"color: #7a7a7a;\">El producte haur\u00e0 de retornar-se en perfecte estat, sense signes d\u2019\u00fas i en el seu embalatge original. El Client \u00e9s responsable de la disminuci\u00f3 de valor per manipulaci\u00f3 diferent de la necess\u00e0ria dels productes, cosa que comportar\u00e0 que no s&#8217;admeti l&#8217;exercici del dret de desistiment en aquests casos. Per exercir aquests drets i garanties, el Client ha de <span style=\"color: #006eb7;\"><strong>presentar el justificant de compra<\/strong><\/span> dels productes.<\/span><\/p><p><span style=\"color: #7a7a7a;\">El Client haur\u00e0 d\u2019assumir el cost directe de la devoluci\u00f3 dels productes, llevat en cas d\u2019error en l\u2019enviament o de producte defectu\u00f3s per part de <span style=\"color: #006eb7;\"><strong>BALLIU<\/strong><\/span>. Aix\u00ed mateix, el Client ser\u00e0 responsable de gestionar l\u2019enviament de la devoluci\u00f3 pel mitj\u00e0 que consideri convenient, i conservar sempre el justificant d\u2019enviament. <span style=\"color: #006eb7;\"><strong>BALLIU<\/strong><\/span> no acceptar\u00e0 devolucions enviades a ports deguts ni gestionar\u00e0 la recollida, llevat que s\u2019acordi pr\u00e8viament per escrit. <span style=\"color: #006eb7;\"><strong>No s\u2019acceptaran devolucions de productes personalitzats<\/strong><\/span> (fora de cat\u00e0leg) o fabricats a mda.<\/span><\/p><p><span style=\"color: #7a7a7a;\">Veure m\u00e9s a<\/span><strong>\u00a0<span style=\"color: #006eb7;\"><a style=\"color: #006eb7;\" href=\"https:\/\/www.balliuexport.com\/wp-content\/uploads\/2025\/06\/Balliu-Condicions-generals-de-compra_06.25.pdf\">condicions de Compra<\/a><\/span><\/strong><\/p>\t\t\t\t\t\t<\/div>\n\t\t\t\t<\/div>\n\t\t\t\t\t<\/div>\n\t\t\t\t<\/div>\n\t\t\t\t<\/div>\n\t\t","protected":false},"excerpt":{"rendered":"<p>Desistiment El Client disposa de 14 dies naturals des de la recepci\u00f3 de l&#8217;\u00faltim dels productes adquirits a la mateixa comanda per exercir el dret de desistiment total o parcial. Per retornar, heu de contactar a BALLIU per e-mail. El reemborsament es far\u00e0 pel mateix mitj\u00e0 que es va utilitzar per pagar\u00a0 en un m\u00e0xim de 3 dies laborals despr\u00e9s\u2026<\/p>\n","protected":false},"author":1,"featured_media":0,"parent":0,"menu_order":0,"comment_status":"closed","ping_status":"closed","template":"","meta":{"_acf_changed":false,"footnotes":""},"class_list":["post-33537","page","type-page","status-publish","hentry"],"acf":[],"_links":{"self":[{"href":"https:\/\/www.balliuexport.com\/ca\/wp-json\/wp\/v2\/pages\/33537","targetHints":{"allow":["GET"]}}],"collection":[{"href":"https:\/\/www.balliuexport.com\/ca\/wp-json\/wp\/v2\/pages"}],"about":[{"href":"https:\/\/www.balliuexport.com\/ca\/wp-json\/wp\/v2\/types\/page"}],"author":[{"embeddable":true,"href":"https:\/\/www.balliuexport.com\/ca\/wp-json\/wp\/v2\/users\/1"}],"replies":[{"embeddable":true,"href":"https:\/\/www.balliuexport.com\/ca\/wp-json\/wp\/v2\/comments?post=33537"}],"version-history":[{"count":5,"href":"https:\/\/www.balliuexport.com\/ca\/wp-json\/wp\/v2\/pages\/33537\/revisions"}],"predecessor-version":[{"id":59997,"href":"https:\/\/www.balliuexport.com\/ca\/wp-json\/wp\/v2\/pages\/33537\/revisions\/59997"}],"wp:attachment":[{"href":"https:\/\/www.balliuexport.com\/ca\/wp-json\/wp\/v2\/media?parent=33537"}],"curies":[{"name":"wp","href":"https:\/\/api.w.org\/{rel}","templated":true}]}}