{"id":66912,"date":"2025-11-13T14:17:27","date_gmt":"2025-11-13T13:17:27","guid":{"rendered":"https:\/\/www.balliuexport.com\/historia-balliu\/"},"modified":"2025-11-13T14:48:38","modified_gmt":"2025-11-13T13:48:38","slug":"historia-balliu","status":"publish","type":"page","link":"https:\/\/www.balliuexport.com\/ca\/historia-balliu\/","title":{"rendered":"La nostra hist\u00f2ria"},"content":{"rendered":"\t\t<div data-elementor-type=\"wp-page\" data-elementor-id=\"66912\" class=\"elementor elementor-66912 elementor-66910\" data-elementor-post-type=\"page\">\n\t\t\t\t<div class=\"elementor-element elementor-element-2c15430e e-flex e-con-boxed kitify-col-width-auto-no ignore-docs-style-no kitify-disable-relative-no e-root-container elementor-top-section e-con e-parent\" data-id=\"2c15430e\" data-element_type=\"container\" data-settings=\"{&quot;background_background&quot;:&quot;classic&quot;}\">\n\t\t\t\t\t<div class=\"e-con-inner\">\n\t\t\t\t<div class=\"elementor-element elementor-element-65b4d6de elementor-invisible kitify-has-entrance-animation elementor-widget elementor-widget-heading\" data-id=\"65b4d6de\" data-element_type=\"widget\" data-settings=\"{&quot;_animation&quot;:&quot;kitifyShortFadeInUp&quot;}\" data-widget_type=\"heading.default\">\n\t\t\t\t<div class=\"elementor-widget-container\">\n\t\t\t<h2 class=\"elementor-heading-title elementor-size-default\">Or\u00edgens de Balliu <\/h2>\t\t<\/div>\n\t\t\t\t<\/div>\n\t\t\t\t<div class=\"elementor-element elementor-element-6fe97070 elementor-widget__width-initial elementor-invisible kitify-has-entrance-animation elementor-widget elementor-widget-text-editor\" data-id=\"6fe97070\" data-element_type=\"widget\" data-settings=\"{&quot;_animation&quot;:&quot;kitifyShortFadeInUp&quot;}\" data-widget_type=\"text-editor.default\">\n\t\t\t\t<div class=\"elementor-widget-container\">\n\t\t\t\t\t\t\t<p>\u201cMaridatge del mar i la terra, els caps i les badies, les cales i els penyalars, els esbojarraments de penyes de tots colors i formes, els tons, la transpar\u00e8ncia de les aig\u00fces i, sobretot, la llum, aquesta llum clara, m\u00e9s viva, m\u00e9s bella que enlloc del m\u00f3n\u201d<\/p><p><em>Ferran Agull\u00f3, 1908<\/em><\/p>\t\t\t\t\t\t<\/div>\n\t\t\t\t<\/div>\n\t\t\t\t\t<\/div>\n\t\t\t\t<\/div>\n\t\t<div class=\"elementor-element elementor-element-a64c01a e-flex e-con-boxed kitify-col-width-auto-no ignore-docs-style-no kitify-disable-relative-no elementor-invisible e-root-container elementor-top-section kitify-has-entrance-animation e-con e-parent\" data-id=\"a64c01a\" data-element_type=\"container\" data-settings=\"{&quot;animation&quot;:&quot;kitifyShortFadeInUp&quot;,&quot;background_background&quot;:&quot;classic&quot;}\">\n\t\t\t\t\t<div class=\"e-con-inner\">\n\t\t\t\t<div class=\"elementor-element elementor-element-98947f1 elementor-widget__width-initial elementor-widget elementor-widget-text-editor\" data-id=\"98947f1\" data-element_type=\"widget\" data-widget_type=\"text-editor.default\">\n\t\t\t\t<div class=\"elementor-widget-container\">\n\t\t\t\t\t\t\t<p><span style=\"color: #7a7a7a;\">El 1968 neix <span style=\"color: #006eb7;\"><strong>Balliu<\/strong><\/span> prop de la Costa Brava gr\u00e0cies a la visi\u00f3 dels nostres fundadors, Josep Balliu Garc\u00eda i Carme Balliu Falgueras. Des del principi, mantenim clar el nostre objectiu: oferir solucions de mobiliari exterior de qualitat, resistents i respectuoses amb el medi ambient.<\/span><\/p>\t\t\t\t\t\t<\/div>\n\t\t\t\t<\/div>\n\t\t\t\t\t<\/div>\n\t\t\t\t<\/div>\n\t\t<div class=\"elementor-element elementor-element-3fe8f88b e-flex e-con-boxed kitify-col-width-auto-no ignore-docs-style-no kitify-disable-relative-no elementor-invisible e-root-container elementor-top-section kitify-has-entrance-animation e-con e-parent\" data-id=\"3fe8f88b\" data-element_type=\"container\" data-settings=\"{&quot;animation&quot;:&quot;kitifyShortFadeInUp&quot;}\">\n\t\t\t\t\t<div class=\"e-con-inner\">\n\t\t<div class=\"elementor-element elementor-element-597bb6b5 e-con-full e-flex kitify-col-width-auto-no ignore-docs-style-no kitify-disable-relative-no e-con e-child\" data-id=\"597bb6b5\" data-element_type=\"container\">\n\t\t\t\t<div class=\"elementor-element elementor-element-2518d849 elementor-blockquote--skin-quotation elementor-blockquote--align-center elementor-blockquote--button-color-official elementor-widget elementor-widget-blockquote\" data-id=\"2518d849\" data-element_type=\"widget\" data-widget_type=\"blockquote.default\">\n\t\t\t\t<div class=\"elementor-widget-container\">\n\t\t\t\t\t<blockquote class=\"elementor-blockquote\">\n\t\t\t<p class=\"elementor-blockquote__content\">\n\t\t\t\tPer a nosaltres sempre \u00e9s de dia, mai \u00e9s pondre el sol\t\t\t<\/p>\n\t\t\t\t\t\t\t<div class=\"e-q-footer\">\n\t\t\t\t\t\t\t\t\t\t\t<cite class=\"elementor-blockquote__author\">Josep Balliu Garc\u00eda<\/cite>\n\t\t\t\t\t\t\t\t\t\t\t\t\t\t<\/div>\n\t\t\t\t\t<\/blockquote>\n\t\t\t\t<\/div>\n\t\t\t\t<\/div>\n\t\t\t\t<div class=\"elementor-element elementor-element-193940e0 elementor-widget elementor-widget-video\" data-id=\"193940e0\" data-element_type=\"widget\" data-settings=\"{&quot;youtube_url&quot;:&quot;https:\\\/\\\/www.youtube.com\\\/watch?v=OlqXJMMf6yQ&quot;,&quot;show_image_overlay&quot;:&quot;yes&quot;,&quot;image_overlay&quot;:{&quot;url&quot;:&quot;https:\\\/\\\/balliu.weboon.es\\\/wp-content\\\/uploads\\\/2023\\\/12\\\/TUM-EPT-Tumbona-Eva-Pro-Blanco-Tela-Ceniza-0096.jpg&quot;,&quot;id&quot;:34565,&quot;size&quot;:&quot;&quot;,&quot;alt&quot;:&quot;&quot;,&quot;source&quot;:&quot;library&quot;},&quot;video_type&quot;:&quot;youtube&quot;,&quot;controls&quot;:&quot;yes&quot;}\" data-widget_type=\"video.default\">\n\t\t\t\t<div class=\"elementor-widget-container\">\n\t\t\t\t\t<div class=\"elementor-wrapper elementor-open-inline\">\n\t\t\t<div class=\"elementor-video\"><\/div>\t\t\t\t<div class=\"elementor-custom-embed-image-overlay\" style=\"background-image: url(https:\/\/www.balliuexport.com\/wp-content\/uploads\/2023\/12\/TUM-EPT-Tumbona-Eva-Pro-Blanco-Tela-Ceniza-0096.jpg);\">\n\t\t\t\t\t\t\t\t\t\t\t\t\t\t\t\t<div class=\"elementor-custom-embed-play\" role=\"button\" aria-label=\"Reprodueix v\u00eddeo\" tabindex=\"0\">\n\t\t\t\t\t\t\t<i aria-hidden=\"true\" class=\"eicon-play\"><\/i>\t\t\t\t\t\t\t<span class=\"elementor-screen-only\">Reprodueix v\u00eddeo<\/span>\n\t\t\t\t\t\t<\/div>\n\t\t\t\t\t\t\t\t\t<\/div>\n\t\t\t\t\t<\/div>\n\t\t\t\t<\/div>\n\t\t\t\t<\/div>\n\t\t\t\t<\/div>\n\t\t\t\t\t<\/div>\n\t\t\t\t<\/div>\n\t\t<div class=\"elementor-element elementor-element-ff55805 e-flex e-con-boxed kitify-col-width-auto-no ignore-docs-style-no kitify-disable-relative-no e-root-container elementor-top-section e-con e-parent\" data-id=\"ff55805\" data-element_type=\"container\">\n\t\t\t\t\t<div class=\"e-con-inner\">\n\t\t\t\t<div class=\"elementor-element elementor-element-746a1e91 elementor-widget kitify elementor-kitify-timeline-vertical\" data-id=\"746a1e91\" data-element_type=\"widget\" data-widget_type=\"kitify-timeline-vertical.default\">\n\t\t\t\t<div class=\"elementor-widget-container\">\n\t\t\t<div class=\"kitify-vtimeline kitify-vtimeline--align-center kitify-vtimeline--align-middle kitify-vtimeline--imageinmeta\">\r\n\t<div class=\"kitify-vtimeline__line\"><div class=\"kitify-vtimeline__line-progress\"><\/div><\/div>\r\n\t<div class=\"kitify-vtimeline-list\"><div class=\"kitify-vtimeline-item kitify-vtimeline-item--animated elementor-repeater-item-28b3137\">\r\n\t<div class=\"kitify-vtimeline-item__card\">\r\n\t\t<div class=\"kitify-vtimeline-item__card-inner\">\r\n\t\t\t\t\t\t\t\t<div class=\"kitify-vtimeline-item__card-content\">\r\n\t\t\t\t\t<div class=\"kitify-vtimeline-item__meta\"><div class=\"kitify-vtimeline-item__meta-content\">1971<\/div><\/div><div class=\"kitify-vtimeline-item__card-content-inner\"><h5 class=\"kitify-vtimeline-item__card-title\">Oasis<\/h5><div class=\"kitify-vtimeline-item__card-desc\"><p>El 1971 es va llan\u00e7ar al mercat el model Oasis, una hamaca fabricada amb estructura met\u00e0l\u00b7lica d'acer. Les primeres hamaques es van vendre a l'Hostal Ribot de Caldes de Malavella i m\u00e9s tard al Balneari Prats de la mateixa poblaci\u00f3.<\/p><p><img loading=\"lazy\" decoding=\"async\" class=\"alignnone size-full wp-image-4626\" src=\"https:\/\/balliu.weboon.es\/wp-content\/uploads\/2023\/12\/OASIS.jpg\" alt=\"\" width=\"564\" height=\"359\" srcset=\"https:\/\/www.balliuexport.com\/wp-content\/uploads\/2023\/12\/OASIS.jpg 564w, https:\/\/www.balliuexport.com\/wp-content\/uploads\/2023\/12\/OASIS-400x255.jpg 400w, https:\/\/www.balliuexport.com\/wp-content\/uploads\/2023\/12\/OASIS-80x51.jpg 80w\" sizes=\"auto, (max-width: 564px) 100vw, 564px\" \/><\/p><\/div><\/div>\t\t\t\t<\/div>\r\n\t\t<\/div>\r\n\t\t<div class=\"kitify-vtimeline-item__card-arrow\"><\/div>\r\n\t<\/div>\r\n\t<div class=\"kitify-vtimeline-item__point\"><\/div><div class=\"kitify-vtimeline-item__meta\"><div class=\"kitify-vtimeline-item__meta-content\">1971<\/div><\/div><\/div><div class=\"kitify-vtimeline-item kitify-vtimeline-item--animated elementor-repeater-item-0274c93\">\r\n\t<div class=\"kitify-vtimeline-item__card\">\r\n\t\t<div class=\"kitify-vtimeline-item__card-inner\">\r\n\t\t\t\t\t\t\t\t<div class=\"kitify-vtimeline-item__card-content\">\r\n\t\t\t\t\t<div class=\"kitify-vtimeline-item__meta\"><div class=\"kitify-vtimeline-item__meta-content\">1981<\/div><\/div><div class=\"kitify-vtimeline-item__card-content-inner\"><h5 class=\"kitify-vtimeline-item__card-title\">Eva<\/h5><div class=\"kitify-vtimeline-item__card-desc\"><p>El 1981 es va llan\u00e7ar al mercat la gandula de ferro Eva, un producte innovador, apilable i resistent. R\u00e0pidament es van iniciar les vendes a tot Espanya.<\/p><p><img loading=\"lazy\" decoding=\"async\" class=\"alignnone size-medium wp-image-4627\" src=\"https:\/\/balliu.weboon.es\/wp-content\/uploads\/2023\/12\/img078-600x432.jpg\" alt=\"\" width=\"600\" height=\"432\" srcset=\"https:\/\/www.balliuexport.com\/wp-content\/uploads\/2023\/12\/img078-600x432.jpg 600w, https:\/\/www.balliuexport.com\/wp-content\/uploads\/2023\/12\/img078-400x288.jpg 400w, https:\/\/www.balliuexport.com\/wp-content\/uploads\/2023\/12\/img078-1000x720.jpg 1000w, https:\/\/www.balliuexport.com\/wp-content\/uploads\/2023\/12\/img078-1200x864.jpg 1200w, https:\/\/www.balliuexport.com\/wp-content\/uploads\/2023\/12\/img078-768x553.jpg 768w, https:\/\/www.balliuexport.com\/wp-content\/uploads\/2023\/12\/img078-1536x1105.jpg 1536w, https:\/\/www.balliuexport.com\/wp-content\/uploads\/2023\/12\/img078-80x58.jpg 80w, https:\/\/www.balliuexport.com\/wp-content\/uploads\/2023\/12\/img078.jpg 1719w\" sizes=\"auto, (max-width: 600px) 100vw, 600px\" \/><\/p><\/div><\/div>\t\t\t\t<\/div>\r\n\t\t<\/div>\r\n\t\t<div class=\"kitify-vtimeline-item__card-arrow\"><\/div>\r\n\t<\/div>\r\n\t<div class=\"kitify-vtimeline-item__point\"><\/div><div class=\"kitify-vtimeline-item__meta\"><div class=\"kitify-vtimeline-item__meta-content\">1981<\/div><\/div><\/div><div class=\"kitify-vtimeline-item kitify-vtimeline-item--animated elementor-repeater-item-c58325d\">\r\n\t<div class=\"kitify-vtimeline-item__card\">\r\n\t\t<div class=\"kitify-vtimeline-item__card-inner\">\r\n\t\t\t\t\t\t\t\t<div class=\"kitify-vtimeline-item__card-content\">\r\n\t\t\t\t\t<div class=\"kitify-vtimeline-item__meta\"><div class=\"kitify-vtimeline-item__meta-content\">1987<\/div><\/div><div class=\"kitify-vtimeline-item__card-content-inner\"><h5 class=\"kitify-vtimeline-item__card-title\">Eva Rg<\/h5><div class=\"kitify-vtimeline-item__card-desc\"><p>El 1987, el Sr. Josep Balliu va tenir la idea d'utilitzar polipropil\u00e8 en substituci\u00f3 del ferro i va n\u00e9ixer la gandula Eva RG, que en poc temps es va convertir en el producte estrella a totes les platges del m\u00f3n.<\/p><p><img loading=\"lazy\" decoding=\"async\" class=\"alignnone size-medium wp-image-4628\" src=\"https:\/\/balliu.weboon.es\/wp-content\/uploads\/2023\/12\/Gandula-Eva-rg-tumona-playa-600x468.jpg\" alt=\"\" width=\"600\" height=\"468\" srcset=\"https:\/\/www.balliuexport.com\/wp-content\/uploads\/2023\/12\/Gandula-Eva-rg-tumona-playa-600x468.jpg 600w, https:\/\/www.balliuexport.com\/wp-content\/uploads\/2023\/12\/Gandula-Eva-rg-tumona-playa-400x312.jpg 400w, https:\/\/www.balliuexport.com\/wp-content\/uploads\/2023\/12\/Gandula-Eva-rg-tumona-playa-768x598.jpg 768w, https:\/\/www.balliuexport.com\/wp-content\/uploads\/2023\/12\/Gandula-Eva-rg-tumona-playa-80x62.jpg 80w, https:\/\/www.balliuexport.com\/wp-content\/uploads\/2023\/12\/Gandula-Eva-rg-tumona-playa.jpg 770w\" sizes=\"auto, (max-width: 600px) 100vw, 600px\" \/><\/p><\/div><\/div>\t\t\t\t<\/div>\r\n\t\t<\/div>\r\n\t\t<div class=\"kitify-vtimeline-item__card-arrow\"><\/div>\r\n\t<\/div>\r\n\t<div class=\"kitify-vtimeline-item__point\"><\/div><div class=\"kitify-vtimeline-item__meta\"><div class=\"kitify-vtimeline-item__meta-content\">1987<\/div><\/div><\/div><div class=\"kitify-vtimeline-item kitify-vtimeline-item--animated elementor-repeater-item-eda7305\">\r\n\t<div class=\"kitify-vtimeline-item__card\">\r\n\t\t<div class=\"kitify-vtimeline-item__card-inner\">\r\n\t\t\t\t\t\t\t\t<div class=\"kitify-vtimeline-item__card-content\">\r\n\t\t\t\t\t<div class=\"kitify-vtimeline-item__meta\"><div class=\"kitify-vtimeline-item__meta-content\">2018<\/div><\/div><div class=\"kitify-vtimeline-item__card-content-inner\"><h5 class=\"kitify-vtimeline-item__card-title\">Eva Pro<\/h5><div class=\"kitify-vtimeline-item__card-desc\"><p>El 2018 es va desenvolupar la gandula Eva Pro, una evoluci\u00f3 del nostre referent. Es van millorar les prestacions i el resultat \u00e9s un producte m\u00e9s actual, resistent i \u00f2ptim per al professional. Actualment, les nostres hamaques s\u00f3n presents a m\u00e9s de 80 pa\u00efsos i l'empresa s'ha consolidat com un referent en la fabricaci\u00f3 de mobiliari exterior.<\/p><p><img loading=\"lazy\" decoding=\"async\" class=\"alignnone size-medium wp-image-4629\" src=\"https:\/\/balliu.weboon.es\/wp-content\/uploads\/2023\/12\/TUM-EPT-Tumbona-Eva-Pro-Blanco-Tela-Ceniza-0096-600x400.jpg\" alt=\"\" width=\"600\" height=\"400\" srcset=\"https:\/\/www.balliuexport.com\/wp-content\/uploads\/2023\/12\/TUM-EPT-Tumbona-Eva-Pro-Blanco-Tela-Ceniza-0096-600x400.jpg 600w, https:\/\/www.balliuexport.com\/wp-content\/uploads\/2023\/12\/TUM-EPT-Tumbona-Eva-Pro-Blanco-Tela-Ceniza-0096-400x267.jpg 400w, https:\/\/www.balliuexport.com\/wp-content\/uploads\/2023\/12\/TUM-EPT-Tumbona-Eva-Pro-Blanco-Tela-Ceniza-0096-1000x667.jpg 1000w, https:\/\/www.balliuexport.com\/wp-content\/uploads\/2023\/12\/TUM-EPT-Tumbona-Eva-Pro-Blanco-Tela-Ceniza-0096-1200x800.jpg 1200w, https:\/\/www.balliuexport.com\/wp-content\/uploads\/2023\/12\/TUM-EPT-Tumbona-Eva-Pro-Blanco-Tela-Ceniza-0096-768x512.jpg 768w, https:\/\/www.balliuexport.com\/wp-content\/uploads\/2023\/12\/TUM-EPT-Tumbona-Eva-Pro-Blanco-Tela-Ceniza-0096-1536x1024.jpg 1536w, https:\/\/www.balliuexport.com\/wp-content\/uploads\/2023\/12\/TUM-EPT-Tumbona-Eva-Pro-Blanco-Tela-Ceniza-0096-80x53.jpg 80w, https:\/\/www.balliuexport.com\/wp-content\/uploads\/2023\/12\/TUM-EPT-Tumbona-Eva-Pro-Blanco-Tela-Ceniza-0096.jpg 1800w\" sizes=\"auto, (max-width: 600px) 100vw, 600px\" \/><\/p><\/div><\/div>\t\t\t\t<\/div>\r\n\t\t<\/div>\r\n\t\t<div class=\"kitify-vtimeline-item__card-arrow\"><\/div>\r\n\t<\/div>\r\n\t<div class=\"kitify-vtimeline-item__point\"><\/div><div class=\"kitify-vtimeline-item__meta\"><div class=\"kitify-vtimeline-item__meta-content\">2018<\/div><\/div><\/div><\/div><\/div>\t\t<\/div>\n\t\t\t\t<\/div>\n\t\t\t\t\t<\/div>\n\t\t\t\t<\/div>\n\t\t<div class=\"elementor-element elementor-element-620a194 e-flex e-con-boxed kitify-col-width-auto-no ignore-docs-style-no kitify-disable-relative-no e-root-container elementor-top-section e-con e-parent\" data-id=\"620a194\" data-element_type=\"container\">\n\t\t\t\t\t<div class=\"e-con-inner\">\n\t\t<div class=\"elementor-element elementor-element-16bbb81 e-con-full e-flex kitify-col-width-auto-no ignore-docs-style-no kitify-disable-relative-no elementor-invisible kitify-has-entrance-animation e-con e-child\" data-id=\"16bbb81\" data-element_type=\"container\" data-settings=\"{&quot;animation&quot;:&quot;kitifyShortFadeInLeft&quot;}\">\n\t\t\t\t<div class=\"elementor-element elementor-element-1077440 elementor-widget elementor-widget-image\" data-id=\"1077440\" data-element_type=\"widget\" data-widget_type=\"image.default\">\n\t\t\t\t<div class=\"elementor-widget-container\">\n\t\t\t\t\t\t\t\t\t\t\t\t\t<img loading=\"lazy\" decoding=\"async\" width=\"1100\" height=\"1100\" src=\"https:\/\/www.balliuexport.com\/wp-content\/uploads\/2023\/12\/plants-hands-and-people-in-teamwork-community-and-earth-day-for-support-sustainability-and-clima-1100x1100.jpg\" class=\"attachment-nova-image-square size-nova-image-square wp-image-56692\" alt=\"\" srcset=\"https:\/\/www.balliuexport.com\/wp-content\/uploads\/2023\/12\/plants-hands-and-people-in-teamwork-community-and-earth-day-for-support-sustainability-and-clima-1100x1100.jpg 1100w, https:\/\/www.balliuexport.com\/wp-content\/uploads\/2023\/12\/plants-hands-and-people-in-teamwork-community-and-earth-day-for-support-sustainability-and-clima-250x250.jpg 250w, https:\/\/www.balliuexport.com\/wp-content\/uploads\/2023\/12\/plants-hands-and-people-in-teamwork-community-and-earth-day-for-support-sustainability-and-clima-50x50.jpg 50w, https:\/\/www.balliuexport.com\/wp-content\/uploads\/2023\/12\/plants-hands-and-people-in-teamwork-community-and-earth-day-for-support-sustainability-and-clima-100x100.jpg 100w\" sizes=\"auto, (max-width: 1100px) 100vw, 1100px\" \/>\t\t\t\t\t\t\t\t\t\t\t\t\t<\/div>\n\t\t\t\t<\/div>\n\t\t\t\t<\/div>\n\t\t<div class=\"elementor-element elementor-element-30c50bef e-con-full e-flex kitify-col-width-auto-no ignore-docs-style-no kitify-disable-relative-no e-con e-child\" data-id=\"30c50bef\" data-element_type=\"container\">\n\t\t\t\t<div class=\"elementor-element elementor-element-507f642c elementor-position-left elementor-vertical-align-middle elementor-widget__width-auto animated-fast elementor-view-default elementor-mobile-position-top elementor-invisible kitify-has-entrance-animation elementor-widget elementor-widget-icon-box\" data-id=\"507f642c\" data-element_type=\"widget\" data-settings=\"{&quot;_animation&quot;:&quot;rotateIn&quot;,&quot;_animation_delay&quot;:1000}\" data-widget_type=\"icon-box.default\">\n\t\t\t\t<div class=\"elementor-widget-container\">\n\t\t\t\t\t<div class=\"elementor-icon-box-wrapper\">\n\n\t\t\t\t\t\t<div class=\"elementor-icon-box-icon\">\n\t\t\t\t<span  class=\"elementor-icon elementor-animation-\">\n\t\t\t\t<svg xmlns=\"http:\/\/www.w3.org\/2000\/svg\" xmlns:xlink=\"http:\/\/www.w3.org\/1999\/xlink\" width=\"148px\" height=\"149px\" viewBox=\"0 0 148 149\"><title>recycle-symbol-blue<\/title><g id=\"Proposta-#2\" stroke=\"none\" stroke-width=\"1\" fill=\"none\" fill-rule=\"evenodd\"><g id=\"19\" transform=\"translate(-106.000000, -2749.000000)\"><g id=\"recycle-symbol-blue\" transform=\"translate(106.000000, 2749.573553)\"><path d=\"M73.8800297,147.853338 C114.682066,147.853338 147.760059,114.754264 147.760059,73.9271133 C147.760059,33.0990738 114.682066,0 73.8800297,0 C33.0779932,0 0,33.0990738 0,73.9271133 C0,114.754264 33.0779932,147.853338 73.8800297,147.853338\" id=\"Fill-3\" fill=\"#FFFFFE\"><\/path><g transform=\"translate(21.448203, 18.263013)\" fill=\"#0B69A5\" id=\"Combined-Shape\"><path d=\"M76.7823168,37.076826 L88.7715497,25.0802432 C80.0630199,14.7250942 67.0158624,8.14428662 52.4329363,8.14428662 C32.7987735,8.14428662 15.9501493,20.0708803 8.72328585,37.076826 L0.000443910532,37.076826 C7.64458326,15.4779202 28.2264951,0 52.4329363,0 C76.6371581,0 97.2190698,15.4779202 104.863209,37.076826 L104.861444,37.074 L76.7823168,37.076826 Z\"><\/path><path d=\"M28.0817802,74.2513745 L16.0923254,86.2476951 C24.8008551,96.602662 37.8480127,103.18347 52.4309387,103.18347 C72.0651015,103.18347 88.9137258,91.2568759 96.1405892,74.2513745 L104.863431,74.2513745 C97.2192918,95.849836 76.63738,111.327756 52.4309387,111.327756 C28.226717,111.327756 7.64480522,95.849836 0.000665865802,74.2513745 L28.0817802,74.2513745 Z\"><\/path><\/g><\/g><\/g><\/g><\/svg>\t\t\t\t<\/span>\n\t\t\t<\/div>\n\t\t\t\n\t\t\t\n\t\t<\/div>\n\t\t\t\t<\/div>\n\t\t\t\t<\/div>\n\t\t\t\t<div class=\"elementor-element elementor-element-62fb67c6 elementor-invisible kitify-has-entrance-animation elementor-widget elementor-widget-heading\" data-id=\"62fb67c6\" data-element_type=\"widget\" data-settings=\"{&quot;_animation&quot;:&quot;kitifyShortFadeInUp&quot;,&quot;_animation_delay&quot;:400}\" data-widget_type=\"heading.default\">\n\t\t\t\t<div class=\"elementor-widget-container\">\n\t\t\t<h2 class=\"elementor-heading-title elementor-size-default\">Sostenibilitat<\/h2>\t\t<\/div>\n\t\t\t\t<\/div>\n\t\t\t\t<div class=\"elementor-element elementor-element-3fdeacf6 elementor-invisible kitify-has-entrance-animation elementor-widget elementor-widget-heading\" data-id=\"3fdeacf6\" data-element_type=\"widget\" data-settings=\"{&quot;_animation&quot;:&quot;kitifyShortFadeInUp&quot;,&quot;_animation_delay&quot;:500}\" data-widget_type=\"heading.default\">\n\t\t\t\t<div class=\"elementor-widget-container\">\n\t\t\t<p class=\"elementor-heading-title elementor-size-default\"><a href=\"https:\/\/www.balliuexport.com\/wp-content\/uploads\/2023\/12\/Plan-renove-spa-1.pdf\">A Balliu, ens comprometem a cuidar el medi ambient implementant mesures que fomentin l'economia circular, incloent-hi l'optimitzaci\u00f3 dels nostres recursos i la prolongaci\u00f3 del cicle de vida del nostre mobiliari<br><br>\n<b>\u00bfConeixes el Pla Renove?<\/b><br><br>\nEl pla renove \u00e9s una iniciativa que t\u00e9 com a objectiu el reciclatge de les gandules obsoletes de les platges del mediterrani per convertir-les en mat\u00e8ria primera per a la fabricaci\u00f3 d'altres productes.<br><br>\n<\/a><\/p>\t\t<\/div>\n\t\t\t\t<\/div>\n\t\t\t\t<\/div>\n\t\t\t\t\t<\/div>\n\t\t\t\t<\/div>\n\t\t<div class=\"elementor-element elementor-element-7a236de6 e-flex e-con-boxed kitify-col-width-auto-no ignore-docs-style-no kitify-disable-relative-no e-root-container elementor-top-section e-con e-parent\" data-id=\"7a236de6\" data-element_type=\"container\" data-settings=\"{&quot;background_background&quot;:&quot;classic&quot;}\">\n\t\t\t\t\t<div class=\"e-con-inner\">\n\t\t\t\t<div class=\"elementor-element elementor-element-504ad733 elementor-invisible kitify-has-entrance-animation elementor-widget elementor-widget-heading\" data-id=\"504ad733\" data-element_type=\"widget\" data-settings=\"{&quot;_animation&quot;:&quot;kitifyShortFadeInUp&quot;,&quot;_animation_delay&quot;:400}\" data-widget_type=\"heading.default\">\n\t\t\t\t<div class=\"elementor-widget-container\">\n\t\t\t<h2 class=\"elementor-heading-title elementor-size-default\">Balliu al M\u00f3n<\/h2>\t\t<\/div>\n\t\t\t\t<\/div>\n\t\t\t\t<div class=\"elementor-element elementor-element-7b792458 elementor-invisible kitify-has-entrance-animation elementor-widget elementor-widget-heading\" data-id=\"7b792458\" data-element_type=\"widget\" data-settings=\"{&quot;_animation&quot;:&quot;kitifyShortFadeInUp&quot;,&quot;_animation_delay&quot;:400}\" data-widget_type=\"heading.default\">\n\t\t\t\t<div class=\"elementor-widget-container\">\n\t\t\t<h3 class=\"elementor-heading-title elementor-size-default\">Troba el nostre mobiliari a qualsevol part del m\u00f3n<\/h3>\t\t<\/div>\n\t\t\t\t<\/div>\n\t\t\t\t<div class=\"elementor-element elementor-element-563c09f7 elementor-align-center elementor-invisible kitify-has-entrance-animation elementor-widget kitify elementor-kitify-button\" data-id=\"563c09f7\" data-element_type=\"widget\" data-settings=\"{&quot;_animation&quot;:&quot;kitifyShortFadeInUp&quot;,&quot;_animation_delay&quot;:600}\" data-widget_type=\"kitify-button.default\">\n\t\t\t\t<div class=\"elementor-widget-container\">\n\t\t\t        <div class=\"elementor-button-wrapper\">\r\n            <a href=\"https:\/\/www.balliuexport.com\/ca\/bloc\/projectes\/\" class=\"elementor-button-link elementor-button elementor-btn-align-icon-right elementor-size-sm elementor-animation-float\" role=\"button\">\r\n                        <span class=\"elementor-button-content-wrapper\">\r\n\t\t\t                <span class=\"elementor-button-icon elementor-align-icon-right\">\r\n\t\t\t\t\t\t\t<\/span>\r\n            \t\t\t<span class=\"elementor-button-text\">Descobrir m\u00e9s<\/span>\r\n\t\t<\/span>\r\n                    <\/a>\r\n        <\/div>\r\n        \t\t<\/div>\n\t\t\t\t<\/div>\n\t\t\t\t\t<\/div>\n\t\t\t\t<\/div>\n\t\t\t\t<\/div>\n\t\t","protected":false},"excerpt":{"rendered":"<p>Or\u00edgens de Balliu \u201cMaridatge del mar i la terra, els caps i les badies, les cales i els penyalars, els esbojarraments de penyes de tots colors i formes, els tons, la transpar\u00e8ncia de les aig\u00fces i, sobretot, la llum, aquesta llum clara, m\u00e9s viva, m\u00e9s bella que enlloc del m\u00f3n\u201d Ferran Agull\u00f3, 1908 El 1968 neix Balliu prop de la\u2026<\/p>\n","protected":false},"author":1259,"featured_media":0,"parent":0,"menu_order":0,"comment_status":"closed","ping_status":"closed","template":"elementor_header_footer","meta":{"_acf_changed":false,"footnotes":""},"class_list":["post-66912","page","type-page","status-publish","hentry"],"acf":[],"_links":{"self":[{"href":"https:\/\/www.balliuexport.com\/ca\/wp-json\/wp\/v2\/pages\/66912","targetHints":{"allow":["GET"]}}],"collection":[{"href":"https:\/\/www.balliuexport.com\/ca\/wp-json\/wp\/v2\/pages"}],"about":[{"href":"https:\/\/www.balliuexport.com\/ca\/wp-json\/wp\/v2\/types\/page"}],"author":[{"embeddable":true,"href":"https:\/\/www.balliuexport.com\/ca\/wp-json\/wp\/v2\/users\/1259"}],"replies":[{"embeddable":true,"href":"https:\/\/www.balliuexport.com\/ca\/wp-json\/wp\/v2\/comments?post=66912"}],"version-history":[{"count":7,"href":"https:\/\/www.balliuexport.com\/ca\/wp-json\/wp\/v2\/pages\/66912\/revisions"}],"predecessor-version":[{"id":66934,"href":"https:\/\/www.balliuexport.com\/ca\/wp-json\/wp\/v2\/pages\/66912\/revisions\/66934"}],"wp:attachment":[{"href":"https:\/\/www.balliuexport.com\/ca\/wp-json\/wp\/v2\/media?parent=66912"}],"curies":[{"name":"wp","href":"https:\/\/api.w.org\/{rel}","templated":true}]}}