{"id":7119,"date":"2026-03-31T15:02:20","date_gmt":"2026-03-31T13:02:20","guid":{"rendered":"https:\/\/balliuexport.com\/avis-legal\/"},"modified":"2026-04-01T11:44:03","modified_gmt":"2026-04-01T09:44:03","slug":"avis-legal","status":"publish","type":"page","link":"https:\/\/www.balliuexport.com\/ca\/avis-legal\/","title":{"rendered":"Av\u00eds Legal"},"content":{"rendered":"\t\t<div data-elementor-type=\"wp-page\" data-elementor-id=\"7119\" class=\"elementor elementor-7119 elementor-5153\" data-elementor-post-type=\"page\">\n\t\t\t\t<div class=\"elementor-element elementor-element-5f2b9ca e-flex e-con-boxed kitify-col-width-auto-no ignore-docs-style-no kitify-disable-relative-no e-root-container elementor-top-section e-con e-parent\" data-id=\"5f2b9ca\" data-element_type=\"container\" id=\"avisolegal-1\">\n\t\t\t\t\t<div class=\"e-con-inner\">\n\t\t\t\t<div class=\"elementor-element elementor-element-1c2fca5 elementor-widget elementor-widget-heading\" data-id=\"1c2fca5\" data-element_type=\"widget\" data-widget_type=\"heading.default\">\n\t\t\t\t<div class=\"elementor-widget-container\">\n\t\t\t<h2 class=\"elementor-heading-title elementor-size-default\">Av\u00eds Legal<\/h2>\t\t<\/div>\n\t\t\t\t<\/div>\n\t\t\t\t<div class=\"elementor-element elementor-element-1f5a19e elementor-widget elementor-widget-heading\" data-id=\"1f5a19e\" data-element_type=\"widget\" data-widget_type=\"heading.default\">\n\t\t\t\t<div class=\"elementor-widget-container\">\n\t\t\t<h3 class=\"elementor-heading-title elementor-size-default\">Especificacions<\/h3>\t\t<\/div>\n\t\t\t\t<\/div>\n\t\t\t\t<div class=\"elementor-element elementor-element-b62a4a8 elementor-widget-mobile__width-initial elementor-widget elementor-widget-text-editor\" data-id=\"b62a4a8\" data-element_type=\"widget\" data-widget_type=\"text-editor.default\">\n\t\t\t\t<div class=\"elementor-widget-container\">\n\t\t\t\t\t\t\t<p>En compliment amb el deure d&#8217;informaci\u00f3 recollit en l&#8217;article 10 de la Llei 34\/2002, d&#8217;11 de Juliol, de Serveis de la Societat de la Informaci\u00f3 i del Comer\u00e7 Electr\u00f2nic, l&#8217;informem que el lloc web i els portals d&#8217;Internet https:\/\/balliuexport.com\/ (d&#8217;ara endavant, el lloc &#8220;Web&#8221;) \u00e9s titularitat de BALLIU EXPORT, S.A. (d&#8217;ara endavant BALLIU EXPORT), amb domicili social en Carretera C-35, Km 936,5 &#8211; 17455 &#8211; Caldes de Malavella (Girona), amb CIF: A17545385. Inscrita en el Registre Mercantil de Girona: T 1182, F 133,S 8, H GI 20948, I\/A 20.<\/p>\t\t\t\t\t\t<\/div>\n\t\t\t\t<\/div>\n\t\t\t\t<div class=\"elementor-element elementor-element-fc072f2 elementor-widget elementor-widget-heading\" data-id=\"fc072f2\" data-element_type=\"widget\" data-widget_type=\"heading.default\">\n\t\t\t\t<div class=\"elementor-widget-container\">\n\t\t\t<h3 class=\"elementor-heading-title elementor-size-default\">Comunicacions<\/h3>\t\t<\/div>\n\t\t\t\t<\/div>\n\t\t\t\t<div class=\"elementor-element elementor-element-f9380dc elementor-widget elementor-widget-text-editor\" data-id=\"f9380dc\" data-element_type=\"widget\" data-widget_type=\"text-editor.default\">\n\t\t\t\t<div class=\"elementor-widget-container\">\n\t\t\t\t\t\t\t<p>Tel\u00e8fon: +34 972 397 100<br>E-mail: info@balliuexport.com<br>El present av\u00eds legal regula les condicions d&#8217; \u00fas del citat portal de Internet.<\/p>\t\t\t\t\t\t<\/div>\n\t\t\t\t<\/div>\n\t\t\t\t<div class=\"elementor-element elementor-element-b2ee63e elementor-widget elementor-widget-heading\" data-id=\"b2ee63e\" data-element_type=\"widget\" data-widget_type=\"heading.default\">\n\t\t\t\t<div class=\"elementor-widget-container\">\n\t\t\t<h3 class=\"elementor-heading-title elementor-size-default\">Llei aplicable i jurisdicci\u00f3<\/h3>\t\t<\/div>\n\t\t\t\t<\/div>\n\t\t\t\t<div class=\"elementor-element elementor-element-1f17ed8 elementor-widget elementor-widget-text-editor\" data-id=\"1f17ed8\" data-element_type=\"widget\" data-widget_type=\"text-editor.default\">\n\t\t\t\t<div class=\"elementor-widget-container\">\n\t\t\t\t\t\t\t<p>Amb car\u00e0cter general les relacions entre BALLIU EXPORT i els usuaris dels seus serveis telem\u00e0tics, presents en el lloc web, es troben sotmeses a la legislaci\u00f3 i jurisdicci\u00f3 espanyoles. Les parts renuncien expressament al fur que els pogu\u00e9s correspondre i sotmeten expressament als Jutjats i Tribunals de Santa Coloma de Farners (Girona) per a resoldre qualsevol controv\u00e8rsia que pugui sorgir en la interpretaci\u00f3 o execuci\u00f3 de les presents condicions contractuals. <\/p>\t\t\t\t\t\t<\/div>\n\t\t\t\t<\/div>\n\t\t\t\t<div class=\"elementor-element elementor-element-034df52 elementor-widget elementor-widget-heading\" data-id=\"034df52\" data-element_type=\"widget\" data-widget_type=\"heading.default\">\n\t\t\t\t<div class=\"elementor-widget-container\">\n\t\t\t<h3 class=\"elementor-heading-title elementor-size-default\">Acceptaci\u00f3 de l' usuari<\/h3>\t\t<\/div>\n\t\t\t\t<\/div>\n\t\t\t\t<div class=\"elementor-element elementor-element-fa48691 elementor-widget elementor-widget-text-editor\" data-id=\"fa48691\" data-element_type=\"widget\" data-widget_type=\"text-editor.default\">\n\t\t\t\t<div class=\"elementor-widget-container\">\n\t\t\t\t\t\t\t<p>Aquest Av\u00eds Legal regula l&#8217;acc\u00e9s i utilitzaci\u00f3 del lloc web que BALLIU EXPORT posa a la disposici\u00f3 dels usuaris d&#8217;Internet. Es considera usuari la persona que accedeixi, navegui, utilitzi o participi en els serveis i activitats del lloc web. L&#8217;usuari queda informat, i accepta, que l&#8217;acc\u00e9s al present lloc web no suposa, de cap manera, l&#8217;inici d&#8217;una relaci\u00f3 comercial amb BALLIU EXPORT. L&#8217;acc\u00e9s i navegaci\u00f3 en el lloc web per part de l&#8217;usuari suposa l&#8217;acceptaci\u00f3 de la totalitat de les presents Condicions d&#8217;\u00das. En cas de desacord amb les condicions ha d&#8217;abstenir-se a usar el lloc web.    <\/p>\t\t\t\t\t\t<\/div>\n\t\t\t\t<\/div>\n\t\t\t\t<div class=\"elementor-element elementor-element-e03dc69 elementor-widget elementor-widget-heading\" data-id=\"e03dc69\" data-element_type=\"widget\" data-widget_type=\"heading.default\">\n\t\t\t\t<div class=\"elementor-widget-container\">\n\t\t\t<h3 class=\"elementor-heading-title elementor-size-default\">Acc\u00e9s al lloc web<\/h3>\t\t<\/div>\n\t\t\t\t<\/div>\n\t\t\t\t<div class=\"elementor-element elementor-element-5c9359a elementor-widget elementor-widget-text-editor\" data-id=\"5c9359a\" data-element_type=\"widget\" data-widget_type=\"text-editor.default\">\n\t\t\t\t<div class=\"elementor-widget-container\">\n\t\t\t\t\t\t\t<p>L&#8217;acc\u00e9s al lloc web per part dels usuaris \u00e9s de car\u00e0cter lliure i gratu\u00eft. Alguns serveis es poden trobar subjectes a contractaci\u00f3 pr\u00e8via del servei. Si \u00e9s necessari que l&#8217;usuari aporti dades personals per accedir a algun dels serveis, la recollida i el tractament de les dades es realitzar\u00e0 de conformitat amb la normativa vigent, en concret amb el RGPD. Per a m\u00e9s informaci\u00f3, consulteu la nostra <a href=\"https:\/\/balliuexport.com\/ca\/politica-de-privacitat\/\"><span style=\"color: #006eb7;\">pol\u00edtica de privadesa<\/span><\/a> :    <\/p>\t\t\t\t\t\t<\/div>\n\t\t\t\t<\/div>\n\t\t\t\t<div class=\"elementor-element elementor-element-094696f elementor-widget elementor-widget-heading\" data-id=\"094696f\" data-element_type=\"widget\" data-widget_type=\"heading.default\">\n\t\t\t\t<div class=\"elementor-widget-container\">\n\t\t\t<h3 class=\"elementor-heading-title elementor-size-default\">Contingut i \u00fas<\/h3>\t\t<\/div>\n\t\t\t\t<\/div>\n\t\t\t\t<div class=\"elementor-element elementor-element-5486318 elementor-widget elementor-widget-text-editor\" data-id=\"5486318\" data-element_type=\"widget\" data-widget_type=\"text-editor.default\">\n\t\t\t\t<div class=\"elementor-widget-container\">\n\t\t\t\t\t\t\t<p>La visita al lloc web per part de l&#8217;usuari haur\u00e0 de fer-se de manera responsable i de conformitat a la legalitat vigent, la bona fe, el present Av\u00eds Legal i respectant els drets de propietat intel\u00b7lectual i industrial de titularitat de BALLIU EXPORT o qualsevol altra persona f\u00edsica o jur\u00eddica. L&#8217;\u00fas de qualsevol dels continguts del lloc web amb finalitats que siguin o poguessin ser il\u00b7l\u00edcites queda totalment prohibit, aix\u00ed com la realitzaci\u00f3 de qualsevol acci\u00f3 que causi o pugui causar danys o alteracions de qualsevol tipus no consentides per BALLIU EXPORT al lloc web o als seus continguts.<br>El titular del lloc web no s&#8217;identifica amb les opinions abocades en el mateix pels seus col\u00b7laboradors. L&#8217;empresa es reserva el dret d&#8217;efectuar sense previ av\u00eds les modificacions que consideri oportunes en el seu lloc web, podent canviar, suprimir o afegir tant els continguts i serveis que es prestin a trav\u00e9s de la mateixa com la forma en la qual aquests apareguin presentats o localitzats en els seus servidors. Queda terminantment prohibit l&#8217;\u00fas de qualsevol dels continguts del lloc web amb finalitats il\u00b7l\u00edcits, aix\u00ed com la realitzaci\u00f3 de qualsevol acci\u00f3 que causi o pugui causar danys o alteracions de qualsevol tipus no consentits per BALLIU EXPORT, al lloc web o als seus continguts.   <\/p>\t\t\t\t\t\t<\/div>\n\t\t\t\t<\/div>\n\t\t\t\t<div class=\"elementor-element elementor-element-a9fa698 elementor-widget elementor-widget-heading\" data-id=\"a9fa698\" data-element_type=\"widget\" data-widget_type=\"heading.default\">\n\t\t\t\t<div class=\"elementor-widget-container\">\n\t\t\t<h3 class=\"elementor-heading-title elementor-size-default\">Propietat intel\u00b7lectual e industrial<\/h3>\t\t<\/div>\n\t\t\t\t<\/div>\n\t\t\t\t<div class=\"elementor-element elementor-element-7246d75 elementor-widget elementor-widget-text-editor\" data-id=\"7246d75\" data-element_type=\"widget\" data-widget_type=\"text-editor.default\">\n\t\t\t\t<div class=\"elementor-widget-container\">\n\t\t\t\t\t\t\t<p>Els drets de propietat intel\u00b7lectual del contingut de les p\u00e0gines web, el seu disseny gr\u00e0fic i codis s\u00f3n titularitat de BALLIU EXPORT i, per tant, queda prohibida la seva reproducci\u00f3, distribuci\u00f3, comunicaci\u00f3 p\u00fablica, transformaci\u00f3 o qualsevol altra activitat que es realitzi amb els continguts del lloc web, ni tan sols, encara que se citin les fonts, tret que es compti amb el consentiment previ, expr\u00e9s i per escrit de BALLIU EXPORT.<\/p><p>Tots els noms comercials, marques o signes distints de qualsevol classe continguts en les p\u00e0gines web de l&#8217;empresa s\u00f3n propietat dels seus amos i estan protegits per llei. BALLIU EXPORT no concedeix cap llic\u00e8ncia o autoritzaci\u00f3 d&#8217;\u00fas de cap classe sobre els seus drets de propietat intel\u00b7lectual i industrial o sobre qualsevol altra propietat o dret relacionat amb el lloc web, i en cap cas s&#8217;entendr\u00e0 que l&#8217;acc\u00e9s i navegaci\u00f3 dels usuaris implica una ren\u00fancia, transmissi\u00f3, llic\u00e8ncia o cessi\u00f3 total ni parcial d&#8217;aquests drets per part de BALLIU EXPORT. <\/p><p>Qualsevol \u00fas d&#8217;aquests continguts no autoritzat pr\u00e8viament per part de BALLIU EXPORT ser\u00e0 considerat un incompliment greu dels drets de propietat intel\u00b7lectual o industrial i donar\u00e0 lloc a les responsabilitats legalment establertes. BALLIU EXPORT es reserva el dret d&#8217;exercitar enfront de l&#8217;usuari les accions judicials i extrajudicials que corresponguin. <\/p>\t\t\t\t\t\t<\/div>\n\t\t\t\t<\/div>\n\t\t\t\t<div class=\"elementor-element elementor-element-507c579 elementor-widget elementor-widget-heading\" data-id=\"507c579\" data-element_type=\"widget\" data-widget_type=\"heading.default\">\n\t\t\t\t<div class=\"elementor-widget-container\">\n\t\t\t<h3 class=\"elementor-heading-title elementor-size-default\">Responsabilitat y garanties<\/h3>\t\t<\/div>\n\t\t\t\t<\/div>\n\t\t\t\t<div class=\"elementor-element elementor-element-f35de90 elementor-widget elementor-widget-text-editor\" data-id=\"f35de90\" data-element_type=\"widget\" data-widget_type=\"text-editor.default\">\n\t\t\t\t<div class=\"elementor-widget-container\">\n\t\t\t\t\t\t\t<p>BALLIU EXPORT declara que ha adoptat les mesures necess\u00e0ries que, dins de les seves possibilitats i l&#8217;estat de la tecnologia, permetin el correcte funcionament del seu lloc web, aix\u00ed com l&#8217;abs\u00e8ncia de virus i components nocius. No obstant aix\u00f2, BALLIU EXPORT no pot fer-se responsable de les seg\u00fcents situacions que s&#8217;enumeren a t\u00edtol enunciatiu, per\u00f2 no limitatiu: <\/p><p>\u2022 L&#8217;abs\u00e8ncia de virus i\/o altres components nocius.<br>\u2022 Els danys o perjudicis que causi qualsevol persona que vulneri els sistemes de seguretat de BALLIU EXPORT.<br>\u2022 L&#8217;\u00fas que els usuaris puguin fer dels continguts inclosos en el web. En conseq\u00fc\u00e8ncia, BALLIU EXPORT no garanteix que l&#8217;\u00fas que els usuaris puguin fer dels continguts que si \u00e9s el cas s&#8217;incloguin en el lloc web, s&#8217;ajustin al present av\u00eds legal, ni que l&#8217;\u00fas del lloc web es realitzi de manera diligent. <br>\u2022 L&#8217;\u00fas per menors d&#8217;edat del lloc web o de l&#8217;enviament de les seves dades personals sense el perm\u00eds dels seus tutors, sent els tutors responsables de l&#8217;\u00fas que facin d&#8217;Internet. Els continguts als quals l&#8217;usuari pugui accedir a trav\u00e9s d&#8217;enlla\u00e7os no autoritzats o introdu\u00efts per usuaris mitjan\u00e7ant<br>comentaris o eines similars.<br>\u2022 La introducci\u00f3 de dades err\u00f2nies per part de l&#8217;usuari o d&#8217;un tercer. <\/p><p>BALLIU EXPORT podr\u00e0 suspendre temporalment i sense previ av\u00eds, l&#8217;accessibilitat al lloc web amb motiu d&#8217;operacions de manteniment, reparaci\u00f3, actualitzaci\u00f3 o millora. No obstant aix\u00f2, sempre que les circumst\u00e0ncies ho permetin, BALLIU EXPORT comunicar\u00e0 a l&#8217;usuari, amb antelaci\u00f3 suficient, la data prevista per a la suspensi\u00f3 dels continguts. Aix\u00ed mateix, de conformitat amb els arts. 11 i 16 de la Llei 34\/2002, d&#8217;11 de juliol, de serveis de la societat de la informaci\u00f3 i de comer\u00e7 electr\u00f2nic (LSSICE), BALLIU EXPORT es compromet a l&#8217;eliminaci\u00f3 o, si \u00e9s el cas, bloqueig dels continguts que poguessin afectar o ser contraris a la legislaci\u00f3 vigent, els drets de tercers o la moral i ordre p\u00fablic.   <\/p>\t\t\t\t\t\t<\/div>\n\t\t\t\t<\/div>\n\t\t\t\t<div class=\"elementor-element elementor-element-5bc21e8 elementor-widget elementor-widget-heading\" data-id=\"5bc21e8\" data-element_type=\"widget\" data-widget_type=\"heading.default\">\n\t\t\t\t<div class=\"elementor-widget-container\">\n\t\t\t<h3 class=\"elementor-heading-title elementor-size-default\">Cookies<\/h3>\t\t<\/div>\n\t\t\t\t<\/div>\n\t\t\t\t<div class=\"elementor-element elementor-element-b0223a7 elementor-widget elementor-widget-text-editor\" data-id=\"b0223a7\" data-element_type=\"widget\" data-widget_type=\"text-editor.default\">\n\t\t\t\t<div class=\"elementor-widget-container\">\n\t\t\t\t\t\t\t<p>BALLIU EXPORT utilitza cookies, a l&#8217;efecte d&#8217;optimitzar i personalitzar la navegaci\u00f3 pel lloc web. Les galetes s\u00f3n fitxers f\u00edsics d&#8217;informaci\u00f3 que s&#8217;allotgen al mateix terminal de l&#8217;usuari, la informaci\u00f3 recollida mitjan\u00e7ant les galetes serveix per facilitar la navegaci\u00f3 de l&#8217;usuari pel portal i optimitzar l&#8217;experi\u00e8ncia de navegaci\u00f3. Les dades recopilades mitjan\u00e7ant les cookies poden ser compartides amb els seus creadors, per\u00f2 en cap cas la informaci\u00f3 obtinguda per aquestes no ser\u00e0 associada a dades personals ni a dades que puguin identificar l&#8217;usuari. No obstant aix\u00f2, si l&#8217;usuari no desitja que s&#8217;instal\u00b7lin cookies al vostre disc dur, teniu la possibilitat de configurar el navegador de manera que impedeixi la instal\u00b7laci\u00f3 d&#8217;aquests fitxers. Per obtenir m\u00e9s informaci\u00f3 consulteu la nostra <a href=\"https:\/\/balliuexport.com\/ca\/politica-de-cookies\/\"><span style=\"color: #006eb7;\">pol\u00edtica de Cookies<\/span><\/a> :    <\/p>\t\t\t\t\t\t<\/div>\n\t\t\t\t<\/div>\n\t\t\t\t<div class=\"elementor-element elementor-element-af74186 elementor-widget elementor-widget-heading\" data-id=\"af74186\" data-element_type=\"widget\" data-widget_type=\"heading.default\">\n\t\t\t\t<div class=\"elementor-widget-container\">\n\t\t\t<h3 class=\"elementor-heading-title elementor-size-default\">Enlla\u00e7os (links)<\/h3>\t\t<\/div>\n\t\t\t\t<\/div>\n\t\t\t\t<div class=\"elementor-element elementor-element-988eb07 elementor-widget elementor-widget-text-editor\" data-id=\"988eb07\" data-element_type=\"widget\" data-widget_type=\"text-editor.default\">\n\t\t\t\t<div class=\"elementor-widget-container\">\n\t\t\t\t\t\t\t<p>La pres\u00e8ncia d&#8217;enlla\u00e7os (links) en el lloc web de BALLIU EXPORT cap a altres llocs d&#8217;Internet t\u00e9 finalitat merament informativa i en cap cas suposen suggeriment, invitaci\u00f3 o recomanaci\u00f3 sobre aquests. BALLIU EXPORT no assumir\u00e0 responsabilitat pels continguts d&#8217;un enlla\u00e7 pertanyent a un lloc web ali\u00e8, ni garantir\u00e0 la fiabilitat, exactitud, amplitud, veracitat, validesa i disponibilitat t\u00e8cnica. <br><br>En el cas que en altres llocs web s&#8217;estableixin enlla\u00e7os al lloc web de BALLIU EXPORT, no s&#8217;entendr\u00e0 que BALLIU EXPORT ha autoritzat l&#8217;enlla\u00e7 o el contingut del lloc web en el qual es cont\u00e9 l&#8217;enlla\u00e7, tampoc podr\u00e0 incloure&#8217;s en el lloc de l&#8217;enlla\u00e7 continguts inapropiats, difamatoris, il\u00b7legals, obscens o il\u00b7l\u00edcits, ni altres continguts que siguin contraris a la legalitat vigent.<\/p><p>BALLIU EXPORT es reserva la possibilitat de contactar amb el propietari del lloc web en el qual s&#8217;estableixi l&#8217;enlla\u00e7 si considera que s&#8217;incompleix la normativa, aix\u00ed com d&#8217;exercitar les corresponents accions judicials i extrajudicials.<\/p>\t\t\t\t\t\t<\/div>\n\t\t\t\t<\/div>\n\t\t\t\t<div class=\"elementor-element elementor-element-af51f91 elementor-widget elementor-widget-heading\" data-id=\"af51f91\" data-element_type=\"widget\" data-widget_type=\"heading.default\">\n\t\t\t\t<div class=\"elementor-widget-container\">\n\t\t\t<h3 class=\"elementor-heading-title elementor-size-default\">Modificaci\u00f3 de les condicions<\/h3>\t\t<\/div>\n\t\t\t\t<\/div>\n\t\t\t\t<div class=\"elementor-element elementor-element-a8673f2 elementor-widget elementor-widget-text-editor\" data-id=\"a8673f2\" data-element_type=\"widget\" data-widget_type=\"text-editor.default\">\n\t\t\t\t<div class=\"elementor-widget-container\">\n\t\t\t\t\t\t\t<p>BALLIU EXPORT es reserva expressament el dret a modificar unilateralment, totalment o parcialment, sense necessitat de previ av\u00eds, el present Av\u00eds Legal. L&#8217;usuari reconeix i accepta que \u00e9s la seva responsabilitat revisar-lo peri\u00f2dicament. <\/p>\t\t\t\t\t\t<\/div>\n\t\t\t\t<\/div>\n\t\t\t\t\t<\/div>\n\t\t\t\t<\/div>\n\t\t\t\t<\/div>\n\t\t","protected":false},"excerpt":{"rendered":"<p>Av\u00eds Legal Especificacions En compliment amb el deure d&#8217;informaci\u00f3 recollit en l&#8217;article 10 de la Llei 34\/2002, d&#8217;11 de Juliol, de Serveis de la Societat de la Informaci\u00f3 i del Comer\u00e7 Electr\u00f2nic, l&#8217;informem que el lloc web i els portals d&#8217;Internet https:\/\/balliuexport.com\/ (d&#8217;ara endavant, el lloc &#8220;Web&#8221;) \u00e9s titularitat de BALLIU EXPORT, S.A. (d&#8217;ara endavant BALLIU EXPORT), amb domicili social\u2026<\/p>\n","protected":false},"author":1259,"featured_media":0,"parent":0,"menu_order":0,"comment_status":"closed","ping_status":"closed","template":"elementor_header_footer","meta":{"_acf_changed":false,"footnotes":""},"class_list":["post-7119","page","type-page","status-publish","hentry"],"acf":[],"_links":{"self":[{"href":"https:\/\/www.balliuexport.com\/ca\/wp-json\/wp\/v2\/pages\/7119","targetHints":{"allow":["GET"]}}],"collection":[{"href":"https:\/\/www.balliuexport.com\/ca\/wp-json\/wp\/v2\/pages"}],"about":[{"href":"https:\/\/www.balliuexport.com\/ca\/wp-json\/wp\/v2\/types\/page"}],"author":[{"embeddable":true,"href":"https:\/\/www.balliuexport.com\/ca\/wp-json\/wp\/v2\/users\/1259"}],"replies":[{"embeddable":true,"href":"https:\/\/www.balliuexport.com\/ca\/wp-json\/wp\/v2\/comments?post=7119"}],"version-history":[{"count":9,"href":"https:\/\/www.balliuexport.com\/ca\/wp-json\/wp\/v2\/pages\/7119\/revisions"}],"predecessor-version":[{"id":72111,"href":"https:\/\/www.balliuexport.com\/ca\/wp-json\/wp\/v2\/pages\/7119\/revisions\/72111"}],"wp:attachment":[{"href":"https:\/\/www.balliuexport.com\/ca\/wp-json\/wp\/v2\/media?parent=7119"}],"curies":[{"name":"wp","href":"https:\/\/api.w.org\/{rel}","templated":true}]}}