{"id":7191,"date":"2023-12-06T17:30:26","date_gmt":"2023-12-06T16:30:26","guid":{"rendered":"https:\/\/balliuexport.com\/politica-de-cookies\/"},"modified":"2026-04-01T10:19:52","modified_gmt":"2026-04-01T08:19:52","slug":"politica-de-cookies","status":"publish","type":"page","link":"https:\/\/www.balliuexport.com\/ca\/politica-de-cookies\/","title":{"rendered":"Pol\u00edtica de Cookies"},"content":{"rendered":"\t\t<div data-elementor-type=\"wp-page\" data-elementor-id=\"7191\" class=\"elementor elementor-7191 elementor-5162\" data-elementor-post-type=\"page\">\n\t\t\t\t<div class=\"elementor-element elementor-element-a4e4996 e-flex e-con-boxed kitify-col-width-auto-no ignore-docs-style-no kitify-disable-relative-no e-root-container elementor-top-section e-con e-parent\" data-id=\"a4e4996\" data-element_type=\"container\">\n\t\t\t\t\t<div class=\"e-con-inner\">\n\t\t\t\t<div class=\"elementor-element elementor-element-61a3c4b elementor-widget elementor-widget-heading\" data-id=\"61a3c4b\" data-element_type=\"widget\" data-widget_type=\"heading.default\">\n\t\t\t\t<div class=\"elementor-widget-container\">\n\t\t\t<h2 class=\"elementor-heading-title elementor-size-default\">Pol\u00edtica de Cookies\n<\/h2>\t\t<\/div>\n\t\t\t\t<\/div>\n\t\t\t\t<div class=\"elementor-element elementor-element-5835304 elementor-widget elementor-widget-heading\" data-id=\"5835304\" data-element_type=\"widget\" data-widget_type=\"heading.default\">\n\t\t\t\t<div class=\"elementor-widget-container\">\n\t\t\t<h3 class=\"elementor-heading-title elementor-size-default\">\u00bfQu\u00e8 son les cookies?<\/h3>\t\t<\/div>\n\t\t\t\t<\/div>\n\t\t\t\t<div class=\"elementor-element elementor-element-d9488fb elementor-widget-mobile__width-initial elementor-widget elementor-widget-text-editor\" data-id=\"d9488fb\" data-element_type=\"widget\" data-widget_type=\"text-editor.default\">\n\t\t\t\t<div class=\"elementor-widget-container\">\n\t\t\t\t\t\t\t<p>Les cookies s\u00f3n petits arxius que es descarreguen en el dispositiu de l&#8217;usuari en accedir a una p\u00e0gina web. La seva finalitat pot ser molt diversa: permetre el funcionament t\u00e8cnic del lloc, recordar determinades prefer\u00e8ncies o recopilar informaci\u00f3 sobre la navegaci\u00f3 per a millorar l&#8217;experi\u00e8ncia d&#8217;\u00fas i analitzar el rendiment de la web. <\/p>\t\t\t\t\t\t<\/div>\n\t\t\t\t<\/div>\n\t\t\t\t<div class=\"elementor-element elementor-element-2b7a781 elementor-widget elementor-widget-heading\" data-id=\"2b7a781\" data-element_type=\"widget\" data-widget_type=\"heading.default\">\n\t\t\t\t<div class=\"elementor-widget-container\">\n\t\t\t<h3 class=\"elementor-heading-title elementor-size-default\">\u00bfQuins tipus de cookies existeixen?<\/h3>\t\t<\/div>\n\t\t\t\t<\/div>\n\t\t\t\t<div class=\"elementor-element elementor-element-db39451 elementor-widget elementor-widget-text-editor\" data-id=\"db39451\" data-element_type=\"widget\" data-widget_type=\"text-editor.default\">\n\t\t\t\t<div class=\"elementor-widget-container\">\n\t\t\t\t\t\t\t<p data-start=\"609\" data-end=\"667\">Les cookies es poden clasificar segons diversos criteris:<\/p><h5 data-start=\"669\" data-end=\"712\">Segons el temps que romanen actives<\/h5><ul data-start=\"713\" data-end=\"989\"><li data-section-id=\"iqsytl\" data-start=\"713\" data-end=\"843\"><strong data-start=\"715\" data-end=\"737\">Cookies de sessi\u00f3:<\/strong> s&#8217;emmagatzemen \u00fanicament mentre l&#8217;usuari navega pel lloc web i s&#8217;eliminen en tancar el navegador.<\/li><li data-section-id=\"vztx8s\" data-start=\"844\" data-end=\"989\"><strong data-start=\"846\" data-end=\"871\">Cookies persistents:<\/strong> romanen emmagatzemades al dispositiu durant un per\u00edode determinat, que pot variar en funci\u00f3 de la seva finalitat.<\/li><\/ul><h5 data-start=\"991\" data-end=\"1016\">Segons la seva titularitat<\/h5><ul data-start=\"1017\" data-end=\"1180\"><li data-section-id=\"7njjs\" data-start=\"1017\" data-end=\"1092\"><strong data-start=\"1019\" data-end=\"1039\">Cookies pr\u00f2pies:<\/strong> s\u00f3n gestionades directament per BALLIU EXPORT, SA.<\/li><li data-section-id=\"utcib1\" data-start=\"1093\" data-end=\"1180\"><strong data-start=\"1095\" data-end=\"1119\">Galetes de tercers:<\/strong> s\u00f3n gestionades per entitats externes a BALLIU EXPORT, SA.<\/li><\/ul><h5 data-start=\"1182\" data-end=\"1205\">Segons la finalitat<\/h5><ul data-start=\"1206\" data-end=\"1736\"><li data-section-id=\"18qmbmu\" data-start=\"1206\" data-end=\"1378\"><strong data-start=\"1208\" data-end=\"1245\">Cookies estrictament necess\u00e0ries:<\/strong> permeten el funcionament b\u00e0sic i correcte del lloc web i la prestaci\u00f3 dels serveis expressament sol\u00b7licitats per l&#8217;usuari.<\/li><li data-section-id=\"ijjbxv\" data-start=\"1379\" data-end=\"1493\"><strong data-start=\"1381\" data-end=\"1408\">Cookies de rendiment:<\/strong> permeten analitzar l&#8217;\u00fas del lloc web per a millorar el seu funcionament i rendiment.<\/li><li data-section-id=\"1jjxzt2\" data-start=\"1494\" data-end=\"1642\"><strong data-start=\"1496\" data-end=\"1540\">Cookies de prefer\u00e8ncies o funcionalitat:<\/strong> permeten recordar determinades eleccions de l&#8217;usuari per a oferir una experi\u00e8ncia m\u00e9s personalitzada.<\/li><li data-section-id=\"ymrv1o\" data-start=\"1643\" data-end=\"1736\"><strong data-start=\"1645\" data-end=\"1673\">Cookies no classificades:<\/strong> s\u00f3n aquelles que estan en proc\u00e9s de revisi\u00f3 i classificaci\u00f3.<\/li><\/ul>\t\t\t\t\t\t<\/div>\n\t\t\t\t<\/div>\n\t\t\t\t<div class=\"elementor-element elementor-element-e4b0ab7 elementor-widget elementor-widget-heading\" data-id=\"e4b0ab7\" data-element_type=\"widget\" data-widget_type=\"heading.default\">\n\t\t\t\t<div class=\"elementor-widget-container\">\n\t\t\t<h3 class=\"elementor-heading-title elementor-size-default\">Quines cookies utilitza aquest lloc web?<\/h3>\t\t<\/div>\n\t\t\t\t<\/div>\n\t\t\t\t<div class=\"elementor-element elementor-element-0523ede elementor-widget elementor-widget-text-editor\" data-id=\"0523ede\" data-element_type=\"widget\" data-widget_type=\"text-editor.default\">\n\t\t\t\t<div class=\"elementor-widget-container\">\n\t\t\t\t\t\t\t<p data-start=\"1780\" data-end=\"2077\">BALLIU EXPORT, S. a. utilitza cookies pr\u00f2pies i de tercers per a garantir el correcte funcionament del lloc web, facilitar la navegaci\u00f3 de l&#8217;usuari, recordar determinades prefer\u00e8ncies i, si \u00e9s el cas, analitzar l&#8217;\u00fas de la web amb la finalitat de millorar el seu rendiment i l&#8217;experi\u00e8ncia de navegaci\u00f3. La informaci\u00f3 detallada i actualitzada sobre les cookies utilitzades a cada moment, incloent-hi el seu prove\u00efdor, finalitat, durada i categoria, pot consultar-se en el panell de configuraci\u00f3 de cookies disponible en el propi lloc web. <\/p>\t\t\t\t\t\t<\/div>\n\t\t\t\t<\/div>\n\t\t\t\t<div class=\"elementor-element elementor-element-9445e0d elementor-widget elementor-widget-heading\" data-id=\"9445e0d\" data-element_type=\"widget\" data-widget_type=\"heading.default\">\n\t\t\t\t<div class=\"elementor-widget-container\">\n\t\t\t<h3 class=\"elementor-heading-title elementor-size-default\">Quines cookies estan sempre actives?<\/h3>\t\t<\/div>\n\t\t\t\t<\/div>\n\t\t\t\t<div class=\"elementor-element elementor-element-df30ad9 elementor-widget elementor-widget-text-editor\" data-id=\"df30ad9\" data-element_type=\"widget\" data-widget_type=\"text-editor.default\">\n\t\t\t\t<div class=\"elementor-widget-container\">\n\t\t\t\t\t\t\t<p data-start=\"2357\" data-end=\"2541\">Les <strong data-start=\"2361\" data-end=\"2397\">cookies estrictament necess\u00e0ries<\/strong> estan sempre actives, ja que s\u00f3n imprescindibles perqu\u00e8 el lloc web funcioni correctament i per a permetre l&#8217;\u00fas de les seves funcions b\u00e0siques. Aquestes cookies no requereixen el consentiment de l&#8217;usuari, en estar vinculades al funcionament t\u00e8cnic de la web i a la prestaci\u00f3 de serveis expressament sol\u00b7licitats. <\/p>\t\t\t\t\t\t<\/div>\n\t\t\t\t<\/div>\n\t\t\t\t<div class=\"elementor-element elementor-element-d1fd7b0 elementor-widget elementor-widget-heading\" data-id=\"d1fd7b0\" data-element_type=\"widget\" data-widget_type=\"heading.default\">\n\t\t\t\t<div class=\"elementor-widget-container\">\n\t\t\t<h3 class=\"elementor-heading-title elementor-size-default\">Quines cookies requereixen consentiment?<\/h3>\t\t<\/div>\n\t\t\t\t<\/div>\n\t\t\t\t<div class=\"elementor-element elementor-element-ebb8fdc elementor-widget elementor-widget-text-editor\" data-id=\"ebb8fdc\" data-element_type=\"widget\" data-widget_type=\"text-editor.default\">\n\t\t\t\t<div class=\"elementor-widget-container\">\n\t\t\t\t\t\t\t<p data-start=\"2759\" data-end=\"3044\">Les cookies que no siguin estrictament necess\u00e0ries, com les <strong data-start=\"2818\" data-end=\"2844\">cookies de rendiment<\/strong>, <strong data-start=\"2846\" data-end=\"2878\">prefer\u00e8ncies o funcionalitat<\/strong> i qualssevol altres cookies no essencials, nom\u00e9s s&#8217;activaran si l&#8217;usuari presta el seu consentiment de manera expressa a trav\u00e9s del panell de configuraci\u00f3 de cookies. Si l&#8217;usuari <strong>rebutja<\/strong> aquestes cookies o <strong>no realitza cap acci\u00f3 d&#8217;acceptaci\u00f3<\/strong>, no s&#8217;instal\u00b7laran cookies no necess\u00e0ries ni s&#8217;activar\u00e0 el tractament associat a aquestes finalitats. <\/p>\t\t\t\t\t\t<\/div>\n\t\t\t\t<\/div>\n\t\t\t\t<div class=\"elementor-element elementor-element-e993ec2 elementor-widget elementor-widget-heading\" data-id=\"e993ec2\" data-element_type=\"widget\" data-widget_type=\"heading.default\">\n\t\t\t\t<div class=\"elementor-widget-container\">\n\t\t\t<h3 class=\"elementor-heading-title elementor-size-default\">Com gestionem el consentiment en BALLIU EXPORT, S.A.?<\/h3>\t\t<\/div>\n\t\t\t\t<\/div>\n\t\t\t\t<div class=\"elementor-element elementor-element-932472c elementor-widget elementor-widget-text-editor\" data-id=\"932472c\" data-element_type=\"widget\" data-widget_type=\"text-editor.default\">\n\t\t\t\t<div class=\"elementor-widget-container\">\n\t\t\t\t\t\t\t<p data-start=\"3291\" data-end=\"3446\">Aquest lloc web utilitza una plataforma de gesti\u00f3 del consentiment que permet a l&#8217;usuari acceptar, rebutjar o configurar l&#8217;\u00fas de cookies per categories. D&#8217;aquesta manera, l&#8217;usuari pot decidir de manera lliure i informada quins tipus de cookies desitja permetre, amb excepci\u00f3 d&#8217;aquelles que resulten estrictament necess\u00e0ries per al funcionament de la web. Aix\u00ed mateix, el consentiment atorgat pot modificar-se o revocar-se en qualsevol moment a trav\u00e9s del panell de configuraci\u00f3 de cookies habilitat en el lloc web.  <\/p>\t\t\t\t\t\t<\/div>\n\t\t\t\t<\/div>\n\t\t\t\t<div class=\"elementor-element elementor-element-fafcaee elementor-widget elementor-widget-heading\" data-id=\"fafcaee\" data-element_type=\"widget\" data-widget_type=\"heading.default\">\n\t\t\t\t<div class=\"elementor-widget-container\">\n\t\t\t<h3 class=\"elementor-heading-title elementor-size-default\">Com pot l'usuari modificar o revocar el seu consentiment?<\/h3>\t\t<\/div>\n\t\t\t\t<\/div>\n\t\t\t\t<div class=\"elementor-element elementor-element-a876236 elementor-widget elementor-widget-text-editor\" data-id=\"a876236\" data-element_type=\"widget\" data-widget_type=\"text-editor.default\">\n\t\t\t\t<div class=\"elementor-widget-container\">\n\t\t\t\t\t\t\t<p data-start=\"3881\" data-end=\"4047\">L&#8217;usuari pot revisar, actualitzar o revocar les seves prefer\u00e8ncies sobre cookies en qualsevol moment mitjan\u00e7ant el panell de configuraci\u00f3 de cookies disponible en la web. A m\u00e9s, pot configurar el seu navegador per a bloquejar o eliminar les cookies ja instal\u00b7lades en el seu dispositiu. No obstant aix\u00f2, la desactivaci\u00f3 de determinades cookies estrictament necess\u00e0ries pot afectar el correcte funcionament d&#8217;algunes funcionalitats del lloc web.  <\/p>\t\t\t\t\t\t<\/div>\n\t\t\t\t<\/div>\n\t\t\t\t<div class=\"elementor-element elementor-element-e800149 elementor-widget elementor-widget-heading\" data-id=\"e800149\" data-element_type=\"widget\" data-widget_type=\"heading.default\">\n\t\t\t\t<div class=\"elementor-widget-container\">\n\t\t\t<h3 class=\"elementor-heading-title elementor-size-default\">Configuraci\u00f3 de cookies al seu navegador<\/h3>\t\t<\/div>\n\t\t\t\t<\/div>\n\t\t\t\t<div class=\"elementor-element elementor-element-69bcff6 elementor-widget elementor-widget-text-editor\" data-id=\"69bcff6\" data-element_type=\"widget\" data-widget_type=\"text-editor.default\">\n\t\t\t\t<div class=\"elementor-widget-container\">\n\t\t\t\t\t\t\t<p>La majoria de navegadors permeten gestionar, bloquejar o eliminar les cookies des de les seves opcions de configuraci\u00f3. Per a aix\u00f2, l&#8217;usuari pot consultar la informaci\u00f3 i documentaci\u00f3 de suport facilitada pel navegador que utilitzi. <\/p>\t\t\t\t\t\t<\/div>\n\t\t\t\t<\/div>\n\t\t\t\t<div class=\"elementor-element elementor-element-aedaa75 elementor-widget elementor-widget-heading\" data-id=\"aedaa75\" data-element_type=\"widget\" data-widget_type=\"heading.default\">\n\t\t\t\t<div class=\"elementor-widget-container\">\n\t\t\t<h3 class=\"elementor-heading-title elementor-size-default\">Informaci\u00f3 addicional<\/h3>\t\t<\/div>\n\t\t\t\t<\/div>\n\t\t\t\t<div class=\"elementor-element elementor-element-9079dd2 elementor-widget elementor-widget-text-editor\" data-id=\"9079dd2\" data-element_type=\"widget\" data-widget_type=\"text-editor.default\">\n\t\t\t\t<div class=\"elementor-widget-container\">\n\t\t\t\t\t\t\t<p>Per a obtenir informaci\u00f3 m\u00e9s detallada i permanentment actualitzada sobre les cookies utilitzades en aquest lloc web, l&#8217;usuari pot consultar en qualsevol moment el panell de configuraci\u00f3 de cookies disponible en la pr\u00f2pia web, on es mostren les categories actives, la seva finalitat, durada i prove\u00efdor corresponent.<\/p>\t\t\t\t\t\t<\/div>\n\t\t\t\t<\/div>\n\t\t\t\t\t<\/div>\n\t\t\t\t<\/div>\n\t\t\t\t<\/div>\n\t\t","protected":false},"excerpt":{"rendered":"<p>Pol\u00edtica de Cookies \u00bfQu\u00e8 son les cookies? Les cookies s\u00f3n petits arxius que es descarreguen en el dispositiu de l&#8217;usuari en accedir a una p\u00e0gina web. La seva finalitat pot ser molt diversa: permetre el funcionament t\u00e8cnic del lloc, recordar determinades prefer\u00e8ncies o recopilar informaci\u00f3 sobre la navegaci\u00f3 per a millorar l&#8217;experi\u00e8ncia d&#8217;\u00fas i analitzar el rendiment de la web.\u2026<\/p>\n","protected":false},"author":1,"featured_media":0,"parent":0,"menu_order":0,"comment_status":"closed","ping_status":"closed","template":"elementor_header_footer","meta":{"_acf_changed":false,"footnotes":""},"class_list":["post-7191","page","type-page","status-publish","hentry"],"acf":[],"_links":{"self":[{"href":"https:\/\/www.balliuexport.com\/ca\/wp-json\/wp\/v2\/pages\/7191","targetHints":{"allow":["GET"]}}],"collection":[{"href":"https:\/\/www.balliuexport.com\/ca\/wp-json\/wp\/v2\/pages"}],"about":[{"href":"https:\/\/www.balliuexport.com\/ca\/wp-json\/wp\/v2\/types\/page"}],"author":[{"embeddable":true,"href":"https:\/\/www.balliuexport.com\/ca\/wp-json\/wp\/v2\/users\/1"}],"replies":[{"embeddable":true,"href":"https:\/\/www.balliuexport.com\/ca\/wp-json\/wp\/v2\/comments?post=7191"}],"version-history":[{"count":3,"href":"https:\/\/www.balliuexport.com\/ca\/wp-json\/wp\/v2\/pages\/7191\/revisions"}],"predecessor-version":[{"id":72092,"href":"https:\/\/www.balliuexport.com\/ca\/wp-json\/wp\/v2\/pages\/7191\/revisions\/72092"}],"wp:attachment":[{"href":"https:\/\/www.balliuexport.com\/ca\/wp-json\/wp\/v2\/media?parent=7191"}],"curies":[{"name":"wp","href":"https:\/\/api.w.org\/{rel}","templated":true}]}}