{"id":72146,"date":"2026-04-01T14:11:15","date_gmt":"2026-04-01T12:11:15","guid":{"rendered":"https:\/\/www.balliuexport.com\/politica-de-qualitat-i-mediambient\/"},"modified":"2026-04-01T14:53:01","modified_gmt":"2026-04-01T12:53:01","slug":"politica-de-qualitat-i-mediambient","status":"publish","type":"page","link":"https:\/\/www.balliuexport.com\/ca\/politica-de-qualitat-i-mediambient\/","title":{"rendered":"Pol\u00edtica de qualitat i medi ambient"},"content":{"rendered":"\t\t<div data-elementor-type=\"wp-page\" data-elementor-id=\"72146\" class=\"elementor elementor-72146 elementor-68763\" data-elementor-post-type=\"page\">\n\t\t\t\t<div class=\"elementor-element elementor-element-cbbf6ec e-flex e-con-boxed kitify-col-width-auto-no ignore-docs-style-no kitify-disable-relative-no e-root-container elementor-top-section e-con e-parent\" data-id=\"cbbf6ec\" data-element_type=\"container\">\n\t\t\t\t\t<div class=\"e-con-inner\">\n\t\t\t\t<div class=\"elementor-element elementor-element-4fdda43 elementor-widget elementor-widget-heading\" data-id=\"4fdda43\" data-element_type=\"widget\" data-widget_type=\"heading.default\">\n\t\t\t\t<div class=\"elementor-widget-container\">\n\t\t\t<h2 class=\"elementor-heading-title elementor-size-default\">Pol\u00edtica de qualitat i medi ambient<\/h2>\t\t<\/div>\n\t\t\t\t<\/div>\n\t\t\t\t\t<\/div>\n\t\t\t\t<\/div>\n\t\t<div class=\"elementor-element elementor-element-042c598 e-flex e-con-boxed kitify-col-width-auto-no ignore-docs-style-no kitify-disable-relative-no e-root-container elementor-top-section e-con e-parent\" data-id=\"042c598\" data-element_type=\"container\">\n\t\t\t\t\t<div class=\"e-con-inner\">\n\t\t\t\t<div class=\"elementor-element elementor-element-13d21af elementor-widget elementor-widget-text-editor\" data-id=\"13d21af\" data-element_type=\"widget\" data-widget_type=\"text-editor.default\">\n\t\t\t\t<div class=\"elementor-widget-container\">\n\t\t\t\t\t\t\t<p data-start=\"3194\" data-end=\"3481\"><span style=\"color: #7a7a7a;\">La Direcci\u00f3 de BALLIU EXPORT, S. a., empresa dedicada al disseny, fabricaci\u00f3 i distribuci\u00f3 de mobiliari exterior, declara que la <strong data-start=\"3329\" data-end=\"3340\">qualitat i la<\/strong> <strong data-start=\"3345\" data-end=\"3378\">protecci\u00f3 del medi ambient<\/strong> al costat de la millora cont\u00ednua constitueixen principis permanents en el desenvolupament de totes les seves activitats. Amb aquest comprom\u00eds, l&#8217;organitzaci\u00f3 estableix i mant\u00e9 un <strong data-start=\"3544\" data-end=\"3594\">sistema de gesti\u00f3 de qualitat i medi ambient<\/strong> basat en els processos, en l&#8217;avaluaci\u00f3 dels riscos i oportunitats, i en la millora cont\u00ednua del seu acompliment, com a elements essencials per al desenvolupament sostenible i la solidesa de l&#8217;empresa. La present Pol\u00edtica es fonamenta en el prop\u00f2sit i context de l&#8217;organitzaci\u00f3, analitzats peri\u00f2dicament tenint en compte les q\u00fcestions internes i externes, els requisits i expectatives de les parts interessades, aix\u00ed com la naturalesa, magnitud i impactes ambientals derivats de les nostres activitats, productes i serveis. Sobre aquesta base, BALLIU EXPORT, S. A. orienta la seva actuaci\u00f3 a:   <\/span><\/p><ul><li data-section-id=\"h1djak\" data-start=\"4194\" data-end=\"4256\"><span style=\"color: #7a7a7a;\">Aconseguir un alt nivell de satisfacci\u00f3 dels nostres clients.<\/span><\/li><li data-section-id=\"1oik4ee\" data-start=\"4258\" data-end=\"4480\"><span style=\"color: #7a7a7a;\">Garantir el compliment dels requisits aplicables, especialment els legals, reglamentaris i normatius, aix\u00ed com d&#8217;aquells altres compromisos que l&#8217;organitzaci\u00f3 subscrigui en mat\u00e8ria de qualitat i medi ambient.<\/span><\/li><li data-section-id=\"dgpisy\" data-start=\"4482\" data-end=\"4553\"><span style=\"color: #7a7a7a;\">Fomentar una comunicaci\u00f3 fluida i efica\u00e7 amb les parts interessades.<\/span><\/li><li data-section-id=\"91rzc5\" data-start=\"4555\" data-end=\"4814\"><span style=\"color: #7a7a7a;\">Oferir productes i serveis de qualitat, impulsant l&#8217;\u00fas de tecnologies eficients, el desenvolupament de la compet\u00e8ncia i conscienciaci\u00f3 del personal i la implantaci\u00f3 de processos orientats a prevenir, reduir o minimitzar els impactes ambientals negatius.<\/span><\/li><li data-section-id=\"u9uxn9\" data-start=\"4816\" data-end=\"4962\"><span style=\"color: #7a7a7a;\">Identificar, avaluar i controlar els aspectes ambientals de les nostres activitats, productes i serveis des d&#8217;una perspectiva de cicle de vida.<\/span><\/li><li data-section-id=\"rv3dvc\" data-start=\"4964\" data-end=\"5161\"><span style=\"color: #7a7a7a;\">Promoure la millora cont\u00ednua del sistema de gesti\u00f3 de qualitat i medi ambient mitjan\u00e7ant l&#8217;establiment i revisi\u00f3 peri\u00f2dica d&#8217;objectius mesurables que permetin avaluar la seva efic\u00e0cia i evoluci\u00f3.<\/span><\/li><\/ul><p><span style=\"color: #7a7a7a;\">Aquest comprom\u00eds es reflecteix tamb\u00e9 en iniciatives i actuacions concretes desenvolupades per l&#8217;organitzaci\u00f3, entre elles la utilitzaci\u00f3 de materials reciclables, l&#8217;impuls del pla renove com a part d&#8217;una estrat\u00e8gia orientada a l&#8217;economia circular i la reincorporaci\u00f3 de material recuperat al proc\u00e9s productiu, la instal\u00b7laci\u00f3 de panells solars en les nostres instal\u00b7lacions centrals i la certificaci\u00f3 <strong data-start=\"5649\" data-end=\"5662\">ISO 14001<\/strong>, que recolza el nostre comprom\u00eds amb la millora de l&#8217;acompliment ambiental i el compliment dels requisits aplicables. La Direcci\u00f3 de BALLIU EXPORT, S. a. assumeix plenament aquesta Pol\u00edtica i es compromet a facilitar els mitjans necessaris per a la seva adequada implantaci\u00f3, manteniment, comunicaci\u00f3 i comprensi\u00f3 per part de tot el personal, aix\u00ed com a mantenir-la a la disposici\u00f3 de les parts interessades. <\/span><\/p><p><span style=\"color: #7a7a7a;\">Per ampliar aquesta informaci\u00f3, les parts interessades poden consultar el nostre apartat de <strong><a style=\"color: #7a7a7a;\" href=\"https:\/\/www.balliuexport.com\/ca\/sostenibilitat\/\">sostenibilitat<\/a><\/strong> , on es recullen aquestes iniciatives amb m\u00e9s detall i hi ha disponible l&#8217; <strong data-start=\"952\" data-end=\"989\"><a style=\"color: #7a7a7a;\" href=\"https:\/\/www.balliuexport.com\/wp-content\/uploads\/2025\/05\/Presentacio-Sostenibilitat-CAT.pdf\">informe d&#8217;impacte mediambiental<\/a><\/strong> .<\/span><\/p>\t\t\t\t\t\t<\/div>\n\t\t\t\t<\/div>\n\t\t\t\t\t<\/div>\n\t\t\t\t<\/div>\n\t\t\t\t<\/div>\n\t\t","protected":false},"excerpt":{"rendered":"<p>Pol\u00edtica de qualitat i medi ambient La Direcci\u00f3 de BALLIU EXPORT, S. a., empresa dedicada al disseny, fabricaci\u00f3 i distribuci\u00f3 de mobiliari exterior, declara que la qualitat i la protecci\u00f3 del medi ambient al costat de la millora cont\u00ednua constitueixen principis permanents en el desenvolupament de totes les seves activitats. Amb aquest comprom\u00eds, l&#8217;organitzaci\u00f3 estableix i mant\u00e9 un sistema de\u2026<\/p>\n","protected":false},"author":1259,"featured_media":0,"parent":0,"menu_order":0,"comment_status":"closed","ping_status":"closed","template":"","meta":{"_acf_changed":false,"footnotes":""},"class_list":["post-72146","page","type-page","status-publish","hentry"],"acf":[],"_links":{"self":[{"href":"https:\/\/www.balliuexport.com\/ca\/wp-json\/wp\/v2\/pages\/72146","targetHints":{"allow":["GET"]}}],"collection":[{"href":"https:\/\/www.balliuexport.com\/ca\/wp-json\/wp\/v2\/pages"}],"about":[{"href":"https:\/\/www.balliuexport.com\/ca\/wp-json\/wp\/v2\/types\/page"}],"author":[{"embeddable":true,"href":"https:\/\/www.balliuexport.com\/ca\/wp-json\/wp\/v2\/users\/1259"}],"replies":[{"embeddable":true,"href":"https:\/\/www.balliuexport.com\/ca\/wp-json\/wp\/v2\/comments?post=72146"}],"version-history":[{"count":2,"href":"https:\/\/www.balliuexport.com\/ca\/wp-json\/wp\/v2\/pages\/72146\/revisions"}],"predecessor-version":[{"id":72152,"href":"https:\/\/www.balliuexport.com\/ca\/wp-json\/wp\/v2\/pages\/72146\/revisions\/72152"}],"wp:attachment":[{"href":"https:\/\/www.balliuexport.com\/ca\/wp-json\/wp\/v2\/media?parent=72146"}],"curies":[{"name":"wp","href":"https:\/\/api.w.org\/{rel}","templated":true}]}}