{"id":72163,"date":"2026-04-01T15:45:42","date_gmt":"2026-04-01T13:45:42","guid":{"rendered":"https:\/\/www.balliuexport.com\/avaluacio-de-proveidors\/"},"modified":"2026-04-01T15:57:49","modified_gmt":"2026-04-01T13:57:49","slug":"avaluacio-de-proveidors","status":"publish","type":"page","link":"https:\/\/www.balliuexport.com\/ca\/avaluacio-de-proveidors\/","title":{"rendered":"Avaluaci\u00f3 de prove\u00efdors"},"content":{"rendered":"\t\t<div data-elementor-type=\"wp-page\" data-elementor-id=\"72163\" class=\"elementor elementor-72163 elementor-72158\" data-elementor-post-type=\"page\">\n\t\t\t\t<div class=\"elementor-element elementor-element-612a6e6 e-flex e-con-boxed kitify-col-width-auto-no ignore-docs-style-no kitify-disable-relative-no e-root-container elementor-top-section e-con e-parent\" data-id=\"612a6e6\" data-element_type=\"container\">\n\t\t\t\t\t<div class=\"e-con-inner\">\n\t\t\t\t<div class=\"elementor-element elementor-element-ab0fafe elementor-widget elementor-widget-heading\" data-id=\"ab0fafe\" data-element_type=\"widget\" data-widget_type=\"heading.default\">\n\t\t\t\t<div class=\"elementor-widget-container\">\n\t\t\t<h2 class=\"elementor-heading-title elementor-size-default\">Avaluaci\u00f3 de prove\u00efdors<\/h2>\t\t<\/div>\n\t\t\t\t<\/div>\n\t\t\t\t<div class=\"elementor-element elementor-element-1001319 elementor-widget elementor-widget-text-editor\" data-id=\"1001319\" data-element_type=\"widget\" data-widget_type=\"text-editor.default\">\n\t\t\t\t<div class=\"elementor-widget-container\">\n\t\t\t\t\t\t\t<p data-start=\"604\" data-end=\"841\">S&#8217;efectuar\u00e0 una <strong data-start=\"632\" data-end=\"671\">avaluaci\u00f3 anual de tots els prove\u00efdors<\/strong> per verificar la seva capacitat per complir els requisits establerts per BALLIU EXPORT, S.A. i per garantir un nivell adequat de qualitat, servei i competitivitat. Els criteris d&#8217;avaluaci\u00f3 es detallen a continuaci\u00f3: <\/p><p data-start=\"901\" data-end=\"914\"><strong>Servei<\/strong><br>Aquest criteri avalua el nivell de servei que proporciona el prove\u00efdor abans, durant i despr\u00e9s del subministrament o la prestaci\u00f3 del servei. Entre altres aspectes, examina la capacitat de resposta i la disponibilitat del prove\u00efdor, la seva disposici\u00f3 a gestionar incid\u00e8ncies, el suport t\u00e8cnic que proporciona, la seva gesti\u00f3 dels esdeveniments imprevistos i la seva efic\u00e0cia en la resoluci\u00f3 de queixes, rebutjos i devolucions.<br><br> <\/p><p data-start=\"901\" data-end=\"914\"><strong>Preu<\/strong><br>Aquest criteri avalua la competitivitat de l&#8217;oferta financera del prove\u00efdor, tenint en compte les condicions comercials aplicades, el seu rendiment en contractes anteriors i, si s&#8217;escau, qualsevol descompte o altre incentiu financer ofert.<\/p><p data-start=\"901\" data-end=\"914\"><strong>Qualitat del producte i\/o servei<\/strong><br>Aquest criteri avalua fins a quin punt els productes o serveis subministrats compleixen els requisits i les especificacions establerts per BALLIU EXPORT, S.A. Avalua si el subministrament o el servei compleix les condicions acordades, aix\u00ed com la producci\u00f3 d&#8217;incidents, devolucions, rebutjos o qualsevol altra desviaci\u00f3 detectada.<\/p>\t\t\t\t\t\t<\/div>\n\t\t\t\t<\/div>\n\t\t\t\t\t<\/div>\n\t\t\t\t<\/div>\n\t\t\t\t<\/div>\n\t\t","protected":false},"excerpt":{"rendered":"<p>Avaluaci\u00f3 de prove\u00efdors S&#8217;efectuar\u00e0 una avaluaci\u00f3 anual de tots els prove\u00efdors per verificar la seva capacitat per complir els requisits establerts per BALLIU EXPORT, S.A. i per garantir un nivell adequat de qualitat, servei i competitivitat. Els criteris d&#8217;avaluaci\u00f3 es detallen a continuaci\u00f3: ServeiAquest criteri avalua el nivell de servei que proporciona el prove\u00efdor abans, durant i despr\u00e9s del subministrament\u2026<\/p>\n","protected":false},"author":1259,"featured_media":0,"parent":0,"menu_order":0,"comment_status":"closed","ping_status":"closed","template":"","meta":{"_acf_changed":false,"footnotes":""},"class_list":["post-72163","page","type-page","status-publish","hentry"],"acf":[],"_links":{"self":[{"href":"https:\/\/www.balliuexport.com\/ca\/wp-json\/wp\/v2\/pages\/72163","targetHints":{"allow":["GET"]}}],"collection":[{"href":"https:\/\/www.balliuexport.com\/ca\/wp-json\/wp\/v2\/pages"}],"about":[{"href":"https:\/\/www.balliuexport.com\/ca\/wp-json\/wp\/v2\/types\/page"}],"author":[{"embeddable":true,"href":"https:\/\/www.balliuexport.com\/ca\/wp-json\/wp\/v2\/users\/1259"}],"replies":[{"embeddable":true,"href":"https:\/\/www.balliuexport.com\/ca\/wp-json\/wp\/v2\/comments?post=72163"}],"version-history":[{"count":1,"href":"https:\/\/www.balliuexport.com\/ca\/wp-json\/wp\/v2\/pages\/72163\/revisions"}],"predecessor-version":[{"id":72164,"href":"https:\/\/www.balliuexport.com\/ca\/wp-json\/wp\/v2\/pages\/72163\/revisions\/72164"}],"wp:attachment":[{"href":"https:\/\/www.balliuexport.com\/ca\/wp-json\/wp\/v2\/media?parent=72163"}],"curies":[{"name":"wp","href":"https:\/\/api.w.org\/{rel}","templated":true}]}}