{"id":72278,"date":"2026-04-07T12:59:05","date_gmt":"2026-04-07T10:59:05","guid":{"rendered":"https:\/\/www.balliuexport.com\/condicions-de-compra\/"},"modified":"2026-04-07T13:59:34","modified_gmt":"2026-04-07T11:59:34","slug":"condicions-de-compra","status":"publish","type":"page","link":"https:\/\/www.balliuexport.com\/ca\/condicions-de-compra\/","title":{"rendered":"Condicions de compra"},"content":{"rendered":"\t\t<div data-elementor-type=\"wp-page\" data-elementor-id=\"72278\" class=\"elementor elementor-72278 elementor-72222\" data-elementor-post-type=\"page\">\n\t\t\t\t<div class=\"elementor-element elementor-element-10dd0dd e-flex e-con-boxed kitify-col-width-auto-no ignore-docs-style-no kitify-disable-relative-no e-root-container elementor-top-section e-con e-parent\" data-id=\"10dd0dd\" data-element_type=\"container\">\n\t\t\t\t\t<div class=\"e-con-inner\">\n\t\t\t\t<div class=\"elementor-element elementor-element-7642e7f elementor-widget elementor-widget-heading\" data-id=\"7642e7f\" data-element_type=\"widget\" data-widget_type=\"heading.default\">\n\t\t\t\t<div class=\"elementor-widget-container\">\n\t\t\t<h2 class=\"elementor-heading-title elementor-size-default\">Condicions generals de compra<\/h2>\t\t<\/div>\n\t\t\t\t<\/div>\n\t\t\t\t<div class=\"elementor-element elementor-element-4e3aec3 elementor-widget elementor-widget-text-editor\" data-id=\"4e3aec3\" data-element_type=\"widget\" data-widget_type=\"text-editor.default\">\n\t\t\t\t<div class=\"elementor-widget-container\">\n\t\t\t\t\t\t\t<p>Aquesta p\u00e0gina regula les condicions per utilitzar el lloc web <strong>www.balliuexport.com<\/strong> i per comprar productes a trav\u00e9s d&#8217;aquest. Per a aquestes condicions generals, BALLIU es refereix a BALLIU EXPORT, S.A ; i \u201cCLIENT\u201d a l&#8217;usuari de la web i possible comprador\/a en l\u00ednia. El Client accepta aquestes Condicions Generals de Compra, aix\u00ed com per la <strong><span style=\"color: #7a7a7a;\"><a style=\"color: #7a7a7a;\" href=\"https:\/\/balliuexport.com\/ca\/politica-de-privacitat\/\">Pol\u00edtica de Privadesa<\/a><\/span><\/strong> i la <strong><span style=\"color: #7a7a7a;\"><a style=\"color: #7a7a7a;\" href=\"https:\/\/balliuexport.com\/ca\/politica-de-cookies\/\">Pol\u00edtica de Cookies<\/a><\/span><\/strong> . En utilitzar aquest lloc web o en comprar productes i\/o servei a trav\u00e9s d&#8217;aquest, el Client consenteix a quedar vinculat per aquestes Condicions. Si no esteu d&#8217;acord amb tot aix\u00f2, no heu d&#8217;utilitzar aquest lloc web. Aquestes Condicions podrien ser modificades per BALLIU, aix\u00ed com les pol\u00edtiques de privadesa i cookies. El Client \u00e9s responsable de consultar-les cada vegada que accedisca, navegueu i\/o useu el lloc web ja que s&#8217;aplicaran les condicions vigents en el moment de la compra. La comanda es podr\u00e0 formalitzar a elecci\u00f3 del Client en qualsevol dels idiomes disponibles a la p\u00e0gina web: castell\u00e0, catal\u00e0, angl\u00e8s i franc\u00e8s. En cas de discrep\u00e0ncia en la interpretaci\u00f3, prevaldr\u00e0 el clausulat en idioma castell\u00e0.        <\/p>\t\t\t\t\t\t<\/div>\n\t\t\t\t<\/div>\n\t\t\t\t<div class=\"elementor-element elementor-element-7ca4d41 elementor-widget elementor-widget-heading\" data-id=\"7ca4d41\" data-element_type=\"widget\" data-widget_type=\"heading.default\">\n\t\t\t\t<div class=\"elementor-widget-container\">\n\t\t\t<h3 class=\"elementor-heading-title elementor-size-default\">Les nostres dades<\/h3>\t\t<\/div>\n\t\t\t\t<\/div>\n\t\t\t\t<div class=\"elementor-element elementor-element-fb2821b elementor-widget elementor-widget-text-editor\" data-id=\"fb2821b\" data-element_type=\"widget\" data-widget_type=\"text-editor.default\">\n\t\t\t\t<div class=\"elementor-widget-container\">\n\t\t\t\t\t\t\t<p>Aquest lloc web \u00e9s operat per:<br>\u2022 Nom: Balliu Export S. A.<br>\u2022 Adre\u00e7a: Carretera C-35 Km 9365, 17455 Caldes de Malavella, Girona, Espanya<br>\u2022 NIF: A-17545385<br>\u2022 Correu electr\u00f2nic: info@balliuexport.com<br>\u2022 Tel\u00e8fon: +34 972 397 100<br>\u2022 Registre Mercantil: Inscrit en el Registre Mercantil de Girona, Tom 1182, Foli 133, Secci\u00f3 8, Full GI 20948, Inscripci\u00f3 A20.<\/p>\t\t\t\t\t\t<\/div>\n\t\t\t\t<\/div>\n\t\t\t\t<div class=\"elementor-element elementor-element-1792867 elementor-widget elementor-widget-heading\" data-id=\"1792867\" data-element_type=\"widget\" data-widget_type=\"heading.default\">\n\t\t\t\t<div class=\"elementor-widget-container\">\n\t\t\t<h3 class=\"elementor-heading-title elementor-size-default\">El client<\/h3>\t\t<\/div>\n\t\t\t\t<\/div>\n\t\t\t\t<div class=\"elementor-element elementor-element-174f786 elementor-widget elementor-widget-text-editor\" data-id=\"174f786\" data-element_type=\"widget\" data-widget_type=\"text-editor.default\">\n\t\t\t\t<div class=\"elementor-widget-container\">\n\t\t\t\t\t\t\t<p>Abans de contractar i durant el proc\u00e9s de compra, el Client pot accedir, arxivar i imprimir aquestes condicions generals. Totes les dades personals que el Client proporcioni seran tractats segons la <span style=\"color: #7a7a7a;\"><strong><a style=\"color: #7a7a7a;\" href=\"https:\/\/balliuexport.com\/ca\/politica-de-privacitat\/\">Pol\u00edtica de Privacitat<\/a><\/strong><\/span> de BALLIU. El Client declara que la informaci\u00f3 proporcionada \u00e9s vera\u00e7. Si no proporciona tota la informaci\u00f3 necess\u00e0ria, no es podr\u00e0 processar la comanda. El Client es compromet a no realitzar comandes falses o fraudulentes; BALLIU pot cancel\u00b7lar-los i prendre les accions legals pertinents. El Client ha de ser major de 18 anys i tenir la capacitat legal per a celebrar contractes. En el cas de persones jur\u00eddiques, els qui actu\u00efn en el seu nom han de garantir que tenen la representaci\u00f3 adequada i que la informaci\u00f3 proporcionada \u00e9s vera\u00e7. BALLIU no ser\u00e0 responsable de danys, p\u00e8rdues o perjudicis relacionats amb aquestes declaracions.       <\/p>\t\t\t\t\t\t<\/div>\n\t\t\t\t<\/div>\n\t\t\t\t<div class=\"elementor-element elementor-element-247784d elementor-widget elementor-widget-heading\" data-id=\"247784d\" data-element_type=\"widget\" data-widget_type=\"heading.default\">\n\t\t\t\t<div class=\"elementor-widget-container\">\n\t\t\t<h3 class=\"elementor-heading-title elementor-size-default\">Comandes<\/h3>\t\t<\/div>\n\t\t\t\t<\/div>\n\t\t\t\t<div class=\"elementor-element elementor-element-5c6b575 elementor-widget elementor-widget-text-editor\" data-id=\"5c6b575\" data-element_type=\"widget\" data-widget_type=\"text-editor.default\">\n\t\t\t\t<div class=\"elementor-widget-container\">\n\t\t\t\t\t\t\t<p>Per a realitzar una comanda, el Client ha de seleccionar els productes en el lloc web de BALLIU creant una llista de compra virtual. Abans de realitzar la comanda, el Client deu:<br>1. Llegir i entendre la descripci\u00f3 dels productes en el lloc web. En cas de dubte, ha de contactar amb BALLIU per email o tel\u00e8fon.<br>2. Llegir i entendre les caracter\u00edstiques t\u00e8cniques dels productes disponibles en la informaci\u00f3 del producte en el lloc web.<br>3. Consultar el preu dels productes i possibles promocions, coneixent el preu final incl\u00f2s l&#8217;IVA i el preu del transport.  <\/p>\t\t\t\t\t\t<\/div>\n\t\t\t\t<\/div>\n\t\t\t\t<div class=\"elementor-element elementor-element-5f13493 elementor-widget elementor-widget-heading\" data-id=\"5f13493\" data-element_type=\"widget\" data-widget_type=\"heading.default\">\n\t\t\t\t<div class=\"elementor-widget-container\">\n\t\t\t<h3 class=\"elementor-heading-title elementor-size-default\">Disponibilitat<\/h3>\t\t<\/div>\n\t\t\t\t<\/div>\n\t\t\t\t<div class=\"elementor-element elementor-element-613ced5 elementor-widget elementor-widget-text-editor\" data-id=\"613ced5\" data-element_type=\"widget\" data-widget_type=\"text-editor.default\">\n\t\t\t\t<div class=\"elementor-widget-container\">\n\t\t\t\t\t\t\t<p>El termini de lliurament dels productes \u00e9s de 7 a 10 dies laborables de setembre a febrer, i pot arribar a ser de 14 a 20 dies de mar\u00e7 a agost. Si un producte s&#8217;esgota durant el proc\u00e9s de comanda, BALLIU informar\u00e0 el Client i lliurar\u00e0 el producte en un termini superior sense cost addicional. <\/p>\t\t\t\t\t\t<\/div>\n\t\t\t\t<\/div>\n\t\t\t\t<div class=\"elementor-element elementor-element-3ed74a8 elementor-widget elementor-widget-heading\" data-id=\"3ed74a8\" data-element_type=\"widget\" data-widget_type=\"heading.default\">\n\t\t\t\t<div class=\"elementor-widget-container\">\n\t\t\t<h3 class=\"elementor-heading-title elementor-size-default\">Preu i pagament<\/h3>\t\t<\/div>\n\t\t\t\t<\/div>\n\t\t\t\t<div class=\"elementor-element elementor-element-8655a13 elementor-widget elementor-widget-text-editor\" data-id=\"8655a13\" data-element_type=\"widget\" data-widget_type=\"text-editor.default\">\n\t\t\t\t<div class=\"elementor-widget-container\">\n\t\t\t\t\t\t\t<p>Els preus inclouen IVA i s\u00f3n els actuals a cada moment, incloent-hi promocions aplicables. Els preus exclouen les despeses d&#8217;enviament, que s&#8217;afegiran abans del pagament. Els preus poden canviar, per\u00f2 els canvis no afectaran comandes ja confirmades. Els mitjans de pagament acceptats s\u00f3n targeta de cr\u00e8dit\/d\u00e8bit i transfer\u00e8ncia banc\u00e0ria. Les targetes de cr\u00e8dit estaran subjectes a comprovacions i autoritzacions per part del banc emissor. Si no s&#8217;autoritza el pagament, BALLIU no ser\u00e0 responsable de retards o falta de lliurament, i no podr\u00e0 formalitzar el contracte amb el Client. Per a pagaments per transfer\u00e8ncia banc\u00e0ria, la comanda es reserva durant 2 dies naturals perqu\u00e8 es processi la transfer\u00e8ncia. Si no es rep, la comanda ser\u00e0 anul\u00b7lada. Totes les despeses de pagament seran a c\u00e0rrec del Client i se sumaran a l&#8217;import total. El Client ha d&#8217;assegurar-se d&#8217;introduir correctament l&#8217;import exacte de la comanda, el n\u00famero de compte i la refer\u00e8ncia de la transfer\u00e8ncia. En cas d&#8217;error, la comanda ser\u00e0 anul\u00b7lada. BALLIU no \u00e9s responsable de la falta de veracitat de les dades proporcionades pel Client ni dels danys a tercers per l&#8217;\u00fas il\u00b7leg\u00edtim de mitjans de pagament, no \u00e9s possible abonar la compra dels productes ni el servei de manera distinta a la prevista.           <\/p>\t\t\t\t\t\t<\/div>\n\t\t\t\t<\/div>\n\t\t\t\t<div class=\"elementor-element elementor-element-3c85dc3 elementor-widget elementor-widget-heading\" data-id=\"3c85dc3\" data-element_type=\"widget\" data-widget_type=\"heading.default\">\n\t\t\t\t<div class=\"elementor-widget-container\">\n\t\t\t<h3 class=\"elementor-heading-title elementor-size-default\">Facturaci\u00f3<\/h3>\t\t<\/div>\n\t\t\t\t<\/div>\n\t\t\t\t<div class=\"elementor-element elementor-element-6fba2de elementor-widget elementor-widget-text-editor\" data-id=\"6fba2de\" data-element_type=\"widget\" data-widget_type=\"text-editor.default\">\n\t\t\t\t<div class=\"elementor-widget-container\">\n\t\t\t\t\t\t\t<p>Una vegada finalitzat el proc\u00e9s de compra, no es poden modificar les dades de facturaci\u00f3. El Client rebr\u00e0 la factura en paper o digital juntament amb la mercaderia. <\/p>\t\t\t\t\t\t<\/div>\n\t\t\t\t<\/div>\n\t\t\t\t<div class=\"elementor-element elementor-element-5a0a9cd elementor-widget elementor-widget-heading\" data-id=\"5a0a9cd\" data-element_type=\"widget\" data-widget_type=\"heading.default\">\n\t\t\t\t<div class=\"elementor-widget-container\">\n\t\t\t<h3 class=\"elementor-heading-title elementor-size-default\">Entrega<\/h3>\t\t<\/div>\n\t\t\t\t<\/div>\n\t\t\t\t<div class=\"elementor-element elementor-element-d7ea415 elementor-widget elementor-widget-text-editor\" data-id=\"d7ea415\" data-element_type=\"widget\" data-widget_type=\"text-editor.default\">\n\t\t\t\t<div class=\"elementor-widget-container\">\n\t\t\t\t\t\t\t<p>Totes les despeses d&#8217;enviament, impostos i aranzels duaners s\u00f3n a c\u00e0rrec del Client. En iniciar l&#8217;enviament, el Client rebr\u00e0 un codi de seguiment per a enviaments petits. Per a comandes de gran volum, ha de contactar amb BALLIU per email o tel\u00e8fon. El Client ha d&#8217;abonar el preu dels serveis en el moment de la contractaci\u00f3 i ser present o designar a alg\u00fa en el domicili per al lliurament. El lliurament es realitzar\u00e0 segons la cl\u00e0usula Incoterm FCA. Aix\u00f2 significa que BALLIU assumir\u00e0 el risc per p\u00e8rdua, mal, trencament o destrucci\u00f3 del producte fins que la mercaderia estigui disponible en el punt convingut amb el Client. La responsabilitat es transfereix al Client una vegada que BALLIU posa la mercaderia a la seva disposici\u00f3 en el punt acordat.      <\/p>\t\t\t\t\t\t<\/div>\n\t\t\t\t<\/div>\n\t\t\t\t<div class=\"elementor-element elementor-element-5fe9e62 elementor-widget elementor-widget-text-editor\" data-id=\"5fe9e62\" data-element_type=\"widget\" data-widget_type=\"text-editor.default\">\n\t\t\t\t<div class=\"elementor-widget-container\">\n\t\t\t\t\t\t\t<p><strong>Termini de lliurament:<\/strong> BALLIU enviar\u00e0 la comanda en el termini acordat amb el Client i dins d&#8217;un m\u00e0xim de 30 dies. El lliurament es considerar\u00e0 completada quan el Client, o un tercer designat, rebi f\u00edsicament els productes i ferm l&#8217;albar\u00e0 de lliurament proporcionat per BALLIU o el prove\u00efdor de transport. Si no \u00e9s possible lliurar en la data acordada, BALLIU contactar\u00e0 al Client per a reprogramar. Si el Client canvia l&#8217;adre\u00e7a de lliurament, pot haver-hi costos addicionals.   <\/p>\t\t\t\t\t\t<\/div>\n\t\t\t\t<\/div>\n\t\t\t\t<div class=\"elementor-element elementor-element-1c29d14 elementor-widget elementor-widget-text-editor\" data-id=\"1c29d14\" data-element_type=\"widget\" data-widget_type=\"text-editor.default\">\n\t\t\t\t<div class=\"elementor-widget-container\">\n\t\t\t\t\t\t\t<p><strong>Reprogramaci\u00f3 de lliurament:<\/strong> Si BALLIU no pot realitzar el lliurament en la data i hora acordades, la comanda ser\u00e0 retornada al magatzem i BALLIU contactar\u00e0 al Client per a concertar un nou lliurament. Si el Client est\u00e0 absent en la data acordada, haur\u00e0 de pagar de nou el cost del transport, tret que sigui culpa de BALLIU, i en aquest cas BALLIU assumir\u00e0 el cost del seg\u00fcent enviament. <\/p>\t\t\t\t\t\t<\/div>\n\t\t\t\t<\/div>\n\t\t\t\t<div class=\"elementor-element elementor-element-f98803c elementor-widget elementor-widget-text-editor\" data-id=\"f98803c\" data-element_type=\"widget\" data-widget_type=\"text-editor.default\">\n\t\t\t\t<div class=\"elementor-widget-container\">\n\t\t\t\t\t\t\t<p>Si el Client canvia el lloc de lliurament o no \u00e9s present en la data i hora acordats, pot haver-hi un cost addicional. Balliu informar\u00e0 de l&#8217;aquest abans de conducta perqu\u00e8 el Client l&#8217;accepti. Els seg\u00fcents documents formen part d&#8217;aquestes condicions generals de compra:<br>\u2022 Tiquet de compra.<br>\u2022 Documento\/ordre de comanda amb els serveis contractats, preus i data de prestaci\u00f3.<br>\u2022 Qualsevol altre document annex signat per les parts.<br>Amb l&#8217;acceptaci\u00f3 d&#8217;aquestes condicions el Client autoritza que el servei sigui prestat per tercers designats per BALLIU.  <\/p>\t\t\t\t\t\t<\/div>\n\t\t\t\t<\/div>\n\t\t\t\t<div class=\"elementor-element elementor-element-8106e4c elementor-widget elementor-widget-heading\" data-id=\"8106e4c\" data-element_type=\"widget\" data-widget_type=\"heading.default\">\n\t\t\t\t<div class=\"elementor-widget-container\">\n\t\t\t<h3 class=\"elementor-heading-title elementor-size-default\">Obligacions del client<\/h3>\t\t<\/div>\n\t\t\t\t<\/div>\n\t\t\t\t<div class=\"elementor-element elementor-element-e265a97 elementor-widget elementor-widget-text-editor\" data-id=\"e265a97\" data-element_type=\"widget\" data-widget_type=\"text-editor.default\">\n\t\t\t\t<div class=\"elementor-widget-container\">\n\t\t\t\t\t\t\t<p><strong>Pagament:<\/strong> Abonar el preu dels serveis en contractar, segons els preus de la comanda.<br><strong>Pres\u00e8ncia:<\/strong> Ser present en el domicili per al lliurament o designar a alg\u00fa que ho estigui.<br><strong>Dades correctes:<\/strong> Garantir la veracitat de les dades proporcionades. Facilitar un tel\u00e8fon de contacte. <br><strong>Restriccions de lliurament:<\/strong> No es permeten lliuraments en apartats postals ni llocs p\u00fablics. Si \u00e9s necessari un segon despla\u00e7ament per error en les dades, el Client haur\u00e0 de pagar el cost addicional. <br><strong>Signatura de l&#8217;albar\u00e0:<\/strong> Signar l&#8217;albar\u00e0 en finalitzar el servei i indicar qualsevol incid\u00e8ncia en l&#8217;apartat corresponent.<\/p>\t\t\t\t\t\t<\/div>\n\t\t\t\t<\/div>\n\t\t\t\t<div class=\"elementor-element elementor-element-1f778ea elementor-widget elementor-widget-text-editor\" data-id=\"1f778ea\" data-element_type=\"widget\" data-widget_type=\"text-editor.default\">\n\t\t\t\t<div class=\"elementor-widget-container\">\n\t\t\t\t\t\t\t<p><strong>Verificaci\u00f3 de mercaderia:<\/strong> Verificar la quantitat i estat dels embalums rebuts i notificar qualsevol mal en l&#8217;albar\u00e0 de lliurament.<br><strong>Reclamacions per danys no visibles:<\/strong> Notificar danys no visibles en un termini de 2 dies des del lliurament. Presentar una reclamaci\u00f3 escrita i, si \u00e9s possible, fotos dels danys, enviades per e-mail a info@balliuexport.com. <br><strong>Condicions del lloc de lliurament:<\/strong> Assegurar que el lloc de lliurament compleix amb les condicions adequades i notificar qualsevol obstacle que pugui dificultar el lliurament. Si no s&#8217;informa i es requereix un segon transport, el Client haur\u00e0 de pagar-lo sense reembossament del primer, i podria inc\u00f3rrer en despeses de magatzematge. <br><strong>\u00das responsable:<\/strong> El Client \u00e9s responsable d&#8217;usar els productes segons les especificacions t\u00e8cniques i instruccions, i de verificar que el lloc d&#8217;ubicaci\u00f3 del producte en l&#8217;immoble compleix amb totes les normatives i requeriments.<\/p>\t\t\t\t\t\t<\/div>\n\t\t\t\t<\/div>\n\t\t\t\t<div class=\"elementor-element elementor-element-d623b67 elementor-widget elementor-widget-heading\" data-id=\"d623b67\" data-element_type=\"widget\" data-widget_type=\"heading.default\">\n\t\t\t\t<div class=\"elementor-widget-container\">\n\t\t\t<h3 class=\"elementor-heading-title elementor-size-default\">Desistiment<\/h3>\t\t<\/div>\n\t\t\t\t<\/div>\n\t\t\t\t<div class=\"elementor-element elementor-element-9813ab9 elementor-widget elementor-widget-text-editor\" data-id=\"9813ab9\" data-element_type=\"widget\" data-widget_type=\"text-editor.default\">\n\t\t\t\t<div class=\"elementor-widget-container\">\n\t\t\t\t\t\t\t<p>El Client disposa de 14 dies naturals des de la recepci\u00f3 de l&#8217;\u00faltim dels productes adquirits a la mateixa comanda per exercir el dret de desistiment total o parcial. Per tornar, heu de contactar a BALLIU per email. El reembossament es realitzar\u00e0 pel mateix mitj\u00e0 que es va utilitzar per a pagar. Una vegada rebem el producte retornat i verifiquem el seu estat, procedirem al reembossament de l&#8217;import pagat pel producte, en un termini m\u00e0xim de 14 dies. El producte haur\u00e0 de retornar-se en perfecte estat, sense signes d&#8217;\u00fas i en el seu embalatge original.   El Client \u00e9s responsable de la disminuci\u00f3 de valor per manipulaci\u00f3 diferent de la necess\u00e0ria dels productes, cosa que comportar\u00e0 que no s&#8217;admeti l&#8217;exercici del dret de desistiment en aquests casos. Per exercir aquests drets i garanties, el Client ha de presentar el justificant de compra dels productes. El Client haur\u00e0 d&#8217;assumir el cost directe de la devoluci\u00f3 dels productes, excepte en cas d&#8217;error en l&#8217;enviament o producte defectu\u00f3s per part de BALLIU. Aix\u00ed mateix, el Client ser\u00e0 responsable de gestionar l&#8217;enviament de devoluci\u00f3 pel mitj\u00e0 que estimi convenient, conservant sempre el justificant d&#8217;enviament. BALLIU no acceptar\u00e0 devolucions enviades a ports deguts ni gestionar\u00e0 la recollida, excepte acord previ per escrit. No s&#8217;acceptaran devolucions de productes personalitzats (fora de cat\u00e0leg) o fabricats a mesura.   <\/p>\t\t\t\t\t\t<\/div>\n\t\t\t\t<\/div>\n\t\t\t\t<div class=\"elementor-element elementor-element-52e4a8e elementor-widget elementor-widget-heading\" data-id=\"52e4a8e\" data-element_type=\"widget\" data-widget_type=\"heading.default\">\n\t\t\t\t<div class=\"elementor-widget-container\">\n\t\t\t<h3 class=\"elementor-heading-title elementor-size-default\">Garantia<\/h3>\t\t<\/div>\n\t\t\t\t<\/div>\n\t\t\t\t<div class=\"elementor-element elementor-element-365d2cf elementor-widget elementor-widget-text-editor\" data-id=\"365d2cf\" data-element_type=\"widget\" data-widget_type=\"text-editor.default\">\n\t\t\t\t<div class=\"elementor-widget-container\">\n\t\t\t\t\t\t\t<p>Els productes adquirits en aquest lloc web gaudeixen de la garantia descrita en la <span style=\"color: #7a7a7a;\"><strong><a style=\"color: #7a7a7a;\" href=\"https:\/\/www.balliuexport.com\/ca\/politica-de-garantia\/\">Pol\u00edtica de Garantia.<\/a><\/strong><\/span><\/p>\t\t\t\t\t\t<\/div>\n\t\t\t\t<\/div>\n\t\t\t\t<div class=\"elementor-element elementor-element-56789e1 elementor-widget elementor-widget-heading\" data-id=\"56789e1\" data-element_type=\"widget\" data-widget_type=\"heading.default\">\n\t\t\t\t<div class=\"elementor-widget-container\">\n\t\t\t<h3 class=\"elementor-heading-title elementor-size-default\">Legislaci\u00f3 aplicable y jurisdicci\u00f3<\/h3>\t\t<\/div>\n\t\t\t\t<\/div>\n\t\t\t\t<div class=\"elementor-element elementor-element-64e56ae elementor-widget elementor-widget-text-editor\" data-id=\"64e56ae\" data-element_type=\"widget\" data-widget_type=\"text-editor.default\">\n\t\t\t\t<div class=\"elementor-widget-container\">\n\t\t\t\t\t\t\t<p>Aquest contracte es regeix per la legislaci\u00f3 espanyola. Qualsevol conflicte es resoldr\u00e0 en els tribunals de Girona,Espanya. <\/p>\t\t\t\t\t\t<\/div>\n\t\t\t\t<\/div>\n\t\t\t\t<div class=\"elementor-element elementor-element-c6361dc elementor-widget elementor-widget-text-editor\" data-id=\"c6361dc\" data-element_type=\"widget\" data-widget_type=\"text-editor.default\">\n\t\t\t\t<div class=\"elementor-widget-container\">\n\t\t\t\t\t\t\t<p style=\"text-align: center;\">Per a desistir del contracte has de completar el formulari de desistiment facilitat a continuaci\u00f3 i comunicar-se amb info@balliuexport.com<\/p>\t\t\t\t\t\t<\/div>\n\t\t\t\t<\/div>\n\t\t\t\t\t<\/div>\n\t\t\t\t<\/div>\n\t\t<div class=\"elementor-element elementor-element-979b1fa e-flex e-con-boxed kitify-col-width-auto-no ignore-docs-style-no kitify-disable-relative-no e-root-container elementor-top-section e-con e-parent\" data-id=\"979b1fa\" data-element_type=\"container\">\n\t\t\t\t\t<div class=\"e-con-inner\">\n\t\t\t\t<div class=\"elementor-element elementor-element-35f7586 elementor-align-center elementor-widget elementor-widget-button\" data-id=\"35f7586\" data-element_type=\"widget\" data-widget_type=\"button.default\">\n\t\t\t\t<div class=\"elementor-widget-container\">\n\t\t\t\t\t\t\t<div class=\"elementor-button-wrapper\">\n\t\t\t\t\t<a class=\"elementor-button elementor-button-link elementor-size-sm\" href=\"https:\/\/www.balliuexport.com\/wp-content\/uploads\/2026\/04\/Formulari-de-desestiment-de-compra.pdf\">\n\t\t\t\t\t\t<span class=\"elementor-button-content-wrapper\">\n\t\t\t\t\t\t\t\t\t<span class=\"elementor-button-text\">Formulari de desistiment<\/span>\n\t\t\t\t\t<\/span>\n\t\t\t\t\t<\/a>\n\t\t\t\t<\/div>\n\t\t\t\t\t\t<\/div>\n\t\t\t\t<\/div>\n\t\t\t\t\t<\/div>\n\t\t\t\t<\/div>\n\t\t\t\t<\/div>\n\t\t","protected":false},"excerpt":{"rendered":"<p>Condicions generals de compra Aquesta p\u00e0gina regula les condicions per utilitzar el lloc web www.balliuexport.com i per comprar productes a trav\u00e9s d&#8217;aquest. Per a aquestes condicions generals, BALLIU es refereix a BALLIU EXPORT, S.A ; i \u201cCLIENT\u201d a l&#8217;usuari de la web i possible comprador\/a en l\u00ednia. El Client accepta aquestes Condicions Generals de Compra, aix\u00ed com per la Pol\u00edtica\u2026<\/p>\n","protected":false},"author":1259,"featured_media":0,"parent":0,"menu_order":0,"comment_status":"closed","ping_status":"closed","template":"","meta":{"_acf_changed":false,"footnotes":""},"class_list":["post-72278","page","type-page","status-publish","hentry"],"acf":[],"_links":{"self":[{"href":"https:\/\/www.balliuexport.com\/ca\/wp-json\/wp\/v2\/pages\/72278","targetHints":{"allow":["GET"]}}],"collection":[{"href":"https:\/\/www.balliuexport.com\/ca\/wp-json\/wp\/v2\/pages"}],"about":[{"href":"https:\/\/www.balliuexport.com\/ca\/wp-json\/wp\/v2\/types\/page"}],"author":[{"embeddable":true,"href":"https:\/\/www.balliuexport.com\/ca\/wp-json\/wp\/v2\/users\/1259"}],"replies":[{"embeddable":true,"href":"https:\/\/www.balliuexport.com\/ca\/wp-json\/wp\/v2\/comments?post=72278"}],"version-history":[{"count":4,"href":"https:\/\/www.balliuexport.com\/ca\/wp-json\/wp\/v2\/pages\/72278\/revisions"}],"predecessor-version":[{"id":72282,"href":"https:\/\/www.balliuexport.com\/ca\/wp-json\/wp\/v2\/pages\/72278\/revisions\/72282"}],"wp:attachment":[{"href":"https:\/\/www.balliuexport.com\/ca\/wp-json\/wp\/v2\/media?parent=72278"}],"curies":[{"name":"wp","href":"https:\/\/api.w.org\/{rel}","templated":true}]}}