{"id":7975,"date":"2023-12-06T20:20:06","date_gmt":"2023-12-06T19:20:06","guid":{"rendered":"https:\/\/balliuexport.com\/manteniment\/"},"modified":"2025-12-04T09:52:28","modified_gmt":"2025-12-04T08:52:28","slug":"manteniment-mobiliari-balliu","status":"publish","type":"page","link":"https:\/\/www.balliuexport.com\/ca\/manteniment-mobiliari-balliu\/","title":{"rendered":"Manteniment"},"content":{"rendered":"\t\t<div data-elementor-type=\"wp-page\" data-elementor-id=\"7975\" class=\"elementor elementor-7975 elementor-5249\" data-elementor-post-type=\"page\">\n\t\t\t\t<div class=\"elementor-element elementor-element-6507a546 e-flex e-con-boxed kitify-col-width-auto-no ignore-docs-style-no kitify-disable-relative-no e-root-container elementor-top-section e-con e-parent\" data-id=\"6507a546\" data-element_type=\"container\" data-settings=\"{&quot;background_background&quot;:&quot;classic&quot;}\">\n\t\t\t\t\t<div class=\"e-con-inner\">\n\t\t\t\t<div class=\"elementor-element elementor-element-7ad5f88e elementor-widget elementor-widget-heading\" data-id=\"7ad5f88e\" data-element_type=\"widget\" data-widget_type=\"heading.default\">\n\t\t\t\t<div class=\"elementor-widget-container\">\n\t\t\t<h1 class=\"elementor-heading-title elementor-size-default\">Manteniment<\/h1>\t\t<\/div>\n\t\t\t\t<\/div>\n\t\t\t\t<div class=\"elementor-element elementor-element-57697f04 kitify-breadcrumbs-align-center elementor-widget kitify elementor-kitify-breadcrumbs\" data-id=\"57697f04\" data-element_type=\"widget\" data-widget_type=\"kitify-breadcrumbs.default\">\n\t\t\t\t<div class=\"elementor-widget-container\">\n\t\t\t\n\t\t<div class=\"kitify-breadcrumbs\">\n\t\t<div class=\"kitify-breadcrumbs__content\">\n\t\t<div class=\"kitify-breadcrumbs__wrap\"><div class=\"kitify-breadcrumbs__item\"><a href=\"https:\/\/www.balliuexport.com\/ca\/\" class=\"kitify-breadcrumbs__item-link is-home\" rel=\"home\" title=\"Home\">Home<\/a><\/div>\n\t\t<\/div>\n\t\t<\/div>\n\t\t<\/div>\t\t<\/div>\n\t\t\t\t<\/div>\n\t\t\t\t\t<\/div>\n\t\t\t\t<\/div>\n\t\t<div class=\"elementor-element elementor-element-472f45aa e-flex e-con-boxed kitify-col-width-auto-no ignore-docs-style-no kitify-disable-relative-no elementor-invisible e-root-container elementor-top-section kitify-has-entrance-animation e-con e-parent\" data-id=\"472f45aa\" data-element_type=\"container\" data-settings=\"{&quot;animation&quot;:&quot;fadeInUp&quot;,&quot;background_background&quot;:&quot;classic&quot;}\">\n\t\t\t\t\t<div class=\"e-con-inner\">\n\t\t\t\t<div class=\"elementor-element elementor-element-77e95d2 elementor-widget elementor-widget-text-editor\" data-id=\"77e95d2\" data-element_type=\"widget\" data-widget_type=\"text-editor.default\">\n\t\t\t\t<div class=\"elementor-widget-container\">\n\t\t\t\t\t\t\t<p><span style=\"color: #000000;\"><span style=\"color: #7a7a7a;\">El teixit de les gandules<\/span> <span style=\"color: #006eb7;\"><b>Balliu<\/b><\/span> <span style=\"color: #7a7a7a;\">est\u00e0 fabricat amb fil d&#8217; alta tenacitat plastificat, i est\u00e0 especialment preparat per a una llarga durada i resist\u00e8ncia al desgast. Els fils han estat tenyits i tractats amb una soluci\u00f3 que impedeix la p\u00e8rdua de color produ\u00efda per l&#8217;exposici\u00f3 al sol, aix\u00ed com les taques produ\u00efdes per la humitat.<\/span><\/span><\/p><p><span style=\"font-size: inherit; background-color: var(--site-bg-color); color: #7a7a7a;\">El teixit pot destenyir-se ocasionalment a causa de l&#8217;exposici\u00f3 amb olis bronzejadors, a la suor, al mon\u00f2xid de carboni o una altra causa d&#8217;origen natural com la saba. Aquesta possibilitat es redueix al m\u00ednim amb una neteja immediata despr\u00e9s del contacte amb aquests agents.<\/span><\/p><p><span style=\"color: #7a7a7a;\">Recomanem eliminar peri\u00f2dicament i amb rapidesa la brut\u00edcia, l&#8217;oli bronzejador o qualsevol producte s\u00f2lid, amb un raspall suau amb aigua o detergent neutre. Aclareixi sempre a fons despr\u00e9s de netejar i no utilitzi lleixiu ni cap altre tipus de dissolvent.<\/span><\/p>\t\t\t\t\t\t<\/div>\n\t\t\t\t<\/div>\n\t\t\t\t\t<\/div>\n\t\t\t\t<\/div>\n\t\t<div class=\"elementor-element elementor-element-a69d9ba e-flex e-con-boxed kitify-col-width-auto-no ignore-docs-style-no kitify-disable-relative-no e-root-container elementor-top-section e-con e-parent\" data-id=\"a69d9ba\" data-element_type=\"container\">\n\t\t\t\t\t<div class=\"e-con-inner\">\n\t\t\t\t<div class=\"elementor-element elementor-element-2fa2894 elementor-invisible kitify-has-entrance-animation elementor-widget elementor-widget-eael-adv-tabs\" data-id=\"2fa2894\" data-element_type=\"widget\" data-settings=\"{&quot;_animation&quot;:&quot;kitifyShortFadeInUp&quot;}\" data-widget_type=\"eael-adv-tabs.default\">\n\t\t\t\t<div class=\"elementor-widget-container\">\n\t\t\t        <div data-scroll-on-click=\"no\" data-scroll-speed=\"300\" id=\"eael-advance-tabs-2fa2894\" class=\"eael-advance-tabs eael-tabs-vertical eael-tab-auto-active \" data-tabid=\"2fa2894\">\n            <div class=\"eael-tabs-nav\">\n                <ul class=\"\" role=\"tablist\">\n                                            <li id=\"muntatge-del-teixit-de-la-gandula-eva-rg\" class=\"active-default eael-tab-item-trigger eael-tab-nav-item\" aria-selected=\"true\" data-tab=\"1\" role=\"tab\" tabindex=\"0\" aria-controls=\"muntatge-del-teixit-de-la-gandula-eva-rg-tab\" aria-expanded=\"false\">\n                            \n                            \n                            \n                                                            <span class=\"eael-tab-title title-after-icon\" >Muntatge del teixit de la gandula Eva rg<\/span>                                                    <\/li>\n                                            <li id=\"muntatge-del-teixit-de-la-gandula-lola-i-carmen\" class=\"inactive eael-tab-item-trigger eael-tab-nav-item\" aria-selected=\"false\" data-tab=\"2\" role=\"tab\" tabindex=\"-1\" aria-controls=\"muntatge-del-teixit-de-la-gandula-lola-i-carmen-tab\" aria-expanded=\"false\">\n                            \n                            \n                            \n                                                            <span class=\"eael-tab-title title-after-icon\" >Muntatge del teixit de la gandula Lola i Carmen<\/span>                                                    <\/li>\n                                            <li id=\"muntatge-del-teixit-dels-para-sols-pamela-ocean-i-gora\" class=\"inactive eael-tab-item-trigger eael-tab-nav-item\" aria-selected=\"false\" data-tab=\"3\" role=\"tab\" tabindex=\"-1\" aria-controls=\"muntatge-del-teixit-dels-para-sols-pamela-ocean-i-gora-tab\" aria-expanded=\"false\">\n                            \n                            \n                            \n                                                            <span class=\"eael-tab-title title-after-icon\" >Muntatge del teixit dels para-sols Pamela, Ocean i \u00c0gora<\/span>                                                    <\/li>\n                                            <li id=\"muntatge-del-teixit-de-la-cadira-etna\" class=\"inactive eael-tab-item-trigger eael-tab-nav-item\" aria-selected=\"false\" data-tab=\"4\" role=\"tab\" tabindex=\"-1\" aria-controls=\"muntatge-del-teixit-de-la-cadira-etna-tab\" aria-expanded=\"false\">\n                            \n                            \n                            \n                                                            <span class=\"eael-tab-title title-after-icon\" >Muntatge del teixit de la cadira Etna<\/span>                                                    <\/li>\n                                            <li id=\"muntatge-del-teixit-de-la-gandula-olmpia\" class=\"inactive eael-tab-item-trigger eael-tab-nav-item\" aria-selected=\"false\" data-tab=\"5\" role=\"tab\" tabindex=\"-1\" aria-controls=\"muntatge-del-teixit-de-la-gandula-olmpia-tab\" aria-expanded=\"false\">\n                            \n                            \n                            \n                                                            <span class=\"eael-tab-title title-after-icon\" >Muntatge del teixit de la gandula Ol\u00edmpia<\/span>                                                    <\/li>\n                                    <\/ul>\n            <\/div>\n            \n            <div class=\"eael-tabs-content\">\n\t\t        \n                    <div id=\"muntatge-del-teixit-de-la-gandula-eva-rg-tab\" class=\"clearfix eael-tab-content-item active-default\" data-title-link=\"muntatge-del-teixit-de-la-gandula-eva-rg-tab\">\n\t\t\t\t        <style>.elementor-14535 .elementor-element.elementor-element-b2949cf{--display:flex;--flex-direction:column;--container-widget-width:100%;--container-widget-height:initial;--container-widget-flex-grow:0;--container-widget-align-self:initial;--flex-wrap-mobile:wrap;--background-transition:0.3s;--margin-top:0px;--margin-bottom:0px;--margin-left:0px;--margin-right:0px;--padding-top:0px;--padding-bottom:0px;--padding-left:0px;--padding-right:0px;}.elementor-14535 .elementor-element.elementor-element-c94d8fc > .elementor-widget-container{margin:0px 0px -30px 0px;}.elementor-14535 .elementor-element.elementor-element-0eff368 .elementor-wrapper{--video-aspect-ratio:1.77777;}<\/style>\t\t<div data-elementor-type=\"section\" data-elementor-id=\"14535\" class=\"elementor elementor-14535 elementor-5299 elementor-5299\" data-elementor-post-type=\"elementor_library\">\n\t\t\t<div class=\"elementor-element elementor-element-b2949cf e-flex e-con-boxed kitify-col-width-auto-no ignore-docs-style-no kitify-disable-relative-no e-root-container elementor-top-section e-con e-parent\" data-id=\"b2949cf\" data-element_type=\"container\">\n\t\t\t\t\t<div class=\"e-con-inner\">\n\t\t\t\t<div class=\"elementor-element elementor-element-c94d8fc elementor-widget elementor-widget-text-editor\" data-id=\"c94d8fc\" data-element_type=\"widget\" data-widget_type=\"text-editor.default\">\n\t\t\t\t<div class=\"elementor-widget-container\">\n\t\t\t\t\t\t\t<p>Aqu\u00ed els deixem un v\u00eddeo explicatiu de com substituir el teixit de la gandula Eva Rg. Mirin el v\u00eddeo i redueixin el temps de muntatge de la gandula Eva Rg.<br \/><span style=\"font-size: inherit; text-align: var(--text-align); background-color: var(--site-bg-color); color: var(--site-text-color);\"><br \/>Recambios disponibles Eva Rg<br \/><\/span><span style=\"font-size: inherit; text-align: var(--text-align); background-color: var(--site-bg-color); color: var(--site-text-color);\">Recambios disponibles Eva Pro<\/span><\/p>\n\t\t\t\t\t\t<\/div>\n\t\t\t\t<\/div>\n\t\t\t\t<div class=\"elementor-element elementor-element-0eff368 elementor-widget elementor-widget-video\" data-id=\"0eff368\" data-element_type=\"widget\" data-settings=\"{&quot;youtube_url&quot;:&quot;https:\\\/\\\/www.youtube.com\\\/watch?v=4coAK47CNyY&quot;,&quot;show_image_overlay&quot;:&quot;yes&quot;,&quot;image_overlay&quot;:{&quot;url&quot;:&quot;https:\\\/\\\/balliu.weboon.es\\\/wp-content\\\/uploads\\\/2023\\\/12\\\/Gandula-Eva-rg-tumona-playa.jpg&quot;,&quot;id&quot;:4628,&quot;size&quot;:&quot;&quot;,&quot;alt&quot;:&quot;&quot;,&quot;source&quot;:&quot;library&quot;},&quot;video_type&quot;:&quot;youtube&quot;}\" data-widget_type=\"video.default\">\n\t\t\t\t<div class=\"elementor-widget-container\">\n\t\t\t\t\t<div class=\"elementor-wrapper elementor-open-inline\">\n\t\t\t<div class=\"elementor-video\"><\/div>\t\t\t\t<div class=\"elementor-custom-embed-image-overlay\" style=\"background-image: url(https:\/\/www.balliuexport.com\/wp-content\/uploads\/2023\/12\/Gandula-Eva-rg-tumona-playa.jpg);\">\n\t\t\t\t\t\t\t\t\t\t\t\t\t\t\t\t<div class=\"elementor-custom-embed-play\" role=\"button\" aria-label=\"Reprodueix v\u00eddeo\" tabindex=\"0\">\n\t\t\t\t\t\t\t<i aria-hidden=\"true\" class=\"eicon-play\"><\/i>\t\t\t\t\t\t\t<span class=\"elementor-screen-only\">Reprodueix v\u00eddeo<\/span>\n\t\t\t\t\t\t<\/div>\n\t\t\t\t\t\t\t\t\t<\/div>\n\t\t\t\t\t<\/div>\n\t\t\t\t<\/div>\n\t\t\t\t<\/div>\n\t\t\t\t\t<\/div>\n\t\t\t\t<\/div>\n\t\t\t\t<\/div>\n\t\t                    <\/div>\n\t\t        \n                    <div id=\"muntatge-del-teixit-de-la-gandula-lola-i-carmen-tab\" class=\"clearfix eael-tab-content-item inactive\" data-title-link=\"muntatge-del-teixit-de-la-gandula-lola-i-carmen-tab\">\n\t\t\t\t        <style>.elementor-14532 .elementor-element.elementor-element-b2949cf{--display:flex;--flex-direction:column;--container-widget-width:100%;--container-widget-height:initial;--container-widget-flex-grow:0;--container-widget-align-self:initial;--flex-wrap-mobile:wrap;--background-transition:0.3s;--margin-top:0px;--margin-bottom:0px;--margin-left:0px;--margin-right:0px;--padding-top:0px;--padding-bottom:0px;--padding-left:0px;--padding-right:0px;}.elementor-14532 .elementor-element.elementor-element-c94d8fc > .elementor-widget-container{margin:0px 0px -30px 0px;}.elementor-14532 .elementor-element.elementor-element-05acf05 .elementor-wrapper{--video-aspect-ratio:1.77777;}<\/style>\t\t<div data-elementor-type=\"section\" data-elementor-id=\"14532\" class=\"elementor elementor-14532 elementor-5318 elementor-5318\" data-elementor-post-type=\"elementor_library\">\n\t\t\t<div class=\"elementor-element elementor-element-b2949cf e-flex e-con-boxed kitify-col-width-auto-no ignore-docs-style-no kitify-disable-relative-no e-root-container elementor-top-section e-con e-parent\" data-id=\"b2949cf\" data-element_type=\"container\">\n\t\t\t\t\t<div class=\"e-con-inner\">\n\t\t\t\t<div class=\"elementor-element elementor-element-c94d8fc elementor-widget elementor-widget-text-editor\" data-id=\"c94d8fc\" data-element_type=\"widget\" data-widget_type=\"text-editor.default\">\n\t\t\t\t<div class=\"elementor-widget-container\">\n\t\t\t\t\t\t\t<p>Aqu\u00ed els deixem un v\u00eddeo explicatiu de com substituir el teixit de les gandules Lola i Carmen.Mirin el v\u00eddeo i redueixin el temps de muntatge de les gandules Lola i Carmen.<\/p>\n\t\t\t\t\t\t<\/div>\n\t\t\t\t<\/div>\n\t\t\t\t<div class=\"elementor-element elementor-element-05acf05 elementor-widget elementor-widget-video\" data-id=\"05acf05\" data-element_type=\"widget\" data-settings=\"{&quot;youtube_url&quot;:&quot;https:\\\/\\\/www.youtube.com\\\/watch?v=o-aVvJ7jB6Y&quot;,&quot;show_image_overlay&quot;:&quot;yes&quot;,&quot;image_overlay&quot;:{&quot;url&quot;:&quot;https:\\\/\\\/balliu.weboon.es\\\/wp-content\\\/uploads\\\/2023\\\/12\\\/banner-destacat.jpg&quot;,&quot;id&quot;:14533,&quot;size&quot;:&quot;&quot;,&quot;alt&quot;:&quot;&quot;,&quot;source&quot;:&quot;library&quot;},&quot;video_type&quot;:&quot;youtube&quot;}\" data-widget_type=\"video.default\">\n\t\t\t\t<div class=\"elementor-widget-container\">\n\t\t\t\t\t<div class=\"elementor-wrapper elementor-open-inline\">\n\t\t\t<div class=\"elementor-video\"><\/div>\t\t\t\t<div class=\"elementor-custom-embed-image-overlay\" style=\"background-image: url();\">\n\t\t\t\t\t\t\t\t\t\t\t\t\t\t\t\t<div class=\"elementor-custom-embed-play\" role=\"button\" aria-label=\"Reprodueix v\u00eddeo\" tabindex=\"0\">\n\t\t\t\t\t\t\t<i aria-hidden=\"true\" class=\"eicon-play\"><\/i>\t\t\t\t\t\t\t<span class=\"elementor-screen-only\">Reprodueix v\u00eddeo<\/span>\n\t\t\t\t\t\t<\/div>\n\t\t\t\t\t\t\t\t\t<\/div>\n\t\t\t\t\t<\/div>\n\t\t\t\t<\/div>\n\t\t\t\t<\/div>\n\t\t\t\t\t<\/div>\n\t\t\t\t<\/div>\n\t\t\t\t<\/div>\n\t\t                    <\/div>\n\t\t        \n                    <div id=\"muntatge-del-teixit-dels-para-sols-pamela-ocean-i-gora-tab\" class=\"clearfix eael-tab-content-item inactive\" data-title-link=\"muntatge-del-teixit-dels-para-sols-pamela-ocean-i-gora-tab\">\n\t\t\t\t        <style>.elementor-14530 .elementor-element.elementor-element-b2949cf{--display:flex;--flex-direction:column;--container-widget-width:100%;--container-widget-height:initial;--container-widget-flex-grow:0;--container-widget-align-self:initial;--flex-wrap-mobile:wrap;--background-transition:0.3s;--margin-top:0px;--margin-bottom:0px;--margin-left:0px;--margin-right:0px;--padding-top:0px;--padding-bottom:0px;--padding-left:0px;--padding-right:0px;}.elementor-14530 .elementor-element.elementor-element-c94d8fc > .elementor-widget-container{margin:0px 0px -30px 0px;}.elementor-14530 .elementor-element.elementor-element-dc8f341 .elementor-wrapper{--video-aspect-ratio:1.77777;}<\/style>\t\t<div data-elementor-type=\"section\" data-elementor-id=\"14530\" class=\"elementor elementor-14530 elementor-5334 elementor-5334\" data-elementor-post-type=\"elementor_library\">\n\t\t\t<div class=\"elementor-element elementor-element-b2949cf e-flex e-con-boxed kitify-col-width-auto-no ignore-docs-style-no kitify-disable-relative-no e-root-container elementor-top-section e-con e-parent\" data-id=\"b2949cf\" data-element_type=\"container\">\n\t\t\t\t\t<div class=\"e-con-inner\">\n\t\t\t\t<div class=\"elementor-element elementor-element-c94d8fc elementor-widget elementor-widget-text-editor\" data-id=\"c94d8fc\" data-element_type=\"widget\" data-widget_type=\"text-editor.default\">\n\t\t\t\t<div class=\"elementor-widget-container\">\n\t\t\t\t\t\t\t<p>Aqu\u00ed els deixem un v\u00eddeo explicatiu de com substituir el teixit dels para-sols Pamela i Ocean.Mirin el v\u00eddeo i redueixin el temps de muntatge dels para-sols Pamela i Ocean.<\/p>\n\t\t\t\t\t\t<\/div>\n\t\t\t\t<\/div>\n\t\t\t\t<div class=\"elementor-element elementor-element-dc8f341 elementor-widget elementor-widget-video\" data-id=\"dc8f341\" data-element_type=\"widget\" data-settings=\"{&quot;youtube_url&quot;:&quot;https:\\\/\\\/www.youtube.com\\\/watch?v=Ar7suC5xRFs&quot;,&quot;show_image_overlay&quot;:&quot;yes&quot;,&quot;image_overlay&quot;:{&quot;url&quot;:&quot;https:\\\/\\\/balliu.weboon.es\\\/wp-content\\\/uploads\\\/2023\\\/11\\\/balliu-polonia-mobiliario-hotel-spa.jpg&quot;,&quot;id&quot;:6912,&quot;size&quot;:&quot;&quot;,&quot;alt&quot;:&quot;&quot;,&quot;source&quot;:&quot;library&quot;},&quot;video_type&quot;:&quot;youtube&quot;}\" data-widget_type=\"video.default\">\n\t\t\t\t<div class=\"elementor-widget-container\">\n\t\t\t\t\t<div class=\"elementor-wrapper elementor-open-inline\">\n\t\t\t<div class=\"elementor-video\"><\/div>\t\t\t\t<div class=\"elementor-custom-embed-image-overlay\" style=\"background-image: url(https:\/\/www.balliuexport.com\/wp-content\/uploads\/2023\/11\/balliu-polonia-mobiliario-hotel-spa.jpg);\">\n\t\t\t\t\t\t\t\t\t\t\t\t\t\t\t\t<div class=\"elementor-custom-embed-play\" role=\"button\" aria-label=\"Reprodueix v\u00eddeo\" tabindex=\"0\">\n\t\t\t\t\t\t\t<i aria-hidden=\"true\" class=\"eicon-play\"><\/i>\t\t\t\t\t\t\t<span class=\"elementor-screen-only\">Reprodueix v\u00eddeo<\/span>\n\t\t\t\t\t\t<\/div>\n\t\t\t\t\t\t\t\t\t<\/div>\n\t\t\t\t\t<\/div>\n\t\t\t\t<\/div>\n\t\t\t\t<\/div>\n\t\t\t\t\t<\/div>\n\t\t\t\t<\/div>\n\t\t\t\t<\/div>\n\t\t                    <\/div>\n\t\t        \n                    <div id=\"muntatge-del-teixit-de-la-cadira-etna-tab\" class=\"clearfix eael-tab-content-item inactive\" data-title-link=\"muntatge-del-teixit-de-la-cadira-etna-tab\">\n\t\t\t\t        <style>.elementor-14528 .elementor-element.elementor-element-b2949cf{--display:flex;--flex-direction:column;--container-widget-width:100%;--container-widget-height:initial;--container-widget-flex-grow:0;--container-widget-align-self:initial;--flex-wrap-mobile:wrap;--background-transition:0.3s;--margin-top:0px;--margin-bottom:0px;--margin-left:0px;--margin-right:0px;--padding-top:0px;--padding-bottom:0px;--padding-left:0px;--padding-right:0px;}.elementor-14528 .elementor-element.elementor-element-c94d8fc > .elementor-widget-container{margin:0px 0px -30px 0px;}.elementor-14528 .elementor-element.elementor-element-2e7834b .elementor-wrapper{--video-aspect-ratio:1.77777;}<\/style>\t\t<div data-elementor-type=\"section\" data-elementor-id=\"14528\" class=\"elementor elementor-14528 elementor-5336 elementor-5336\" data-elementor-post-type=\"elementor_library\">\n\t\t\t<div class=\"elementor-element elementor-element-b2949cf e-flex e-con-boxed kitify-col-width-auto-no ignore-docs-style-no kitify-disable-relative-no e-root-container elementor-top-section e-con e-parent\" data-id=\"b2949cf\" data-element_type=\"container\">\n\t\t\t\t\t<div class=\"e-con-inner\">\n\t\t\t\t<div class=\"elementor-element elementor-element-c94d8fc elementor-widget elementor-widget-text-editor\" data-id=\"c94d8fc\" data-element_type=\"widget\" data-widget_type=\"text-editor.default\">\n\t\t\t\t<div class=\"elementor-widget-container\">\n\t\t\t\t\t\t\t<p>Aqu\u00ed els deixem un v\u00eddeo explicatiu de com substituir el teixit de les cadires Etna.Mirin el v\u00eddeo i redueixin el temps de muntatge de les cadires Etna.<\/p>\n\t\t\t\t\t\t<\/div>\n\t\t\t\t<\/div>\n\t\t\t\t<div class=\"elementor-element elementor-element-2e7834b elementor-widget elementor-widget-video\" data-id=\"2e7834b\" data-element_type=\"widget\" data-settings=\"{&quot;youtube_url&quot;:&quot;https:\\\/\\\/www.youtube.com\\\/watch?v=aSnSXjl39yw&quot;,&quot;show_image_overlay&quot;:&quot;yes&quot;,&quot;image_overlay&quot;:{&quot;url&quot;:&quot;https:\\\/\\\/balliu.weboon.es\\\/wp-content\\\/uploads\\\/2020\\\/01\\\/207-ETNA.jpg&quot;,&quot;id&quot;:6132,&quot;size&quot;:&quot;&quot;,&quot;alt&quot;:&quot;ETNA&quot;,&quot;source&quot;:&quot;library&quot;},&quot;video_type&quot;:&quot;youtube&quot;}\" data-widget_type=\"video.default\">\n\t\t\t\t<div class=\"elementor-widget-container\">\n\t\t\t\t\t<div class=\"elementor-wrapper elementor-open-inline\">\n\t\t\t<div class=\"elementor-video\"><\/div>\t\t\t\t<div class=\"elementor-custom-embed-image-overlay\" style=\"background-image: url(https:\/\/www.balliuexport.com\/wp-content\/uploads\/2020\/01\/207-ETNA.jpg);\">\n\t\t\t\t\t\t\t\t\t\t\t\t\t\t\t\t<div class=\"elementor-custom-embed-play\" role=\"button\" aria-label=\"Reprodueix el v\u00eddeo quant a ETNA\" tabindex=\"0\">\n\t\t\t\t\t\t\t<i aria-hidden=\"true\" class=\"eicon-play\"><\/i>\t\t\t\t\t\t\t<span class=\"elementor-screen-only\">Reprodueix el v\u00eddeo quant a ETNA<\/span>\n\t\t\t\t\t\t<\/div>\n\t\t\t\t\t\t\t\t\t<\/div>\n\t\t\t\t\t<\/div>\n\t\t\t\t<\/div>\n\t\t\t\t<\/div>\n\t\t\t\t\t<\/div>\n\t\t\t\t<\/div>\n\t\t\t\t<\/div>\n\t\t                    <\/div>\n\t\t        \n                    <div id=\"muntatge-del-teixit-de-la-gandula-olmpia-tab\" class=\"clearfix eael-tab-content-item inactive\" data-title-link=\"muntatge-del-teixit-de-la-gandula-olmpia-tab\">\n\t\t\t\t        <style>.elementor-14526 .elementor-element.elementor-element-b2949cf{--display:flex;--flex-direction:column;--container-widget-width:100%;--container-widget-height:initial;--container-widget-flex-grow:0;--container-widget-align-self:initial;--flex-wrap-mobile:wrap;--background-transition:0.3s;--margin-top:0px;--margin-bottom:0px;--margin-left:0px;--margin-right:0px;--padding-top:0px;--padding-bottom:0px;--padding-left:0px;--padding-right:0px;}.elementor-14526 .elementor-element.elementor-element-c94d8fc > .elementor-widget-container{margin:0px 0px -30px 0px;}.elementor-14526 .elementor-element.elementor-element-8721d4d .elementor-wrapper{--video-aspect-ratio:1.77777;}<\/style>\t\t<div data-elementor-type=\"section\" data-elementor-id=\"14526\" class=\"elementor elementor-14526 elementor-5338 elementor-5338\" data-elementor-post-type=\"elementor_library\">\n\t\t\t<div class=\"elementor-element elementor-element-b2949cf e-flex e-con-boxed kitify-col-width-auto-no ignore-docs-style-no kitify-disable-relative-no e-root-container elementor-top-section e-con e-parent\" data-id=\"b2949cf\" data-element_type=\"container\">\n\t\t\t\t\t<div class=\"e-con-inner\">\n\t\t\t\t<div class=\"elementor-element elementor-element-c94d8fc elementor-widget elementor-widget-text-editor\" data-id=\"c94d8fc\" data-element_type=\"widget\" data-widget_type=\"text-editor.default\">\n\t\t\t\t<div class=\"elementor-widget-container\">\n\t\t\t\t\t\t\t<p>Muntatge del teixit de la gandula Olimpia. Aqu\u00ed els deixem un v\u00eddeo explicatiu de com substituir el teixit de les gandules Ol\u00edmpia.Mirin el v\u00eddeo i redueixin el temps de muntatge de les gandules Ol\u00edmpia.<\/p>\n\t\t\t\t\t\t<\/div>\n\t\t\t\t<\/div>\n\t\t\t\t<div class=\"elementor-element elementor-element-8721d4d elementor-widget elementor-widget-video\" data-id=\"8721d4d\" data-element_type=\"widget\" data-settings=\"{&quot;youtube_url&quot;:&quot;https:\\\/\\\/www.youtube.com\\\/watch?v=DMLuGAyxLek&quot;,&quot;show_image_overlay&quot;:&quot;yes&quot;,&quot;image_overlay&quot;:{&quot;url&quot;:&quot;https:\\\/\\\/balliu.weboon.es\\\/wp-content\\\/uploads\\\/2023\\\/03\\\/644-OLIMPIA-S.jpg&quot;,&quot;id&quot;:5919,&quot;size&quot;:&quot;&quot;,&quot;alt&quot;:&quot;OLIMPIA S&quot;,&quot;source&quot;:&quot;library&quot;},&quot;video_type&quot;:&quot;youtube&quot;}\" data-widget_type=\"video.default\">\n\t\t\t\t<div class=\"elementor-widget-container\">\n\t\t\t\t\t<div class=\"elementor-wrapper elementor-open-inline\">\n\t\t\t<div class=\"elementor-video\"><\/div>\t\t\t\t<div class=\"elementor-custom-embed-image-overlay\" style=\"background-image: url(https:\/\/www.balliuexport.com\/wp-content\/uploads\/2023\/03\/644-OLIMPIA-S.jpg);\">\n\t\t\t\t\t\t\t\t\t\t\t\t\t\t\t\t<div class=\"elementor-custom-embed-play\" role=\"button\" aria-label=\"Reprodueix el v\u00eddeo quant a OLIMPIA S\" tabindex=\"0\">\n\t\t\t\t\t\t\t<i aria-hidden=\"true\" class=\"eicon-play\"><\/i>\t\t\t\t\t\t\t<span class=\"elementor-screen-only\">Reprodueix el v\u00eddeo quant a OLIMPIA S<\/span>\n\t\t\t\t\t\t<\/div>\n\t\t\t\t\t\t\t\t\t<\/div>\n\t\t\t\t\t<\/div>\n\t\t\t\t<\/div>\n\t\t\t\t<\/div>\n\t\t\t\t\t<\/div>\n\t\t\t\t<\/div>\n\t\t\t\t<\/div>\n\t\t                    <\/div>\n\t\t                    <\/div>\n        <\/div>\n\t\t<\/div>\n\t\t\t\t<\/div>\n\t\t\t\t\t<\/div>\n\t\t\t\t<\/div>\n\t\t\t\t<\/div>\n\t\t","protected":false},"excerpt":{"rendered":"<p>Manteniment Home El teixit de les gandules Balliu est\u00e0 fabricat amb fil d&#8217; alta tenacitat plastificat, i est\u00e0 especialment preparat per a una llarga durada i resist\u00e8ncia al desgast. Els fils han estat tenyits i tractats amb una soluci\u00f3 que impedeix la p\u00e8rdua de color produ\u00efda per l&#8217;exposici\u00f3 al sol, aix\u00ed com les taques produ\u00efdes per la humitat. El teixit\u2026<\/p>\n","protected":false},"author":1,"featured_media":0,"parent":0,"menu_order":0,"comment_status":"closed","ping_status":"closed","template":"elementor_header_footer","meta":{"_acf_changed":false,"footnotes":""},"class_list":["post-7975","page","type-page","status-publish","hentry"],"acf":[],"_links":{"self":[{"href":"https:\/\/www.balliuexport.com\/ca\/wp-json\/wp\/v2\/pages\/7975","targetHints":{"allow":["GET"]}}],"collection":[{"href":"https:\/\/www.balliuexport.com\/ca\/wp-json\/wp\/v2\/pages"}],"about":[{"href":"https:\/\/www.balliuexport.com\/ca\/wp-json\/wp\/v2\/types\/page"}],"author":[{"embeddable":true,"href":"https:\/\/www.balliuexport.com\/ca\/wp-json\/wp\/v2\/users\/1"}],"replies":[{"embeddable":true,"href":"https:\/\/www.balliuexport.com\/ca\/wp-json\/wp\/v2\/comments?post=7975"}],"version-history":[{"count":7,"href":"https:\/\/www.balliuexport.com\/ca\/wp-json\/wp\/v2\/pages\/7975\/revisions"}],"predecessor-version":[{"id":67885,"href":"https:\/\/www.balliuexport.com\/ca\/wp-json\/wp\/v2\/pages\/7975\/revisions\/67885"}],"wp:attachment":[{"href":"https:\/\/www.balliuexport.com\/ca\/wp-json\/wp\/v2\/media?parent=7975"}],"curies":[{"name":"wp","href":"https:\/\/api.w.org\/{rel}","templated":true}]}}