{"id":87423,"date":"2026-05-13T11:23:37","date_gmt":"2026-05-13T09:23:37","guid":{"rendered":"https:\/\/www.balliuexport.com\/treballa-amb-nosaltres\/"},"modified":"2026-05-13T15:49:56","modified_gmt":"2026-05-13T13:49:56","slug":"treballa-amb-nosaltres","status":"publish","type":"page","link":"https:\/\/www.balliuexport.com\/ca\/treballa-amb-nosaltres\/","title":{"rendered":"Treballa amb nosaltres"},"content":{"rendered":"\t\t<div data-elementor-type=\"wp-page\" data-elementor-id=\"87423\" class=\"elementor elementor-87423 elementor-87373\" data-elementor-post-type=\"page\">\n\t\t\t\t<div class=\"elementor-element elementor-element-41915b6 e-flex e-con-boxed kitify-col-width-auto-no ignore-docs-style-no kitify-disable-relative-no e-root-container elementor-top-section e-con e-parent\" data-id=\"41915b6\" data-element_type=\"container\">\n\t\t\t\t\t<div class=\"e-con-inner\">\n\t\t\t\t<div class=\"elementor-element elementor-element-2a14958 elementor-widget elementor-widget-heading\" data-id=\"2a14958\" data-element_type=\"widget\" data-widget_type=\"heading.default\">\n\t\t\t\t<div class=\"elementor-widget-container\">\n\t\t\t<h2 class=\"elementor-heading-title elementor-size-default\">Treballa amb nosaltres<\/h2>\t\t<\/div>\n\t\t\t\t<\/div>\n\t\t\t\t<div class=\"elementor-element elementor-element-44be80e elementor-widget elementor-widget-html\" data-id=\"44be80e\" data-element_type=\"widget\" data-widget_type=\"html.default\">\n\t\t\t\t<div class=\"elementor-widget-container\">\n\t\t\t<style>\r\n  .balliu-job-offer {\r\n    max-width: 1180px;\r\n    margin: 0 auto;\r\n    padding: 36px 20px 56px;\r\n    font-family: Arial, Helvetica, sans-serif;\r\n    color: #1f2937;\r\n  }\r\n\r\n  .balliu-job-offer * {\r\n    box-sizing: border-box;\r\n  }\r\n\r\n  .balliu-job-hero {\r\n    position: relative;\r\n    overflow: hidden;\r\n    border-radius: 18px;\r\n    min-height: 500px;\r\n    background: #d9e1e4;\r\n  }\r\n\r\n  .balliu-job-hero img {\r\n    width: 100%;\r\n    height: 500px;\r\n    object-fit: cover;\r\n    display: block;\r\n  }\r\n\r\n  .balliu-job-hero-overlay {\r\n    position: absolute;\r\n    inset: 0;\r\n    background: linear-gradient(\r\n      180deg,\r\n      rgba(0, 0, 0, 0.14) 0%,\r\n      rgba(0, 0, 0, 0.24) 30%,\r\n      rgba(0, 0, 0, 0.62) 100%\r\n    );\r\n  }\r\n\r\n  .balliu-job-hero-content {\r\n    position: absolute;\r\n    left: 34px;\r\n    right: 34px;\r\n    bottom: 34px;\r\n    z-index: 2;\r\n    max-width: 720px;\r\n    color: #ffffff;\r\n  }\r\n\r\n  .balliu-job-tag {\r\n    display: inline-block;\r\n    margin-bottom: 15px;\r\n    padding: 8px 13px;\r\n    border-radius: 999px;\r\n    background: rgba(255, 255, 255, 0.16);\r\n    border: 1px solid rgba(255, 255, 255, 0.28);\r\n    font-size: 12px;\r\n    font-weight: 700;\r\n    letter-spacing: 0.08em;\r\n    text-transform: uppercase;\r\n    color: #ffffff !important;\r\n  }\r\n\r\n  .balliu-job-hero-content h2 {\r\n    margin: 0 0 12px;\r\n    font-size: clamp(32px, 5vw, 56px);\r\n    line-height: 1.02;\r\n    font-weight: 600;\r\n    color: #ffffff !important;\r\n    text-shadow: 0 2px 14px rgba(0, 0, 0, 0.22);\r\n    overflow-wrap: anywhere;\r\n  }\r\n\r\n  .balliu-job-meta {\r\n    margin: 0 0 16px;\r\n    font-size: 16px;\r\n    line-height: 1.5;\r\n    font-weight: 600;\r\n    opacity: 0.95;\r\n    color: #ffffff !important;\r\n    text-shadow: 0 2px 10px rgba(0, 0, 0, 0.18);\r\n  }\r\n\r\n  .balliu-job-hero-content p {\r\n    margin: 0 0 18px;\r\n    font-size: 15px;\r\n    line-height: 1.5;\r\n    max-width: 620px;\r\n    color: #ffffff !important;\r\n    text-shadow: 0 2px 10px rgba(0, 0, 0, 0.18);\r\n  }\r\n\r\n  .balliu-job-panel {\r\n    position: relative;\r\n    z-index: 3;\r\n    margin-top: 24px;\r\n    display: grid;\r\n    grid-template-columns: 1.2fr 0.8fr;\r\n    background: #ffffff;\r\n    border-radius: 18px;\r\n    overflow: hidden;\r\n    box-shadow: 0 18px 50px rgba(15, 23, 42, 0.10);\r\n  }\r\n\r\n  .balliu-job-main,\r\n  .balliu-job-side {\r\n    padding: 34px 32px;\r\n  }\r\n\r\n  .balliu-job-main {\r\n    background: #ffffff;\r\n  }\r\n\r\n  .balliu-job-side {\r\n    background: #f4f7f8;\r\n    border-left: 1px solid rgba(31, 41, 55, 0.08);\r\n  }\r\n\r\n  .balliu-job-main h3,\r\n  .balliu-job-side h3,\r\n  .balliu-job-details h3 {\r\n    margin: 0 0 16px;\r\n    font-size: 24px;\r\n    line-height: 1.2;\r\n    color: #111827;\r\n  }\r\n\r\n  .balliu-job-main p,\r\n  .balliu-job-side p,\r\n  .balliu-job-details p {\r\n    margin: 0 0 14px;\r\n    font-size: 16px;\r\n    line-height: 1.7;\r\n  }\r\n\r\n  .balliu-job-points {\r\n    display: grid;\r\n    grid-template-columns: repeat(2, minmax(0, 1fr));\r\n    gap: 12px;\r\n    margin-top: 22px;\r\n  }\r\n\r\n  .balliu-job-point {\r\n    padding: 14px 16px;\r\n    border-radius: 12px;\r\n    background: #f8fafb;\r\n    border: 1px solid rgba(31, 41, 55, 0.08);\r\n    font-size: 15px;\r\n    line-height: 1.45;\r\n    font-weight: 600;\r\n    color: #243746;\r\n  }\r\n\r\n  .balliu-job-keylist {\r\n    margin: 0;\r\n    padding: 0;\r\n    list-style: none;\r\n  }\r\n\r\n  .balliu-job-keylist li {\r\n    position: relative;\r\n    padding: 0 0 0 18px;\r\n    margin-bottom: 14px;\r\n    font-size: 15px;\r\n    line-height: 1.6;\r\n  }\r\n\r\n  .balliu-job-keylist li::before {\r\n    content: \"\";\r\n    position: absolute;\r\n    top: 10px;\r\n    left: 0;\r\n    width: 7px;\r\n    height: 7px;\r\n    border-radius: 50%;\r\n    background: #1f4b57;\r\n  }\r\n\r\n  .balliu-job-more {\r\n    margin-top: 26px;\r\n    border-radius: 18px;\r\n    overflow: hidden;\r\n    background: #ffffff;\r\n    box-shadow: 0 10px 32px rgba(15, 23, 42, 0.07);\r\n    border: 1px solid rgba(31, 41, 55, 0.08);\r\n  }\r\n\r\n  .balliu-job-more summary {\r\n    list-style: none;\r\n    cursor: pointer;\r\n    padding: 22px 26px;\r\n    font-size: 16px;\r\n    font-weight: 700;\r\n    color: #163841;\r\n    display: flex;\r\n    align-items: center;\r\n    justify-content: space-between;\r\n    background: #f8fbfb;\r\n  }\r\n\r\n  .balliu-job-more summary::-webkit-details-marker {\r\n    display: none;\r\n  }\r\n\r\n  .balliu-job-more summary::after {\r\n    content: \"+\";\r\n    font-size: 24px;\r\n    line-height: 1;\r\n    font-weight: 400;\r\n  }\r\n\r\n  .balliu-job-more[open] summary::after {\r\n    content: \"-\";\r\n  }\r\n\r\n  .balliu-job-details {\r\n    padding: 30px 26px 18px;\r\n  }\r\n\r\n  .balliu-job-details-section {\r\n    margin-bottom: 24px;\r\n  }\r\n\r\n  .balliu-job-details-section ul {\r\n    margin: 0;\r\n    padding-left: 18px;\r\n  }\r\n\r\n  .balliu-job-details-section li {\r\n    margin-bottom: 10px;\r\n    font-size: 15px;\r\n    line-height: 1.65;\r\n  }\r\n\r\n  .balliu-job-note {\r\n    margin-top: 20px;\r\n    padding: 18px 20px;\r\n    border-radius: 12px;\r\n    background: #f4f7f8;\r\n    font-size: 14px;\r\n    line-height: 1.65;\r\n    color: #44515c;\r\n  }\r\n\r\n  @media (max-width: 920px) {\r\n    .balliu-job-panel {\r\n      grid-template-columns: 1fr;\r\n      margin-top: 18px;\r\n    }\r\n\r\n    .balliu-job-side {\r\n      border-left: 0;\r\n      border-top: 1px solid rgba(31, 41, 55, 0.08);\r\n    }\r\n\r\n    .balliu-job-points {\r\n      grid-template-columns: 1fr;\r\n    }\r\n\r\n    .balliu-job-hero,\r\n    .balliu-job-hero img {\r\n      min-height: 440px;\r\n      height: 440px;\r\n    }\r\n  }\r\n\r\n  @media (max-width: 640px) {\r\n    .balliu-job-offer {\r\n      padding: 18px 14px 40px;\r\n    }\r\n\r\n    .balliu-job-hero {\r\n      min-height: 380px;\r\n      border-radius: 14px;\r\n    }\r\n\r\n    .balliu-job-hero img {\r\n      height: 380px;\r\n    }\r\n\r\n    .balliu-job-hero-content {\r\n      left: 20px;\r\n      right: 20px;\r\n      bottom: 20px;\r\n      max-width: none;\r\n    }\r\n\r\n    .balliu-job-hero-content h2 {\r\n      font-size: 28px;\r\n    }\r\n\r\n    .balliu-job-hero-content p {\r\n      font-size: 14px;\r\n      line-height: 1.45;\r\n    }\r\n\r\n    .balliu-job-main,\r\n    .balliu-job-side,\r\n    .balliu-job-details {\r\n      padding: 24px 20px;\r\n    }\r\n\r\n    .balliu-job-more summary {\r\n      padding: 18px 20px;\r\n    }\r\n  }\r\n<\/style>\r\n\r\n<section class=\"balliu-job-offer\">\r\n  <div class=\"balliu-job-hero\">\r\n    <img decoding=\"async\" src=\"https:\/\/www.balliuexport.com\/wp-content\/uploads\/2026\/05\/unnamed-1.jpg\" alt=\"Oferta de feina Balliu Export\">\r\n    <div class=\"balliu-job-hero-overlay\"><\/div>\r\n\r\n    <div class=\"balliu-job-hero-content\">\r\n      <span class=\"balliu-job-tag\">Oferta de feina<\/span>\r\n      <h2>Administratiu\/iva de Transports i Tr\u00e0nsit<\/h2>\r\n      <div class=\"balliu-job-meta\">Caldes de Malavella | Balliu Export<\/div>\r\n      <p>\r\n        Busquem una persona organitzada, resolutiva i amb capacitat de coordinaci\u00f3\r\n        per refor\u00e7ar el nostre equip log\u00edstic en una empresa industrial en creixement\r\n        i en constant evoluci\u00f3 log\u00edstica.\r\n      <\/p>\r\n    <\/div>\r\n  <\/div>\r\n\r\n  <div class=\"balliu-job-panel\">\r\n    <div class=\"balliu-job-main\">\r\n      <h3>Una oportunitat per cr\u00e9ixer dins de l'\u00e0rea log\u00edstica<\/h3>\r\n      <p>\r\n        A Balliu Export continuem creixent i busquem incorporar un\/a\r\n        Administratiu\/iva de Transports i Tr\u00e0nsit per refor\u00e7ar l'equip log\u00edstic.\r\n        La posici\u00f3 est\u00e0 enfocada en coordinaci\u00f3 operativa, documentaci\u00f3 d'exportaci\u00f3,\r\n        seguiment d'expedicions i interlocuci\u00f3 di\u00e0ria amb transportistes, magatzem\r\n        i departaments interns.\r\n      <\/p>\r\n\r\n      <div class=\"balliu-job-points\">\r\n        <div class=\"balliu-job-point\">Coordinaci\u00f3 d'expedicions nacionals i internacionals<\/div>\r\n        <div class=\"balliu-job-point\">Gesti\u00f3 documental log\u00edstica i d'exportaci\u00f3<\/div>\r\n        <div class=\"balliu-job-point\">Optimitzaci\u00f3 de c\u00e0rregues, rutes i molls<\/div>\r\n        <div class=\"balliu-job-point\">Entorn industrial en expansi\u00f3 i evoluci\u00f3 constant<\/div>\r\n      <\/div>\r\n    <\/div>\r\n\r\n    <div class=\"balliu-job-side\">\r\n      <h3>Punts clau de l'oferta<\/h3>\r\n      <ul class=\"balliu-job-keylist\">\r\n        <li>Ubicaci\u00f3: Caldes de Malavella<\/li>\r\n        <li>Empresa: Balliu Export<\/li>\r\n        <li>\u00c0rea: log\u00edstica, tr\u00e0nsit i transport<\/li>\r\n        <li>Experi\u00e8ncia en log\u00edstica o tr\u00e0nsit molt valorable<\/li>\r\n        <li>Coneixements de SAP i entorn Office valorables<\/li>\r\n        <li>Angl\u00e8s valorable i altres idiomes com a plus<\/li>\r\n        <li>Bona adequaci\u00f3 per a perfils organitzats, eficients i resolutius<\/li>\r\n      <\/ul>\r\n    <\/div>\r\n  <\/div>\r\n\r\n  <details class=\"balliu-job-more\">\r\n    <summary>Oferta completa<\/summary>\r\n\r\n    <div class=\"balliu-job-details\">\r\n      <div class=\"balliu-job-details-section\">\r\n        <h3>Oferta completa<\/h3>\r\n        <p>\r\n          A Balliu Export continuem creixent i busquem incorporar un\/a\r\n          Administratiu\/iva de Transports i Tr\u00e0nsit per refor\u00e7ar el nostre equip log\u00edstic.\r\n        <\/p>\r\n        <p>\r\n          Busquem una persona organitzada, resolutiva i amb capacitat de coordinaci\u00f3,\r\n          amb inter\u00e8s per cr\u00e9ixer professionalment dins d'una empresa industrial en\r\n          expansi\u00f3 i en constant evoluci\u00f3 log\u00edstica.\r\n        <\/p>\r\n      <\/div>\r\n\r\n      <div class=\"balliu-job-details-section\">\r\n        <h3>Funcions principals<\/h3>\r\n        <ul>\r\n          <li>Coordinaci\u00f3 i seguiment d'expedicions nacionals i internacionals amb ag\u00e8ncies de transport i transitaris.<\/li>\r\n          <li>Gesti\u00f3, control i generaci\u00f3 de tota la documentaci\u00f3 log\u00edstica i d'exportaci\u00f3 necess\u00e0ria per a les expedicions.<\/li>\r\n          <li>Realitzaci\u00f3 de cubicatges i optimitzaci\u00f3 de c\u00e0rregues.<\/li>\r\n          <li>Sol\u00b7licitud i an\u00e0lisi d'ofertes de transport per valorar les millors opcions operatives i econ\u00f2miques.<\/li>\r\n          <li>Planificaci\u00f3 de recollides, entregues i horaris de c\u00e0rrega amb clients, prove\u00efdors i transportistes.<\/li>\r\n          <li>Coordinaci\u00f3 i optimitzaci\u00f3 dels molls de c\u00e0rrega per assegurar una operativa eficient i fluida.<\/li>\r\n          <li>Seguiment i resoluci\u00f3 d'incid\u00e8ncies log\u00edstiques.<\/li>\r\n          <li>Control i actualitzaci\u00f3 d'informaci\u00f3 log\u00edstica a SAP i altres sistemes interns.<\/li>\r\n          <li>Coordinaci\u00f3 di\u00e0ria amb magatzem i departaments interns per assegurar el correcte flux operatiu.<\/li>\r\n        <\/ul>\r\n      <\/div>\r\n\r\n      <div class=\"balliu-job-details-section\">\r\n        <h3>Qu\u00e8 valorarem de la teva candidatura<\/h3>\r\n        <ul>\r\n          <li>Formaci\u00f3 professional en Transport i Log\u00edstica, Comer\u00e7 Internacional o similar.<\/li>\r\n          <li>Experi\u00e8ncia demostrable en log\u00edstica, tr\u00e0nsit o transport.<\/li>\r\n          <li>Coneixements de SAP o sistemes de gesti\u00f3 log\u00edstica i bon domini d'eines inform\u00e0tiques i entorn Office.<\/li>\r\n          <li>Perfil organitzat, eficient i resolutiu, amb capacitat per gestionar prioritats i treballar en entorns din\u00e0mics.<\/li>\r\n          <li>Nivell d'angl\u00e8s valorable. Altres idiomes seran un plus.<\/li>\r\n          <li>Capacitat de treball en equip i bona coordinaci\u00f3 operativa.<\/li>\r\n        <\/ul>\r\n      <\/div>\r\n\r\n      <div class=\"balliu-job-note\">\r\n        A Balliu Export valorem la diversitat i fomentem un entorn inclusiu\r\n        on totes les persones, independentment de la seva identitat, origen o\r\n        capacitats, puguin desenvolupar el seu m\u00e0xim potencial.\r\n      <\/div>\r\n\r\n      <div class=\"balliu-job-details-section\">\r\n        <p>\r\n          Si t'interessa formar part del projecte, pots omplir el formulari\r\n          de sota i et contactarem. L'acompliment i el comprom\u00eds seran valorats\r\n          mitjan\u00e7ant revisions peri\u00f2diques, amb l'objectiu d'identificar el teu potencial\r\n          i acompanyar el teu desenvolupament dins de l'empresa.\r\n        <\/p>\r\n      <\/div>\r\n    <\/div>\r\n  <\/details>\r\n<\/section>\t\t<\/div>\n\t\t\t\t<\/div>\n\t\t\t\t<div class=\"elementor-element elementor-element-b23fa7e elementor-widget elementor-widget-heading\" data-id=\"b23fa7e\" data-element_type=\"widget\" data-widget_type=\"heading.default\">\n\t\t\t\t<div class=\"elementor-widget-container\">\n\t\t\t<h2 class=\"elementor-heading-title elementor-size-default\">Envia'ns la teva sol\u00b7licitud<\/h2>\t\t<\/div>\n\t\t\t\t<\/div>\n\t\t\t\t\t<\/div>\n\t\t\t\t<\/div>\n\t\t<div class=\"elementor-element elementor-element-10494d9 e-flex e-con-boxed kitify-col-width-auto-no ignore-docs-style-no kitify-disable-relative-no e-root-container elementor-top-section e-con e-parent\" data-id=\"10494d9\" data-element_type=\"container\">\n\t\t\t\t\t<div class=\"e-con-inner\">\n\t\t\t\t<div class=\"elementor-element elementor-element-5aed6c5 elementor-button-align-stretch elementor-widget elementor-widget-form\" data-id=\"5aed6c5\" data-element_type=\"widget\" data-settings=\"{&quot;button_width&quot;:&quot;40&quot;,&quot;step_next_label&quot;:&quot;Seg\\u00fcent&quot;,&quot;step_previous_label&quot;:&quot;Anterior&quot;,&quot;step_type&quot;:&quot;number_text&quot;,&quot;step_icon_shape&quot;:&quot;circle&quot;}\" data-widget_type=\"form.default\">\n\t\t\t\t<div class=\"elementor-widget-container\">\n\t\t\t\t\t<form class=\"elementor-form\" method=\"post\" name=\"Treballa amb nosaltres\">\n\t\t\t<input type=\"hidden\" name=\"post_id\" value=\"87423\"\/>\n\t\t\t<input type=\"hidden\" name=\"form_id\" value=\"5aed6c5\"\/>\n\t\t\t<input type=\"hidden\" name=\"referer_title\" value=\"Treballa amb nosaltres | Balliu Export\" \/>\n\n\t\t\t\t\t\t\t<input type=\"hidden\" name=\"queried_id\" value=\"87423\"\/>\n\t\t\t\n\t\t\t<div class=\"elementor-form-fields-wrapper elementor-labels-above\">\n\t\t\t\t\t\t\t\t<div class=\"elementor-field-type-text elementor-field-group elementor-column elementor-field-group-name elementor-col-100 elementor-field-required elementor-mark-required\">\n\t\t\t\t\t\t\t\t\t\t\t\t<label for=\"form-field-name\" class=\"elementor-field-label\">\n\t\t\t\t\t\t\t\tNom\t\t\t\t\t\t\t<\/label>\n\t\t\t\t\t\t\t\t\t\t\t\t\t\t<input size=\"1\" type=\"text\" name=\"form_fields[name]\" id=\"form-field-name\" class=\"elementor-field elementor-size-sm  elementor-field-textual\" required=\"required\" aria-required=\"true\">\n\t\t\t\t\t\t\t\t\t\t\t<\/div>\n\t\t\t\t\t\t\t\t<div class=\"elementor-field-type-text elementor-field-group elementor-column elementor-field-group-field_19576c8 elementor-col-100 elementor-field-required elementor-mark-required\">\n\t\t\t\t\t\t\t\t\t\t\t\t<label for=\"form-field-field_19576c8\" class=\"elementor-field-label\">\n\t\t\t\t\t\t\t\tCognoms\t\t\t\t\t\t\t<\/label>\n\t\t\t\t\t\t\t\t\t\t\t\t\t\t<input size=\"1\" type=\"text\" name=\"form_fields[field_19576c8]\" id=\"form-field-field_19576c8\" class=\"elementor-field elementor-size-sm  elementor-field-textual\" required=\"required\" aria-required=\"true\">\n\t\t\t\t\t\t\t\t\t\t\t<\/div>\n\t\t\t\t\t\t\t\t<div class=\"elementor-field-type-text elementor-field-group elementor-column elementor-field-group-field_dea86e2 elementor-col-100 elementor-field-required elementor-mark-required\">\n\t\t\t\t\t\t\t\t\t\t\t\t<label for=\"form-field-field_dea86e2\" class=\"elementor-field-label\">\n\t\t\t\t\t\t\t\tPoblaci\u00f3\t\t\t\t\t\t\t<\/label>\n\t\t\t\t\t\t\t\t\t\t\t\t\t\t<input size=\"1\" type=\"text\" name=\"form_fields[field_dea86e2]\" id=\"form-field-field_dea86e2\" class=\"elementor-field elementor-size-sm  elementor-field-textual\" required=\"required\" aria-required=\"true\">\n\t\t\t\t\t\t\t\t\t\t\t<\/div>\n\t\t\t\t\t\t\t\t<div class=\"elementor-field-type-text elementor-field-group elementor-column elementor-field-group-field_5ed7eec elementor-col-100 elementor-field-required elementor-mark-required\">\n\t\t\t\t\t\t\t\t\t\t\t\t<label for=\"form-field-field_5ed7eec\" class=\"elementor-field-label\">\n\t\t\t\t\t\t\t\tTel\u00e8fon\t\t\t\t\t\t\t<\/label>\n\t\t\t\t\t\t\t\t\t\t\t\t\t\t<input size=\"1\" type=\"text\" name=\"form_fields[field_5ed7eec]\" id=\"form-field-field_5ed7eec\" class=\"elementor-field elementor-size-sm  elementor-field-textual\" required=\"required\" aria-required=\"true\">\n\t\t\t\t\t\t\t\t\t\t\t<\/div>\n\t\t\t\t\t\t\t\t<div class=\"elementor-field-type-email elementor-field-group elementor-column elementor-field-group-email elementor-col-100 elementor-field-required elementor-mark-required\">\n\t\t\t\t\t\t\t\t\t\t\t\t<label for=\"form-field-email\" class=\"elementor-field-label\">\n\t\t\t\t\t\t\t\tCorreu electr\u00f2nic\t\t\t\t\t\t\t<\/label>\n\t\t\t\t\t\t\t\t\t\t\t\t\t\t<input size=\"1\" type=\"email\" name=\"form_fields[email]\" id=\"form-field-email\" class=\"elementor-field elementor-size-sm  elementor-field-textual\" required=\"required\" aria-required=\"true\">\n\t\t\t\t\t\t\t\t\t\t\t<\/div>\n\t\t\t\t\t\t\t\t<div class=\"elementor-field-type-upload elementor-field-group elementor-column elementor-field-group-field_6cc349d elementor-col-100 elementor-field-required elementor-mark-required\">\n\t\t\t\t\t\t\t\t\t\t\t\t<label for=\"form-field-field_6cc349d\" class=\"elementor-field-label\">\n\t\t\t\t\t\t\t\tAdjunta el teu curr\u00edculum.\t\t\t\t\t\t\t<\/label>\n\t\t\t\t\t\t\t\t<input type=\"file\" name=\"form_fields[field_6cc349d]\" id=\"form-field-field_6cc349d\" class=\"elementor-field elementor-size-sm  elementor-upload-field\" required=\"required\" aria-required=\"true\">\n\n\t\t\t\t\t\t<\/div>\n\t\t\t\t\t\t\t\t<div class=\"elementor-field-type-textarea elementor-field-group elementor-column elementor-field-group-message elementor-col-100\">\n\t\t\t\t\t\t\t\t\t\t\t\t<label for=\"form-field-message\" class=\"elementor-field-label\">\n\t\t\t\t\t\t\t\tMissatge\t\t\t\t\t\t\t<\/label>\n\t\t\t\t\t\t<textarea class=\"elementor-field-textual elementor-field  elementor-size-sm\" name=\"form_fields[message]\" id=\"form-field-message\" rows=\"4\"><\/textarea>\t\t\t\t<\/div>\n\t\t\t\t\t\t\t\t<div class=\"elementor-field-type-acceptance elementor-field-group elementor-column elementor-field-group-field_24b46ad elementor-col-100 elementor-field-required elementor-mark-required\">\n\t\t\t\t\t\t\t\t\t\t\t\t<label for=\"form-field-field_24b46ad\" class=\"elementor-field-label\">\n\t\t\t\t\t\t\t\tAcceptaci\u00f3\t\t\t\t\t\t\t<\/label>\n\t\t\t\t\t\t\t\t<div class=\"elementor-field-subgroup\">\n\t\t\t<span class=\"elementor-field-option\">\n\t\t\t\t<input type=\"checkbox\" name=\"form_fields[field_24b46ad]\" id=\"form-field-field_24b46ad\" class=\"elementor-field elementor-size-sm  elementor-acceptance-field\" required=\"required\" aria-required=\"true\" checked=\"checked\">\n\t\t\t\t<label for=\"form-field-field_24b46ad\">He llegit i accepto els termes i condicions de la pol\u00edtica de privacitat.<\/label>\t\t\t<\/span>\n\t\t<\/div>\n\t\t\t\t\t\t<\/div>\n\t\t\t\t\t\t\t\t<div class=\"elementor-field-group elementor-column elementor-field-type-submit elementor-col-40 e-form__buttons\">\n\t\t\t\t\t<button class=\"elementor-button elementor-size-sm\" type=\"submit\">\n\t\t\t\t\t\t<span class=\"elementor-button-content-wrapper\">\n\t\t\t\t\t\t\t\t\t\t\t\t\t\t\t\t\t\t\t\t\t\t<span class=\"elementor-button-text\">Enviar<\/span>\n\t\t\t\t\t\t\t\t\t\t\t\t\t<\/span>\n\t\t\t\t\t<\/button>\n\t\t\t\t<\/div>\n\t\t\t<\/div>\n\t\t<\/form>\n\t\t\t\t<\/div>\n\t\t\t\t<\/div>\n\t\t\t\t\t<\/div>\n\t\t\t\t<\/div>\n\t\t\t\t<\/div>\n\t\t","protected":false},"excerpt":{"rendered":"<p>Treballa amb nosaltres Oferta de feina Administratiu\/iva de Transports i Tr\u00e0nsit Caldes de Malavella | Balliu Export Busquem una persona organitzada, resolutiva i amb capacitat de coordinaci\u00f3 per refor\u00e7ar el nostre equip log\u00edstic en una empresa industrial en creixement i en constant evoluci\u00f3 log\u00edstica. Una oportunitat per cr\u00e9ixer dins de l\u2019\u00e0rea log\u00edstica A Balliu Export continuem creixent i busquem incorporar\u2026<\/p>\n","protected":false},"author":1259,"featured_media":0,"parent":0,"menu_order":0,"comment_status":"closed","ping_status":"closed","template":"","meta":{"_acf_changed":false,"footnotes":""},"class_list":["post-87423","page","type-page","status-publish","hentry"],"acf":[],"_links":{"self":[{"href":"https:\/\/www.balliuexport.com\/ca\/wp-json\/wp\/v2\/pages\/87423","targetHints":{"allow":["GET"]}}],"collection":[{"href":"https:\/\/www.balliuexport.com\/ca\/wp-json\/wp\/v2\/pages"}],"about":[{"href":"https:\/\/www.balliuexport.com\/ca\/wp-json\/wp\/v2\/types\/page"}],"author":[{"embeddable":true,"href":"https:\/\/www.balliuexport.com\/ca\/wp-json\/wp\/v2\/users\/1259"}],"replies":[{"embeddable":true,"href":"https:\/\/www.balliuexport.com\/ca\/wp-json\/wp\/v2\/comments?post=87423"}],"version-history":[{"count":34,"href":"https:\/\/www.balliuexport.com\/ca\/wp-json\/wp\/v2\/pages\/87423\/revisions"}],"predecessor-version":[{"id":87467,"href":"https:\/\/www.balliuexport.com\/ca\/wp-json\/wp\/v2\/pages\/87423\/revisions\/87467"}],"wp:attachment":[{"href":"https:\/\/www.balliuexport.com\/ca\/wp-json\/wp\/v2\/media?parent=87423"}],"curies":[{"name":"wp","href":"https:\/\/api.w.org\/{rel}","templated":true}]}}