{"id":11667,"date":"2018-12-20T13:14:47","date_gmt":"2018-12-20T12:14:47","guid":{"rendered":"https:\/\/balliuexport.com\/producto\/eva-rg\/"},"modified":"2026-02-05T09:29:17","modified_gmt":"2026-02-05T08:29:17","slug":"gandula-de-platja-evarg","status":"publish","type":"product","link":"https:\/\/www.balliuexport.com\/ca\/producte\/gandula-de-platja-evarg\/","title":{"rendered":"Gandula Eva RG"},"content":{"rendered":"<p><iframe style=\"width: 1000px; height: 440px; overflow: hidden; border-radius: 8px;\" src=\"https:\/\/viewer.ienhance.co\/v\/app\/036858cd-37d5-4a85-b30b-f2c74715ebe5\" frameborder=\"0\" allowfullscreen=\"allowfullscreen\"><span data-mce-type=\"bookmark\" style=\"display: inline-block; width: 0px; overflow: hidden; line-height: 0;\" class=\"mce_SELRES_start\"><\/span> <\/iframe><\/p>\n<h2><span style=\"color: #006eb7;\">Gandula Eva RG: comoditat, resist\u00e8ncia i disseny sostenible<\/span><\/h2>\n<p data-start=\"76\" data-end=\"360\"><span style=\"color: #7a7a7a;\">Gaudeix del m\u00e0xim confort amb la nostra gandula de platja Eva RG, dissenyada per a hotels, piscines i espais exteriors. Fabricada amb resina de polipropil\u00e8 reciclable i amb un refor\u00e7 interior d&#8217;acer, ofereix una resist\u00e8ncia inigualable fins i tot als entorns m\u00e9s exigents. <\/span><\/p>\n<h2 data-start=\"362\" data-end=\"428\"><span style=\"color: #006eb7;\">Durabilitat i personalitzaci\u00f3 per a qualsevol espai<\/span><\/h2>\n<p data-start=\"430\" data-end=\"660\"><span style=\"color: #7a7a7a;\">Gr\u00e0cies al respatller ajustable en <span style=\"color: #006eb7;\"><strong data-start=\"465\" data-end=\"486\">quatre posicions<\/strong><\/span>, aquesta gandula s&#8217;adapta a cada moment de descans. A m\u00e9s, el seu teixit personalitzable permet incorporar el teu <span style=\"color: #006eb7;\"><strong data-start=\"594\" data-end=\"614\">logotip corporatiu,<\/strong><\/span> afegint un toc exclusiu al teu espai. Amb una garantia professional de <span style=\"color: #006eb7;\"><strong data-start=\"694\" data-end=\"704\">5 anys<\/strong><\/span> per al xass\u00eds i la possibilitat d&#8217;allargar la vida \u00fatil amb els nostres <a href=\"https:\/\/www.balliuexport.com\/ca\/categories\/recanvis\/\"><span style=\"color: #006eb7;\"><strong data-start=\"779\" data-end=\"804\">recanvis disponibles<\/strong><\/span><\/a>, aquesta gandula \u00e9s una opci\u00f3 sostenible i duradora.  <\/span><\/p>\n","protected":false},"excerpt":{"rendered":"<p><span style=\"font-size: 13.3333px;\"><strong>Gandula de platja<\/strong>, hotels i centres esportius, fabricada en resina de polipropil\u00e8 reciclable i teixit de PVC i poli\u00e8ster.<\/span><\/p>\n","protected":false},"featured_media":45623,"template":"","meta":{"_acf_changed":false},"product_brand":[],"product_cat":[485,1331,962,1313,1327,1301,1197,1306],"product_tag":[],"class_list":{"0":"post-11667","1":"product","2":"type-product","3":"status-publish","4":"has-post-thumbnail","6":"product_cat-gandules","7":"product_cat-gandules-apilables","8":"product_cat-gandules-de-plastic-reciclat-gandules","9":"product_cat-gandules-de-platja","10":"product_cat-gandules-de-resina","11":"product_cat-gandules-hotels","12":"product_cat-gandules-professionals-per-a-piscines","13":"product_cat-gandules-per-a-spas","15":"first","16":"instock","17":"taxable","18":"shipping-taxable","19":"purchasable","20":"product-type-variable"},"bundled_by":[],"bundle_stock_status":"instock","bundle_stock_quantity":null,"bundle_virtual":false,"bundle_layout":"","bundle_add_to_cart_form_location":"","bundle_editable_in_cart":false,"bundle_sold_individually_context":"","bundle_item_grouping":"","bundle_min_size":"","bundle_max_size":"","bundle_price":[],"bundled_items":[],"bundle_sell_ids":[],"acf":[],"_links":{"self":[{"href":"https:\/\/www.balliuexport.com\/ca\/wp-json\/wp\/v2\/product\/11667","targetHints":{"allow":["GET"]}}],"collection":[{"href":"https:\/\/www.balliuexport.com\/ca\/wp-json\/wp\/v2\/product"}],"about":[{"href":"https:\/\/www.balliuexport.com\/ca\/wp-json\/wp\/v2\/types\/product"}],"wp:featuredmedia":[{"embeddable":true,"href":"https:\/\/www.balliuexport.com\/ca\/wp-json\/wp\/v2\/media\/45623"}],"wp:attachment":[{"href":"https:\/\/www.balliuexport.com\/ca\/wp-json\/wp\/v2\/media?parent=11667"}],"wp:term":[{"taxonomy":"product_brand","embeddable":true,"href":"https:\/\/www.balliuexport.com\/ca\/wp-json\/wp\/v2\/product_brand?post=11667"},{"taxonomy":"product_cat","embeddable":true,"href":"https:\/\/www.balliuexport.com\/ca\/wp-json\/wp\/v2\/product_cat?post=11667"},{"taxonomy":"product_tag","embeddable":true,"href":"https:\/\/www.balliuexport.com\/ca\/wp-json\/wp\/v2\/product_tag?post=11667"}],"curies":[{"name":"wp","href":"https:\/\/api.w.org\/{rel}","templated":true}]}}