{"id":11736,"date":"2023-12-20T14:50:49","date_gmt":"2023-12-20T13:50:49","guid":{"rendered":"https:\/\/balliuexport.com\/?post_type=product&#038;p=11736"},"modified":"2025-11-26T10:32:34","modified_gmt":"2025-11-26T09:32:34","slug":"gandula-de-resina-carmen-t","status":"publish","type":"product","link":"https:\/\/www.balliuexport.com\/ca\/producte\/gandula-de-resina-carmen-t\/","title":{"rendered":"Gandula Carmen T"},"content":{"rendered":"<div class=\"ewa-rteLine\">\n<h2><span style=\"color: #006eb7;\"><strong>Gandula de resina Carmen T: disseny, confort i sostenibilitat en perfecta harmonia<\/strong><\/span><\/h2>\n<p><span style=\"color: #7a7a7a;\">La gandula de resina Carmen T, concebuda amb enginyeria meticulosa i materials d&#8217;avantguarda, representa la culminaci\u00f3 del confort i la funcionalitat. Fabricada amb resina de polipropil\u00e8 d&#8217;alta qualitat, aquesta pe\u00e7a fusiona durabilitat i lleugeresa per oferir una experi\u00e8ncia de descans sense igual. El disseny ergon\u00f2mic es complementa amb un <span style=\"color: #006eb7;\"><strong>respatller graduable<\/strong><\/span>, que ofereix la possibilitat d&#8217;ajustar fins a cinc posicions diferents, garantint aix\u00ed un descans \u00f2ptim i personalitzat segons les prefer\u00e8ncies de cada individu. <\/span><\/p>\n<p><span style=\"color: #7a7a7a;\">Per facilitar la seva mobilitat, la gandula Carmen T est\u00e0 equipada amb <strong><span style=\"color: #006eb7;\">rodes integrades al seu xass\u00eds<\/span><\/strong>, cosa que permet traslladar-la amb facilitat i sense esfor\u00e7 a qualsevol lloc desitjat, ja sigui al jard\u00ed, al costat de la piscina oa la terrassa. Aquesta caracter\u00edstica innovadora afegeix un nivell addicional de comoditat i practicitat a lexperi\u00e8ncia de relaxaci\u00f3 a laire lliure. <\/span><\/p>\n<p><span style=\"color: #7a7a7a;\">A m\u00e9s de la seva funcionalitat impecable, la gandula abra\u00e7a un enfocament sostenible amb una estructura reciclable i la inclusi\u00f3 de materials reciclats en la fabricaci\u00f3. Aquest comprom\u00eds amb l&#8217;ecologia no nom\u00e9s en ressalta el car\u00e0cter responsable, sin\u00f3 que tamb\u00e9 contribueix positivament a la preservaci\u00f3 del medi ambient, oferint una alternativa conscient per a aquells que valoren la sostenibilitat en les seves eleccions de mobiliari. <\/span><\/p>\n<p><span style=\"color: #7a7a7a;\">Es recomana fer servir el nostre<\/span> <span style=\"color: #006eb7;\"><strong><a style=\"color: #006eb7;\" href=\"https:\/\/www.balliuexport.com\/ca\/producte\/matalas-dry-feel\/\">matal\u00e0s Dry Feel<\/a><\/strong><\/span> <span style=\"color: #7a7a7a;\">per maximitzar el confort i el descans. <span style=\"color: #006eb7;\"><strong>* Per a m\u00e9s colors consulteu disponibilitat *<\/strong><\/span><\/span><\/p>\n<\/div>\n","protected":false},"excerpt":{"rendered":"<p><strong><span style=\"color: #006eb7;\">Preu sense IVA incl\u00f2s<\/span><\/strong><\/p>\n<p>Gandula reclinable per a platja, hotels i col\u00b7lectivitats amb estructura en resina de polipropil\u00e8 100% <strong>reciclable<\/strong>.<\/p>\n","protected":false},"featured_media":52354,"template":"","meta":{"_acf_changed":false},"product_brand":[],"product_cat":[485,1331,962,1313,1327,1301,1197,2249,2709],"product_tag":[],"class_list":{"0":"post-11736","1":"product","2":"type-product","3":"status-publish","4":"has-post-thumbnail","6":"product_cat-gandules","7":"product_cat-gandules-apilables","8":"product_cat-gandules-de-plastic-reciclat-gandules","9":"product_cat-gandules-de-platja","10":"product_cat-gandules-de-resina","11":"product_cat-gandules-hotels","12":"product_cat-gandules-professionals-per-a-piscines","13":"product_cat-mobiliari-de-piscina","14":"product_cat-mobiliari-per-a-parcs-aquatics","16":"first","17":"instock","18":"taxable","19":"shipping-taxable","20":"purchasable","21":"product-type-simple"},"bundled_by":[],"bundle_stock_status":"instock","bundle_stock_quantity":null,"bundle_virtual":false,"bundle_layout":"","bundle_add_to_cart_form_location":"","bundle_editable_in_cart":false,"bundle_sold_individually_context":"","bundle_item_grouping":"","bundle_min_size":"","bundle_max_size":"","bundle_price":[],"bundled_items":[],"bundle_sell_ids":[],"acf":[],"_links":{"self":[{"href":"https:\/\/www.balliuexport.com\/ca\/wp-json\/wp\/v2\/product\/11736","targetHints":{"allow":["GET"]}}],"collection":[{"href":"https:\/\/www.balliuexport.com\/ca\/wp-json\/wp\/v2\/product"}],"about":[{"href":"https:\/\/www.balliuexport.com\/ca\/wp-json\/wp\/v2\/types\/product"}],"wp:featuredmedia":[{"embeddable":true,"href":"https:\/\/www.balliuexport.com\/ca\/wp-json\/wp\/v2\/media\/52354"}],"wp:attachment":[{"href":"https:\/\/www.balliuexport.com\/ca\/wp-json\/wp\/v2\/media?parent=11736"}],"wp:term":[{"taxonomy":"product_brand","embeddable":true,"href":"https:\/\/www.balliuexport.com\/ca\/wp-json\/wp\/v2\/product_brand?post=11736"},{"taxonomy":"product_cat","embeddable":true,"href":"https:\/\/www.balliuexport.com\/ca\/wp-json\/wp\/v2\/product_cat?post=11736"},{"taxonomy":"product_tag","embeddable":true,"href":"https:\/\/www.balliuexport.com\/ca\/wp-json\/wp\/v2\/product_tag?post=11736"}],"curies":[{"name":"wp","href":"https:\/\/api.w.org\/{rel}","templated":true}]}}