{"id":11824,"date":"2023-12-20T15:44:14","date_gmt":"2023-12-20T14:44:14","guid":{"rendered":"https:\/\/balliuexport.com\/producto\/lola-t\/"},"modified":"2025-11-26T12:17:30","modified_gmt":"2025-11-26T11:17:30","slug":"gandules-de-resina-lola-t","status":"publish","type":"product","link":"https:\/\/www.balliuexport.com\/ca\/producte\/gandules-de-resina-lola-t\/","title":{"rendered":"Gandula Lola T"},"content":{"rendered":"<h2><span style=\"color: #006eb7;\"><strong>Descans, estil i sostenibilitat: descobreix la gandula de resina Lola T<\/strong><\/span><\/h2>\n<p><span style=\"color: #7a7a7a;\">Gaudeix del m\u00e0xim confort a l\u2019aire lliure amb la nostra innovadora<\/span> <strong><span style=\"color: #006eb7;\">gandula Lola T<\/span><\/strong> <span style=\"color: #7a7a7a;\">fabricada amb resina de polipropil\u00e8 d\u2019 alta qualitat. El seu disseny ergon\u00f2mic compta amb un suport graduable en cinc posicions, permetent trobar la posici\u00f3 perfecta per al teu descans.<br \/>\n<\/span><span style=\"color: #7a7a7a;\">Per a m\u00e9s comoditat i practicitat, hem integrat rodes al xass\u00eds de la gandula, facilitant el seu transport i mobilitat a qualsevol espai exterior. A m\u00e9s, la seva estructura est\u00e0 dissenyada amb un enfocament sostenible, essent completament reciclable i contribuint aix\u00ed a la preservaci\u00f3 del medi ambient.<\/span><\/p>\n<p><span style=\"color: #7a7a7a;\">Compromesos amb l\u2019ecosostenibilitat, aquesta gandula no \u00e9s nom\u00e9s una opci\u00f3 c\u00f2moda i funcional, sin\u00f3 que tamb\u00e9 cont\u00e9 materials reciclats, reafirmant el nostre comprom\u00eds amb la reducci\u00f3 de residus i l\u2019\u00fas responsable de recursos naturals. Descobreix tamb\u00e9 els nostres models de gandules de resina per a qualsevol espai exterior.<\/span><br \/>\n<span style=\"color: #7a7a7a;\">Es recomana fer servir el <\/span><span style=\"color: #006eb7;\"><strong><a style=\"color: #006eb7;\" href=\"https:\/\/www.balliuexport.com\/ca\/producte\/matalas-dry-feel\/\">matal\u00e0s Dry Feel <\/a><\/strong><\/span><span style=\"color: #7a7a7a;\">per maximitzar el confort i el descans.<span style=\"color: #006eb7;\"><strong> * Per a m\u00e9s colors consulteu disponibilitat *<\/strong><\/span><\/span><\/p>\n","protected":false},"excerpt":{"rendered":"<p>&nbsp;<\/p>\n<p>&nbsp;<\/p>\n","protected":false},"featured_media":54638,"template":"","meta":{"_acf_changed":false},"product_brand":[],"product_cat":[485,1331,962,1313,1327,1301,1197,1306],"product_tag":[],"class_list":{"0":"post-11824","1":"product","2":"type-product","3":"status-publish","4":"has-post-thumbnail","6":"product_cat-gandules","7":"product_cat-gandules-apilables","8":"product_cat-gandules-de-plastic-reciclat-gandules","9":"product_cat-gandules-de-platja","10":"product_cat-gandules-de-resina","11":"product_cat-gandules-hotels","12":"product_cat-gandules-professionals-per-a-piscines","13":"product_cat-gandules-per-a-spas","15":"first","16":"instock","17":"taxable","18":"shipping-taxable","19":"purchasable","20":"product-type-simple"},"bundled_by":[],"bundle_stock_status":"instock","bundle_stock_quantity":null,"bundle_virtual":false,"bundle_layout":"","bundle_add_to_cart_form_location":"","bundle_editable_in_cart":false,"bundle_sold_individually_context":"","bundle_item_grouping":"","bundle_min_size":"","bundle_max_size":"","bundle_price":[],"bundled_items":[],"bundle_sell_ids":[],"acf":[],"_links":{"self":[{"href":"https:\/\/www.balliuexport.com\/ca\/wp-json\/wp\/v2\/product\/11824","targetHints":{"allow":["GET"]}}],"collection":[{"href":"https:\/\/www.balliuexport.com\/ca\/wp-json\/wp\/v2\/product"}],"about":[{"href":"https:\/\/www.balliuexport.com\/ca\/wp-json\/wp\/v2\/types\/product"}],"wp:featuredmedia":[{"embeddable":true,"href":"https:\/\/www.balliuexport.com\/ca\/wp-json\/wp\/v2\/media\/54638"}],"wp:attachment":[{"href":"https:\/\/www.balliuexport.com\/ca\/wp-json\/wp\/v2\/media?parent=11824"}],"wp:term":[{"taxonomy":"product_brand","embeddable":true,"href":"https:\/\/www.balliuexport.com\/ca\/wp-json\/wp\/v2\/product_brand?post=11824"},{"taxonomy":"product_cat","embeddable":true,"href":"https:\/\/www.balliuexport.com\/ca\/wp-json\/wp\/v2\/product_cat?post=11824"},{"taxonomy":"product_tag","embeddable":true,"href":"https:\/\/www.balliuexport.com\/ca\/wp-json\/wp\/v2\/product_tag?post=11824"}],"curies":[{"name":"wp","href":"https:\/\/api.w.org\/{rel}","templated":true}]}}