{"id":12758,"date":"2023-12-21T11:15:33","date_gmt":"2023-12-21T10:15:33","guid":{"rendered":"https:\/\/balliuexport.com\/producto\/cannes\/"},"modified":"2025-11-25T16:51:32","modified_gmt":"2025-11-25T15:51:32","slug":"mini-gandula-plegable-cannes","status":"publish","type":"product","link":"https:\/\/www.balliuexport.com\/ca\/producte\/mini-gandula-plegable-cannes\/","title":{"rendered":"Mini gandula Cannes"},"content":{"rendered":"<p><iframe style=\"width: 1000px; height: 440px; overflow: hidden; border-radius: 8px;\" src=\"https:\/\/viewer.ienhance.co\/v\/app\/6a369a90-6a77-44f3-a6c7-5dc41e845d02\" frameborder=\"0\" allowfullscreen=\"allowfullscreen\"><span data-mce-type=\"bookmark\" style=\"display: inline-block; width: 0px; overflow: hidden; line-height: 0;\" class=\"mce_SELRES_start\"><\/span> <\/iframe><\/p>\n<div class=\"flex flex-grow flex-col max-w-full\">\n<div class=\"min-h-[20px] text-message flex flex-col items-start whitespace-pre-wrap break-words [.text-message+&amp;]:mt-5 juice:w-full juice:items-end overflow-x-auto gap-2\" dir=\"auto\" data-message-author-role=\"assistant\" data-message-id=\"67f64a04-97ac-48ed-ae20-5af718a86811\">\n<div class=\"flex w-full flex-col gap-1 juice:empty:hidden juice:first:pt-[3px]\">\n<div class=\"markdown prose w-full break-words dark:prose-invert light\">\n<div class=\"flex max-w-full flex-col flex-grow\">\n<div class=\"min-h-8 text-message relative flex w-full flex-col items-end gap-2 whitespace-normal break-words text-start [.text-message+&amp;]:mt-5\" dir=\"auto\" data-message-author-role=\"assistant\" data-message-id=\"c77f6c3d-d412-4a80-a660-3b95f069abbd\" data-message-model-slug=\"gpt-4o\">\n<div class=\"flex w-full flex-col gap-1 empty:hidden first:pt-[3px]\">\n<div class=\"markdown prose w-full break-words dark:prose-invert light\">\n<h2 data-start=\"0\" data-end=\"94\"><span style=\"color: #006eb7;\"><strong data-start=\"4\" data-end=\"92\">Mini gandula plegable Cannes: disseny compacte, confort m\u00e0xim i resist\u00e8ncia absoluta<\/strong><\/span><\/h2>\n<p data-start=\"96\" data-end=\"423\"><span style=\"color: #7a7a7a;\">La mini gandula plegable Cannes \u00e9s l&#8217;elecci\u00f3 perfecta per als que busquen<\/span> <span style=\"color: #006eb7;\"><strong data-start=\"176\" data-end=\"211\">durabilitat, comoditat i estil<\/strong><\/span><span style=\"color: #7a7a7a;\"> en espais exteriors. Dissenyada per resistir l&#8217;\u00fas intensiu i les inclem\u00e8ncies del temps, <\/span> <span style=\"color: #006eb7;\"><strong data-start=\"313\" data-end=\"356\">respatller ajustable en quatre posicions<\/strong><\/span> <span style=\"color: #7a7a7a;\">permet gaudir del sol, llegir o relaxar-se amb total comoditat.<\/span><\/p>\n<p data-start=\"425\" data-end=\"742\"><span style=\"color: #7a7a7a;\">El coix\u00ed Dry Feel, pensat per a m\u00e0xim confort i frescor, mant\u00e9 la seva qualitat fins i tot despr\u00e9s de mullar-se. A m\u00e9s, els taps protectors a les potes eviten danys en superf\u00edcies delicades, mentre que el seu <\/span> <span style=\"color: #006eb7;\"><strong data-start=\"644\" data-end=\"674\">teixit de f\u00e0cil reposici\u00f3 <\/strong><\/span><span style=\"color: #7a7a7a;\">simplifica el manteniment i perllonga la vida \u00fatil del producte amb el nostre<\/span> <span style=\"color: #006eb7;\"><a href=\"https:\/\/www.balliuexport.com\/ca\/producte\/recanvi-teixit-mini-gandula-cannes\/\"><strong>recanvi original<\/strong><\/a> <span style=\"color: #7a7a7a;\">per a la mini gandula Cannes.<\/span><\/span><\/p>\n<p data-start=\"744\" data-end=\"1077\"><span style=\"color: #7a7a7a;\">Gr\u00e0cies a la seva estructura plegable, \u00e9s ideal per a espais redu\u00efts i facilita el seu emmagatzematge i transport. Perfecta per <\/span> <span style=\"color: #006eb7;\"><strong data-start=\"876\" data-end=\"920\">hotels, spas, clubs de platja i resorts<\/strong><\/span><span style=\"color: #7a7a7a;\">, aquesta gandula combina disseny elegant amb una construcci\u00f3 robusta, oferint als hostes una experi\u00e8ncia de luxe a zones de piscina i terrasses. Un equilibri perfecte entre funcionalitat i sofisticaci\u00f3 per a qualsevol espai exterior. <\/span><\/p>\n<\/div>\n<\/div>\n<\/div>\n<\/div>\n<\/div>\n<\/div>\n<\/div>\n<\/div>\n","protected":false},"excerpt":{"rendered":"<p><strong><span style=\"color: #006eb7;\">Preu sense IVA incl\u00f2s<\/span><\/strong><\/p>\n<p>&nbsp;<\/p>\n","protected":false},"featured_media":64183,"template":"","meta":{"_acf_changed":false},"product_brand":[],"product_cat":[488,2572,485,1342,1301,1197,1306,2705,2249],"product_tag":[],"class_list":{"0":"post-12758","1":"product","2":"type-product","3":"status-publish","4":"has-post-thumbnail","6":"product_cat-gandules-petites","7":"product_cat-els-nostres-destacats","8":"product_cat-gandules","9":"product_cat-gandules-dalumini","10":"product_cat-gandules-hotels","11":"product_cat-gandules-professionals-per-a-piscines","12":"product_cat-gandules-per-a-spas","13":"product_cat-mobiliari-de-exterior-per-creuers","14":"product_cat-mobiliari-de-piscina","16":"first","17":"instock","18":"taxable","19":"shipping-taxable","20":"purchasable","21":"product-type-variable"},"bundled_by":["70170"],"bundle_stock_status":"instock","bundle_stock_quantity":null,"bundle_virtual":false,"bundle_layout":"","bundle_add_to_cart_form_location":"","bundle_editable_in_cart":false,"bundle_sold_individually_context":"","bundle_item_grouping":"","bundle_min_size":"","bundle_max_size":"","bundle_price":[],"bundled_items":[],"bundle_sell_ids":[],"acf":[],"_links":{"self":[{"href":"https:\/\/www.balliuexport.com\/ca\/wp-json\/wp\/v2\/product\/12758","targetHints":{"allow":["GET"]}}],"collection":[{"href":"https:\/\/www.balliuexport.com\/ca\/wp-json\/wp\/v2\/product"}],"about":[{"href":"https:\/\/www.balliuexport.com\/ca\/wp-json\/wp\/v2\/types\/product"}],"wp:featuredmedia":[{"embeddable":true,"href":"https:\/\/www.balliuexport.com\/ca\/wp-json\/wp\/v2\/media\/64183"}],"wp:attachment":[{"href":"https:\/\/www.balliuexport.com\/ca\/wp-json\/wp\/v2\/media?parent=12758"}],"wp:term":[{"taxonomy":"product_brand","embeddable":true,"href":"https:\/\/www.balliuexport.com\/ca\/wp-json\/wp\/v2\/product_brand?post=12758"},{"taxonomy":"product_cat","embeddable":true,"href":"https:\/\/www.balliuexport.com\/ca\/wp-json\/wp\/v2\/product_cat?post=12758"},{"taxonomy":"product_tag","embeddable":true,"href":"https:\/\/www.balliuexport.com\/ca\/wp-json\/wp\/v2\/product_tag?post=12758"}],"curies":[{"name":"wp","href":"https:\/\/api.w.org\/{rel}","templated":true}]}}