{"id":12814,"date":"2023-12-21T10:19:20","date_gmt":"2023-12-21T09:19:20","guid":{"rendered":"https:\/\/balliuexport.com\/producto\/teixit-i-cordo-gandula-de-resina\/"},"modified":"2025-12-03T14:02:52","modified_gmt":"2025-12-03T13:02:52","slug":"recanvi-teixit-per-gandula-de-resina","status":"publish","type":"product","link":"https:\/\/www.balliuexport.com\/ca\/producte\/recanvi-teixit-per-gandula-de-resina\/","title":{"rendered":"Recanvi teixit i cord\u00f3 per gandula resina"},"content":{"rendered":"<h2><strong><span style=\"color: #006eb7;\">Recanvi de teixit Balliu per a gandula<\/span><\/strong><\/h2>\n<p><span style=\"color: #7a7a7a;\">Recanvi de confecci\u00f3 + cord\u00f3 del teixit Balliu disponible per a les gandules<\/span> <span style=\"color: #006eb7;\"><strong><a style=\"color: #006eb7;\" href=\"https:\/\/www.balliuexport.com\/ca\/producte\/gandula-de-platja-evarg\/\" target=\"_blank\" rel=\"noopener\">Eva Rg<\/a>, <a style=\"color: #006eb7;\" href=\"https:\/\/www.balliuexport.com\/producto\/eva-pro-tumbona\/\" target=\"_blank\" rel=\"noopener\">Eva Pro<\/a>, <a href=\"https:\/\/www.balliuexport.com\/producto\/lola-tumbona\/\" target=\"_blank\" rel=\"noopener\">Lola<\/a> i <a href=\"https:\/\/www.balliuexport.com\/ca\/carmen-7\/\" target=\"_blank\" rel=\"noopener\">Carmen<\/a><\/strong><\/span><\/p>\n<p><span style=\"color: #7a7a7a;\">Teixit transpirable constru\u00eft amb doble trama i doble ordit, de gran densitat i propietats t\u00e8cniques. Ideal per a \u00fas professional exterior. No cont\u00e9 materials t\u00f2xics ni metalls pesants.<\/span><\/p>\n<p><span style=\"color: #7a7a7a;\">Nom\u00e9s compatible amb els models originals Balliu.<\/span><\/p>\n<ul>\n<li><span style=\"color: #7a7a7a;\">Els teixits de les gandules Balliu estan especialment dissenyats per resistir-ne un \u00fas prolongat i presentar una alta resist\u00e8ncia al desgast. Per mantenir un aspecte net i polit de les gandules, es recomana eliminar peri\u00f2dicament la brut\u00edcia, l&#8217;oli bronzejador i qualsevol producte s\u00f2lid que hagi quedat adherit al teixit. Tingueu en compte els factors seg\u00fcents:<\/span><\/li>\n<li><span style=\"color: #7a7a7a;\">La neteja regular de la gandula s&#8217;ha de fer amb un sistema d&#8217;aigua a pressi\u00f3.<\/span><\/li>\n<li><span style=\"color: #7a7a7a;\">En cas que presenti algun tipus de brut\u00edcia, s&#8217;ha d&#8217;eliminar com m\u00e9s aviat millor amb un raspall suau, ruixant per sobre de la tela una soluci\u00f3 composta per detergent suau dissolt en aigua. Aclariu b\u00e9 despr\u00e9s de la neteja.<\/span><br \/>\n<span style=\"color: #7a7a7a;\">No utilitzeu lleixiu ni cap tipus de dissolvent.<\/span><\/li>\n<\/ul>\n","protected":false},"excerpt":{"rendered":"<p><strong><span style=\"color: #006eb7;\">Preu sense IVA incl\u00f2s<\/span><\/strong><\/p>\n<p>Recanvi de confecci\u00f3 + cord\u00f3 del teixit Balliu per a totes les gandules Eva Rg, Eva Pro, Lola i Carmen.<\/p>\n","protected":false},"featured_media":59156,"template":"","meta":{"_acf_changed":false},"product_brand":[],"product_cat":[828,3557],"product_tag":[],"class_list":{"0":"post-12814","1":"product","2":"type-product","3":"status-publish","4":"has-post-thumbnail","6":"product_cat-recanvis","7":"product_cat-recanvis-teixit-gandula","9":"first","10":"instock","11":"taxable","12":"shipping-taxable","13":"purchasable","14":"product-type-variable"},"bundled_by":[],"bundle_stock_status":"instock","bundle_stock_quantity":null,"bundle_virtual":false,"bundle_layout":"","bundle_add_to_cart_form_location":"","bundle_editable_in_cart":false,"bundle_sold_individually_context":"","bundle_item_grouping":"","bundle_min_size":"","bundle_max_size":"","bundle_price":[],"bundled_items":[],"bundle_sell_ids":[],"acf":[],"_links":{"self":[{"href":"https:\/\/www.balliuexport.com\/ca\/wp-json\/wp\/v2\/product\/12814","targetHints":{"allow":["GET"]}}],"collection":[{"href":"https:\/\/www.balliuexport.com\/ca\/wp-json\/wp\/v2\/product"}],"about":[{"href":"https:\/\/www.balliuexport.com\/ca\/wp-json\/wp\/v2\/types\/product"}],"wp:featuredmedia":[{"embeddable":true,"href":"https:\/\/www.balliuexport.com\/ca\/wp-json\/wp\/v2\/media\/59156"}],"wp:attachment":[{"href":"https:\/\/www.balliuexport.com\/ca\/wp-json\/wp\/v2\/media?parent=12814"}],"wp:term":[{"taxonomy":"product_brand","embeddable":true,"href":"https:\/\/www.balliuexport.com\/ca\/wp-json\/wp\/v2\/product_brand?post=12814"},{"taxonomy":"product_cat","embeddable":true,"href":"https:\/\/www.balliuexport.com\/ca\/wp-json\/wp\/v2\/product_cat?post=12814"},{"taxonomy":"product_tag","embeddable":true,"href":"https:\/\/www.balliuexport.com\/ca\/wp-json\/wp\/v2\/product_tag?post=12814"}],"curies":[{"name":"wp","href":"https:\/\/api.w.org\/{rel}","templated":true}]}}