{"id":12900,"date":"2023-12-21T11:42:42","date_gmt":"2023-12-21T10:42:42","guid":{"rendered":"https:\/\/balliuexport.com\/producto\/marina-s\/"},"modified":"2025-11-26T12:27:28","modified_gmt":"2025-11-26T11:27:28","slug":"mini-gandula-apilable-marina","status":"publish","type":"product","link":"https:\/\/www.balliuexport.com\/ca\/producte\/mini-gandula-apilable-marina\/","title":{"rendered":"Mini gandula Marina"},"content":{"rendered":"<h2 data-start=\"0\" data-end=\"92\"><span style=\"color: #006eb7;\"><strong data-start=\"4\" data-end=\"90\">Mini gandula apilable: disseny compacte, resist\u00e8ncia superior i f\u00e0cil manteniment<\/strong><\/span><\/h2>\n<p data-start=\"94\" data-end=\"493\"><span style=\"color: #7a7a7a;\">La mini gandula apilable Marina combina <span style=\"color: #006eb7;\"><strong data-start=\"131\" data-end=\"173\">durabilitat, seguretat i funcionalitat<\/strong><\/span>, convertint-se en l&#8217;opci\u00f3 ideal per a <span style=\"color: #006eb7;\"><strong data-start=\"214\" data-end=\"292\">piscines, terrasses d&#8217;hotels, spas i espais exteriors<\/strong><\/span> d&#8217;alt tr\u00e0nsit. El xass\u00eds d&#8217;alumini endurit, juntament amb cargols d&#8217;acer inoxidable i accessoris en polietil\u00e8, garanteix una resist\u00e8ncia excepcional davant la intemp\u00e8rie i l&#8217;\u00fas intensiu. Dissenyada amb extrems arrodonits, prioritza la seguretat en minimitzar riscos d&#8217;accidents. El seu <span style=\"color: #006eb7;\"><strong data-start=\"595\" data-end=\"628\">teixit f\u00e0cilment substitu\u00efble<\/strong><\/span> facilita el manteniment i perllonga la seva vida \u00fatil, oferint una soluci\u00f3 pr\u00e0ctica i rendible per a negocis que busquen efici\u00e8ncia i qualitat. <\/span><\/p>\n<p data-start=\"774\" data-end=\"998\" data-is-last-node=\"\" data-is-only-node=\"\"><span style=\"color: #7a7a7a;\">Gr\u00e0cies a la <span style=\"color: #006eb7;\"><strong data-start=\"787\" data-end=\"815\">capacitat d&#8217;apilament<\/strong><\/span>, optimitza l&#8217;espai d&#8217;emmagatzematge sense comprometre l&#8217;estil ni el confort. Una opci\u00f3 robusta, elegant i funcional per als que busquen mobiliari exterior fiable i sofisticat. A m\u00e9s, pots complementar la teva mini gandula amb les nostres <a href=\"https:\/\/www.balliuexport.com\/ca\/categories\/taules\/taules-auxiliars\/\"><span style=\"color: #006eb7;\"><strong>taules auxiliars<\/strong><\/span><\/a>. <\/span><\/p>\n","protected":false},"excerpt":{"rendered":"<p><strong><span style=\"color: #006eb7;\">Preu sense IVA incl\u00f2s<\/span><\/strong><\/p>\n","protected":false},"featured_media":52510,"template":"","meta":{"_acf_changed":false},"product_brand":[],"product_cat":[485,1331,1342,1301,1197,1306,488,2705],"product_tag":[],"class_list":{"0":"post-12900","1":"product","2":"type-product","3":"status-publish","4":"has-post-thumbnail","6":"product_cat-gandules","7":"product_cat-gandules-apilables","8":"product_cat-gandules-dalumini","9":"product_cat-gandules-hotels","10":"product_cat-gandules-professionals-per-a-piscines","11":"product_cat-gandules-per-a-spas","12":"product_cat-gandules-petites","13":"product_cat-mobiliari-de-exterior-per-creuers","15":"first","16":"instock","17":"taxable","18":"shipping-taxable","19":"purchasable","20":"product-type-variable"},"bundled_by":[],"bundle_stock_status":"instock","bundle_stock_quantity":null,"bundle_virtual":false,"bundle_layout":"","bundle_add_to_cart_form_location":"","bundle_editable_in_cart":false,"bundle_sold_individually_context":"","bundle_item_grouping":"","bundle_min_size":"","bundle_max_size":"","bundle_price":[],"bundled_items":[],"bundle_sell_ids":[],"acf":[],"_links":{"self":[{"href":"https:\/\/www.balliuexport.com\/ca\/wp-json\/wp\/v2\/product\/12900","targetHints":{"allow":["GET"]}}],"collection":[{"href":"https:\/\/www.balliuexport.com\/ca\/wp-json\/wp\/v2\/product"}],"about":[{"href":"https:\/\/www.balliuexport.com\/ca\/wp-json\/wp\/v2\/types\/product"}],"wp:featuredmedia":[{"embeddable":true,"href":"https:\/\/www.balliuexport.com\/ca\/wp-json\/wp\/v2\/media\/52510"}],"wp:attachment":[{"href":"https:\/\/www.balliuexport.com\/ca\/wp-json\/wp\/v2\/media?parent=12900"}],"wp:term":[{"taxonomy":"product_brand","embeddable":true,"href":"https:\/\/www.balliuexport.com\/ca\/wp-json\/wp\/v2\/product_brand?post=12900"},{"taxonomy":"product_cat","embeddable":true,"href":"https:\/\/www.balliuexport.com\/ca\/wp-json\/wp\/v2\/product_cat?post=12900"},{"taxonomy":"product_tag","embeddable":true,"href":"https:\/\/www.balliuexport.com\/ca\/wp-json\/wp\/v2\/product_tag?post=12900"}],"curies":[{"name":"wp","href":"https:\/\/api.w.org\/{rel}","templated":true}]}}