{"id":12910,"date":"2023-12-21T11:55:48","date_gmt":"2023-12-21T10:55:48","guid":{"rendered":"https:\/\/balliuexport.com\/producto\/eva-pro-bcn\/"},"modified":"2025-11-28T14:38:59","modified_gmt":"2025-11-28T13:38:59","slug":"taula-auxiliar-eva-pro-bcn","status":"publish","type":"product","link":"https:\/\/www.balliuexport.com\/ca\/producte\/taula-auxiliar-eva-pro-bcn\/","title":{"rendered":"Mini taula Eva Pro BCN"},"content":{"rendered":"<p><span style=\"color: #000000;\"><span style=\"color: #7a7a7a;\">La mini taula Eva Pro BCN \u00e9s una taula auxiliar apilable, ideal per acompanyar la<\/span> <strong><a href=\"https:\/\/www.balliuexport.com\/ca\/producte\/gandula-eva-pro-t-mario-eskenazi\/\"><span style=\"color: #006eb7;\">gandula Eva Pro T edici\u00f3 Mario Eskenazi<\/span><\/a><span style=\"color: #7a7a7a;\">.<\/span><\/strong> <span style=\"color: #7a7a7a;\">Fabricada amb resina de polipropil\u00e8 reciclat, destaca pel seu comprom\u00eds amb la sostenibilitat i el disseny pensat per a platges i piscines, tant p\u00fabliques com privades. La seva estructura resistent a la intemp\u00e8rie garanteix durabilitat, mentre que el seu disseny apilable facilita l&#8217;emmagatzematge i el transport. Amb un toc modern i elegant, aquesta taula \u00e9s el complement perfecte per a qualsevol espai exterior, combinant estil i funcionalitat.  <\/span><\/span><\/p>\n","protected":false},"excerpt":{"rendered":"<p><span style=\"color: #006eb7;\"><strong>Preu sense IVA incl\u00f2s<\/strong><\/span><\/p>\n<p>Mesa auxiliar apilable de polipropileno reciclable.<\/p>\n","protected":false},"featured_media":70519,"template":"","meta":{"_acf_changed":false},"product_brand":[],"product_cat":[2709,3075,3251],"product_tag":[],"class_list":{"0":"post-12910","1":"product","2":"type-product","3":"status-publish","4":"has-post-thumbnail","6":"product_cat-mobiliari-per-a-parcs-aquatics","7":"product_cat-taules-auxiliars","8":"product_cat-taules-de-resina","10":"first","11":"instock","12":"taxable","13":"shipping-taxable","14":"purchasable","15":"product-type-variable"},"bundled_by":[],"bundle_stock_status":"instock","bundle_stock_quantity":null,"bundle_virtual":false,"bundle_layout":"","bundle_add_to_cart_form_location":"","bundle_editable_in_cart":false,"bundle_sold_individually_context":"","bundle_item_grouping":"","bundle_min_size":"","bundle_max_size":"","bundle_price":[],"bundled_items":[],"bundle_sell_ids":[],"acf":[],"_links":{"self":[{"href":"https:\/\/www.balliuexport.com\/ca\/wp-json\/wp\/v2\/product\/12910","targetHints":{"allow":["GET"]}}],"collection":[{"href":"https:\/\/www.balliuexport.com\/ca\/wp-json\/wp\/v2\/product"}],"about":[{"href":"https:\/\/www.balliuexport.com\/ca\/wp-json\/wp\/v2\/types\/product"}],"wp:featuredmedia":[{"embeddable":true,"href":"https:\/\/www.balliuexport.com\/ca\/wp-json\/wp\/v2\/media\/70519"}],"wp:attachment":[{"href":"https:\/\/www.balliuexport.com\/ca\/wp-json\/wp\/v2\/media?parent=12910"}],"wp:term":[{"taxonomy":"product_brand","embeddable":true,"href":"https:\/\/www.balliuexport.com\/ca\/wp-json\/wp\/v2\/product_brand?post=12910"},{"taxonomy":"product_cat","embeddable":true,"href":"https:\/\/www.balliuexport.com\/ca\/wp-json\/wp\/v2\/product_cat?post=12910"},{"taxonomy":"product_tag","embeddable":true,"href":"https:\/\/www.balliuexport.com\/ca\/wp-json\/wp\/v2\/product_tag?post=12910"}],"curies":[{"name":"wp","href":"https:\/\/api.w.org\/{rel}","templated":true}]}}