{"id":12939,"date":"2023-12-21T12:06:47","date_gmt":"2023-12-21T11:06:47","guid":{"rendered":"https:\/\/balliuexport.com\/producto\/agora\/"},"modified":"2025-12-02T14:55:10","modified_gmt":"2025-12-02T13:55:10","slug":"parasol-agora","status":"publish","type":"product","link":"https:\/\/www.balliuexport.com\/ca\/producte\/parasol-agora\/","title":{"rendered":"Para-sol \u00c1gora"},"content":{"rendered":"<div class=\"ewa-rteLine\">\n<p>El nostre para-sol d\u2019alta qualitat est\u00e0 dissenyat per oferir durabilitat i eleg\u00e0ncia. La seva robusta estructura d\u2019acer inoxidable assegura resist\u00e8ncia a la intemp\u00e8rie i una llarga vida \u00fatil. El pal central fix proporciona estabilitat, mentre que les 8 varetes de fibra de vidre de 9 mm de gruix garanteixen una subjecci\u00f3 segura i flexible per al teixit del para-sol.<\/p>\n<p>El para-sol est\u00e0 disponible en un teixit acr\u00edlic de primera qualitat, conegut per la resist\u00e8ncia al desgast ia la decoloraci\u00f3 pel sol. Aquest teixit no nom\u00e9s \u00e9s funcional, sin\u00f3 tamb\u00e9 est\u00e8ticament agradable, ideal per a qualsevol entorn exterior. A m\u00e9s, el teixit \u00e9s f\u00e0cilment substitu\u00efble, cosa que permet mantenir el para-sol en \u00f2ptimes condicions amb el pas del temps.<\/p>\n<p>\u00c9s important tenir en compte que la base del para-sol no est\u00e0 inclosa, amb el nostre para-sol pot gaudir d\u2019una protecci\u00f3 fiable i elegant contra el sol, millorant la comoditat i l\u2019atractiu visual del seu espai exterior<\/p>\n<\/div>\n","protected":false},"excerpt":{"rendered":"<p><strong><span style=\"color: #006eb7;\">Preu sense IVA incl\u00f2s<\/span><\/strong><\/p>\n<p>&nbsp;<\/p>\n","protected":false},"featured_media":12931,"template":"","meta":{"_acf_changed":false},"product_brand":[],"product_cat":[736,2257,3634],"product_tag":[],"class_list":{"0":"post-12939","1":"product","2":"type-product","3":"status-publish","4":"has-post-thumbnail","6":"product_cat-para-sols","7":"product_cat-parasols-comercials-per-restaurants","8":"product_cat-parasols-per-jardi-i-terrassa","10":"first","11":"instock","12":"taxable","13":"shipping-taxable","14":"purchasable","15":"product-type-variable"},"bundled_by":[],"bundle_stock_status":"instock","bundle_stock_quantity":null,"bundle_virtual":false,"bundle_layout":"","bundle_add_to_cart_form_location":"","bundle_editable_in_cart":false,"bundle_sold_individually_context":"","bundle_item_grouping":"","bundle_min_size":"","bundle_max_size":"","bundle_price":[],"bundled_items":[],"bundle_sell_ids":[],"acf":[],"_links":{"self":[{"href":"https:\/\/www.balliuexport.com\/ca\/wp-json\/wp\/v2\/product\/12939","targetHints":{"allow":["GET"]}}],"collection":[{"href":"https:\/\/www.balliuexport.com\/ca\/wp-json\/wp\/v2\/product"}],"about":[{"href":"https:\/\/www.balliuexport.com\/ca\/wp-json\/wp\/v2\/types\/product"}],"wp:featuredmedia":[{"embeddable":true,"href":"https:\/\/www.balliuexport.com\/ca\/wp-json\/wp\/v2\/media\/12931"}],"wp:attachment":[{"href":"https:\/\/www.balliuexport.com\/ca\/wp-json\/wp\/v2\/media?parent=12939"}],"wp:term":[{"taxonomy":"product_brand","embeddable":true,"href":"https:\/\/www.balliuexport.com\/ca\/wp-json\/wp\/v2\/product_brand?post=12939"},{"taxonomy":"product_cat","embeddable":true,"href":"https:\/\/www.balliuexport.com\/ca\/wp-json\/wp\/v2\/product_cat?post=12939"},{"taxonomy":"product_tag","embeddable":true,"href":"https:\/\/www.balliuexport.com\/ca\/wp-json\/wp\/v2\/product_tag?post=12939"}],"curies":[{"name":"wp","href":"https:\/\/api.w.org\/{rel}","templated":true}]}}