{"id":13038,"date":"2023-12-21T12:35:23","date_gmt":"2023-12-21T11:35:23","guid":{"rendered":"https:\/\/balliuexport.com\/producto\/java\/"},"modified":"2026-02-18T12:27:54","modified_gmt":"2026-02-18T11:27:54","slug":"taula-alumini-java","status":"publish","type":"product","link":"https:\/\/www.balliuexport.com\/ca\/producte\/taula-alumini-java\/","title":{"rendered":"Taula Java"},"content":{"rendered":"<div class=\"ewa-rteLine\">Taula extensible amb estructura fabricada amb tub d&#8217;alumini endurit.<\/div>\n<div class=\"ewa-rteLine\">Tauler de HPL.<\/div>\n<div class=\"ewa-rteLine\">Cobertura de pintura en pols formulada amb resines de poli\u00e8ster que presenta una excel\u00b7lent resist\u00e8ncia a la intemp\u00e8rie i m\u00e0xima solidesa a la llum.<\/div>\n","protected":false},"excerpt":{"rendered":"<p><strong><span style=\"color: #006eb7;\">Preu sense IVA incl\u00f2s<\/span><\/strong><\/p>\n","protected":false},"featured_media":70479,"template":"","meta":{"_acf_changed":false},"product_brand":[],"product_cat":[469,2228,3500],"product_tag":[],"class_list":{"0":"post-13038","1":"product","2":"type-product","3":"status-publish","4":"has-post-thumbnail","6":"product_cat-taules-per-a-exterior","7":"product_cat-taules-exteriors-de-restaurants","8":"product_cat-taules-extensibles-exterior","9":"pa_largoxancho-140-180-x-90","10":"pa_largoxancho-mesura-atlanta-3","12":"first","13":"instock","14":"taxable","15":"shipping-taxable","16":"purchasable","17":"product-type-variable"},"bundled_by":["70142"],"bundle_stock_status":"instock","bundle_stock_quantity":null,"bundle_virtual":false,"bundle_layout":"","bundle_add_to_cart_form_location":"","bundle_editable_in_cart":false,"bundle_sold_individually_context":"","bundle_item_grouping":"","bundle_min_size":"","bundle_max_size":"","bundle_price":[],"bundled_items":[],"bundle_sell_ids":[],"acf":[],"_links":{"self":[{"href":"https:\/\/www.balliuexport.com\/ca\/wp-json\/wp\/v2\/product\/13038","targetHints":{"allow":["GET"]}}],"collection":[{"href":"https:\/\/www.balliuexport.com\/ca\/wp-json\/wp\/v2\/product"}],"about":[{"href":"https:\/\/www.balliuexport.com\/ca\/wp-json\/wp\/v2\/types\/product"}],"wp:featuredmedia":[{"embeddable":true,"href":"https:\/\/www.balliuexport.com\/ca\/wp-json\/wp\/v2\/media\/70479"}],"wp:attachment":[{"href":"https:\/\/www.balliuexport.com\/ca\/wp-json\/wp\/v2\/media?parent=13038"}],"wp:term":[{"taxonomy":"product_brand","embeddable":true,"href":"https:\/\/www.balliuexport.com\/ca\/wp-json\/wp\/v2\/product_brand?post=13038"},{"taxonomy":"product_cat","embeddable":true,"href":"https:\/\/www.balliuexport.com\/ca\/wp-json\/wp\/v2\/product_cat?post=13038"},{"taxonomy":"product_tag","embeddable":true,"href":"https:\/\/www.balliuexport.com\/ca\/wp-json\/wp\/v2\/product_tag?post=13038"}],"curies":[{"name":"wp","href":"https:\/\/api.w.org\/{rel}","templated":true}]}}