{"id":13069,"date":"2023-12-21T12:40:36","date_gmt":"2023-12-21T11:40:36","guid":{"rendered":"https:\/\/balliuexport.com\/producto\/vera-l\/"},"modified":"2026-02-18T12:33:50","modified_gmt":"2026-02-18T11:33:50","slug":"sillo-de-resina-vera-l","status":"publish","type":"product","link":"https:\/\/www.balliuexport.com\/ca\/producte\/sillo-de-resina-vera-l\/","title":{"rendered":"Butaca Vera L"},"content":{"rendered":"<div class=\"ewa-rteLine\">Butaca per a hotels, terrasses, zones p\u00fabliques i \u00fas particular, fabricat amb resina de polipropil\u00e8, injectat amb gas i refor\u00e7at amb fibra de vidre. \u200b<\/div>\n<div class=\"ewa-rteLine\">Formulaci\u00f3 especial amb protecci\u00f3 UV per evitar el desgast al pas del temps.<\/div>\n<div>\u00das exterior i interior.<\/div>\n<div><\/div>\n","protected":false},"excerpt":{"rendered":"<p><strong><span style=\"color: #006eb7;\">Preu sense IVA incl\u00f2s<\/span><\/strong><\/p>\n<p>&nbsp;<\/p>\n<p>&nbsp;<\/p>\n","protected":false},"featured_media":13061,"template":"","meta":{"_acf_changed":false},"product_brand":[],"product_cat":[492,2822,2249],"product_tag":[],"class_list":{"0":"post-13069","1":"product","2":"type-product","3":"status-publish","4":"has-post-thumbnail","6":"product_cat-cadires","7":"product_cat-cadires-de-resina","8":"product_cat-mobiliari-de-piscina","10":"first","11":"instock","12":"taxable","13":"shipping-taxable","14":"purchasable","15":"product-type-variable"},"bundled_by":[],"bundle_stock_status":"instock","bundle_stock_quantity":null,"bundle_virtual":false,"bundle_layout":"","bundle_add_to_cart_form_location":"","bundle_editable_in_cart":false,"bundle_sold_individually_context":"","bundle_item_grouping":"","bundle_min_size":"","bundle_max_size":"","bundle_price":[],"bundled_items":[],"bundle_sell_ids":[],"acf":[],"_links":{"self":[{"href":"https:\/\/www.balliuexport.com\/ca\/wp-json\/wp\/v2\/product\/13069","targetHints":{"allow":["GET"]}}],"collection":[{"href":"https:\/\/www.balliuexport.com\/ca\/wp-json\/wp\/v2\/product"}],"about":[{"href":"https:\/\/www.balliuexport.com\/ca\/wp-json\/wp\/v2\/types\/product"}],"wp:featuredmedia":[{"embeddable":true,"href":"https:\/\/www.balliuexport.com\/ca\/wp-json\/wp\/v2\/media\/13061"}],"wp:attachment":[{"href":"https:\/\/www.balliuexport.com\/ca\/wp-json\/wp\/v2\/media?parent=13069"}],"wp:term":[{"taxonomy":"product_brand","embeddable":true,"href":"https:\/\/www.balliuexport.com\/ca\/wp-json\/wp\/v2\/product_brand?post=13069"},{"taxonomy":"product_cat","embeddable":true,"href":"https:\/\/www.balliuexport.com\/ca\/wp-json\/wp\/v2\/product_cat?post=13069"},{"taxonomy":"product_tag","embeddable":true,"href":"https:\/\/www.balliuexport.com\/ca\/wp-json\/wp\/v2\/product_tag?post=13069"}],"curies":[{"name":"wp","href":"https:\/\/api.w.org\/{rel}","templated":true}]}}