{"id":17521,"date":"2024-03-26T10:25:34","date_gmt":"2024-03-26T09:25:34","guid":{"rendered":"https:\/\/balliuexport.com\/producto\/weguard\/"},"modified":"2025-12-10T14:23:22","modified_gmt":"2025-12-10T13:23:22","slug":"caixa-de-seguretat-weguard-per-a-gandula","status":"publish","type":"product","link":"https:\/\/www.balliuexport.com\/ca\/producte\/caixa-de-seguretat-weguard-per-a-gandula\/","title":{"rendered":"Weguard"},"content":{"rendered":"<h2><span style=\"color: #006eb7;\"><strong>Presentem Weguard: Descobreixi la nostra gandula amb seguretat<\/strong><\/span><\/h2>\n<p><span style=\"color: #7a7a7a;\">Millori la seva experi\u00e8ncia en prendre el sol amb Weguard, la innovadora caixa forta integrada en la gandula. Acomiadi&#8217;s de preocupar-se per la seguretat dels seus objectes de valor mentre es banya en la piscina o a la platja. La nostra gandula amb taquilla li garanteix tranquil\u00b7litat en proporcionar-li una soluci\u00f3 d&#8217;emmagatzematge segur a l&#8217;abast de la m\u00e0.<\/span><\/p>\n<h3><span style=\"color: #006eb7;\"><strong>Gandula exterior amb elements de seguretat<\/strong><\/span><\/h3>\n<p><span style=\"color: #7a7a7a;\">Amb Weguard, podr\u00e0 relaxar-se sabent que les seves pertinences estan en lloc segur en la caixa de seguretat discretament integrada en la gandula. No haur\u00e0 de deixar els seus objectes de valor desatesos ni preocupar-se per robatoris mentre gaudeix de la platja o la piscina gr\u00e0cies a aquesta gandula amb caixa de seguretat integrada.<\/span><\/p>\n<h3><span style=\"color: #006eb7;\"><strong>Gandula d&#8217;hotel comercial amb caixa forta<\/strong><\/span><\/h3>\n<p><span style=\"color: #7a7a7a;\">La nostra gandula comercial per a hotels amb caixa forta ofereix tranquil\u00b7litat en proporcionar una soluci\u00f3 d&#8217;emmagatzematge segur directament integrada en la gandula. Augmenti el confort i la seguretat de les instal\u00b7lacions exteriors del seu hotel amb les nostres gandules de primera qualitat amb caixa forta integrada, garantint una estada memorable i sense preocupacions per als seus hostes.<\/span><\/p>\n<h3><span style=\"color: #006eb7;\"><strong>Gandula de piscina amb caixa forta<\/strong><\/span><\/h3>\n<p><span style=\"color: #7a7a7a;\">Experimenti la comoditat i seguretat de la nostra gandula amb taquilla. . Millori la seva experi\u00e8ncia al costat de la piscina o la platja amb la nostra gandula amb caixa forta.<\/span><\/p>\n<h3><span style=\"color: #006eb7;\"><strong>Gandula de platja amb caixa forta incorporada<\/strong><\/span><\/h3>\n<p><span style=\"color: #7a7a7a;\">Oblidi&#8217;s de preocupar-se per la seguretat de les seves pertinences mentre gaudeix del sol. La nostra caixa forta integrada en la gandula li ofereix tranquil\u00b7litat, proporcionant-li una soluci\u00f3 d&#8217;emmagatzematge segur just on la necessita. Tant si est\u00e0 prenent el sol com donant-se un refrescant capbuss\u00f3 en l&#8217;oce\u00e0, la nostra gandula de platja amb caixa forta integrada garanteix que els seus objectes de valor estiguin protegits, permetent-li submergir-se per complet en la seva experi\u00e8ncia playera sense preocupacions.<\/span><\/p>\n","protected":false},"excerpt":{"rendered":"<p><strong><span style=\"color: #006eb7;\">Preu sense IVA incl\u00f2s<\/span><\/strong><\/p>\n<p>&nbsp;<\/p>\n","protected":false},"featured_media":17481,"template":"","meta":{"_acf_changed":false},"product_brand":[],"product_cat":[627],"product_tag":[],"class_list":{"0":"post-17521","1":"product","2":"type-product","3":"status-publish","4":"has-post-thumbnail","6":"product_cat-complements-per-mobles-dexterior","8":"first","9":"instock","10":"taxable","11":"shipping-taxable","12":"purchasable","13":"product-type-variable"},"bundled_by":[],"bundle_stock_status":"instock","bundle_stock_quantity":null,"bundle_virtual":false,"bundle_layout":"","bundle_add_to_cart_form_location":"","bundle_editable_in_cart":false,"bundle_sold_individually_context":"","bundle_item_grouping":"","bundle_min_size":"","bundle_max_size":"","bundle_price":[],"bundled_items":[],"bundle_sell_ids":[],"acf":[],"_links":{"self":[{"href":"https:\/\/www.balliuexport.com\/ca\/wp-json\/wp\/v2\/product\/17521","targetHints":{"allow":["GET"]}}],"collection":[{"href":"https:\/\/www.balliuexport.com\/ca\/wp-json\/wp\/v2\/product"}],"about":[{"href":"https:\/\/www.balliuexport.com\/ca\/wp-json\/wp\/v2\/types\/product"}],"wp:featuredmedia":[{"embeddable":true,"href":"https:\/\/www.balliuexport.com\/ca\/wp-json\/wp\/v2\/media\/17481"}],"wp:attachment":[{"href":"https:\/\/www.balliuexport.com\/ca\/wp-json\/wp\/v2\/media?parent=17521"}],"wp:term":[{"taxonomy":"product_brand","embeddable":true,"href":"https:\/\/www.balliuexport.com\/ca\/wp-json\/wp\/v2\/product_brand?post=17521"},{"taxonomy":"product_cat","embeddable":true,"href":"https:\/\/www.balliuexport.com\/ca\/wp-json\/wp\/v2\/product_cat?post=17521"},{"taxonomy":"product_tag","embeddable":true,"href":"https:\/\/www.balliuexport.com\/ca\/wp-json\/wp\/v2\/product_tag?post=17521"}],"curies":[{"name":"wp","href":"https:\/\/api.w.org\/{rel}","templated":true}]}}