{"id":24438,"date":"2024-06-03T11:23:53","date_gmt":"2024-06-03T09:23:53","guid":{"rendered":"https:\/\/www.balliuexport.com\/producto\/recambio-tejido-mini-tumbona-cannes\/"},"modified":"2026-02-06T12:48:11","modified_gmt":"2026-02-06T11:48:11","slug":"recanvi-teixit-mini-gandula-cannes","status":"publish","type":"product","link":"https:\/\/www.balliuexport.com\/ca\/producte\/recanvi-teixit-mini-gandula-cannes\/","title":{"rendered":"Recanvi teixit mini gandula Cannes"},"content":{"rendered":"<p><span style=\"color: #000000;\"><span style=\"color: #7a7a7a;\">Recanvi de confecci\u00f3 per a la<\/span> <span style=\"color: #006eb7;\"><a style=\"color: #006eb7;\" href=\"https:\/\/www.balliuexport.com\/ca\/producte\/mini-gandula-plegable-cannes\/?v=12470fe406d4\" target=\"_blank\" rel=\"noopener\"><strong>mini gandula Cannes<\/strong><\/a><\/span><\/span><\/p>\n<p><span style=\"color: #7a7a7a;\">El recanvi no inclou coix\u00ed.<\/span><\/p>\n<p><span style=\"color: #7a7a7a;\">Teixit transpirable constru\u00eft amb doble trama i doble ordit, de gran densitat i propietats t\u00e8cniques. Ideal per a \u00fas professional exterior. No cont\u00e9 materials t\u00f2xics ni metalls pesants.<\/span><\/p>\n<p><span style=\"color: #7a7a7a;\">Nom\u00e9s compatible amb models originals de Balliu.<\/span><\/p>\n<ul>\n<li><span style=\"color: #7a7a7a;\">Els teixits de les gandules Balliu estan especialment dissenyats per resistir-ne un \u00fas prolongat i presentar una alta resist\u00e8ncia al desgast. Per mantenir un aspecte net i polit de les gandules, es recomana eliminar peri\u00f2dicament la brut\u00edcia, l&#8217;oli bronzejador i qualsevol producte s\u00f2lid que hagi quedat adherit al teixit. Tingueu en compte els factors seg\u00fcents:<\/span><\/li>\n<li><span style=\"color: #7a7a7a;\">La neteja regular de la gandula s&#8217;ha de fer amb un sistema d&#8217;aigua a pressi\u00f3.<\/span><\/li>\n<li><span style=\"color: #7a7a7a;\">En cas que presenti algun tipus de brut\u00edcia, s&#8217;ha d&#8217;eliminar com m\u00e9s aviat millor amb un raspall suau, ruixant per sobre de la tela una soluci\u00f3 composta per detergent suau dissolt en aigua. Aclariu b\u00e9 despr\u00e9s de la neteja.<\/span><br \/>\n<span style=\"color: #7a7a7a;\">No utilitzeu lleixiu ni cap tipus de dissolvent<\/span><\/li>\n<\/ul>\n","protected":false},"excerpt":{"rendered":"<p><strong><span style=\"color: #006eb7;\">Preu sense IVA incl\u00f2s<\/span><\/strong><\/p>\n","protected":false},"featured_media":59228,"template":"","meta":{"_acf_changed":false},"product_brand":[],"product_cat":[828,3557],"product_tag":[],"class_list":{"0":"post-24438","1":"product","2":"type-product","3":"status-publish","4":"has-post-thumbnail","6":"product_cat-recanvis","7":"product_cat-recanvis-teixit-gandula","9":"first","10":"instock","11":"taxable","12":"shipping-taxable","13":"purchasable","14":"product-type-variable"},"bundled_by":[],"bundle_stock_status":"instock","bundle_stock_quantity":null,"bundle_virtual":false,"bundle_layout":"","bundle_add_to_cart_form_location":"","bundle_editable_in_cart":false,"bundle_sold_individually_context":"","bundle_item_grouping":"","bundle_min_size":"","bundle_max_size":"","bundle_price":[],"bundled_items":[],"bundle_sell_ids":[],"acf":[],"_links":{"self":[{"href":"https:\/\/www.balliuexport.com\/ca\/wp-json\/wp\/v2\/product\/24438","targetHints":{"allow":["GET"]}}],"collection":[{"href":"https:\/\/www.balliuexport.com\/ca\/wp-json\/wp\/v2\/product"}],"about":[{"href":"https:\/\/www.balliuexport.com\/ca\/wp-json\/wp\/v2\/types\/product"}],"wp:featuredmedia":[{"embeddable":true,"href":"https:\/\/www.balliuexport.com\/ca\/wp-json\/wp\/v2\/media\/59228"}],"wp:attachment":[{"href":"https:\/\/www.balliuexport.com\/ca\/wp-json\/wp\/v2\/media?parent=24438"}],"wp:term":[{"taxonomy":"product_brand","embeddable":true,"href":"https:\/\/www.balliuexport.com\/ca\/wp-json\/wp\/v2\/product_brand?post=24438"},{"taxonomy":"product_cat","embeddable":true,"href":"https:\/\/www.balliuexport.com\/ca\/wp-json\/wp\/v2\/product_cat?post=24438"},{"taxonomy":"product_tag","embeddable":true,"href":"https:\/\/www.balliuexport.com\/ca\/wp-json\/wp\/v2\/product_tag?post=24438"}],"curies":[{"name":"wp","href":"https:\/\/api.w.org\/{rel}","templated":true}]}}