{"id":24578,"date":"2024-06-03T12:22:07","date_gmt":"2024-06-03T10:22:07","guid":{"rendered":"https:\/\/www.balliuexport.com\/producto\/recambio-tejido-sofa-olimpia\/"},"modified":"2026-04-27T14:55:27","modified_gmt":"2026-04-27T12:55:27","slug":"recanvi-teixit-sofa-olimpia","status":"publish","type":"product","link":"https:\/\/www.balliuexport.com\/ca\/producte\/recanvi-teixit-sofa-olimpia\/","title":{"rendered":"Coix\u00ed sof\u00e0 Olimpia"},"content":{"rendered":"<p><span style=\"color: #7a7a7a;\">Recanvi de coix\u00ed per al model de <\/span><span style=\"color: #006eb7;\"><a style=\"color: #006eb7;\" href=\"https:\/\/www.balliuexport.com\/?s=sof%C3%A1+olimpia&post_type=product\" target=\"_blank\" rel=\"noopener\"><strong>sof\u00e0 Olimpia<\/strong><\/a>, <span style=\"color: #7a7a7a;\">el recanvi inclou el teixit<\/span> <strong>Balliu<\/strong><span style=\"color: #7a7a7a;\"> i l\u2019 escuma interior<\/span><strong> Dry Feel<\/strong>.<\/span><\/p>\n<p><span style=\"color: #7a7a7a;\">El nostre teixit transpirable constru\u00eft amb doble trama i doble ordit, caracteritzat per la seva gran densitat i excel\u00b7lents propietats t\u00e8cniques. \u00c9s ideal per a un \u00fas intensiu en exteriors, especialment en entorns professionals, no cont\u00e9 materials t\u00f2xics ni metalls pesants, a m\u00e9s, l\u2019escuma interior <span style=\"color: #006eb7;\"><strong>Dry Feel <\/strong><\/span>proporciona una r\u00e0pida evacuaci\u00f3 de l\u2019aigua, prevenint l\u2019acumulaci\u00f3 d\u2019humitat i garantint un assecat r\u00e0pid i eficient. <\/span><\/p>\n<p><span style=\"color: #7a7a7a;\">Nom\u00e9s compatible amb els models originals<\/span> <strong><span style=\"color: #006eb7;\">Balliu, <\/span><\/strong><span style=\"color: #7a7a7a;\">el recanvi serveix per a les 3 versions del sof\u00e0 Ol\u00edmpia.<\/span><\/p>\n<ul>\n<li><span style=\"color: #7a7a7a;\">Els teixits<\/span> <span style=\"color: #006eb7;\"><strong>Balliu<\/strong><\/span> <span style=\"color: #7a7a7a;\">estan especialment concebuts per resistir-ne un \u00fas prolongat i presentar una alta resist\u00e8ncia al desgast. Per mantenir un aspecte net i endre\u00e7at del sof\u00e0, es <\/span> <span style=\"color: #7a7a7a;\">recomana eliminar peri\u00f2dicament la brut\u00edcia, l\u2019oli bronzejador i qualsevol producte s\u00f2lid que hagi quedat adherit al teixit. Tingueu en compte els factors seg\u00fcents:<\/span><\/li>\n<li><span style=\"color: #7a7a7a;\">La neteja regular s\u2019ha de fer amb un sistema d\u2019aigua a pressi\u00f3.<\/span><\/li>\n<li><span style=\"color: #7a7a7a;\">En cas que presenti algun tipus de brut\u00edcia, s\u2019ha d\u2019eliminar com m\u00e9s aviat millor amb un raspall suau, ruixant per sobre de la tela una soluci\u00f3 composta per detergent suau dissolt en aigua. Aclariu b\u00e9 despr\u00e9s de la neteja.<\/span><br \/>\n<span style=\"color: #7a7a7a;\">No utilitzeu lleixiu ni cap tipus de dissolvent.<\/span><\/li>\n<\/ul>\n","protected":false},"excerpt":{"rendered":"<p><strong><span style=\"color: #006eb7;\">Preu sense IVA incl\u00f2s<\/span><\/strong><\/p>\n","protected":false},"featured_media":72955,"template":"","meta":{"_acf_changed":false},"product_brand":[],"product_cat":[3558,828],"product_tag":[],"class_list":{"0":"post-24578","1":"product","2":"type-product","3":"status-publish","4":"has-post-thumbnail","6":"product_cat-recanvi-teixit-sofa","7":"product_cat-recanvis","9":"first","10":"instock","11":"taxable","12":"shipping-taxable","13":"purchasable","14":"product-type-variable"},"bundled_by":[],"bundle_stock_status":"instock","bundle_stock_quantity":null,"bundle_virtual":false,"bundle_layout":"","bundle_add_to_cart_form_location":"","bundle_editable_in_cart":false,"bundle_sold_individually_context":"","bundle_item_grouping":"","bundle_min_size":"","bundle_max_size":"","bundle_price":[],"bundled_items":[],"bundle_sell_ids":[],"acf":[],"_links":{"self":[{"href":"https:\/\/www.balliuexport.com\/ca\/wp-json\/wp\/v2\/product\/24578","targetHints":{"allow":["GET"]}}],"collection":[{"href":"https:\/\/www.balliuexport.com\/ca\/wp-json\/wp\/v2\/product"}],"about":[{"href":"https:\/\/www.balliuexport.com\/ca\/wp-json\/wp\/v2\/types\/product"}],"wp:featuredmedia":[{"embeddable":true,"href":"https:\/\/www.balliuexport.com\/ca\/wp-json\/wp\/v2\/media\/72955"}],"wp:attachment":[{"href":"https:\/\/www.balliuexport.com\/ca\/wp-json\/wp\/v2\/media?parent=24578"}],"wp:term":[{"taxonomy":"product_brand","embeddable":true,"href":"https:\/\/www.balliuexport.com\/ca\/wp-json\/wp\/v2\/product_brand?post=24578"},{"taxonomy":"product_cat","embeddable":true,"href":"https:\/\/www.balliuexport.com\/ca\/wp-json\/wp\/v2\/product_cat?post=24578"},{"taxonomy":"product_tag","embeddable":true,"href":"https:\/\/www.balliuexport.com\/ca\/wp-json\/wp\/v2\/product_tag?post=24578"}],"curies":[{"name":"wp","href":"https:\/\/api.w.org\/{rel}","templated":true}]}}