{"id":24943,"date":"2024-06-05T15:19:27","date_gmt":"2024-06-05T13:19:27","guid":{"rendered":"https:\/\/www.balliuexport.com\/?post_type=product&#038;p=24943"},"modified":"2025-12-02T13:18:23","modified_gmt":"2025-12-02T12:18:23","slug":"pack-cadires-mila","status":"publish","type":"product","link":"https:\/\/www.balliuexport.com\/ca\/producte\/pack-cadires-mila\/","title":{"rendered":"Pack 2 cadires Mila"},"content":{"rendered":"<p>Gaudeix d\u00b4aquest pack de 2 cadires Mila, la nostra cadira apilable fabricada amb un perfil d\u00b4alumini. La cobertura cont\u00e9 pintura en pols formulada amb resines de poli\u00e8ster que presenta una excel\u00b7lent resist\u00e8ncia a la intemp\u00e8rie i m\u00e0xima solidesa a la llum. Teixit transpirable constru\u00eft amb doble trama i doble ordit. Alta resist\u00e8ncia a la descoloraci\u00f3 pels raigs UV.<\/p>\n","protected":false},"excerpt":{"rendered":"<p><strong><span style=\"color: #006eb7;\">Preu sense IVA incl\u00f2s<\/span><\/strong><\/p>\n","protected":false},"featured_media":10635,"template":"","meta":{"_acf_changed":false},"product_brand":[],"product_cat":[492,2225,486],"product_tag":[],"class_list":{"0":"post-24943","1":"product","2":"type-product","3":"status-publish","4":"has-post-thumbnail","6":"product_cat-cadires","7":"product_cat-cadires-exteriors-per-restaurants","8":"product_cat-ofertes-de-mobles-dexterior","10":"first","11":"instock","12":"sale","13":"taxable","14":"shipping-taxable","15":"purchasable","16":"product-type-bundle"},"bundled_by":[],"bundle_stock_status":"instock","bundle_stock_quantity":100,"bundle_virtual":false,"bundle_layout":"default","bundle_add_to_cart_form_location":"default","bundle_editable_in_cart":false,"bundle_sold_individually_context":"product","bundle_item_grouping":"parent","bundle_min_size":"","bundle_max_size":"","bundle_price":{"price":{"min":{"incl_tax":"188.18","excl_tax":"155.52"},"max":{"incl_tax":"188.18","excl_tax":"155.52"}},"regular_price":{"min":{"incl_tax":"212.38","excl_tax":"175.52"},"max":{"incl_tax":"212.38","excl_tax":"175.52"}}},"bundled_items":[{"bundled_item_id":96,"product_id":6087,"menu_order":0,"quantity_min":1,"quantity_max":"","quantity_default":1,"priced_individually":false,"shipped_individually":false,"override_title":false,"title":"Cadira Mila","override_description":false,"description":"Cadira Mila","optional":false,"hide_thumbnail":false,"discount":"","override_variations":false,"allowed_variations":[""],"override_default_variation_attributes":false,"default_variation_attributes":[],"single_product_visibility":"visible","cart_visibility":"visible","order_visibility":"visible","single_product_price_visibility":"visible","cart_price_visibility":"visible","order_price_visibility":"visible","stock_status":"in_stock"},{"bundled_item_id":97,"product_id":6087,"menu_order":0,"quantity_min":1,"quantity_max":"","quantity_default":1,"priced_individually":false,"shipped_individually":false,"override_title":false,"title":"Cadira Mila","override_description":false,"description":"Cadira Mila","optional":false,"hide_thumbnail":false,"discount":"","override_variations":false,"allowed_variations":[""],"override_default_variation_attributes":false,"default_variation_attributes":[],"single_product_visibility":"visible","cart_visibility":"visible","order_visibility":"visible","single_product_price_visibility":"visible","cart_price_visibility":"visible","order_price_visibility":"visible","stock_status":"in_stock"}],"bundle_sell_ids":[],"acf":[],"_links":{"self":[{"href":"https:\/\/www.balliuexport.com\/ca\/wp-json\/wp\/v2\/product\/24943","targetHints":{"allow":["GET"]}}],"collection":[{"href":"https:\/\/www.balliuexport.com\/ca\/wp-json\/wp\/v2\/product"}],"about":[{"href":"https:\/\/www.balliuexport.com\/ca\/wp-json\/wp\/v2\/types\/product"}],"wp:featuredmedia":[{"embeddable":true,"href":"https:\/\/www.balliuexport.com\/ca\/wp-json\/wp\/v2\/media\/10635"}],"wp:attachment":[{"href":"https:\/\/www.balliuexport.com\/ca\/wp-json\/wp\/v2\/media?parent=24943"}],"wp:term":[{"taxonomy":"product_brand","embeddable":true,"href":"https:\/\/www.balliuexport.com\/ca\/wp-json\/wp\/v2\/product_brand?post=24943"},{"taxonomy":"product_cat","embeddable":true,"href":"https:\/\/www.balliuexport.com\/ca\/wp-json\/wp\/v2\/product_cat?post=24943"},{"taxonomy":"product_tag","embeddable":true,"href":"https:\/\/www.balliuexport.com\/ca\/wp-json\/wp\/v2\/product_tag?post=24943"}],"curies":[{"name":"wp","href":"https:\/\/api.w.org\/{rel}","templated":true}]}}