{"id":24981,"date":"2024-06-07T09:43:09","date_gmt":"2024-06-07T07:43:09","guid":{"rendered":"https:\/\/www.balliuexport.com\/?post_type=product&#038;p=24981"},"modified":"2025-11-26T14:13:09","modified_gmt":"2025-11-26T13:13:09","slug":"taula-selva","status":"publish","type":"product","link":"https:\/\/www.balliuexport.com\/ca\/producte\/taula-selva\/","title":{"rendered":"Taula Selva"},"content":{"rendered":"<div class=\"flex-shrink-0 flex flex-col relative items-end\">\n<div>\n<div class=\"pt-0.5 juice:pt-0\">\n<div class=\"gizmo-bot-avatar flex h-6 w-6 items-center justify-center overflow-hidden rounded-full juice:h-8 juice:w-8\">\n<div class=\"relative p-1 rounded-sm flex items-center justify-center bg-token-main-surface-primary text-token-text-primary h-8 w-8\"><span style=\"font-size: inherit;\"><span style=\"color: #7a7a7a;\">La<\/span><\/span> <span style=\"color: #006eb7;\"><strong style=\"font-size: inherit;\">taula Selva<\/strong><\/span><span style=\"font-size: inherit; color: #7a7a7a;\"> ha estat meticulosament dissenyada i fabricada utilitzant resines de polipropil\u00e8 d&#8217;alta qualitat, refor\u00e7ades amb c\u00e0rrega mineral i una formulaci\u00f3 especial amb tractament antiraigs UV. Aquest material no nom\u00e9s garanteix durabilitat i resist\u00e8ncia, sin\u00f3 que tamb\u00e9 protegeix la taula contra els efectes nocius del sol, assegurant que el seu color i estructura es mantinguin intactes durant molt de temps, fins i tot a exteriors.<\/span><\/div>\n<\/div>\n<\/div>\n<\/div>\n<\/div>\n<div class=\"group\/conversation-turn relative flex w-full min-w-0 flex-col agent-turn\">\n<div class=\"flex-col gap-1 md:gap-3\">\n<div class=\"flex flex-grow flex-col max-w-full\">\n<div class=\"min-h-[20px] text-message flex flex-col items-start whitespace-pre-wrap break-words [.text-message+&amp;]:mt-5 juice:w-full juice:items-end overflow-x-auto gap-2\" dir=\"auto\" data-message-author-role=\"assistant\" data-message-id=\"473f3f40-12c8-4c6c-b301-99ccfda50096\">\n<div class=\"flex w-full flex-col gap-1 juice:empty:hidden juice:first:pt-[3px]\">\n<div class=\"markdown prose w-full break-words dark:prose-invert light\">\n<p><span style=\"color: #7a7a7a;\">Els cargols de la taula Selva estan fabricats amb acer inoxidable AISI 304, conegut per la seva excel\u00b7lent resist\u00e8ncia a la corrosi\u00f3, especialment en ambients marins. Aix\u00f2 fa que la taula sigui una opci\u00f3 ideal per a ubicacions properes a la costa, on lexposici\u00f3 a la sal i la humitat pot ser un problema per a altres materials.<\/span><\/p>\n<p><span style=\"color: #7a7a7a;\">A m\u00e9s, la taula inclou una varietat d&#8217;accessoris pr\u00e0ctics, com ara taps, tacs i reguladors, tots ells fets de resina de polipropil\u00e8 resistent als raigs UV. El tauler de la taula \u00e9s de werzalit de 16 mm de gruix, un material robust i durador que ofereix una superf\u00edcie resistent i f\u00e0cil de netejar.<\/span><\/p>\n<p><span style=\"color: #7a7a7a;\">Una de les caracter\u00edstiques destacades de la taula Selva \u00e9s la seva capacitat de ser apilable, cosa que permet reduir significativament l&#8217;espai d&#8217;emmagatzematge. Aquesta funcionalitat \u00e9s especialment \u00fatil per a hotels, restaurants i altres establiments que necessitin emmagatzemar m\u00faltiples taules de manera eficient. La combinaci\u00f3 de materials d&#8217;alta qualitat i disseny pr\u00e0ctic fan de la taula Selva una opci\u00f3 excel\u00b7lent per a qualsevol entorn exterior.<\/span><\/p>\n<\/div>\n<\/div>\n<\/div>\n<\/div>\n<\/div>\n<\/div>\n","protected":false},"excerpt":{"rendered":"<p><strong><span style=\"color: #006eb7;\">Preu sense IVA incl\u00f2s<\/span><\/strong><\/p>\n","protected":false},"featured_media":24990,"template":"","meta":{"_acf_changed":false},"product_brand":[],"product_cat":[2709,469,3251],"product_tag":[],"class_list":{"0":"post-24981","1":"product","2":"type-product","3":"status-publish","4":"has-post-thumbnail","6":"product_cat-mobiliari-per-a-parcs-aquatics","7":"product_cat-taules-per-a-exterior","8":"product_cat-taules-de-resina","10":"first","11":"instock","12":"taxable","13":"shipping-taxable","14":"purchasable","15":"product-type-variable"},"bundled_by":[],"bundle_stock_status":"instock","bundle_stock_quantity":null,"bundle_virtual":false,"bundle_layout":"","bundle_add_to_cart_form_location":"","bundle_editable_in_cart":false,"bundle_sold_individually_context":"","bundle_item_grouping":"","bundle_min_size":"","bundle_max_size":"","bundle_price":[],"bundled_items":[],"bundle_sell_ids":[],"acf":[],"_links":{"self":[{"href":"https:\/\/www.balliuexport.com\/ca\/wp-json\/wp\/v2\/product\/24981","targetHints":{"allow":["GET"]}}],"collection":[{"href":"https:\/\/www.balliuexport.com\/ca\/wp-json\/wp\/v2\/product"}],"about":[{"href":"https:\/\/www.balliuexport.com\/ca\/wp-json\/wp\/v2\/types\/product"}],"wp:featuredmedia":[{"embeddable":true,"href":"https:\/\/www.balliuexport.com\/ca\/wp-json\/wp\/v2\/media\/24990"}],"wp:attachment":[{"href":"https:\/\/www.balliuexport.com\/ca\/wp-json\/wp\/v2\/media?parent=24981"}],"wp:term":[{"taxonomy":"product_brand","embeddable":true,"href":"https:\/\/www.balliuexport.com\/ca\/wp-json\/wp\/v2\/product_brand?post=24981"},{"taxonomy":"product_cat","embeddable":true,"href":"https:\/\/www.balliuexport.com\/ca\/wp-json\/wp\/v2\/product_cat?post=24981"},{"taxonomy":"product_tag","embeddable":true,"href":"https:\/\/www.balliuexport.com\/ca\/wp-json\/wp\/v2\/product_tag?post=24981"}],"curies":[{"name":"wp","href":"https:\/\/api.w.org\/{rel}","templated":true}]}}