{"id":39604,"date":"2024-08-13T12:36:04","date_gmt":"2024-08-13T10:36:04","guid":{"rendered":"https:\/\/www.balliuexport.com\/producto\/etna-mesa-central\/"},"modified":"2026-02-12T13:57:50","modified_gmt":"2026-02-12T12:57:50","slug":"etna-taula-central","status":"publish","type":"product","link":"https:\/\/www.balliuexport.com\/ca\/producte\/etna-taula-central\/","title":{"rendered":"Taula central Etna"},"content":{"rendered":"<p><iframe style=\"width: 1000px; height: 440px; overflow: hidden; border-radius: 8px;\" src=\"https:\/\/viewer.ienhance.co\/v\/app\/6ecbb51e-405c-464f-8673-b0bb1f1f8f22\" frameborder=\"0\" allowfullscreen=\"allowfullscreen\"><span data-mce-type=\"bookmark\" style=\"display: inline-block; width: 0px; overflow: hidden; line-height: 0;\" class=\"mce_SELRES_start\"><\/span><span data-mce-type=\"bookmark\" style=\"display: inline-block; width: 0px; overflow: hidden; line-height: 0;\" class=\"mce_SELRES_start\"><\/span> <\/iframe><\/p>\n<p style=\"font-size: 16px; line-height: 1.5; font-family: Gilroy,Arial,sans-serif; margin: 5px 0; text-align: justify;\"><span style=\"color: #006eb7;\"><span style=\"color: #7a7a7a;\">La<\/span> <strong>taula central Etna<\/strong><span style=\"color: #7a7a7a;\"> redefineix la funcionalitat i l&#8217;estil en mobiliari exterior. Fabricada amb una estructura lleugera de tub d\u02bbalumini endurit, combina resist\u00e8ncia i durabilitat amb un disseny elegant i modern. Dissenyada com el complement perfecte per a la gandula Etna, aquesta taula no nom\u00e9s \u00e9s pr\u00e0ctica, sin\u00f3 que tamb\u00e9 aporta un toc sofisticat a qualsevol espai exterior.  <\/span><\/span><\/p>\n<p style=\"font-size: 16px; line-height: 1.5; font-family: Gilroy,Arial,sans-serif; margin: 5px 0; text-align: justify;\"><span style=\"color: #7a7a7a;\">Disponible en una \u00e0mplia gamma de colors i amb opcions de taulers HPL d\u00b4alta qualitat, s\u00b4adapta a diferents gustos i necessitats, oferint un acabat resistent a la intemp\u00e8rie i f\u00e0cil de mantenir. Ideal per a jardins, terrasses i piscines, \u00e9s l&#8217;elecci\u00f3 perfecta per gaudir de l&#8217;exterior amb estil. <\/span><\/p>\n","protected":false},"excerpt":{"rendered":"<p><strong><span style=\"color: #006eb7;\">Preu sense IVA incl\u00f2s<\/span><\/strong><\/p>\n","protected":false},"featured_media":70399,"template":"","meta":{"_acf_changed":false},"product_brand":[],"product_cat":[469,3075],"product_tag":[],"class_list":{"0":"post-39604","1":"product","2":"type-product","3":"status-publish","4":"has-post-thumbnail","6":"product_cat-taules-per-a-exterior","7":"product_cat-taules-auxiliars","9":"first","10":"instock","11":"taxable","12":"shipping-taxable","13":"purchasable","14":"product-type-variable"},"bundled_by":["42218","42270"],"bundle_stock_status":"instock","bundle_stock_quantity":null,"bundle_virtual":false,"bundle_layout":"","bundle_add_to_cart_form_location":"","bundle_editable_in_cart":false,"bundle_sold_individually_context":"","bundle_item_grouping":"","bundle_min_size":"","bundle_max_size":"","bundle_price":[],"bundled_items":[],"bundle_sell_ids":[],"acf":[],"_links":{"self":[{"href":"https:\/\/www.balliuexport.com\/ca\/wp-json\/wp\/v2\/product\/39604","targetHints":{"allow":["GET"]}}],"collection":[{"href":"https:\/\/www.balliuexport.com\/ca\/wp-json\/wp\/v2\/product"}],"about":[{"href":"https:\/\/www.balliuexport.com\/ca\/wp-json\/wp\/v2\/types\/product"}],"wp:featuredmedia":[{"embeddable":true,"href":"https:\/\/www.balliuexport.com\/ca\/wp-json\/wp\/v2\/media\/70399"}],"wp:attachment":[{"href":"https:\/\/www.balliuexport.com\/ca\/wp-json\/wp\/v2\/media?parent=39604"}],"wp:term":[{"taxonomy":"product_brand","embeddable":true,"href":"https:\/\/www.balliuexport.com\/ca\/wp-json\/wp\/v2\/product_brand?post=39604"},{"taxonomy":"product_cat","embeddable":true,"href":"https:\/\/www.balliuexport.com\/ca\/wp-json\/wp\/v2\/product_cat?post=39604"},{"taxonomy":"product_tag","embeddable":true,"href":"https:\/\/www.balliuexport.com\/ca\/wp-json\/wp\/v2\/product_tag?post=39604"}],"curies":[{"name":"wp","href":"https:\/\/api.w.org\/{rel}","templated":true}]}}