{"id":41480,"date":"2024-09-04T13:04:17","date_gmt":"2024-09-04T11:04:17","guid":{"rendered":"https:\/\/www.balliuexport.com\/producto\/set-jardi\/"},"modified":"2025-01-14T15:26:21","modified_gmt":"2025-01-14T14:26:21","slug":"set-jardi","status":"publish","type":"product","link":"https:\/\/www.balliuexport.com\/ca\/producte\/set-jardi\/","title":{"rendered":"Set jard\u00ed"},"content":{"rendered":"<p><span style=\"color: #006eb7;\">El set de terrassa i jard\u00ed combina estil i durabilitat, perfecte per a exteriors. Inclou una elegant <strong><a style=\"color: #006eb7;\" href=\"https:\/\/www.balliuexport.com\/ca\/producto\/nora-2\/\">taula Nora<\/a><\/strong> de 70 cm de di\u00e0metre, fabricada amb un resistent xass\u00eds d\u00b4alumini endurit, base d\u00b4acer i un sobre de xapa d\u00b4alumini, tot recobert amb una pintura en pols de resines de poli\u00e8ster, que ofereix m\u00e0xima resist\u00e8ncia a la intemp\u00e8rie i excel\u00b7lent solidesa a la llum. <\/span><\/p>\n<p><span style=\"color: #006eb7;\">Acompanyen al conjunt dues <strong><a style=\"color: #006eb7;\" href=\"https:\/\/www.balliuexport.com\/ca\/producte\/bruna\/\">cadires Bruna<\/a><\/strong>, apilables i fabricades en polipropil\u00e8 injectat amb gas, refor\u00e7ades amb fibra de vidre per a m\u00e9s resist\u00e8ncia. El seu disseny inclou un tractament anti raigs UV, garantint una major durabilitat i protecci\u00f3. <\/span><\/p>\n<p><span style=\"color: #000000;\"><span style=\"color: #006eb7;\">Aquest set \u00e9s l&#8217;opci\u00f3 ideal per als que busquen comoditat, estil i funcionalitat a la terrassa o al jard\u00ed.<\/span><\/span><\/p>\n","protected":false},"excerpt":{"rendered":"<p>1u. <strong><span style=\"color: #006eb7;\"><a style=\"color: #006eb7;\" href=\"https:\/\/www.balliuexport.com\/ca\/producte\/taula-de-alumini-nora\/\">taula Nora<\/a><\/span><\/strong> de 70 cm + 2u. <a href=\"https:\/\/www.balliuexport.com\/ca\/producte\/bruna\/\"><strong><span style=\"color: #006eb7;\">cadires Bruna<\/span><\/strong><\/a><\/p>\n<p><span style=\"color: #006eb7;\"><strong>Preu sense IVA incl\u00f2s <\/strong><\/span><\/p>\n","protected":false},"featured_media":42465,"template":"","meta":{"_acf_changed":false},"product_brand":[],"product_cat":[475,486],"product_tag":[],"class_list":{"0":"post-41480","1":"product","2":"type-product","3":"status-publish","4":"has-post-thumbnail","6":"product_cat-conjunts-mobles-per-a-exterior","7":"product_cat-ofertes-de-mobles-dexterior","9":"first","10":"instock","11":"sale","12":"taxable","13":"shipping-taxable","14":"purchasable","15":"product-type-bundle"},"bundled_by":[],"bundle_stock_status":"instock","bundle_stock_quantity":"","bundle_virtual":false,"bundle_layout":"default","bundle_add_to_cart_form_location":"default","bundle_editable_in_cart":false,"bundle_sold_individually_context":"product","bundle_item_grouping":"parent","bundle_min_size":"","bundle_max_size":"","bundle_price":{"price":{"min":{"incl_tax":"347.44","excl_tax":"287.14"},"max":{"incl_tax":"347.44","excl_tax":"287.14"}},"regular_price":{"min":{"incl_tax":"365.72","excl_tax":"302.25"},"max":{"incl_tax":"365.72","excl_tax":"302.25"}}},"bundled_items":[{"bundled_item_id":105,"product_id":6117,"menu_order":0,"quantity_min":2,"quantity_max":2,"quantity_default":2,"priced_individually":true,"shipped_individually":false,"override_title":false,"title":"Cadira Bruna","override_description":true,"description":"Cadira Bruna","optional":false,"hide_thumbnail":false,"discount":"5","override_variations":false,"allowed_variations":[""],"override_default_variation_attributes":false,"default_variation_attributes":[],"single_product_visibility":"visible","cart_visibility":"visible","order_visibility":"visible","single_product_price_visibility":"visible","cart_price_visibility":"visible","order_price_visibility":"visible","stock_status":"in_stock"},{"bundled_item_id":107,"product_id":5849,"menu_order":2,"quantity_min":1,"quantity_max":1,"quantity_default":1,"priced_individually":true,"shipped_individually":false,"override_title":false,"title":"Taula Nora","override_description":true,"description":"Taula Nora","optional":false,"hide_thumbnail":false,"discount":"5","override_variations":false,"allowed_variations":[""],"override_default_variation_attributes":false,"default_variation_attributes":[],"single_product_visibility":"visible","cart_visibility":"visible","order_visibility":"visible","single_product_price_visibility":"visible","cart_price_visibility":"visible","order_price_visibility":"visible","stock_status":"in_stock"}],"bundle_sell_ids":[],"acf":[],"_links":{"self":[{"href":"https:\/\/www.balliuexport.com\/ca\/wp-json\/wp\/v2\/product\/41480","targetHints":{"allow":["GET"]}}],"collection":[{"href":"https:\/\/www.balliuexport.com\/ca\/wp-json\/wp\/v2\/product"}],"about":[{"href":"https:\/\/www.balliuexport.com\/ca\/wp-json\/wp\/v2\/types\/product"}],"wp:featuredmedia":[{"embeddable":true,"href":"https:\/\/www.balliuexport.com\/ca\/wp-json\/wp\/v2\/media\/42465"}],"wp:attachment":[{"href":"https:\/\/www.balliuexport.com\/ca\/wp-json\/wp\/v2\/media?parent=41480"}],"wp:term":[{"taxonomy":"product_brand","embeddable":true,"href":"https:\/\/www.balliuexport.com\/ca\/wp-json\/wp\/v2\/product_brand?post=41480"},{"taxonomy":"product_cat","embeddable":true,"href":"https:\/\/www.balliuexport.com\/ca\/wp-json\/wp\/v2\/product_cat?post=41480"},{"taxonomy":"product_tag","embeddable":true,"href":"https:\/\/www.balliuexport.com\/ca\/wp-json\/wp\/v2\/product_tag?post=41480"}],"curies":[{"name":"wp","href":"https:\/\/api.w.org\/{rel}","templated":true}]}}