{"id":42218,"date":"2024-09-23T09:36:10","date_gmt":"2024-09-23T07:36:10","guid":{"rendered":"https:\/\/www.balliuexport.com\/producto\/conjunt-etna\/"},"modified":"2026-02-04T15:12:30","modified_gmt":"2026-02-04T14:12:30","slug":"conjunt-per-exterior-etna","status":"publish","type":"product","link":"https:\/\/www.balliuexport.com\/ca\/producte\/conjunt-per-exterior-etna\/","title":{"rendered":"Conjunt Etna ( Sof\u00e0 Doble)"},"content":{"rendered":"<p><span style=\"color: #006eb7;\"><span style=\"color: #7a7a7a;\">Transforma el teu espai exterior a un oasi de sofisticaci\u00f3 amb l&#8217;exclusiu<\/span> <strong>conjunt Etna<\/strong>. <span style=\"color: #7a7a7a;\">Aquest set inclou una elegant<\/span> <a style=\"color: #006eb7;\" href=\"https:\/\/www.balliuexport.com\/ca\/producte\/etna-taula-central\/\">taula central Etna<\/a>, <span style=\"color: #7a7a7a;\">un espai\u00f3s<\/span> <a style=\"color: #006eb7;\" href=\"https:\/\/www.balliuexport.com\/producto\/etna-sofa-doble\/\">sof\u00e0 doble Etna<\/a>,<span style=\"color: #7a7a7a;\"> i dos acollidors<\/span><a style=\"color: #006eb7;\" href=\"https:\/\/www.balliuexport.com\/producto\/etna-sofa-individual\/\"> sof\u00e0s Etna individuals<\/a>,<span style=\"color: #7a7a7a;\"> tots dissenyats per oferir estil, confort i durabilitat.<\/span><\/span><\/p>\n<p><span style=\"color: #006eb7;\"><span style=\"color: #7a7a7a;\">La<\/span><strong> taula central Etna<\/strong> <span style=\"color: #7a7a7a;\">es distingeix per la seva lleugeresa i versatilitat, fabricada amb una resistent estructura d&#8217;alumini endurit i disponible en diversos colors i taulers HPL, que afegeixen un toc modern i refinat a qualsevol ambient exterior.<\/span><\/span><\/p>\n<p><span style=\"color: #006eb7;\"><span style=\"color: #7a7a7a;\">Els<\/span> <strong>sof\u00e0s<\/strong> <strong>Etna<\/strong>,<span style=\"color: #7a7a7a;\"> tant el doble com els individuals estan fets per resistir les inclem\u00e8ncies del temps, amb una estructura d&#8217;alumini robusta i un interior d&#8217;escuma d&#8217;alta densitat cobert amb teixit acr\u00edlic, dissenyat per oferir una comoditat excepcional. A m\u00e9s, podeu personalitzar els sof\u00e0s amb una \u00e0mplia varietat d&#8217;opcions de teixit per adaptar-los al vostre estil \u00fanic. <\/span><\/span><\/p>\n<p><span style=\"color: #006eb7;\"><span style=\"color: #7a7a7a;\">Aquest conjunt combina disseny contemporani i funcionalitat, perfecte per crear un ambient relaxat i sofisticat a la terrassa, jard\u00ed o pati. Fes del <\/span> <strong>conjunt Etna<\/strong> <span style=\"color: #7a7a7a;\">el cor de les reunions a l&#8217;aire lliure i gaudeix de cada moment amb estil!<\/span><\/span><\/p>\n<p>&nbsp;<\/p>\n","protected":false},"excerpt":{"rendered":"<p>Transforma el teu espai exterior a un oasi de sofisticaci\u00f3 amb l&#8217;exclusiu conjunt Etna. Aquest set inclou una elegant taula central Etna, un espai\u00f3s sof\u00e0 doble Etna, i dos acollidors sof\u00e0s Etna individuals, tots dissenyats per oferir estil, confort i durabilitat. La taula central Etna es distingeix per la seva lleugeresa i versatilitat, fabricada amb una resistent estructura d&#8217;alumini endurit\u2026<\/p>\n","protected":false},"featured_media":68971,"template":"","meta":{"_acf_changed":false},"product_brand":[],"product_cat":[475,486],"product_tag":[],"class_list":{"0":"post-42218","1":"product","2":"type-product","3":"status-publish","4":"has-post-thumbnail","6":"product_cat-conjunts-mobles-per-a-exterior","7":"product_cat-ofertes-de-mobles-dexterior","9":"first","10":"instock","11":"sale","12":"taxable","13":"shipping-taxable","14":"purchasable","15":"product-type-bundle"},"bundled_by":[],"bundle_stock_status":"instock","bundle_stock_quantity":"","bundle_virtual":false,"bundle_layout":"default","bundle_add_to_cart_form_location":"default","bundle_editable_in_cart":false,"bundle_sold_individually_context":"product","bundle_item_grouping":"parent","bundle_min_size":"","bundle_max_size":"","bundle_price":{"price":{"min":{"incl_tax":"2724.48","excl_tax":"2251.63"},"max":{"incl_tax":"","excl_tax":""}},"regular_price":{"min":{"incl_tax":"2867.87","excl_tax":"2370.14"},"max":{"incl_tax":"","excl_tax":""}}},"bundled_items":[{"bundled_item_id":18,"product_id":39604,"menu_order":0,"quantity_min":1,"quantity_max":"","quantity_default":1,"priced_individually":true,"shipped_individually":false,"override_title":false,"title":"Taula central Etna","override_description":true,"description":"Taula central Etna","optional":false,"hide_thumbnail":false,"discount":"5","override_variations":false,"allowed_variations":[""],"override_default_variation_attributes":false,"default_variation_attributes":[],"single_product_visibility":"visible","cart_visibility":"visible","order_visibility":"visible","single_product_price_visibility":"visible","cart_price_visibility":"visible","order_price_visibility":"visible","stock_status":"in_stock"},{"bundled_item_id":19,"product_id":6249,"menu_order":1,"quantity_min":2,"quantity_max":2,"quantity_default":2,"priced_individually":true,"shipped_individually":false,"override_title":false,"title":"Sof\u00e0 Etna","override_description":true,"description":"Sof\u00e0 Etna","optional":false,"hide_thumbnail":false,"discount":"5","override_variations":true,"allowed_variations":[41306,41307,41308,41309,41310,41311,41300,41301,41302,41303,41304,41305,50032,50033,50034,50035,50036,50037],"override_default_variation_attributes":false,"default_variation_attributes":[],"single_product_visibility":"visible","cart_visibility":"visible","order_visibility":"visible","single_product_price_visibility":"visible","cart_price_visibility":"visible","order_price_visibility":"visible","stock_status":"in_stock"},{"bundled_item_id":171,"product_id":6249,"menu_order":1,"quantity_min":1,"quantity_max":1,"quantity_default":1,"priced_individually":true,"shipped_individually":false,"override_title":false,"title":"Sof\u00e0 Etna","override_description":true,"description":"Sof\u00e0 Etna","optional":false,"hide_thumbnail":false,"discount":"5","override_variations":true,"allowed_variations":[66783,66780,66777,66774,66771,66768,66807,66804,66801,66798,66795,66792,66759,66756,66753,66750,66747,66744],"override_default_variation_attributes":false,"default_variation_attributes":[],"single_product_visibility":"visible","cart_visibility":"visible","order_visibility":"visible","single_product_price_visibility":"visible","cart_price_visibility":"visible","order_price_visibility":"visible","stock_status":"in_stock"}],"bundle_sell_ids":[],"acf":[],"_links":{"self":[{"href":"https:\/\/www.balliuexport.com\/ca\/wp-json\/wp\/v2\/product\/42218","targetHints":{"allow":["GET"]}}],"collection":[{"href":"https:\/\/www.balliuexport.com\/ca\/wp-json\/wp\/v2\/product"}],"about":[{"href":"https:\/\/www.balliuexport.com\/ca\/wp-json\/wp\/v2\/types\/product"}],"wp:featuredmedia":[{"embeddable":true,"href":"https:\/\/www.balliuexport.com\/ca\/wp-json\/wp\/v2\/media\/68971"}],"wp:attachment":[{"href":"https:\/\/www.balliuexport.com\/ca\/wp-json\/wp\/v2\/media?parent=42218"}],"wp:term":[{"taxonomy":"product_brand","embeddable":true,"href":"https:\/\/www.balliuexport.com\/ca\/wp-json\/wp\/v2\/product_brand?post=42218"},{"taxonomy":"product_cat","embeddable":true,"href":"https:\/\/www.balliuexport.com\/ca\/wp-json\/wp\/v2\/product_cat?post=42218"},{"taxonomy":"product_tag","embeddable":true,"href":"https:\/\/www.balliuexport.com\/ca\/wp-json\/wp\/v2\/product_tag?post=42218"}],"curies":[{"name":"wp","href":"https:\/\/api.w.org\/{rel}","templated":true}]}}