{"id":42270,"date":"2024-09-23T11:20:46","date_gmt":"2024-09-23T09:20:46","guid":{"rendered":"https:\/\/www.balliuexport.com\/producto\/conjunt-etna-sofa-triple\/"},"modified":"2026-02-04T15:15:35","modified_gmt":"2026-02-04T14:15:35","slug":"conjunt-per-exterior-sofa-etna-triple","status":"publish","type":"product","link":"https:\/\/www.balliuexport.com\/ca\/producte\/conjunt-per-exterior-sofa-etna-triple\/","title":{"rendered":"Conjunt Etna ( Sof\u00e0 triple)"},"content":{"rendered":"<p><span style=\"color: #7a7a7a;\">Transforma el teu espai a l&#8217;aire lliure en un oasi de sofisticaci\u00f3 amb l&#8217;exclusiu <span style=\"color: #006eb7;\"><strong>conjunt Etna<\/strong><\/span> . Aquest set inclou una elegant <span style=\"color: #006eb7;\"><a style=\"color: #006eb7;\" href=\"https:\/\/www.balliuexport.com\/ca\/producte\/etna-taula-central\/\"><strong>taula central Etna<\/strong><\/a><\/span> , un espai\u00f3s <span style=\"color: #006eb7;\"><strong>sof\u00e0 triple Etna<\/strong><\/span> , i dos acollidors <a style=\"color: #7a7a7a;\" href=\"https:\/\/www.balliuexport.com\/producto\/etna-sofa-individual\/\"><span style=\"color: #006eb7;\"><strong>sof\u00e0s Etna individuals<\/strong><\/span><\/a> , tots dissenyats per oferir estil, confort i durabilitat.<\/span><\/p>\n<p><span style=\"color: #006eb7;\"><span style=\"color: #7a7a7a;\">La<\/span><strong> taula central Etna<\/strong> <span style=\"color: #7a7a7a;\">es distingeix per la seva ligeresa i versatilitat, fabricada amb una resistent estructura d&#8217;alumini endurit i disponible en diversos colors i taulers HPL, que afegeixen un toc modern i refinat a qualsevol ambient exterior.<\/span><\/span><\/p>\n<p><span style=\"color: #006eb7;\"><span style=\"color: #7a7a7a;\">Els<\/span> <strong>sof\u00e0s<\/strong> <strong>Etna<\/strong><span style=\"color: #7a7a7a;\">, tant el doble com els individuals, estan fets per resistir les inclem\u00e8ncies del temps, amb una estructura dalumini robusta i un interior descuma dalta densitat cobert amb teixit acr\u00edlic, dissenyat per oferir una comoditat excepcional. A m\u00e9s, podeu personalitzar els sof\u00e0s amb una \u00e0mplia varietat d&#8217;opcions de teixit per adaptar-los al vostre estil \u00fanic. <\/span><\/span><\/p>\n<p><span style=\"color: #006eb7;\"><span style=\"color: #7a7a7a;\">Aquest conjunt combina disseny contemporani i funcionalitat, perfecte per crear un ambient relaxat i sofisticat a la terrassa, jard\u00ed o pati. Fes del <\/span> <strong>conjunt Etna <\/strong><span style=\"color: #7a7a7a;\">el cor de les reunions a l&#8217;aire lliure i gaudeix de cada moment amb estil!<\/span><\/span><\/p>\n","protected":false},"excerpt":{"rendered":"<p>Transforma el teu espai a l&#8217;aire lliure en un oasi de sofisticaci\u00f3 amb l&#8217;exclusiu conjunt Etna . Aquest set inclou una elegant taula central Etna , un espai\u00f3s sof\u00e0 triple Etna , i dos acollidors sof\u00e0s Etna individuals , tots dissenyats per oferir estil, confort i durabilitat. La taula central Etna es distingeix per la seva ligeresa i versatilitat, fabricada\u2026<\/p>\n","protected":false},"featured_media":68967,"template":"","meta":{"_acf_changed":false},"product_brand":[],"product_cat":[475,486],"product_tag":[],"class_list":{"0":"post-42270","1":"product","2":"type-product","3":"status-publish","4":"has-post-thumbnail","6":"product_cat-conjunts-mobles-per-a-exterior","7":"product_cat-ofertes-de-mobles-dexterior","9":"first","10":"instock","11":"sale","12":"taxable","13":"shipping-taxable","14":"purchasable","15":"product-type-bundle"},"bundled_by":[],"bundle_stock_status":"instock","bundle_stock_quantity":"","bundle_virtual":false,"bundle_layout":"default","bundle_add_to_cart_form_location":"default","bundle_editable_in_cart":false,"bundle_sold_individually_context":"product","bundle_item_grouping":"parent","bundle_min_size":"","bundle_max_size":"","bundle_price":{"price":{"min":{"incl_tax":"3123.71","excl_tax":"2581.58"},"max":{"incl_tax":"","excl_tax":""}},"regular_price":{"min":{"incl_tax":"3288.11","excl_tax":"2717.45"},"max":{"incl_tax":"","excl_tax":""}}},"bundled_items":[{"bundled_item_id":62,"product_id":39604,"menu_order":0,"quantity_min":1,"quantity_max":"","quantity_default":1,"priced_individually":true,"shipped_individually":false,"override_title":false,"title":"Taula central Etna","override_description":true,"description":"Taula central Etna","optional":false,"hide_thumbnail":false,"discount":"5","override_variations":false,"allowed_variations":[49995],"override_default_variation_attributes":false,"default_variation_attributes":[],"single_product_visibility":"visible","cart_visibility":"visible","order_visibility":"visible","single_product_price_visibility":"visible","cart_price_visibility":"visible","order_price_visibility":"visible","stock_status":"in_stock"},{"bundled_item_id":63,"product_id":6249,"menu_order":1,"quantity_min":2,"quantity_max":2,"quantity_default":2,"priced_individually":true,"shipped_individually":false,"override_title":false,"title":"Sof\u00e0 Etna","override_description":true,"description":"Sof\u00e0 Etna","optional":false,"hide_thumbnail":false,"discount":"5","override_variations":true,"allowed_variations":[41306,41307,41308,41309,41310,41311,41300,41301,41302,41303,41304,41305,50032,50033,50034,50035,50036,50037],"override_default_variation_attributes":false,"default_variation_attributes":[],"single_product_visibility":"visible","cart_visibility":"visible","order_visibility":"visible","single_product_price_visibility":"visible","cart_price_visibility":"visible","order_price_visibility":"visible","stock_status":"in_stock"},{"bundled_item_id":167,"product_id":6249,"menu_order":1,"quantity_min":1,"quantity_max":1,"quantity_default":1,"priced_individually":true,"shipped_individually":false,"override_title":false,"title":"Sof\u00e0 Etna","override_description":true,"description":"Sof\u00e0 Etna","optional":false,"hide_thumbnail":false,"discount":"5","override_variations":true,"allowed_variations":[66855,66852,66849,66846,66843,66840,66879,66876,66873,66870,66867,66864,66831,66828,66825,66822,66819,66816],"override_default_variation_attributes":false,"default_variation_attributes":[],"single_product_visibility":"visible","cart_visibility":"visible","order_visibility":"visible","single_product_price_visibility":"visible","cart_price_visibility":"visible","order_price_visibility":"visible","stock_status":"in_stock"}],"bundle_sell_ids":[],"acf":[],"_links":{"self":[{"href":"https:\/\/www.balliuexport.com\/ca\/wp-json\/wp\/v2\/product\/42270","targetHints":{"allow":["GET"]}}],"collection":[{"href":"https:\/\/www.balliuexport.com\/ca\/wp-json\/wp\/v2\/product"}],"about":[{"href":"https:\/\/www.balliuexport.com\/ca\/wp-json\/wp\/v2\/types\/product"}],"wp:featuredmedia":[{"embeddable":true,"href":"https:\/\/www.balliuexport.com\/ca\/wp-json\/wp\/v2\/media\/68967"}],"wp:attachment":[{"href":"https:\/\/www.balliuexport.com\/ca\/wp-json\/wp\/v2\/media?parent=42270"}],"wp:term":[{"taxonomy":"product_brand","embeddable":true,"href":"https:\/\/www.balliuexport.com\/ca\/wp-json\/wp\/v2\/product_brand?post=42270"},{"taxonomy":"product_cat","embeddable":true,"href":"https:\/\/www.balliuexport.com\/ca\/wp-json\/wp\/v2\/product_cat?post=42270"},{"taxonomy":"product_tag","embeddable":true,"href":"https:\/\/www.balliuexport.com\/ca\/wp-json\/wp\/v2\/product_tag?post=42270"}],"curies":[{"name":"wp","href":"https:\/\/api.w.org\/{rel}","templated":true}]}}