{"id":42984,"date":"2024-10-24T11:50:06","date_gmt":"2024-10-24T09:50:06","guid":{"rendered":"https:\/\/www.balliuexport.com\/producto\/matalas-dry-feel\/"},"modified":"2025-12-03T14:58:35","modified_gmt":"2025-12-03T13:58:35","slug":"matalas-per-gandula","status":"publish","type":"product","link":"https:\/\/www.balliuexport.com\/ca\/producte\/matalas-per-gandula\/","title":{"rendered":"Matal\u00e0s Dry Feel"},"content":{"rendered":"<p style=\"font-family: Gilroy, Arial, sans-serif; font-size: 17.5px; line-height: 1.5; margin: 5px 0; text-align: justify;\"><span style=\"color: #006eb7;\"><span style=\"color: #7a7a7a;\">Optimitza el teu descans a l&#8217;aire lliure amb el nostre matal\u00e0s Dry Feel, dissenyat per portar la comoditat de les gandules a un nivell superior. Disponible en tela <\/span> <strong>Balliu<\/strong><span style=\"color: #7a7a7a;\"> d&#8217; alta qualitat<\/span><span style=\"color: #7a7a7a;\"> garantint una llarga durabilitat i un confort excepcional.<\/span><\/span><\/p>\n<p style=\"font-family: Gilroy, Arial, sans-serif; font-size: 17.5px; line-height: 1.5; margin: 5px 0; text-align: justify;\"><span style=\"color: #006eb7;\"><span style=\"color: #7a7a7a;\">El <\/span><strong>farciment d&#8217;alta densitat Dry Feel<\/strong> <span style=\"color: #7a7a7a;\">s&#8217;adapta perfectament al teu cos al costat de la tela Balliu que proporciona un suport ferm i una sensaci\u00f3 de suavitat que convida a relaxar-se durant hores. Gr\u00e0cies al seu sistema de ganxos de f\u00e0cil \u00fas, el matal\u00e0s s&#8217;assegura fermament, oferint una instal\u00b7laci\u00f3 r\u00e0pida i sense complicacions. <\/span><\/span><\/p>\n<p style=\"font-family: Gilroy, Arial, sans-serif; font-size: 17.5px; line-height: 1.5; margin: 5px 0; text-align: justify;\"><span style=\"color: #006eb7;\"><span style=\"color: #7a7a7a;\">Un complement essencial que no nom\u00e9s eleva la comoditat, sin\u00f3 tamb\u00e9 l&#8217;estil dels espais exteriors, creant un ambient de descans inigualable per a<\/span> <strong>hotels, jardins, terrassa<\/strong> <span style=\"color: #7a7a7a;\">o qualsevol espai destinat al gaudi a l&#8217;aire lliure.<\/span> <\/span><\/p>\n<p>&nbsp;<\/p>\n","protected":false},"excerpt":{"rendered":"<p>Optimitza el teu descans a l&#8217;aire lliure amb el nostre matal\u00e0s Dry Feel, dissenyat per portar la comoditat de les gandules a un nivell superior. Disponible en tela Balliu d&#8217; alta qualitat garantint una llarga durabilitat i un confort excepcional. El farciment d&#8217;alta densitat Dry Feel s&#8217;adapta perfectament al teu cos al costat de la tela Balliu que proporciona un\u2026<\/p>\n","protected":false},"featured_media":405,"template":"","meta":{"_acf_changed":false},"product_brand":[],"product_cat":[627],"product_tag":[],"class_list":{"0":"post-42984","1":"product","2":"type-product","3":"status-publish","4":"has-post-thumbnail","6":"product_cat-complements-per-mobles-dexterior","8":"first","9":"instock","10":"taxable","11":"shipping-taxable","12":"purchasable","13":"product-type-variable"},"bundled_by":[],"bundle_stock_status":"instock","bundle_stock_quantity":null,"bundle_virtual":false,"bundle_layout":"","bundle_add_to_cart_form_location":"","bundle_editable_in_cart":false,"bundle_sold_individually_context":"","bundle_item_grouping":"","bundle_min_size":"","bundle_max_size":"","bundle_price":[],"bundled_items":[],"bundle_sell_ids":[],"acf":[],"_links":{"self":[{"href":"https:\/\/www.balliuexport.com\/ca\/wp-json\/wp\/v2\/product\/42984","targetHints":{"allow":["GET"]}}],"collection":[{"href":"https:\/\/www.balliuexport.com\/ca\/wp-json\/wp\/v2\/product"}],"about":[{"href":"https:\/\/www.balliuexport.com\/ca\/wp-json\/wp\/v2\/types\/product"}],"wp:featuredmedia":[{"embeddable":true,"href":"https:\/\/www.balliuexport.com\/ca\/wp-json\/wp\/v2\/media\/405"}],"wp:attachment":[{"href":"https:\/\/www.balliuexport.com\/ca\/wp-json\/wp\/v2\/media?parent=42984"}],"wp:term":[{"taxonomy":"product_brand","embeddable":true,"href":"https:\/\/www.balliuexport.com\/ca\/wp-json\/wp\/v2\/product_brand?post=42984"},{"taxonomy":"product_cat","embeddable":true,"href":"https:\/\/www.balliuexport.com\/ca\/wp-json\/wp\/v2\/product_cat?post=42984"},{"taxonomy":"product_tag","embeddable":true,"href":"https:\/\/www.balliuexport.com\/ca\/wp-json\/wp\/v2\/product_tag?post=42984"}],"curies":[{"name":"wp","href":"https:\/\/api.w.org\/{rel}","templated":true}]}}