{"id":43539,"date":"2024-11-04T12:39:20","date_gmt":"2024-11-04T11:39:20","guid":{"rendered":"https:\/\/www.balliuexport.com\/producto\/cadira-etna-alta\/"},"modified":"2025-11-26T11:17:49","modified_gmt":"2025-11-26T10:17:49","slug":"cadira-etna-alta","status":"publish","type":"product","link":"https:\/\/www.balliuexport.com\/ca\/producte\/cadira-etna-alta\/","title":{"rendered":"Cadira Etna alta"},"content":{"rendered":"<p style=\"font-family: Gilroy, Arial, sans-serif; font-size: 17.5px; line-height: 1.5; margin: 5px 0; text-align: justify;\"><span style=\"color: #006eb7;\"><span style=\"color: #7a7a7a;\">La<\/span> <strong>cadira Etna alta<\/strong> <span style=\"color: #7a7a7a;\">\u00e9s molt m\u00e9s que una simple pe\u00e7a de mobiliari, \u00e9s la combinaci\u00f3 perfecta entre<\/span> <strong>estil sofisticat<\/strong><span style=\"color: #7a7a7a;\"> i <\/span><strong>resist\u00e8ncia imbatible. <\/strong><span style=\"color: #7a7a7a;\">Amb un xass\u00eds d&#8217;alumini endurit i cargols d&#8217;acer inoxidable, est\u00e0 dissenyat per suportar els rigors de l&#8217;exterior sense perdre la seva eleg\u00e0ncia.<\/span><\/span><\/p>\n<p style=\"font-family: Gilroy, Arial, sans-serif; font-size: 17.5px; line-height: 1.5; margin: 5px 0; text-align: justify;\"><span style=\"color: #006eb7;\"><span style=\"color: #7a7a7a;\">El respatller alt no nom\u00e9s brinda un suport \u00f2ptim, sin\u00f3 que tamb\u00e9 aporta un aire de<\/span> <strong>distinci\u00f3 i confort<\/strong><span style=\"color: #7a7a7a;\">, convertint-la en una elecci\u00f3 ideal per a ambients que busquen un toc de modernitat i classe. El seu disseny apilable facilita l&#8217;emmagatzematge, cosa que la fa perfecta per a espais din\u00e0mics i en canvi constant. <\/span><\/span><\/p>\n<p style=\"font-family: Gilroy, Arial, sans-serif; font-size: 17.5px; line-height: 1.5; margin: 5px 0; text-align: justify;\"><span style=\"color: #006eb7;\"><span style=\"color: #7a7a7a;\">El <\/span><strong>teixit substitu\u00efble<\/strong> <span style=\"color: #7a7a7a;\">ofereix una opci\u00f3 de manteniment senzill perqu\u00e8 sempre llueixi com a nova, i pots fer-la encara m\u00e9s exclusiva en <\/span><strong>personalitzar-la amb el teu logotip<\/strong><span style=\"color: #7a7a7a;\">, aportant un toc distintiu que reflecteixi la identitat de la teva marca o establiment.<\/span><\/span><\/p>\n<p style=\"font-family: Gilroy, Arial, sans-serif; font-size: 17.5px; line-height: 1.5; margin: 5px 0; text-align: justify;\"><span style=\"color: #006eb7;\"><span style=\"color: #7a7a7a;\">Pensada per resistir condicions exteriors i mantenir-ne la funcionalitat i est\u00e8tica, la cadira Etna alta \u00e9s l&#8217;opci\u00f3 perfecta per a<\/span> <strong>hotels, restaurants, terrasses <\/strong><span style=\"color: #7a7a7a;\">o qualsevol espai que necessiti fusionar comoditat, durabilitat i disseny contemporani.<\/span><\/span><\/p>\n","protected":false},"excerpt":{"rendered":"<p>La cadira Etna alta \u00e9s molt m\u00e9s que una simple pe\u00e7a de mobiliari, \u00e9s la combinaci\u00f3 perfecta entre estil sofisticat i resist\u00e8ncia imbatible. Amb un xass\u00eds d&#8217;alumini endurit i cargols d&#8217;acer inoxidable, est\u00e0 dissenyat per suportar els rigors de l&#8217;exterior sense perdre la seva eleg\u00e0ncia. El respatller alt no nom\u00e9s brinda un suport \u00f2ptim, sin\u00f3 que tamb\u00e9 aporta un aire\u2026<\/p>\n","protected":false},"featured_media":47340,"template":"","meta":{"_acf_changed":false},"product_brand":[],"product_cat":[492,2225],"product_tag":[],"class_list":{"0":"post-43539","1":"product","2":"type-product","3":"status-publish","4":"has-post-thumbnail","6":"product_cat-cadires","7":"product_cat-cadires-exteriors-per-restaurants","9":"first","10":"instock","11":"taxable","12":"shipping-taxable","13":"purchasable","14":"product-type-variable"},"bundled_by":[],"bundle_stock_status":"instock","bundle_stock_quantity":null,"bundle_virtual":false,"bundle_layout":"","bundle_add_to_cart_form_location":"","bundle_editable_in_cart":false,"bundle_sold_individually_context":"","bundle_item_grouping":"","bundle_min_size":"","bundle_max_size":"","bundle_price":[],"bundled_items":[],"bundle_sell_ids":[],"acf":[],"_links":{"self":[{"href":"https:\/\/www.balliuexport.com\/ca\/wp-json\/wp\/v2\/product\/43539","targetHints":{"allow":["GET"]}}],"collection":[{"href":"https:\/\/www.balliuexport.com\/ca\/wp-json\/wp\/v2\/product"}],"about":[{"href":"https:\/\/www.balliuexport.com\/ca\/wp-json\/wp\/v2\/types\/product"}],"wp:featuredmedia":[{"embeddable":true,"href":"https:\/\/www.balliuexport.com\/ca\/wp-json\/wp\/v2\/media\/47340"}],"wp:attachment":[{"href":"https:\/\/www.balliuexport.com\/ca\/wp-json\/wp\/v2\/media?parent=43539"}],"wp:term":[{"taxonomy":"product_brand","embeddable":true,"href":"https:\/\/www.balliuexport.com\/ca\/wp-json\/wp\/v2\/product_brand?post=43539"},{"taxonomy":"product_cat","embeddable":true,"href":"https:\/\/www.balliuexport.com\/ca\/wp-json\/wp\/v2\/product_cat?post=43539"},{"taxonomy":"product_tag","embeddable":true,"href":"https:\/\/www.balliuexport.com\/ca\/wp-json\/wp\/v2\/product_tag?post=43539"}],"curies":[{"name":"wp","href":"https:\/\/api.w.org\/{rel}","templated":true}]}}