{"id":54936,"date":"2025-03-20T09:34:55","date_gmt":"2025-03-20T08:34:55","guid":{"rendered":"https:\/\/www.balliuexport.com\/producto\/taburete-de-aluminio-etna\/"},"modified":"2025-11-26T10:50:08","modified_gmt":"2025-11-26T09:50:08","slug":"tamboret-alumini-etna","status":"publish","type":"product","link":"https:\/\/www.balliuexport.com\/ca\/producte\/tamboret-alumini-etna\/","title":{"rendered":"Tamboret Etna"},"content":{"rendered":"<h2 data-start=\"0\" data-end=\"59\"><span style=\"color: #006eb7;\"><strong data-start=\"4\" data-end=\"57\">Tamboret Etna: Disseny lleuger, resist\u00e8ncia extrema<\/strong><\/span><\/h2>\n<p class=\"\" data-start=\"61\" data-end=\"311\"><span style=\"color: #7a7a7a;\">El tamboret d&#8217;alumini Etna \u00e9s sin\u00f2nim de durabilitat i estil per a qualsevol espai exterior. La seva estructura d&#8217;alumini endurit i cargols d&#8217;acer inoxidable AISI 304 el fan resistent a la corrosi\u00f3, fins i tot a zones costaneres. Per a un extra d&#8217;estabilitat i durabilitat, la gandula est\u00e0 equipada amb taps i tacs de resina de polipropil\u00e8 amb protecci\u00f3 UV, assegurant una resist\u00e8ncia \u00f2ptima. El seu seient de <span style=\"color: #006eb7;\"><br \/>\n<strong data-start=\"327\" data-end=\"358\">teixit t\u00e8cnic transpirable<\/strong><br \/>\n<\/span> ofereix m\u00e0xima comoditat, a m\u00e9s de ser antimicrobi\u00e0, resistent als raigs UV i retardant al <span style=\"color: #006eb7;\"><br \/>\n<span style=\"color: #7a7a7a;\">foc<\/span><br \/>\n<\/span>, garantint frescor, higiene i seguretat a cada \u00fas. <\/span><\/p>\n<p class=\"\" data-start=\"526\" data-end=\"741\"><span style=\"color: #7a7a7a;\">Amb un acabat en <span style=\"color: #006eb7;\"><br \/>\n<strong data-start=\"544\" data-end=\"578\">pintura de poli\u00e8ster QUALICOAT<\/strong><br \/>\n<\/span> i detalls en polipropil\u00e8 resistent als raigs UV, el tamboret Etna \u00e9s la combinaci\u00f3 perfecta entre <span style=\"color: #006eb7;\"><br \/>\n<strong data-start=\"692\" data-end=\"740\">lleugeresa, funcionalitat i disseny sofisticat<\/strong><br \/>\n<\/span>. Innovaci\u00f3, disseny i funcionalitat en un sol producte, pensat per als que cerquen qualitat sense concessions en mobiliari exterior. <\/span><\/p>\n","protected":false},"excerpt":{"rendered":"<p>Tamboret Etna: Disseny lleuger, resist\u00e8ncia extrema El tamboret d&#8217;alumini Etna \u00e9s sin\u00f2nim de durabilitat i estil per a qualsevol espai exterior. La seva estructura d&#8217;alumini endurit i cargols d&#8217;acer inoxidable AISI 304 el fan resistent a la corrosi\u00f3, fins i tot a zones costaneres. Per a un extra d&#8217;estabilitat i durabilitat, la gandula est\u00e0 equipada amb taps i tacs de\u2026<\/p>\n","protected":false},"featured_media":55794,"template":"","meta":{"_acf_changed":false},"product_brand":[],"product_cat":[492,2270],"product_tag":[],"class_list":{"0":"post-54936","1":"product","2":"type-product","3":"status-publish","4":"has-post-thumbnail","6":"product_cat-cadires","7":"product_cat-mobles-exterior-hotels","9":"first","10":"instock","11":"taxable","12":"shipping-taxable","13":"purchasable","14":"product-type-variable"},"bundled_by":[],"bundle_stock_status":"instock","bundle_stock_quantity":null,"bundle_virtual":false,"bundle_layout":"","bundle_add_to_cart_form_location":"","bundle_editable_in_cart":false,"bundle_sold_individually_context":"","bundle_item_grouping":"","bundle_min_size":"","bundle_max_size":"","bundle_price":[],"bundled_items":[],"bundle_sell_ids":[],"acf":[],"_links":{"self":[{"href":"https:\/\/www.balliuexport.com\/ca\/wp-json\/wp\/v2\/product\/54936","targetHints":{"allow":["GET"]}}],"collection":[{"href":"https:\/\/www.balliuexport.com\/ca\/wp-json\/wp\/v2\/product"}],"about":[{"href":"https:\/\/www.balliuexport.com\/ca\/wp-json\/wp\/v2\/types\/product"}],"wp:featuredmedia":[{"embeddable":true,"href":"https:\/\/www.balliuexport.com\/ca\/wp-json\/wp\/v2\/media\/55794"}],"wp:attachment":[{"href":"https:\/\/www.balliuexport.com\/ca\/wp-json\/wp\/v2\/media?parent=54936"}],"wp:term":[{"taxonomy":"product_brand","embeddable":true,"href":"https:\/\/www.balliuexport.com\/ca\/wp-json\/wp\/v2\/product_brand?post=54936"},{"taxonomy":"product_cat","embeddable":true,"href":"https:\/\/www.balliuexport.com\/ca\/wp-json\/wp\/v2\/product_cat?post=54936"},{"taxonomy":"product_tag","embeddable":true,"href":"https:\/\/www.balliuexport.com\/ca\/wp-json\/wp\/v2\/product_tag?post=54936"}],"curies":[{"name":"wp","href":"https:\/\/api.w.org\/{rel}","templated":true}]}}