{"id":55333,"date":"2025-03-27T12:19:15","date_gmt":"2025-03-27T11:19:15","guid":{"rendered":"https:\/\/www.balliuexport.com\/producto\/parasol-ocean-teixit-acrilic\/"},"modified":"2026-01-26T10:35:37","modified_gmt":"2026-01-26T09:35:37","slug":"parasol-ocean-teixit-acrilic","status":"publish","type":"product","link":"https:\/\/www.balliuexport.com\/ca\/producte\/parasol-ocean-teixit-acrilic\/","title":{"rendered":"Parasol Ocean teixit acr\u00edlic"},"content":{"rendered":"<p><span style=\"color: #808080;\">Gaudeix del confort i l&#8217;ombra amb el nostre exclusiu para-sol Ocean per a platja, hotels i instal\u00b7lacions d&#8217;oci i esport<strong>.<\/strong><\/span> <span style=\"color: #7a7a7a;\">Dissenyat per oferir funcionalitat i durabilitat, aquest para-sol compta amb un<\/span> <strong style=\"color: #006eb7;\">pal central fix de 225 cm d&#8217;al\u00e7ada<\/strong><span style=\"color: #7a7a7a;\">, fabricat en resistent acer inoxidable que assegura estabilitat i llarga vida \u00fatil. Els seus <\/span> <strong style=\"color: #006eb7;\">8 varetes de fibra de vidre de 9 mm de gruix<\/strong> <span style=\"color: #7a7a7a;\">aporten flexibilitat i resist\u00e8ncia davant de condicions clim\u00e0tiques adverses. Perfecte per a qualsevol espai exterior, \u00e9s una opci\u00f3 fiable i resistent per a qualsevol entorn.<\/span><\/p>\n<p><span style=\"color: #7a7a7a;\">\u00c9s compatible \u00fanicament amb la nostra<\/span> <a href=\"https:\/\/www.balliuexport.com\/ca\/producte\/base-hormigon\/\"><span style=\"color: #006eb7;\"><strong>base<\/strong><\/span><\/a><span style=\"color: #7a7a7a;\"> (no inclosa), assegurant una instal\u00b7laci\u00f3 ferma i segura.<\/span> <span style=\"color: #808080;\">Eleva l&#8217;experi\u00e8ncia a l&#8217;aire lliure amb un para-sol pensat per combinar estil, funcionalitat i qualitat.<\/span><\/p>\n","protected":false},"excerpt":{"rendered":"<p>Gaudeix del confort i l&#8217;ombra amb el nostre exclusiu para-sol Ocean per a platja, hotels i instal\u00b7lacions d&#8217;oci i esport. Dissenyat per oferir funcionalitat i durabilitat, aquest para-sol compta amb un pal central fix de 225 cm d&#8217;al\u00e7ada, fabricat en resistent acer inoxidable que assegura estabilitat i llarga vida \u00fatil. Els seus 8 varetes de fibra de vidre de 9\u2026<\/p>\n","protected":false},"featured_media":55262,"template":"","meta":{"_acf_changed":false},"product_brand":[],"product_cat":[736,2253],"product_tag":[],"class_list":{"0":"post-55333","1":"product","2":"type-product","3":"status-publish","4":"has-post-thumbnail","6":"product_cat-para-sols","7":"product_cat-para-sols-de-platja-comercials-al-engros","8":"pa_diametro-3357","9":"pa_diametro-3360","11":"first","12":"instock","13":"taxable","14":"shipping-taxable","15":"purchasable","16":"product-type-variable"},"bundled_by":[],"bundle_stock_status":"instock","bundle_stock_quantity":null,"bundle_virtual":false,"bundle_layout":"","bundle_add_to_cart_form_location":"","bundle_editable_in_cart":false,"bundle_sold_individually_context":"","bundle_item_grouping":"","bundle_min_size":"","bundle_max_size":"","bundle_price":[],"bundled_items":[],"bundle_sell_ids":[],"acf":[],"_links":{"self":[{"href":"https:\/\/www.balliuexport.com\/ca\/wp-json\/wp\/v2\/product\/55333","targetHints":{"allow":["GET"]}}],"collection":[{"href":"https:\/\/www.balliuexport.com\/ca\/wp-json\/wp\/v2\/product"}],"about":[{"href":"https:\/\/www.balliuexport.com\/ca\/wp-json\/wp\/v2\/types\/product"}],"wp:featuredmedia":[{"embeddable":true,"href":"https:\/\/www.balliuexport.com\/ca\/wp-json\/wp\/v2\/media\/55262"}],"wp:attachment":[{"href":"https:\/\/www.balliuexport.com\/ca\/wp-json\/wp\/v2\/media?parent=55333"}],"wp:term":[{"taxonomy":"product_brand","embeddable":true,"href":"https:\/\/www.balliuexport.com\/ca\/wp-json\/wp\/v2\/product_brand?post=55333"},{"taxonomy":"product_cat","embeddable":true,"href":"https:\/\/www.balliuexport.com\/ca\/wp-json\/wp\/v2\/product_cat?post=55333"},{"taxonomy":"product_tag","embeddable":true,"href":"https:\/\/www.balliuexport.com\/ca\/wp-json\/wp\/v2\/product_tag?post=55333"}],"curies":[{"name":"wp","href":"https:\/\/api.w.org\/{rel}","templated":true}]}}