{"id":55681,"date":"2025-03-27T13:17:18","date_gmt":"2025-03-27T12:17:18","guid":{"rendered":"https:\/\/www.balliuexport.com\/producto\/parasol-pamela-teixit-acrilic\/"},"modified":"2026-01-26T10:42:45","modified_gmt":"2026-01-26T09:42:45","slug":"parasol-pamela-teixit-acrilic","status":"publish","type":"product","link":"https:\/\/www.balliuexport.com\/ca\/producte\/parasol-pamela-teixit-acrilic\/","title":{"rendered":"Para-sol Pamela teixit acr\u00edlic"},"content":{"rendered":"<p><iframe style=\"width: 1000px; height: 440px; overflow: hidden; border-radius: 8px;\" src=\"https:\/\/viewer.ienhance.co\/v\/app\/24530a01-5b18-4165-b2cc-2e10255b2ca5\" frameborder=\"0\" allowfullscreen=\"allowfullscreen\"><span data-mce-type=\"bookmark\" style=\"display: inline-block; width: 0px; overflow: hidden; line-height: 0;\" class=\"mce_SELRES_start\"><\/span><span data-mce-type=\"bookmark\" style=\"display: inline-block; width: 0px; overflow: hidden; line-height: 0;\" class=\"mce_SELRES_start\"><\/span><span data-mce-type=\"bookmark\" style=\"display: inline-block; width: 0px; overflow: hidden; line-height: 0;\" class=\"mce_SELRES_start\"><\/span> <\/iframe><\/p>\n<div style=\"font-family: Gilroy, Arial, sans-serif; font-size: 17.5px; line-height: 1.5; color: #00000; margin: 0; padding: 0;\">\n<p style=\"margin: 5px 0;\"><span style=\"color: #7a7a7a;\">El para-sol Pamela est\u00e0 dissenyat per oferir<\/span> <strong><span style=\"color: #006eb7;\">m\u00e0xima resist\u00e8ncia<\/span><\/strong> <span style=\"color: #7a7a7a;\">i complir els est\u00e0ndards m\u00e9s exigents d&#8217;\u00fas professional i particular, est\u00e0 disponible en versi\u00f3 amb fald\u00f3 i sense fald\u00f3.<\/span><br \/>\n<span style=\"color: #7a7a7a;\">Ideal per a hotels, jardins i espais d&#8217;\u00fas col\u00b7lectiu, aquest para-sol combina<\/span> <strong><span style=\"color: #006eb7;\">durabilitat, funcionalitat i estil<\/span><\/strong> <span style=\"color: #7a7a7a;\">i es converteix en l&#8217;elecci\u00f3 perfecta per a ambients exteriors que requereixen protecci\u00f3 i eleg\u00e0ncia.<\/span><\/p>\n<p style=\"margin: 5px 0;\"><span style=\"color: #7a7a7a;\">La seva robusta estructura compta amb un xass\u00eds d&#8217;acer inoxidable i un pal central regulable en al\u00e7ada, cosa que facilita la seva adaptaci\u00f3 a diverses necessitats. A m\u00e9s, les 8 varetes de fibra de vidre de 9 mm de gruix ofereixen flexibilitat i resist\u00e8ncia fins i tot en condicions clim\u00e0tiques desafiadores. Per a m\u00e9s seguretat, incorpora una v\u00e0lvula d&#8217;escapament que allibera l&#8217;acumulaci\u00f3 d&#8217;aire i protegeix el para-sol de r\u00e0fegues de vent inesperades. <\/span><\/p>\n<p style=\"margin: 5px 0;\"><span style=\"color: #7a7a7a;\">Disponible en <\/span><span style=\"color: #006eb7;\"><strong>teixit acr\u00edlic<\/strong><\/span><span style=\"color: #006eb7;\">,<\/span> <span style=\"color: #7a7a7a;\">proporcionant opcions adaptades a diferents prefer\u00e8ncies est\u00e8tiques i funcionals. Aquest model inclou dos tipus de puntes per adaptar-se a diferents entorns: <\/span><\/p>\n<ul style=\"margin: 5px 20px; padding: 0;\">\n<li style=\"margin: 3px 0;\"><strong><span style=\"color: #006eb7;\">Punta plana<\/span><\/strong>:<span style=\"color: #7a7a7a;\"> Dissenyada exclusivament per a \u00fas a la platja, no compatible amb base.<\/span><\/li>\n<li style=\"margin: 3px 0;\"><strong><span style=\"color: #006eb7;\">Punta c\u00f2nica: <\/span><\/strong><span style=\"color: #7a7a7a;\">Dissenyada per utilitzar-se exclusivament amb la<\/span> <a style=\"color: #006eb7; text-decoration: underline;\" href=\"https:\/\/www.balliuexport.com\/ca\/producte\/base-de-formigo-per-parasol\/\"><strong>base Balliu<\/strong><\/a><span style=\"color: #7a7a7a;\">, ideal per a terrasses, jardins i \u00e0rees pavimentades.<\/span><\/li>\n<\/ul>\n<p style=\"margin: 5px 0;\"><span style=\"color: #7a7a7a;\">El para-sol Pamela combina fiabilitat, disseny professional i versatilitat, garantint un rendiment excepcional a qualsevol entorn exterior.<\/span><\/p>\n<\/div>\n","protected":false},"excerpt":{"rendered":"<p>El para-sol Pamela est\u00e0 dissenyat per oferir m\u00e0xima resist\u00e8ncia i complir els est\u00e0ndards m\u00e9s exigents d&#8217;\u00fas professional i particular, est\u00e0 disponible en versi\u00f3 amb fald\u00f3 i sense fald\u00f3. Ideal per a hotels, jardins i espais d&#8217;\u00fas col\u00b7lectiu, aquest para-sol combina durabilitat, funcionalitat i estil i es converteix en l&#8217;elecci\u00f3 perfecta per a ambients exteriors que requereixen protecci\u00f3 i eleg\u00e0ncia. La\u2026<\/p>\n","protected":false},"featured_media":55262,"template":"","meta":{"_acf_changed":false},"product_brand":[],"product_cat":[736,2253,2257],"product_tag":[],"class_list":{"0":"post-55681","1":"product","2":"type-product","3":"status-publish","4":"has-post-thumbnail","6":"product_cat-para-sols","7":"product_cat-para-sols-de-platja-comercials-al-engros","8":"product_cat-parasols-comercials-per-restaurants","10":"first","11":"instock","12":"taxable","13":"shipping-taxable","14":"purchasable","15":"product-type-variable"},"bundled_by":[],"bundle_stock_status":"instock","bundle_stock_quantity":null,"bundle_virtual":false,"bundle_layout":"","bundle_add_to_cart_form_location":"","bundle_editable_in_cart":false,"bundle_sold_individually_context":"","bundle_item_grouping":"","bundle_min_size":"","bundle_max_size":"","bundle_price":[],"bundled_items":[],"bundle_sell_ids":[],"acf":[],"_links":{"self":[{"href":"https:\/\/www.balliuexport.com\/ca\/wp-json\/wp\/v2\/product\/55681","targetHints":{"allow":["GET"]}}],"collection":[{"href":"https:\/\/www.balliuexport.com\/ca\/wp-json\/wp\/v2\/product"}],"about":[{"href":"https:\/\/www.balliuexport.com\/ca\/wp-json\/wp\/v2\/types\/product"}],"wp:featuredmedia":[{"embeddable":true,"href":"https:\/\/www.balliuexport.com\/ca\/wp-json\/wp\/v2\/media\/55262"}],"wp:attachment":[{"href":"https:\/\/www.balliuexport.com\/ca\/wp-json\/wp\/v2\/media?parent=55681"}],"wp:term":[{"taxonomy":"product_brand","embeddable":true,"href":"https:\/\/www.balliuexport.com\/ca\/wp-json\/wp\/v2\/product_brand?post=55681"},{"taxonomy":"product_cat","embeddable":true,"href":"https:\/\/www.balliuexport.com\/ca\/wp-json\/wp\/v2\/product_cat?post=55681"},{"taxonomy":"product_tag","embeddable":true,"href":"https:\/\/www.balliuexport.com\/ca\/wp-json\/wp\/v2\/product_tag?post=55681"}],"curies":[{"name":"wp","href":"https:\/\/api.w.org\/{rel}","templated":true}]}}