{"id":55801,"date":"2025-03-28T11:03:48","date_gmt":"2025-03-28T10:03:48","guid":{"rendered":"https:\/\/www.balliuexport.com\/producto\/cadira-bimba\/"},"modified":"2026-01-26T09:45:57","modified_gmt":"2026-01-26T08:45:57","slug":"cadira-bimba","status":"publish","type":"product","link":"https:\/\/www.balliuexport.com\/ca\/producte\/cadira-bimba\/","title":{"rendered":"Cadira Bimba"},"content":{"rendered":"<p><iframe style=\"width: 1000px; height: 440px; overflow: hidden; border-radius: 8px;\" src=\"https:\/\/viewer.ienhance.co\/v\/app\/e3075ffc-a729-4f22-9825-64eeeef3675d\" frameborder=\"0\" allowfullscreen=\"allowfullscreen\"><span data-mce-type=\"bookmark\" style=\"display: inline-block; width: 0px; overflow: hidden; line-height: 0;\" class=\"mce_SELRES_start\"><\/span> <\/iframe><\/p>\n<article class=\"w-full text-token-text-primary\" dir=\"auto\" data-testid=\"conversation-turn-4\" data-scroll-anchor=\"true\">\n<div class=\"text-base my-auto mx-auto py-5 px-6\">\n<div class=\"mx-auto flex flex-1 text-base gap-4 md:gap-5 lg:gap-6 md:max-w-3xl lg:max-w-[40rem] xl:max-w-[48rem] group\/turn-messages focus-visible:outline-none\" tabindex=\"-1\">\n<div class=\"group\/conversation-turn relative flex w-full min-w-0 flex-col agent-turn @xs\/thread:px-0 @sm\/thread:px-1.5 @md\/thread:px-4\">\n<div class=\"relative flex-col gap-1 md:gap-3\">\n<div class=\"flex max-w-full flex-col flex-grow\">\n<div class=\"min-h-8 text-message relative flex w-full flex-col items-end gap-2 whitespace-normal break-words text-start [.text-message+&amp;]:mt-5\" dir=\"auto\" data-message-author-role=\"assistant\" data-message-id=\"16078cf8-b6aa-4a71-beb9-9ba4576c97ac\" data-message-model-slug=\"gpt-4o\">\n<div class=\"flex w-full flex-col gap-1 empty:hidden first:pt-[3px]\">\n<div class=\"markdown prose w-full break-words dark:prose-invert light\">\n<h2 data-start=\"0\" data-end=\"51\"><span style=\"color: #006eb7;\"><strong data-start=\"0\" data-end=\"49\">Cadira Bimba \u2013 Cl\u00e0ssica, resistent i funcional<\/strong><\/span><\/h2>\n<p class=\"\" data-start=\"53\" data-end=\"314\"><span style=\"color: #7a7a7a;\">La cadira Bimba combina un disseny cl\u00e0ssic amb gran resist\u00e8ncia i comoditat, ideal per a qualsevol espai exterior. Fabricada amb resina de polipropil\u00e8 refor\u00e7ada amb fibra de vidre, suporta l&#8217;\u00fas diari i les inclem\u00e8ncies del temps sense perdre&#8217;n l&#8217;aparen\u00e7a. La seva ergonomia es destaca gr\u00e0cies als reposabra\u00e7os amples, que brinden m\u00e9s confort. A m\u00e9s, el seu <span style=\"color: #006eb7;\"><strong>disseny apilable<\/strong><\/span> permet estalviar espai i en facilita l&#8217;emmagatzematge. Lleugera per\u00f2 estable, \u00e9s f\u00e0cil de moure sense comprometre&#8217;n la fermesa. <span style=\"color: #006eb7;\"><strong>Vers\u00e0til i elegant<\/strong><\/span>, la Bimba \u00e9s perfecta per a terrasses, jardins, cafeteries i hotels que busquen mobiliari durador i funcional. <\/span><\/p>\n<\/div>\n<\/div>\n<\/div>\n<\/div>\n<div class=\"flex justify-start\">\n<div class=\"-me-1 -ms-2.5 flex select-none items-center p-1 touch:-me-2 touch:-ms-3.5 -mt-1 duration-[1.5s] focus-within:transition-none hover:transition-none pointer-events-none [mask-image:linear-gradient(to_right,black_33%,transparent_66%)] [mask-position:100%_0%] [mask-size:300%_100%] motion-safe:transition-[mask-position] group-hover\/turn-messages:pointer-events-auto group-hover\/turn-messages:[mask-position:0_0] group-focus-within\/turn-messages:pointer-events-auto group-focus-within\/turn-messages:[mask-position:0_0] has-[[data-state=open]]:pointer-events-auto has-[[data-state=open]]:[mask-position:0_0]\"><\/div>\n<\/div>\n<div class=\"mt-3 w-full empty:hidden\">\n<div class=\"text-center\"><\/div>\n<\/div>\n<\/div>\n<div class=\"absolute\">\n<div class=\"flex items-center justify-center\"><\/div>\n<\/div>\n<\/div>\n<\/div>\n<\/div>\n<\/article>\n<div class=\"pointer-events-none h-px w-px\" aria-hidden=\"true\" data-edge=\"true\"><\/div>\n","protected":false},"excerpt":{"rendered":"<p>Cadira Bimba \u2013 Cl\u00e0ssica, resistent i funcional La cadira Bimba combina un disseny cl\u00e0ssic amb gran resist\u00e8ncia i comoditat, ideal per a qualsevol espai exterior. Fabricada amb resina de polipropil\u00e8 refor\u00e7ada amb fibra de vidre, suporta l&#8217;\u00fas diari i les inclem\u00e8ncies del temps sense perdre&#8217;n l&#8217;aparen\u00e7a. La seva ergonomia es destaca gr\u00e0cies als reposabra\u00e7os amples, que brinden m\u00e9s confort. A\u2026<\/p>\n","protected":false},"featured_media":49859,"template":"","meta":{"_acf_changed":false},"product_brand":[],"product_cat":[492,2225,2822],"product_tag":[],"class_list":{"0":"post-55801","1":"product","2":"type-product","3":"status-publish","4":"has-post-thumbnail","6":"product_cat-cadires","7":"product_cat-cadires-exteriors-per-restaurants","8":"product_cat-cadires-de-resina","10":"first","11":"instock","12":"taxable","13":"shipping-taxable","14":"purchasable","15":"product-type-variable"},"bundled_by":[],"bundle_stock_status":"instock","bundle_stock_quantity":null,"bundle_virtual":false,"bundle_layout":"","bundle_add_to_cart_form_location":"","bundle_editable_in_cart":false,"bundle_sold_individually_context":"","bundle_item_grouping":"","bundle_min_size":"","bundle_max_size":"","bundle_price":[],"bundled_items":[],"bundle_sell_ids":[],"acf":[],"_links":{"self":[{"href":"https:\/\/www.balliuexport.com\/ca\/wp-json\/wp\/v2\/product\/55801","targetHints":{"allow":["GET"]}}],"collection":[{"href":"https:\/\/www.balliuexport.com\/ca\/wp-json\/wp\/v2\/product"}],"about":[{"href":"https:\/\/www.balliuexport.com\/ca\/wp-json\/wp\/v2\/types\/product"}],"wp:featuredmedia":[{"embeddable":true,"href":"https:\/\/www.balliuexport.com\/ca\/wp-json\/wp\/v2\/media\/49859"}],"wp:attachment":[{"href":"https:\/\/www.balliuexport.com\/ca\/wp-json\/wp\/v2\/media?parent=55801"}],"wp:term":[{"taxonomy":"product_brand","embeddable":true,"href":"https:\/\/www.balliuexport.com\/ca\/wp-json\/wp\/v2\/product_brand?post=55801"},{"taxonomy":"product_cat","embeddable":true,"href":"https:\/\/www.balliuexport.com\/ca\/wp-json\/wp\/v2\/product_cat?post=55801"},{"taxonomy":"product_tag","embeddable":true,"href":"https:\/\/www.balliuexport.com\/ca\/wp-json\/wp\/v2\/product_tag?post=55801"}],"curies":[{"name":"wp","href":"https:\/\/api.w.org\/{rel}","templated":true}]}}