{"id":56090,"date":"2025-03-31T11:12:04","date_gmt":"2025-03-31T09:12:04","guid":{"rendered":"https:\/\/www.balliuexport.com\/producto\/taula-auxiliar-de-resina-noa\/"},"modified":"2026-02-09T14:58:11","modified_gmt":"2026-02-09T13:58:11","slug":"taula-auxiliar-de-resina-noa","status":"publish","type":"product","link":"https:\/\/www.balliuexport.com\/ca\/producte\/taula-auxiliar-de-resina-noa\/","title":{"rendered":"taula auxiliar Noa"},"content":{"rendered":"<p><iframe style=\"width: 1000px; height: 440px; overflow: hidden; border-radius: 8px;\" src=\"https:\/\/viewer.ienhance.co\/v\/app\/350bdb1f-be3a-4db6-b31d-fd5d71573dea\" frameborder=\"0\" allowfullscreen=\"allowfullscreen\"><span data-mce-type=\"bookmark\" style=\"display: inline-block; width: 0px; overflow: hidden; line-height: 0;\" class=\"mce_SELRES_start\"><\/span><span data-mce-type=\"bookmark\" style=\"display: inline-block; width: 0px; overflow: hidden; line-height: 0;\" class=\"mce_SELRES_start\"><\/span><span data-mce-type=\"bookmark\" style=\"display: inline-block; width: 0px; overflow: hidden; line-height: 0;\" class=\"mce_SELRES_start\"><\/span> <\/iframe><\/p>\n<h2 data-start=\"0\" data-end=\"64\"><span style=\"color: #006eb7;\"><strong data-start=\"0\" data-end=\"62\">Taula auxiliar Noa \u2013 Eleg\u00e0ncia, resist\u00e8ncia i funcionalitat<\/strong><\/span><\/h2>\n<p class=\"\" data-start=\"66\" data-end=\"366\"><span style=\"color: #7a7a7a;\">La taula auxiliar Noa combina un disseny modern amb materials d\u00b4alta qualitat per oferir una pe\u00e7a <span style=\"color: #006eb7;\"><strong>duradora i sofisticada<\/strong><\/span>. La seva estructura d&#8217;alumini endurit, refor\u00e7ada amb cargols d&#8217;acer inoxidable, garanteix una resist\u00e8ncia excepcional davant de l&#8217;\u00fas diari i les condicions exteriors. El doble refor\u00e7 a la base no nom\u00e9s aporta estabilitat, sin\u00f3 que tamb\u00e9 li d\u00f3na un car\u00e0cter distintiu i elegant. Les l\u00ednies minimalistes la converteixen en una pe\u00e7a vers\u00e0til, capa\u00e7 d&#8217;integrar-se en qualsevol ambient amb un toc d&#8217;originalitat.   <\/span><\/p>\n<p class=\"\" data-start=\"619\" data-end=\"830\"><span style=\"color: #7a7a7a;\">A m\u00e9s, el <strong><span style=\"color: #006eb7;\">disseny apilable<\/span><\/strong> facilita l&#8217;emmagatzematge sense perdre estil. Perfecta per si sola o combinada amb la <span style=\"color: #006eb7;\"><a style=\"color: #006eb7;\" href=\"https:\/\/www.balliuexport.com\/ca\/producto\/tumbonaresina-noa\/\"><strong>gandula Noa<\/strong><\/a><\/span>, aquesta taula auxiliar real\u00e7a qualsevol espai amb la seva funcionalitat i est\u00e8tica refinada. <\/span><\/p>\n","protected":false},"excerpt":{"rendered":"<p>Taula auxiliar Noa \u2013 Eleg\u00e0ncia, resist\u00e8ncia i funcionalitat La taula auxiliar Noa combina un disseny modern amb materials d\u00b4alta qualitat per oferir una pe\u00e7a duradora i sofisticada. La seva estructura d&#8217;alumini endurit, refor\u00e7ada amb cargols d&#8217;acer inoxidable, garanteix una resist\u00e8ncia excepcional davant de l&#8217;\u00fas diari i les condicions exteriors. El doble refor\u00e7 a la base no nom\u00e9s aporta estabilitat, sin\u00f3\u2026<\/p>\n","protected":false},"featured_media":70560,"template":"","meta":{"_acf_changed":false},"product_brand":[],"product_cat":[469,3075],"product_tag":[],"class_list":{"0":"post-56090","1":"product","2":"type-product","3":"status-publish","4":"has-post-thumbnail","6":"product_cat-taules-per-a-exterior","7":"product_cat-taules-auxiliars","8":"pa_diametro-42-ca","10":"first","11":"instock","12":"taxable","13":"shipping-taxable","14":"purchasable","15":"product-type-variable"},"bundled_by":["70214"],"bundle_stock_status":"instock","bundle_stock_quantity":null,"bundle_virtual":false,"bundle_layout":"","bundle_add_to_cart_form_location":"","bundle_editable_in_cart":false,"bundle_sold_individually_context":"","bundle_item_grouping":"","bundle_min_size":"","bundle_max_size":"","bundle_price":[],"bundled_items":[],"bundle_sell_ids":[],"acf":[],"_links":{"self":[{"href":"https:\/\/www.balliuexport.com\/ca\/wp-json\/wp\/v2\/product\/56090","targetHints":{"allow":["GET"]}}],"collection":[{"href":"https:\/\/www.balliuexport.com\/ca\/wp-json\/wp\/v2\/product"}],"about":[{"href":"https:\/\/www.balliuexport.com\/ca\/wp-json\/wp\/v2\/types\/product"}],"wp:featuredmedia":[{"embeddable":true,"href":"https:\/\/www.balliuexport.com\/ca\/wp-json\/wp\/v2\/media\/70560"}],"wp:attachment":[{"href":"https:\/\/www.balliuexport.com\/ca\/wp-json\/wp\/v2\/media?parent=56090"}],"wp:term":[{"taxonomy":"product_brand","embeddable":true,"href":"https:\/\/www.balliuexport.com\/ca\/wp-json\/wp\/v2\/product_brand?post=56090"},{"taxonomy":"product_cat","embeddable":true,"href":"https:\/\/www.balliuexport.com\/ca\/wp-json\/wp\/v2\/product_cat?post=56090"},{"taxonomy":"product_tag","embeddable":true,"href":"https:\/\/www.balliuexport.com\/ca\/wp-json\/wp\/v2\/product_tag?post=56090"}],"curies":[{"name":"wp","href":"https:\/\/api.w.org\/{rel}","templated":true}]}}