{"id":5725,"date":"2023-07-17T16:11:40","date_gmt":"2023-07-17T14:11:40","guid":{"rendered":"https:\/\/balliuexport.com\/producto\/etna\/"},"modified":"2025-12-01T14:14:31","modified_gmt":"2025-12-01T13:14:31","slug":"taula-auxiliar-de-alumini-model-etna","status":"publish","type":"product","link":"https:\/\/www.balliuexport.com\/ca\/producte\/taula-auxiliar-de-alumini-model-etna\/","title":{"rendered":"Taula auxiliar Etna"},"content":{"rendered":"<p><span style=\"color: #7a7a7a;\">La mesa auxiliar ha sido meticulosamente confeccionada utilizando un resistente perfil de aluminio y un tablero de alta presi\u00f3n (HPL), materiales que aseguran una durabilidad excepcional y una est\u00e9tica contempor\u00e1nea. Este dise\u00f1o no solo proporciona una robustez sobresaliente frente a las inclemencias del tiempo, sino que tambi\u00e9n garantiza que la mesa mantenga su apariencia elegante con el paso del tiempo, resistiendo a la corrosi\u00f3n, los rayos UV y las variaciones clim\u00e1ticas. Concebuda espec\u00edficament com el complement ideal per a la <strong><span style=\"color: #006eb7;\"><a href=\"https:\/\/www.balliuexport.com\/ca\/producte\/gandula-d-alumini-etna\/\">gandula Etna<\/a><\/span><\/strong>, aquesta taula auxiliar no nom\u00e9s millora la funcionalitat de l&#8217;espai exterior, sin\u00f3 que tamb\u00e9 hi afegeix un toc de sofisticaci\u00f3 i modernitat. Su dise\u00f1o minimalista y elegante se integra perfectamente en cualquier entorno, ya sea un jard\u00edn, una terraza o el \u00e1rea de la piscina, proporcionando un espacio adicional.<\/span><\/p>\n<p><span style=\"color: #7a7a7a;\">Adem\u00e1s, la mesa auxiliar es liviana y f\u00e1cil de mover, permitiendo una reconfiguraci\u00f3n r\u00e1pida y sencilla del mobiliario seg\u00fan las necesidades y preferencias del momento. Els materials d&#8217;<span style=\"color: #006eb7;\"><strong>alta qualitat<\/strong><\/span> i la construcci\u00f3 acurada asseguren que aquesta taula no nom\u00e9s sigui un <span style=\"color: #006eb7;\"><strong>accessori pr\u00e0ctic<\/strong><\/span>, sin\u00f3 tamb\u00e9 una<span style=\"color: #006eb7;\"><strong> inversi\u00f3 duradora<\/strong><\/span> en la decoraci\u00f3 exterior.<\/span><\/p>\n<div class=\"mbot2\"><\/div>\n<div><\/div>\n<div><\/div>\n<div><\/div>\n<div><\/div>\n","protected":false},"excerpt":{"rendered":"<p><strong> <span style=\"color: #006eb7;\">Preciu sense IVA incl\u00f3s<\/span><\/strong><\/p>\n<p>\u00c9s l&#8217;elecci\u00f3 ideal per a complementar la gandula Etna i enriquir qualsevol ambient a l&#8217;aire lliure amb la seva pres\u00e8ncia moderna i elegant.<\/p>\n","protected":false},"featured_media":8529,"template":"","meta":{"_acf_changed":false},"product_brand":[],"product_cat":[2260,3075],"product_tag":[],"class_list":{"0":"post-5725","1":"product","2":"type-product","3":"status-publish","4":"has-post-thumbnail","6":"product_cat-mobles-de-pati-moderns","7":"product_cat-taules-auxiliars","9":"first","10":"instock","11":"taxable","12":"shipping-taxable","13":"purchasable","14":"product-type-variable"},"bundled_by":["70246"],"bundle_stock_status":"instock","bundle_stock_quantity":100,"bundle_virtual":false,"bundle_layout":"","bundle_add_to_cart_form_location":"","bundle_editable_in_cart":false,"bundle_sold_individually_context":"","bundle_item_grouping":"","bundle_min_size":"","bundle_max_size":"","bundle_price":[],"bundled_items":[],"bundle_sell_ids":[],"acf":[],"_links":{"self":[{"href":"https:\/\/www.balliuexport.com\/ca\/wp-json\/wp\/v2\/product\/5725","targetHints":{"allow":["GET"]}}],"collection":[{"href":"https:\/\/www.balliuexport.com\/ca\/wp-json\/wp\/v2\/product"}],"about":[{"href":"https:\/\/www.balliuexport.com\/ca\/wp-json\/wp\/v2\/types\/product"}],"wp:featuredmedia":[{"embeddable":true,"href":"https:\/\/www.balliuexport.com\/ca\/wp-json\/wp\/v2\/media\/8529"}],"wp:attachment":[{"href":"https:\/\/www.balliuexport.com\/ca\/wp-json\/wp\/v2\/media?parent=5725"}],"wp:term":[{"taxonomy":"product_brand","embeddable":true,"href":"https:\/\/www.balliuexport.com\/ca\/wp-json\/wp\/v2\/product_brand?post=5725"},{"taxonomy":"product_cat","embeddable":true,"href":"https:\/\/www.balliuexport.com\/ca\/wp-json\/wp\/v2\/product_cat?post=5725"},{"taxonomy":"product_tag","embeddable":true,"href":"https:\/\/www.balliuexport.com\/ca\/wp-json\/wp\/v2\/product_tag?post=5725"}],"curies":[{"name":"wp","href":"https:\/\/api.w.org\/{rel}","templated":true}]}}