{"id":57324,"date":"2025-04-15T10:05:25","date_gmt":"2025-04-15T08:05:25","guid":{"rendered":"https:\/\/www.balliuexport.com\/producto\/parasol-garbi\/"},"modified":"2025-11-26T12:00:06","modified_gmt":"2025-11-26T11:00:06","slug":"parasol-garbi","status":"publish","type":"product","link":"https:\/\/www.balliuexport.com\/ca\/producte\/parasol-garbi\/","title":{"rendered":"Para-sol Garb\u00ed"},"content":{"rendered":"<p><span style=\"color: #7a7a7a;\">El para-sol Garb\u00ed \u00e9s una opci\u00f3 de grans dimensions, ideal per a qualsevol espai exterior. Amb una estructura d&#8217;alumini i varetes amb perfil rectangular d&#8217;alumini, garanteix una resist\u00e8ncia excel\u00b7lent. El seu teixit textil\u00e8 el converteix en una opci\u00f3 destacada a la seva categoria. Aquest material ofereix una <span style=\"color: #006eb7;\"><strong>gran resist\u00e8ncia<\/strong><\/span> i una llarga vida \u00fatil. Compte amb una<span style=\"color: #006eb7;\"> <strong>v\u00e0lvula d&#8217;alliberament d&#8217;aire<\/strong> <\/span>incorporada per a m\u00e9s estabilitat, i el seu disseny rod\u00f3 assegura una cobertura \u00f2ptima. Dissenyat per ser usat amb base, disponible al nostre cat\u00e0leg, el Garb\u00ed \u00e9s ideal per als que busquen una soluci\u00f3 <span style=\"color: #006eb7;\"><strong>funcional i robusta<\/strong><\/span> per a grans \u00e0rees exteriors. <\/span><\/p>\n","protected":false},"excerpt":{"rendered":"<p>El para-sol Garb\u00ed \u00e9s una opci\u00f3 de grans dimensions, ideal per a qualsevol espai exterior. Amb una estructura d&#8217;alumini i varetes amb perfil rectangular d&#8217;alumini, garanteix una resist\u00e8ncia excel\u00b7lent. El seu teixit textil\u00e8 el converteix en una opci\u00f3 destacada a la seva categoria. Aquest material ofereix una gran resist\u00e8ncia i una llarga vida \u00fatil. Compte amb una v\u00e0lvula d&#8217;alliberament d&#8217;aire\u2026<\/p>\n","protected":false},"featured_media":59246,"template":"","meta":{"_acf_changed":false},"product_brand":[],"product_cat":[736,2257,3634,1346],"product_tag":[],"class_list":{"0":"post-57324","1":"product","2":"type-product","3":"status-publish","4":"has-post-thumbnail","6":"product_cat-para-sols","7":"product_cat-parasols-comercials-per-restaurants","8":"product_cat-parasols-per-jardi-i-terrassa","9":"product_cat-para-sols-professionals-dalumini","10":"pa_diametro-300-ca","12":"first","13":"instock","14":"taxable","15":"shipping-taxable","16":"purchasable","17":"product-type-variable"},"bundled_by":[],"bundle_stock_status":"instock","bundle_stock_quantity":null,"bundle_virtual":false,"bundle_layout":"","bundle_add_to_cart_form_location":"","bundle_editable_in_cart":false,"bundle_sold_individually_context":"","bundle_item_grouping":"","bundle_min_size":"","bundle_max_size":"","bundle_price":[],"bundled_items":[],"bundle_sell_ids":[],"acf":[],"_links":{"self":[{"href":"https:\/\/www.balliuexport.com\/ca\/wp-json\/wp\/v2\/product\/57324","targetHints":{"allow":["GET"]}}],"collection":[{"href":"https:\/\/www.balliuexport.com\/ca\/wp-json\/wp\/v2\/product"}],"about":[{"href":"https:\/\/www.balliuexport.com\/ca\/wp-json\/wp\/v2\/types\/product"}],"wp:featuredmedia":[{"embeddable":true,"href":"https:\/\/www.balliuexport.com\/ca\/wp-json\/wp\/v2\/media\/59246"}],"wp:attachment":[{"href":"https:\/\/www.balliuexport.com\/ca\/wp-json\/wp\/v2\/media?parent=57324"}],"wp:term":[{"taxonomy":"product_brand","embeddable":true,"href":"https:\/\/www.balliuexport.com\/ca\/wp-json\/wp\/v2\/product_brand?post=57324"},{"taxonomy":"product_cat","embeddable":true,"href":"https:\/\/www.balliuexport.com\/ca\/wp-json\/wp\/v2\/product_cat?post=57324"},{"taxonomy":"product_tag","embeddable":true,"href":"https:\/\/www.balliuexport.com\/ca\/wp-json\/wp\/v2\/product_tag?post=57324"}],"curies":[{"name":"wp","href":"https:\/\/api.w.org\/{rel}","templated":true}]}}