{"id":57404,"date":"2025-04-22T11:11:58","date_gmt":"2025-04-22T09:11:58","guid":{"rendered":"https:\/\/www.balliuexport.com\/producto\/cadira-de-resina-vera\/"},"modified":"2026-01-26T10:56:54","modified_gmt":"2026-01-26T09:56:54","slug":"cadira-de-resina-amb-reposabracos-vera","status":"publish","type":"product","link":"https:\/\/www.balliuexport.com\/ca\/producte\/cadira-de-resina-amb-reposabracos-vera\/","title":{"rendered":"Cadira Vera amb reposabra\u00e7os"},"content":{"rendered":"<p><iframe style=\"width: 1000px; height: 440px; overflow: hidden; border-radius: 8px;\" src=\"https:\/\/viewer.ienhance.co\/v\/app\/0ca5245f-c66c-4f56-8c70-0efa3b4e2cfc\" frameborder=\"0\" allowfullscreen=\"allowfullscreen\"><span data-mce-type=\"bookmark\" style=\"display: inline-block; width: 0px; overflow: hidden; line-height: 0;\" class=\"mce_SELRES_start\"><\/span> <\/iframe><\/p>\n<h2 data-start=\"199\" data-end=\"242\"><span style=\"color: #006eb7;\"><strong data-start=\"199\" data-end=\"242\">Vera: estructura s\u00f2lida amb \u00e0nima lleugera<\/strong><\/span><\/h2>\n<p class=\"\" data-start=\"244\" data-end=\"514\"><span style=\"color: #7a7a7a;\">La cadira Vera amb reposabra\u00e7os destaca pel seu equilibri entre <span style=\"color: #006eb7;\"><strong>robustesa<\/strong><\/span> i <span style=\"color: #006eb7;\"><strong>estil contemporani<\/strong><\/span> . Fabricada en resina de polipropileno reforzada con carga mineral, ofrece una gran resistencia estructural, estabilidad y un rendimiento \u00f3ptimo en exteriores, incluso en condiciones exigentes. Su respaldo, definido por un entramado rectil\u00edneo, no solo aligera visualmente la pieza, sino que refuerza su car\u00e1cter din\u00e1mico y actual. El dise\u00f1o apilable permite una gesti\u00f3n eficiente del espacio, mientras que su silueta geom\u00e9trica aporta personalidad sin estridencias. <strong data-start=\"790\" data-end=\"932\"><span style=\"color: #006eb7;\">Vers\u00e1til, funcional y con una est\u00e9tica limpia<\/span>, <\/strong>Vera responde con eficacia a las necesidades del canal profesional sin renunciar al dise\u00f1o.<\/span><\/p>\n","protected":false},"excerpt":{"rendered":"<p>Vera: estructura s\u00f2lida amb \u00e0nima lleugera La cadira Vera amb reposabra\u00e7os destaca pel seu equilibri entre robustesa i estil contemporani . Fabricada en resina de polipropileno reforzada con carga mineral, ofrece una gran resistencia estructural, estabilidad y un rendimiento \u00f3ptimo en exteriores, incluso en condiciones exigentes. Su respaldo, definido por un entramado rectil\u00edneo, no solo aligera visualmente la pieza, sino\u2026<\/p>\n","protected":false},"featured_media":70812,"template":"","meta":{"_acf_changed":false},"product_brand":[],"product_cat":[2270,492,2822,2572,2709],"product_tag":[],"class_list":{"0":"post-57404","1":"product","2":"type-product","3":"status-publish","4":"has-post-thumbnail","6":"product_cat-mobles-exterior-hotels","7":"product_cat-cadires","8":"product_cat-cadires-de-resina","9":"product_cat-els-nostres-destacats","10":"product_cat-mobiliari-per-a-parcs-aquatics","12":"first","13":"instock","14":"taxable","15":"shipping-taxable","16":"purchasable","17":"product-type-variable"},"bundled_by":[],"bundle_stock_status":"instock","bundle_stock_quantity":null,"bundle_virtual":false,"bundle_layout":"","bundle_add_to_cart_form_location":"","bundle_editable_in_cart":false,"bundle_sold_individually_context":"","bundle_item_grouping":"","bundle_min_size":"","bundle_max_size":"","bundle_price":[],"bundled_items":[],"bundle_sell_ids":[],"acf":[],"_links":{"self":[{"href":"https:\/\/www.balliuexport.com\/ca\/wp-json\/wp\/v2\/product\/57404","targetHints":{"allow":["GET"]}}],"collection":[{"href":"https:\/\/www.balliuexport.com\/ca\/wp-json\/wp\/v2\/product"}],"about":[{"href":"https:\/\/www.balliuexport.com\/ca\/wp-json\/wp\/v2\/types\/product"}],"wp:featuredmedia":[{"embeddable":true,"href":"https:\/\/www.balliuexport.com\/ca\/wp-json\/wp\/v2\/media\/70812"}],"wp:attachment":[{"href":"https:\/\/www.balliuexport.com\/ca\/wp-json\/wp\/v2\/media?parent=57404"}],"wp:term":[{"taxonomy":"product_brand","embeddable":true,"href":"https:\/\/www.balliuexport.com\/ca\/wp-json\/wp\/v2\/product_brand?post=57404"},{"taxonomy":"product_cat","embeddable":true,"href":"https:\/\/www.balliuexport.com\/ca\/wp-json\/wp\/v2\/product_cat?post=57404"},{"taxonomy":"product_tag","embeddable":true,"href":"https:\/\/www.balliuexport.com\/ca\/wp-json\/wp\/v2\/product_tag?post=57404"}],"curies":[{"name":"wp","href":"https:\/\/api.w.org\/{rel}","templated":true}]}}