{"id":5746,"date":"2023-05-26T14:08:06","date_gmt":"2023-05-26T12:08:06","guid":{"rendered":"https:\/\/balliuexport.com\/producto\/set-de-jardi-1-taula-i-6-cadires\/"},"modified":"2025-12-03T16:47:28","modified_gmt":"2025-12-03T15:47:28","slug":"conjunt-de-jardi-1-taula-i-6-cadires","status":"publish","type":"product","link":"https:\/\/www.balliuexport.com\/ca\/producte\/conjunt-de-jardi-1-taula-i-6-cadires\/","title":{"rendered":"Conjunt de jard\u00ed &#8211; 1 taula i 6 cadires"},"content":{"rendered":"<div style=\"font-family: Gilroy, Arial, sans-serif; font-size: 17.5px; line-height: 1.3; text-align: justify; margin: 0; padding: 0;\">\n<p><span style=\"color: #006eb7;\"><strong>Transforma els teus espais exteriors amb aquest elegant i pr\u00e0ctic conjunt de mobiliari.<\/strong><\/span><\/p>\n<p><span style=\"color: #006eb7;\"><span style=\"color: #7a7a7a;\">La<\/span> <strong>taula Brunei<\/strong> <span style=\"color: #7a7a7a;\">destaca per la resistent estructura d&#8217;alumini endurit i cargols en acer inoxidable, dissenyada per suportar les exig\u00e8ncies de l&#8217;\u00fas en exteriors. El seu tauler HPL no sols aporta un acabat modern, sin\u00f3 que tamb\u00e9 ofereix una alta resist\u00e8ncia a les condicions clim\u00e0tiques m\u00e9s adverses. <\/span><\/span><br \/>\n<span style=\"color: #006eb7;\"><strong><span style=\"color: #7a7a7a;\">Mides de la taula:<\/span><\/strong> 190 x 90 cm.<\/span><br \/>\n<span style=\"color: #006eb7;\">Acompanyant aquesta taula, les <span style=\"color: #7a7a7a;\"><strong>cadires Etna<\/strong><\/span> <span style=\"color: #7a7a7a;\">ofereixen una combinaci\u00f3 perfecta de lleugeresa i funcionalitat. Amb una estructura d&#8217;alumini endurit, cargols d&#8217;acer inoxidable i un disseny apilable, aquestes cadires s\u00f3n ideals per estalviar espai. El seu seient i respatller en teixit transpirable afegeixen comoditat i estil.  <\/span><\/span><br \/>\n<span style=\"color: #006eb7;\"><strong>El conjunt inclou:<\/strong><\/span><\/p>\n<ul style=\"margin: 2px 0 0 20px; padding: 0;\">\n<li style=\"list-style-type: none;\">\n<ul style=\"margin: 2px 0 0 20px; padding: 0;\">\n<li><span style=\"color: #7a7a7a;\">Taula Brunei (1 unitat) de 190 x 90 cm.<\/span><\/li>\n<li><span style=\"color: #7a7a7a;\">Cadira Etna (6 unitats).<\/span><\/li>\n<\/ul>\n<\/li>\n<\/ul>\n<p><span style=\"color: #006eb7;\">Un conjunt dissenyat per oferir<span style=\"color: #7a7a7a;\"><strong> durabilitat, comoditat i estil<\/strong><\/span><span style=\"color: #7a7a7a;\">, ideal per a jardins, terrasses i ambients a l&#8217;aire lliure. Perfecte per gaudir de reunions a l&#8217;exterior sense preocupacions! <\/span><\/span><\/p>\n<\/div>\n","protected":false},"excerpt":{"rendered":"<p>Taula Brunei 190&#215;90 cm (1 u.) + cadira Etna (6 u.)<\/p>\n<p>&nbsp;<\/p>\n","protected":false},"featured_media":8909,"template":"","meta":{"_acf_changed":false},"product_brand":[],"product_cat":[475,2260,486],"product_tag":[],"class_list":{"0":"post-5746","1":"product","2":"type-product","3":"status-publish","4":"has-post-thumbnail","6":"product_cat-conjunts-mobles-per-a-exterior","7":"product_cat-mobles-de-pati-moderns","8":"product_cat-ofertes-de-mobles-dexterior","10":"first","11":"instock","12":"sale","13":"taxable","14":"shipping-taxable","15":"purchasable","16":"product-type-bundle"},"bundled_by":[],"bundle_stock_status":"instock","bundle_stock_quantity":"","bundle_virtual":false,"bundle_layout":"default","bundle_add_to_cart_form_location":"default","bundle_editable_in_cart":false,"bundle_sold_individually_context":"product","bundle_item_grouping":"parent","bundle_min_size":"","bundle_max_size":"","bundle_price":{"price":{"min":{"incl_tax":"1932.74","excl_tax":"1597.31"},"max":{"incl_tax":"","excl_tax":""}},"regular_price":{"min":{"incl_tax":"2034.47","excl_tax":"1681.38"},"max":{"incl_tax":"","excl_tax":""}}},"bundled_items":[{"bundled_item_id":129,"product_id":5785,"menu_order":0,"quantity_min":1,"quantity_max":"","quantity_default":1,"priced_individually":true,"shipped_individually":false,"override_title":false,"title":"Taula Brunei","override_description":true,"description":"Taula Brunei","optional":false,"hide_thumbnail":false,"discount":"5","override_variations":true,"allowed_variations":[43871,43874,43877,43880,43883,43886,43889,43892,43895,43898,43901,43904,43907,43910,43913],"override_default_variation_attributes":false,"default_variation_attributes":[],"single_product_visibility":"visible","cart_visibility":"visible","order_visibility":"visible","single_product_price_visibility":"visible","cart_price_visibility":"visible","order_price_visibility":"visible","stock_status":"in_stock"},{"bundled_item_id":130,"product_id":6127,"menu_order":1,"quantity_min":6,"quantity_max":6,"quantity_default":6,"priced_individually":true,"shipped_individually":false,"override_title":false,"title":"Cadira Etna","override_description":true,"description":"Cadira Etna","optional":false,"hide_thumbnail":false,"discount":"5","override_variations":false,"allowed_variations":[""],"override_default_variation_attributes":false,"default_variation_attributes":[],"single_product_visibility":"visible","cart_visibility":"visible","order_visibility":"visible","single_product_price_visibility":"visible","cart_price_visibility":"visible","order_price_visibility":"visible","stock_status":"in_stock"}],"bundle_sell_ids":[],"acf":[],"_links":{"self":[{"href":"https:\/\/www.balliuexport.com\/ca\/wp-json\/wp\/v2\/product\/5746","targetHints":{"allow":["GET"]}}],"collection":[{"href":"https:\/\/www.balliuexport.com\/ca\/wp-json\/wp\/v2\/product"}],"about":[{"href":"https:\/\/www.balliuexport.com\/ca\/wp-json\/wp\/v2\/types\/product"}],"wp:featuredmedia":[{"embeddable":true,"href":"https:\/\/www.balliuexport.com\/ca\/wp-json\/wp\/v2\/media\/8909"}],"wp:attachment":[{"href":"https:\/\/www.balliuexport.com\/ca\/wp-json\/wp\/v2\/media?parent=5746"}],"wp:term":[{"taxonomy":"product_brand","embeddable":true,"href":"https:\/\/www.balliuexport.com\/ca\/wp-json\/wp\/v2\/product_brand?post=5746"},{"taxonomy":"product_cat","embeddable":true,"href":"https:\/\/www.balliuexport.com\/ca\/wp-json\/wp\/v2\/product_cat?post=5746"},{"taxonomy":"product_tag","embeddable":true,"href":"https:\/\/www.balliuexport.com\/ca\/wp-json\/wp\/v2\/product_tag?post=5746"}],"curies":[{"name":"wp","href":"https:\/\/api.w.org\/{rel}","templated":true}]}}