{"id":5762,"date":"2020-01-24T09:56:57","date_gmt":"2020-01-24T08:56:57","guid":{"rendered":"https:\/\/balliuexport.com\/producto\/carmen\/"},"modified":"2026-02-04T15:58:32","modified_gmt":"2026-02-04T14:58:32","slug":"gandula-de-resina-carmen","status":"publish","type":"product","link":"https:\/\/www.balliuexport.com\/ca\/producte\/gandula-de-resina-carmen\/","title":{"rendered":"Gandula Carmen"},"content":{"rendered":"<p><iframe style=\"width: 1000px; height: 440px; overflow: hidden; border-radius: 8px;\" src=\"https:\/\/viewer.ienhance.co\/v\/app\/3e2dddb0-7c71-4d48-977b-332a084c8dcd\" frameborder=\"0\" allowfullscreen=\"allowfullscreen\"><span data-mce-type=\"bookmark\" style=\"display: inline-block; width: 0px; overflow: hidden; line-height: 0;\" class=\"mce_SELRES_start\"><\/span> <\/iframe><\/p>\n<h2><strong><span style=\"color: #006eb7;\">Relaxa&#8217;t amb estil: la gandula de resina que s&#8217;adapta a tu<\/span><\/strong><\/h2>\n<p data-start=\"221\" data-end=\"544\"><span style=\"color: #7a7a7a;\">La gandula de resina Carmen fabricada en resina de polipropil\u00e8, est\u00e0 dissenyada per oferir-te l&#8217;equilibri perfecte entre <span style=\"color: #006eb7;\"><strong>comoditat<\/strong><\/span> , resist\u00e8ncia i sostenibilitat.  <\/span><span style=\"color: #006eb7;\"><strong> rodes integrades<\/strong><\/span><span style=\"color: #7a7a7a;\">, moure-la \u00e9s un joc de nens, mentre que l&#8217;innovador sistema de subjecci\u00f3 amb cord\u00f3 garanteix que el teixit mantingui sempre la tensi\u00f3 ideal. I si busques un toc \u00fanic, <\/span> <span style=\"color: #006eb7;\"><strong>personalitza el teixit amb el teu logotip corporatiu<\/strong><\/span> <span style=\"color: #7a7a7a;\">per a una imatge impecable en hotels, clubs o espais professionals.<\/span><\/p>\n<p data-start=\"221\" data-end=\"544\"><span style=\"color: #7a7a7a;\">Completa la teva zona de descans combinant aquesta gandula de resina amb les nostres<\/span><a href=\"https:\/\/www.balliuexport.com\/ca\/categories\/taules\/taules-auxiliars\/\"><span style=\"color: #006eb7;\"><strong data-start=\"169\" data-end=\"189\"> taules auxiliars<\/strong><\/span><\/a><span style=\"color: #7a7a7a;\">, el complement perfecte per tenir-ho tot a m\u00e0 mentre gaudeixes del sol.<\/span><\/p>\n<p>&nbsp;<\/p>\n","protected":false},"excerpt":{"rendered":"<p>Gandula reclinable per platges, hotels i col\u00b7lectivitats amb una estructura de polipropil\u00e8 i teixit.<\/p>\n","protected":false},"featured_media":11484,"template":"","meta":{"_acf_changed":false},"product_brand":[],"product_cat":[485,1331,962,1313,1327,1301,1197,1306,2249,2270],"product_tag":[],"class_list":{"0":"post-5762","1":"product","2":"type-product","3":"status-publish","4":"has-post-thumbnail","6":"product_cat-gandules","7":"product_cat-gandules-apilables","8":"product_cat-gandules-de-plastic-reciclat-gandules","9":"product_cat-gandules-de-platja","10":"product_cat-gandules-de-resina","11":"product_cat-gandules-hotels","12":"product_cat-gandules-professionals-per-a-piscines","13":"product_cat-gandules-per-a-spas","14":"product_cat-mobiliari-de-piscina","15":"product_cat-mobles-exterior-hotels","17":"first","18":"instock","19":"taxable","20":"shipping-taxable","21":"purchasable","22":"product-type-variable"},"bundled_by":[],"bundle_stock_status":"instock","bundle_stock_quantity":null,"bundle_virtual":false,"bundle_layout":"","bundle_add_to_cart_form_location":"","bundle_editable_in_cart":false,"bundle_sold_individually_context":"","bundle_item_grouping":"","bundle_min_size":"","bundle_max_size":"","bundle_price":[],"bundled_items":[],"bundle_sell_ids":[],"acf":[],"_links":{"self":[{"href":"https:\/\/www.balliuexport.com\/ca\/wp-json\/wp\/v2\/product\/5762","targetHints":{"allow":["GET"]}}],"collection":[{"href":"https:\/\/www.balliuexport.com\/ca\/wp-json\/wp\/v2\/product"}],"about":[{"href":"https:\/\/www.balliuexport.com\/ca\/wp-json\/wp\/v2\/types\/product"}],"wp:featuredmedia":[{"embeddable":true,"href":"https:\/\/www.balliuexport.com\/ca\/wp-json\/wp\/v2\/media\/11484"}],"wp:attachment":[{"href":"https:\/\/www.balliuexport.com\/ca\/wp-json\/wp\/v2\/media?parent=5762"}],"wp:term":[{"taxonomy":"product_brand","embeddable":true,"href":"https:\/\/www.balliuexport.com\/ca\/wp-json\/wp\/v2\/product_brand?post=5762"},{"taxonomy":"product_cat","embeddable":true,"href":"https:\/\/www.balliuexport.com\/ca\/wp-json\/wp\/v2\/product_cat?post=5762"},{"taxonomy":"product_tag","embeddable":true,"href":"https:\/\/www.balliuexport.com\/ca\/wp-json\/wp\/v2\/product_tag?post=5762"}],"curies":[{"name":"wp","href":"https:\/\/api.w.org\/{rel}","templated":true}]}}