{"id":5785,"date":"2023-05-22T15:16:42","date_gmt":"2023-05-22T13:16:42","guid":{"rendered":"https:\/\/balliuexport.com\/producto\/brunei-4\/"},"modified":"2025-12-01T13:07:43","modified_gmt":"2025-12-01T12:07:43","slug":"taula-de-alumini-brunei","status":"publish","type":"product","link":"https:\/\/www.balliuexport.com\/ca\/producte\/taula-de-alumini-brunei\/","title":{"rendered":"Taula Brunei"},"content":{"rendered":"<p><iframe style=\"width: 1000px; height: 440px; overflow: hidden; border-radius: 8px;\" src=\"https:\/\/viewer.ienhance.co\/v\/app\/c6677a0f-a093-41c8-b25f-061ae3e7410d\" frameborder=\"0\" allowfullscreen=\"allowfullscreen\"><span data-mce-type=\"bookmark\" style=\"display: inline-block; width: 0px; overflow: hidden; line-height: 0;\" class=\"mce_SELRES_start\"><\/span><span data-mce-type=\"bookmark\" style=\"display: inline-block; width: 0px; overflow: hidden; line-height: 0;\" class=\"mce_SELRES_start\"><\/span> <\/iframe><\/p>\n<h2 data-start=\"241\" data-end=\"508\"><span style=\"color: #006eb7;\"><strong data-start=\"917\" data-end=\"996\">Brunei \u00e9s m\u00e9s que una taula: \u00e9s una soluci\u00f3 estructural pensada per durar.<\/strong><\/span><\/h2>\n<p class=\"\" data-start=\"241\" data-end=\"508\"><span style=\"color: #7a7a7a;\">La taula Brunei ha estat dissenyada per oferir estabilitat, resist\u00e8ncia i eleg\u00e0ncia en una \u00fanica estructura. La seva armadura d&#8217;alumini endurit, refor\u00e7ada amb cargols en acer inoxidable, garanteix un alt rendiment en exteriors, fins i tot en condicions exigents. El gruix de 2 mm al perfil aporta una pres\u00e8ncia robusta, sense perdre la neteja visual de les l\u00ednies. El tauler en HPL, altament resistent a la intemp\u00e8rie, est\u00e0 disponible en diferents mides, permetent la seva integraci\u00f3 en una \u00e0mplia varietat d&#8217;espais professionals. Per a un ajustament impecable, incorpora topalls graduables a les potes, assegurant estabilitat fins i tot en superf\u00edcies irregulars.    <\/span><\/p>\n","protected":false},"excerpt":{"rendered":"<p>Taula per a terrasses i restaurants de tub d&#8217;alumini i tauler HPL o HPL GD<\/p>\n<p>&nbsp;<\/p>\n","protected":false},"featured_media":8970,"template":"","meta":{"_acf_changed":false},"product_brand":[],"product_cat":[2270,469,2228],"product_tag":[],"class_list":{"0":"post-5785","1":"product","2":"type-product","3":"status-publish","4":"has-post-thumbnail","6":"product_cat-mobles-exterior-hotels","7":"product_cat-taules-per-a-exterior","8":"product_cat-taules-exteriors-de-restaurants","10":"first","11":"instock","12":"taxable","13":"shipping-taxable","14":"purchasable","15":"product-type-variable"},"bundled_by":["5746","70121","70130"],"bundle_stock_status":"instock","bundle_stock_quantity":null,"bundle_virtual":false,"bundle_layout":"","bundle_add_to_cart_form_location":"","bundle_editable_in_cart":false,"bundle_sold_individually_context":"","bundle_item_grouping":"","bundle_min_size":"","bundle_max_size":"","bundle_price":[],"bundled_items":[],"bundle_sell_ids":[],"acf":[],"_links":{"self":[{"href":"https:\/\/www.balliuexport.com\/ca\/wp-json\/wp\/v2\/product\/5785","targetHints":{"allow":["GET"]}}],"collection":[{"href":"https:\/\/www.balliuexport.com\/ca\/wp-json\/wp\/v2\/product"}],"about":[{"href":"https:\/\/www.balliuexport.com\/ca\/wp-json\/wp\/v2\/types\/product"}],"wp:featuredmedia":[{"embeddable":true,"href":"https:\/\/www.balliuexport.com\/ca\/wp-json\/wp\/v2\/media\/8970"}],"wp:attachment":[{"href":"https:\/\/www.balliuexport.com\/ca\/wp-json\/wp\/v2\/media?parent=5785"}],"wp:term":[{"taxonomy":"product_brand","embeddable":true,"href":"https:\/\/www.balliuexport.com\/ca\/wp-json\/wp\/v2\/product_brand?post=5785"},{"taxonomy":"product_cat","embeddable":true,"href":"https:\/\/www.balliuexport.com\/ca\/wp-json\/wp\/v2\/product_cat?post=5785"},{"taxonomy":"product_tag","embeddable":true,"href":"https:\/\/www.balliuexport.com\/ca\/wp-json\/wp\/v2\/product_tag?post=5785"}],"curies":[{"name":"wp","href":"https:\/\/api.w.org\/{rel}","templated":true}]}}