{"id":5798,"date":"2021-09-15T08:16:07","date_gmt":"2021-09-15T06:16:07","guid":{"rendered":"https:\/\/balliuexport.com\/producto\/etna-3\/"},"modified":"2026-02-05T10:45:43","modified_gmt":"2026-02-05T09:45:43","slug":"gandula-d-alumini-etna","status":"publish","type":"product","link":"https:\/\/www.balliuexport.com\/ca\/producte\/gandula-d-alumini-etna\/","title":{"rendered":"Gandula Etna"},"content":{"rendered":"<p><iframe style=\"width: 1000px; height: 440px; overflow: hidden; border-radius: 8px;\" src=\"https:\/\/viewer.ienhance.co\/v\/app\/e6e9f2e9-2ed4-4a99-8125-87206f612e0e\" frameborder=\"0\" allowfullscreen=\"allowfullscreen\"><span data-mce-type=\"bookmark\" style=\"display: inline-block; width: 0px; overflow: hidden; line-height: 0;\" class=\"mce_SELRES_start\"><\/span> <\/iframe><\/p>\n<h2><strong><span style=\"color: #006eb7;\">Gandula d&#8217;alumini Etna: Disseny que inspira, resist\u00e8ncia que perdura<\/span><\/strong><\/h2>\n<p class=\"\" data-start=\"358\" data-end=\"551\"><span style=\"color: #7a7a7a;\">Dissenyada per a entorns exigents i pensada per impressionar, la gandula Etna \u00e9s l&#8217;aliada perfecta per a hotels, resorts i espais exclusius que busquen combinar estil, confort i resist\u00e8ncia. La seva estructura de <\/span> <span style=\"color: #006eb7;\"><strong>alumini endurit<\/strong><\/span><span style=\"color: #7a7a7a;\">, amb nervat intern i <\/span><span style=\"color: #006eb7;\"><strong>cargols en acer inoxidable<\/strong><\/span><span style=\"color: #7a7a7a;\">, garanteix una solidesa incomparable fins i tot amb un \u00fas intensiu. El respatller reclinable a <\/span> <span style=\"color: #006eb7;\"><strong>cinc posicions<\/strong><\/span><span style=\"color: #7a7a7a;\"> proporciona una experi\u00e8ncia de descans superior, mentre que el<\/span> <span style=\"color: #006eb7;\"><strong>teixit substitu\u00efble<\/strong><\/span> <span style=\"color: #7a7a7a;\">mitjan\u00e7ant guies permet un manteniment r\u00e0pid i eficient, ideal per a operacions hoteleres din\u00e0miques.<\/span><\/p>\n<p class=\"\" data-start=\"944\" data-end=\"1161\"><span style=\"color: #7a7a7a;\">Amb un disseny minimalista i atemporal, Etna aporta un toc d\u02bbeleg\u00e0ncia discreta a qualsevol espai exterior. A m\u00e9s, es pot equipar amb rodes en color gris per facilitar-ne la mobilitat sense renunciar a l&#8217;est\u00e8tica. Duradora, funcional i amb una imatge impecable: Etna est\u00e0 pensada per als que no es conformen amb all\u00f2 b\u00e0sic i busquen oferir una experi\u00e8ncia de primer nivell.  <\/span><\/p>\n<p data-start=\"448\" data-end=\"628\" data-is-last-node=\"\" data-is-only-node=\"\"><span style=\"color: #7a7a7a;\">A m\u00e9s, el teixit \u00e9s personalitzable amb el teu<\/span> <span style=\"color: #006eb7;\"><strong data-start=\"487\" data-end=\"507\">logo corporatiu<\/strong><\/span><span style=\"color: #7a7a7a;\">, ideal per crear una imatge de marca. A m\u00e9s, est\u00e0 disponible a <\/span> <a href=\"https:\/\/www.balliuexport.com\/ca\/producte\/gandula-alumini-etna-alta\/\"><span style=\"color: #006eb7;\"><strong data-start=\"574\" data-end=\"590\">versi\u00f3 alta<\/strong><\/span><\/a><span style=\"color: #7a7a7a;\">, adaptant-se a diferents necessitats.<\/span><\/p>\n","protected":false},"excerpt":{"rendered":"<p>Gandula apilable per a hotels, spas i instal\u00b7lacions esportives, apilable, fabricada en alumini i teixit.<\/p>\n","protected":false},"featured_media":9163,"template":"","meta":{"_acf_changed":false},"product_brand":[],"product_cat":[485,2572,1331,1342,2221,1301,1197,1306,2705],"product_tag":[],"class_list":{"0":"post-5798","1":"product","2":"type-product","3":"status-publish","4":"has-post-thumbnail","6":"product_cat-gandules","7":"product_cat-els-nostres-destacats","8":"product_cat-gandules-apilables","9":"product_cat-gandules-dalumini","10":"product_cat-gandules-dalta-gamma","11":"product_cat-gandules-hotels","12":"product_cat-gandules-professionals-per-a-piscines","13":"product_cat-gandules-per-a-spas","14":"product_cat-mobiliari-de-exterior-per-creuers","16":"first","17":"instock","18":"taxable","19":"shipping-taxable","20":"purchasable","21":"product-type-variable"},"bundled_by":["70246"],"bundle_stock_status":"instock","bundle_stock_quantity":null,"bundle_virtual":false,"bundle_layout":"","bundle_add_to_cart_form_location":"","bundle_editable_in_cart":false,"bundle_sold_individually_context":"","bundle_item_grouping":"","bundle_min_size":"","bundle_max_size":"","bundle_price":[],"bundled_items":[],"bundle_sell_ids":[],"acf":[],"_links":{"self":[{"href":"https:\/\/www.balliuexport.com\/ca\/wp-json\/wp\/v2\/product\/5798","targetHints":{"allow":["GET"]}}],"collection":[{"href":"https:\/\/www.balliuexport.com\/ca\/wp-json\/wp\/v2\/product"}],"about":[{"href":"https:\/\/www.balliuexport.com\/ca\/wp-json\/wp\/v2\/types\/product"}],"wp:featuredmedia":[{"embeddable":true,"href":"https:\/\/www.balliuexport.com\/ca\/wp-json\/wp\/v2\/media\/9163"}],"wp:attachment":[{"href":"https:\/\/www.balliuexport.com\/ca\/wp-json\/wp\/v2\/media?parent=5798"}],"wp:term":[{"taxonomy":"product_brand","embeddable":true,"href":"https:\/\/www.balliuexport.com\/ca\/wp-json\/wp\/v2\/product_brand?post=5798"},{"taxonomy":"product_cat","embeddable":true,"href":"https:\/\/www.balliuexport.com\/ca\/wp-json\/wp\/v2\/product_cat?post=5798"},{"taxonomy":"product_tag","embeddable":true,"href":"https:\/\/www.balliuexport.com\/ca\/wp-json\/wp\/v2\/product_tag?post=5798"}],"curies":[{"name":"wp","href":"https:\/\/api.w.org\/{rel}","templated":true}]}}