{"id":5804,"date":"2022-07-15T09:03:02","date_gmt":"2022-07-15T07:03:02","guid":{"rendered":"https:\/\/balliuexport.com\/producto\/atlanta\/"},"modified":"2026-02-18T12:25:57","modified_gmt":"2026-02-18T11:25:57","slug":"taula-extensible-de-alumini-atlanta","status":"publish","type":"product","link":"https:\/\/www.balliuexport.com\/ca\/producte\/taula-extensible-de-alumini-atlanta\/","title":{"rendered":"Taula Atlanta"},"content":{"rendered":"<p><span style=\"color: #7a7a7a;\">La taula extensible Atlanta est\u00e0 fabricada amb tub d&#8217;alumini endurit, fet que garanteix una gran durabilitat i resist\u00e8ncia. El tauler de lamel\u00b7les d&#8217;alumini, recobert amb pintura epoxi, no nom\u00e9s ofereix una est\u00e8tica moderna i elegant, sin\u00f3 que tamb\u00e9 proporciona una excel\u00b7lent resist\u00e8ncia a la intemp\u00e8rie i als raigs UV. Aix\u00f2 la converteix en una opci\u00f3 ideal per a exteriors, assegurant que mantindr\u00e0 la seva aparen\u00e7a i funcionalitat durant anys, fins i tot en les condicions m\u00e9s exigents.<\/span><\/p>\n<p><span style=\"color: #7a7a7a;\">Una de les caracter\u00edstiques m\u00e9s destacades daquesta taula \u00e9s la seva capacitat extensible. Dissenyada per maximitzar l&#8217;\u00fas de l&#8217;espai, la taula es pot ajustar segons les vostres necessitats, i \u00e9s perfecta per a reunions familiars, sopars a l&#8217;aire lliure o esdeveniments especials. L&#8217;extensi\u00f3 es guarda convenientment a l&#8217;interior de la taula, cosa que en facilita l&#8217;\u00fas i l&#8217;emmagatzematge sense ocupar espai addicional.<\/span><\/p>\n<p><span style=\"color: #7a7a7a;\">A m\u00e9s, aquesta taula est\u00e0 disponible en dues mides, oferint versatilitat per adaptar-se a diferents espais i necessitats. Ja sigui per a un petit balc\u00f3 o una \u00e0mplia terrassa, trobareu l&#8217;opci\u00f3 que millor s&#8217;ajusti al vostre entorn. En resum, aquesta taula extensible d&#8217;alumini endurit \u00e9s una soluci\u00f3 pr\u00e0ctica i duradora per a qualsevol \u00e0rea exterior, combinant funcionalitat, estil i resist\u00e8ncia en un sol producte.<\/span><\/p>\n","protected":false},"excerpt":{"rendered":"<p>Taula extensible d&#8217;alumini endurit amb tauler de lamel\u00b7les i recobriment epoxi, ideal per a exteriors. M\u00e0xima durabilitat i versatilitat en dues mides.<\/p>\n","protected":false},"featured_media":18242,"template":"","meta":{"_acf_changed":false},"product_brand":[],"product_cat":[469,2228,3500],"product_tag":[],"class_list":{"0":"post-5804","1":"product","2":"type-product","3":"status-publish","4":"has-post-thumbnail","6":"product_cat-taules-per-a-exterior","7":"product_cat-taules-exteriors-de-restaurants","8":"product_cat-taules-extensibles-exterior","9":"pa_largoxancho-140-180-x-90","10":"pa_largoxancho-mesura-atlanta-3","12":"first","13":"instock","14":"taxable","15":"shipping-taxable","16":"purchasable","17":"product-type-variable"},"bundled_by":["70154"],"bundle_stock_status":"instock","bundle_stock_quantity":null,"bundle_virtual":false,"bundle_layout":"","bundle_add_to_cart_form_location":"","bundle_editable_in_cart":false,"bundle_sold_individually_context":"","bundle_item_grouping":"","bundle_min_size":"","bundle_max_size":"","bundle_price":[],"bundled_items":[],"bundle_sell_ids":[],"acf":[],"_links":{"self":[{"href":"https:\/\/www.balliuexport.com\/ca\/wp-json\/wp\/v2\/product\/5804","targetHints":{"allow":["GET"]}}],"collection":[{"href":"https:\/\/www.balliuexport.com\/ca\/wp-json\/wp\/v2\/product"}],"about":[{"href":"https:\/\/www.balliuexport.com\/ca\/wp-json\/wp\/v2\/types\/product"}],"wp:featuredmedia":[{"embeddable":true,"href":"https:\/\/www.balliuexport.com\/ca\/wp-json\/wp\/v2\/media\/18242"}],"wp:attachment":[{"href":"https:\/\/www.balliuexport.com\/ca\/wp-json\/wp\/v2\/media?parent=5804"}],"wp:term":[{"taxonomy":"product_brand","embeddable":true,"href":"https:\/\/www.balliuexport.com\/ca\/wp-json\/wp\/v2\/product_brand?post=5804"},{"taxonomy":"product_cat","embeddable":true,"href":"https:\/\/www.balliuexport.com\/ca\/wp-json\/wp\/v2\/product_cat?post=5804"},{"taxonomy":"product_tag","embeddable":true,"href":"https:\/\/www.balliuexport.com\/ca\/wp-json\/wp\/v2\/product_tag?post=5804"}],"curies":[{"name":"wp","href":"https:\/\/api.w.org\/{rel}","templated":true}]}}