{"id":5813,"date":"2018-06-30T12:20:09","date_gmt":"2018-06-30T10:20:09","guid":{"rendered":"https:\/\/balliuexport.com\/producto\/eva-pro\/"},"modified":"2026-02-04T11:45:52","modified_gmt":"2026-02-04T10:45:52","slug":"gandula-de-resina-eva-pro","status":"publish","type":"product","link":"https:\/\/www.balliuexport.com\/ca\/producte\/gandula-de-resina-eva-pro\/","title":{"rendered":"Gandula Eva Pro"},"content":{"rendered":"<p><iframe style=\"width: 1000px; height: 440px; overflow: hidden; border-radius: 8px;\" src=\"https:\/\/viewer.ienhance.co\/v\/app\/5599ade8-05e6-493b-8246-0ad49606cc9b\" frameborder=\"0\" allowfullscreen=\"allowfullscreen\"><span data-mce-type=\"bookmark\" style=\"display: inline-block; width: 0px; overflow: hidden; line-height: 0;\" class=\"mce_SELRES_start\"><\/span><span data-mce-type=\"bookmark\" style=\"display: inline-block; width: 0px; overflow: hidden; line-height: 0;\" class=\"mce_SELRES_start\"><\/span> <\/iframe><\/p>\n<div style=\"line-height: 1.6; font-size: 16px; font-family: Gilroy, sans-serif;\">\n<h2><span style=\"color: #006eb7;\">Gandula Eva pro: Enginyeria de precisi\u00f3 per a un descans inigualable<\/span><\/h2>\n<p data-start=\"292\" data-end=\"644\"><span style=\"color: #7a7a7a;\">La gandula Eva Pro ha estat dissenyada per a un \u00fas professional intensiu a platges, hotels, piscines i centres esportius. Destaca pel seu equilibri entre <span style=\"color: #006eb7;\"><span style=\"color: #006eb7;\">funcionalitat, resist\u00e8ncia i confort regulable.<\/span><\/span> Fabricada en resina de polipropil\u00e8 reciclable amb refor\u00e7 interior d&#8217;acer, ofereix una durabilitat elevada fins i tot en entorns d&#8217;alta exig\u00e8ncia.  <\/span><\/p>\n<p data-start=\"646\" data-end=\"919\"><span style=\"color: #7a7a7a;\">El respatller \u00e9s regulable en cinc posicions, inclosa la posici\u00f3 totalment horitzontal, i les rodes integrades faciliten la seva manipulaci\u00f3 i gesti\u00f3 di\u00e0ria. Compleix amb les normatives <span style=\"color: #006eb7;\"><strong>ASTM F1988-99(2014)<\/strong><\/span> i <span style=\"color: #006eb7;\"><strong>EN 581-1\/2:2017<\/strong><\/span> , i incorpora una <span style=\"color: #006eb7;\"><strong>garantia de 5 anys<\/strong><\/span> al xass\u00eds. <\/span><\/p>\n<p data-start=\"921\" data-end=\"1219\"><span style=\"color: #7a7a7a;\">L&#8217;Eva Pro est\u00e0 disponible en diferents acabats de xass\u00eds, incl\u00f2s l&#8217;acabat Prestige, que amplia les opcions crom\u00e0tiques mantenint intactes les prestacions t\u00e8cniques. El teixit \u00e9s personalitzable i disposem de recanvis per garantir un \u00fas prolongat del producte al llarg del temps. <\/span><\/p>\n<\/div>\n","protected":false},"excerpt":{"rendered":"<p><strong><span style=\"color: #006eb7;\">Preu sense IVA incl\u00f2s<\/span><\/strong><\/p>\n<p><strong>Gandula de platja<\/strong> per a hotels i centres esportius, fabricada en resina de polipropil\u00e8 reciclable i teixit de PVC i poli\u00e8ster.<\/p>\n","protected":false},"featured_media":52286,"template":"","meta":{"_acf_changed":false},"product_brand":[],"product_cat":[485,1331,962,1313,1327,1301,1197,1306],"product_tag":[],"class_list":{"0":"post-5813","1":"product","2":"type-product","3":"status-publish","4":"has-post-thumbnail","6":"product_cat-gandules","7":"product_cat-gandules-apilables","8":"product_cat-gandules-de-plastic-reciclat-gandules","9":"product_cat-gandules-de-platja","10":"product_cat-gandules-de-resina","11":"product_cat-gandules-hotels","12":"product_cat-gandules-professionals-per-a-piscines","13":"product_cat-gandules-per-a-spas","15":"first","16":"instock","17":"taxable","18":"shipping-taxable","19":"purchasable","20":"product-type-variable"},"bundled_by":["70285"],"bundle_stock_status":"instock","bundle_stock_quantity":null,"bundle_virtual":false,"bundle_layout":"","bundle_add_to_cart_form_location":"","bundle_editable_in_cart":false,"bundle_sold_individually_context":"","bundle_item_grouping":"","bundle_min_size":"","bundle_max_size":"","bundle_price":[],"bundled_items":[],"bundle_sell_ids":[],"acf":[],"_links":{"self":[{"href":"https:\/\/www.balliuexport.com\/ca\/wp-json\/wp\/v2\/product\/5813","targetHints":{"allow":["GET"]}}],"collection":[{"href":"https:\/\/www.balliuexport.com\/ca\/wp-json\/wp\/v2\/product"}],"about":[{"href":"https:\/\/www.balliuexport.com\/ca\/wp-json\/wp\/v2\/types\/product"}],"wp:featuredmedia":[{"embeddable":true,"href":"https:\/\/www.balliuexport.com\/ca\/wp-json\/wp\/v2\/media\/52286"}],"wp:attachment":[{"href":"https:\/\/www.balliuexport.com\/ca\/wp-json\/wp\/v2\/media?parent=5813"}],"wp:term":[{"taxonomy":"product_brand","embeddable":true,"href":"https:\/\/www.balliuexport.com\/ca\/wp-json\/wp\/v2\/product_brand?post=5813"},{"taxonomy":"product_cat","embeddable":true,"href":"https:\/\/www.balliuexport.com\/ca\/wp-json\/wp\/v2\/product_cat?post=5813"},{"taxonomy":"product_tag","embeddable":true,"href":"https:\/\/www.balliuexport.com\/ca\/wp-json\/wp\/v2\/product_tag?post=5813"}],"curies":[{"name":"wp","href":"https:\/\/api.w.org\/{rel}","templated":true}]}}