{"id":5829,"date":"2020-01-24T09:54:16","date_gmt":"2020-01-24T08:54:16","guid":{"rendered":"https:\/\/balliuexport.com\/producto\/eva-pro-t-by-mario-eskenazi\/"},"modified":"2026-02-04T15:41:30","modified_gmt":"2026-02-04T14:41:30","slug":"gandula-eva-pro-t-mario-eskenazi","status":"publish","type":"product","link":"https:\/\/www.balliuexport.com\/ca\/producte\/gandula-eva-pro-t-mario-eskenazi\/","title":{"rendered":"Gandula Eva Pro T by Mario Eskenazi"},"content":{"rendered":"<h2><strong><span style=\"color: #006eb7;\">Gandula Eva Pro T: Disseny, confort i sostenibilitat per a espais professionals<\/span><\/strong><\/h2>\n<p data-start=\"124\" data-end=\"534\"><span style=\"color: #7a7a7a;\">La gandula Eva Pro T, dissenyada pel dissenyador argent\u00ed <span style=\"color: #006eb7;\"><strong>Mario Eskenazi<\/strong><\/span>, \u00e9s una de les millors gandules exteriors, perfecta per a platges, hotels, piscines i centres esportius. Fabricada amb resina de polipropil\u00e8 <span style=\"color: #006eb7;\"><strong data-start=\"302\" data-end=\"345\">100% reciclable<\/strong><\/span> i amb refor\u00e7 interior d&#8217;acer, garanteix m\u00e0xima resist\u00e8ncia i durabilitat. El seu suport regulable en cinc posicions ofereix un confort total, arribant fins i tot a una posici\u00f3 horitzontal.  <\/span><\/p>\n<p data-start=\"536\" data-end=\"801\"><span style=\"color: #7a7a7a;\">Classificada com a mobiliari sostenible pel seu \u00fas de material reciclat, la gandula EVA Pro T ve amb garantia professional. A m\u00e9s, pots combinar-la f\u00e0cilment amb les nostres <span style=\"color: #006eb7;\"><a style=\"color: #006eb7;\" href=\"https:\/\/www.balliuexport.com\/ca\/categories\/taules\/taules-auxiliars\/\"><strong>taules auxiliars<\/strong><\/a><\/span> per crear un conjunt harmoni\u00f3s i funcional al teu espai exterior. <\/span><\/p>\n<p>&nbsp;<\/p>\n","protected":false},"excerpt":{"rendered":"<p>Mario Eskenazi, dissenyador gr\u00e0fic d\u2019origen argent\u00ed, dissenya per a Balliu els nous llistons per a la gandula Eva Pro T. El seu estil es caracteritza per la simplicitat i l\u2019enfoc en el concepte. Elimina el que \u00e9s superflu i mostra la veritable ess\u00e8ncia de les coses. <strong>Gandula de platja<\/strong>, hotels i centres esportius, fabricada en resina de polipropil\u00e8 100% reciclable.<\/p>\n","protected":false},"featured_media":45671,"template":"","meta":{"_acf_changed":false},"product_brand":[],"product_cat":[485,1331,962,1313,1327,1301,1197],"product_tag":[],"class_list":{"0":"post-5829","1":"product","2":"type-product","3":"status-publish","4":"has-post-thumbnail","6":"product_cat-gandules","7":"product_cat-gandules-apilables","8":"product_cat-gandules-de-plastic-reciclat-gandules","9":"product_cat-gandules-de-platja","10":"product_cat-gandules-de-resina","11":"product_cat-gandules-hotels","12":"product_cat-gandules-professionals-per-a-piscines","14":"first","15":"instock","16":"taxable","17":"shipping-taxable","18":"purchasable","19":"product-type-variable"},"bundled_by":[],"bundle_stock_status":"instock","bundle_stock_quantity":null,"bundle_virtual":false,"bundle_layout":"","bundle_add_to_cart_form_location":"","bundle_editable_in_cart":false,"bundle_sold_individually_context":"","bundle_item_grouping":"","bundle_min_size":"","bundle_max_size":"","bundle_price":[],"bundled_items":[],"bundle_sell_ids":[],"acf":[],"_links":{"self":[{"href":"https:\/\/www.balliuexport.com\/ca\/wp-json\/wp\/v2\/product\/5829","targetHints":{"allow":["GET"]}}],"collection":[{"href":"https:\/\/www.balliuexport.com\/ca\/wp-json\/wp\/v2\/product"}],"about":[{"href":"https:\/\/www.balliuexport.com\/ca\/wp-json\/wp\/v2\/types\/product"}],"wp:featuredmedia":[{"embeddable":true,"href":"https:\/\/www.balliuexport.com\/ca\/wp-json\/wp\/v2\/media\/45671"}],"wp:attachment":[{"href":"https:\/\/www.balliuexport.com\/ca\/wp-json\/wp\/v2\/media?parent=5829"}],"wp:term":[{"taxonomy":"product_brand","embeddable":true,"href":"https:\/\/www.balliuexport.com\/ca\/wp-json\/wp\/v2\/product_brand?post=5829"},{"taxonomy":"product_cat","embeddable":true,"href":"https:\/\/www.balliuexport.com\/ca\/wp-json\/wp\/v2\/product_cat?post=5829"},{"taxonomy":"product_tag","embeddable":true,"href":"https:\/\/www.balliuexport.com\/ca\/wp-json\/wp\/v2\/product_tag?post=5829"}],"curies":[{"name":"wp","href":"https:\/\/api.w.org\/{rel}","templated":true}]}}