{"id":5871,"date":"2020-01-24T09:56:20","date_gmt":"2020-01-24T08:56:20","guid":{"rendered":"https:\/\/balliuexport.com\/producto\/lola\/"},"modified":"2026-03-10T15:08:06","modified_gmt":"2026-03-10T14:08:06","slug":"gandula-per-a-platja-lola","status":"publish","type":"product","link":"https:\/\/www.balliuexport.com\/ca\/producte\/gandula-per-a-platja-lola\/","title":{"rendered":"Gandula Lola"},"content":{"rendered":"<p><iframe style=\"width: 1000px; height: 440px; overflow: hidden; border-radius: 8px;\" src=\"https:\/\/viewer.ienhance.co\/v\/app\/5d1db2c0-033f-4b59-9db9-f372dffb70b9\" frameborder=\"0\" allowfullscreen=\"allowfullscreen\"> <\/iframe><\/p>\n<h2 class=\"ewa-rteLine\"><span style=\"color: #006eb7;\">M\u00e9s que una gandula de platja: l&#8217;aliada perfecta per al sol i la sorra<\/span><\/h2>\n<p data-start=\"150\" data-end=\"484\"><span style=\"color: #7a7a7a;\">Gaudeix d\u00b4una experi\u00e8ncia de relax superior amb la nostra gandula per a platja Lola, fabricada en resistent resina de polipropil\u00e8. El respatller reclinable en cinc posicions s&#8217;adapta a cada moment de descans, mentre que el sistema de subjecci\u00f3 amb cord\u00f3 mant\u00e9 el teixit ferm i en perfecte estat, fins i tot despr\u00e9s d&#8217;un \u00fas intensiu. <\/span><\/p>\n<p data-start=\"486\" data-end=\"730\"><span style=\"color: #7a7a7a;\">Equipada amb rodes integrades per a un despla\u00e7ament sense esfor\u00e7, aquesta gandula fusiona funcionalitat i disseny. La seva estructura, a m\u00e9s de ser 100% reciclable, incorpora material reciclat, reafirmant el nostre comprom\u00eds amb la sostenibilitat. <span style=\"color: #006eb7;\"><strong>Personalitza el teixit<\/strong><\/span> amb el teu logotip corporatiu per potenciar la identitat de la teva marca. A m\u00e9s, el <span style=\"color: #006eb7;\"><strong data-start=\"830\" data-end=\"853\">f\u00e0cil manteniment <\/strong><\/span>garanteix que es mantingui impecable amb el m\u00ednim esfor\u00e7. Consulta el nostre tutorial a <span style=\"color: #7a7a7a;\">la<\/span> <strong data-start=\"931\" data-end=\"974\"><a href=\"https:\/\/www.balliuexport.com\/ca\/manteniment\/\"><span style=\"color: #006eb7;\">secci\u00f3 de manteniment<\/span><\/a><\/strong> per a m\u00e9s informaci\u00f3.   <\/span><\/p>\n","protected":false},"excerpt":{"rendered":"<p>&nbsp;<\/p>\n<p>&nbsp;<\/p>\n","protected":false},"featured_media":52294,"template":"","meta":{"_acf_changed":false},"product_brand":[],"product_cat":[485,1331,962,1313,1327,1301,1197,1306,2705,2709],"product_tag":[],"class_list":{"0":"post-5871","1":"product","2":"type-product","3":"status-publish","4":"has-post-thumbnail","6":"product_cat-gandules","7":"product_cat-gandules-apilables","8":"product_cat-gandules-de-plastic-reciclat-gandules","9":"product_cat-gandules-de-platja","10":"product_cat-gandules-de-resina","11":"product_cat-gandules-hotels","12":"product_cat-gandules-professionals-per-a-piscines","13":"product_cat-gandules-per-a-spas","14":"product_cat-mobiliari-de-exterior-per-creuers","15":"product_cat-mobiliari-per-a-parcs-aquatics","17":"first","18":"instock","19":"taxable","20":"shipping-taxable","21":"purchasable","22":"product-type-variable"},"bundled_by":[],"bundle_stock_status":"instock","bundle_stock_quantity":null,"bundle_virtual":false,"bundle_layout":"","bundle_add_to_cart_form_location":"","bundle_editable_in_cart":false,"bundle_sold_individually_context":"","bundle_item_grouping":"","bundle_min_size":"","bundle_max_size":"","bundle_price":[],"bundled_items":[],"bundle_sell_ids":[],"acf":[],"_links":{"self":[{"href":"https:\/\/www.balliuexport.com\/ca\/wp-json\/wp\/v2\/product\/5871","targetHints":{"allow":["GET"]}}],"collection":[{"href":"https:\/\/www.balliuexport.com\/ca\/wp-json\/wp\/v2\/product"}],"about":[{"href":"https:\/\/www.balliuexport.com\/ca\/wp-json\/wp\/v2\/types\/product"}],"wp:featuredmedia":[{"embeddable":true,"href":"https:\/\/www.balliuexport.com\/ca\/wp-json\/wp\/v2\/media\/52294"}],"wp:attachment":[{"href":"https:\/\/www.balliuexport.com\/ca\/wp-json\/wp\/v2\/media?parent=5871"}],"wp:term":[{"taxonomy":"product_brand","embeddable":true,"href":"https:\/\/www.balliuexport.com\/ca\/wp-json\/wp\/v2\/product_brand?post=5871"},{"taxonomy":"product_cat","embeddable":true,"href":"https:\/\/www.balliuexport.com\/ca\/wp-json\/wp\/v2\/product_cat?post=5871"},{"taxonomy":"product_tag","embeddable":true,"href":"https:\/\/www.balliuexport.com\/ca\/wp-json\/wp\/v2\/product_tag?post=5871"}],"curies":[{"name":"wp","href":"https:\/\/api.w.org\/{rel}","templated":true}]}}