{"id":5910,"date":"2020-02-04T10:34:09","date_gmt":"2020-02-04T09:34:09","guid":{"rendered":"https:\/\/balliuexport.com\/producto\/capri-doble\/"},"modified":"2025-11-28T15:23:38","modified_gmt":"2025-11-28T14:23:38","slug":"taula-alumini-capri-doble","status":"publish","type":"product","link":"https:\/\/www.balliuexport.com\/ca\/producte\/taula-alumini-capri-doble\/","title":{"rendered":"Taula Capri doble"},"content":{"rendered":"<h2 data-start=\"307\" data-end=\"364\"><span style=\"color: #006eb7;\"><strong data-start=\"307\" data-end=\"364\">Capri Doble: estructura refor\u00e7ada, car\u00e0cter impecable<\/strong><\/span><\/h2>\n<p class=\"\" data-start=\"366\" data-end=\"607\"><span style=\"color: #7a7a7a;\">Dissenyada per als que busquen m\u00e9s sense renunciar a l&#8217;<span style=\"color: #006eb7;\"><strong>estil<\/strong><\/span>, la taula Capri Doble amplia les prestacions del model original amb una estructura refor\u00e7ada de doble suport, aportant m\u00e9s comoditat, estabilitat i pres\u00e8ncia a qualsevol entorn. La seva fabricaci\u00f3 en alumini endurit amb cargols en acer inoxidable garanteix un alt rendiment en exteriors, fins i tot davant d&#8217;un \u00fas intensiu.  El tablero en HPL, resistente y duradero, soporta la humedad, el calor y el desgaste sin perder elegancia.<\/span><\/p>\n<p class=\"\" data-start=\"868\" data-end=\"1193\"><span style=\"color: #7a7a7a;\">L&#8217;acabat raspallat real\u00e7a el perfil modern de la pe\u00e7a, mentre que els <span style=\"color: #006eb7;\"><strong>taps regulables<\/strong><\/span> a les potes permeten un ajustament prec\u00eds sobre s\u00f2ls irregulars. Disponible en varios formatos, Capri Doble es la soluci\u00f3n robusta y estilizada para proyectos donde el <span style=\"color: #006eb7;\"> <strong>espacio y la funcionalidad importan tanto como el dise\u00f1o<\/strong> <\/span>.<\/span><\/p>\n","protected":false},"excerpt":{"rendered":"<p>Taula de peu doble fabricada amb alumini i tauler HPL.<\/p>\n","protected":false},"featured_media":10368,"template":"","meta":{"_acf_changed":false},"product_brand":[],"product_cat":[469,2228],"product_tag":[],"class_list":{"0":"post-5910","1":"product","2":"type-product","3":"status-publish","4":"has-post-thumbnail","6":"product_cat-taules-per-a-exterior","7":"product_cat-taules-exteriors-de-restaurants","9":"first","10":"instock","11":"taxable","12":"shipping-taxable","13":"purchasable","14":"product-type-variable"},"bundled_by":[],"bundle_stock_status":"instock","bundle_stock_quantity":null,"bundle_virtual":false,"bundle_layout":"","bundle_add_to_cart_form_location":"","bundle_editable_in_cart":false,"bundle_sold_individually_context":"","bundle_item_grouping":"","bundle_min_size":"","bundle_max_size":"","bundle_price":[],"bundled_items":[],"bundle_sell_ids":[],"acf":[],"_links":{"self":[{"href":"https:\/\/www.balliuexport.com\/ca\/wp-json\/wp\/v2\/product\/5910","targetHints":{"allow":["GET"]}}],"collection":[{"href":"https:\/\/www.balliuexport.com\/ca\/wp-json\/wp\/v2\/product"}],"about":[{"href":"https:\/\/www.balliuexport.com\/ca\/wp-json\/wp\/v2\/types\/product"}],"wp:featuredmedia":[{"embeddable":true,"href":"https:\/\/www.balliuexport.com\/ca\/wp-json\/wp\/v2\/media\/10368"}],"wp:attachment":[{"href":"https:\/\/www.balliuexport.com\/ca\/wp-json\/wp\/v2\/media?parent=5910"}],"wp:term":[{"taxonomy":"product_brand","embeddable":true,"href":"https:\/\/www.balliuexport.com\/ca\/wp-json\/wp\/v2\/product_brand?post=5910"},{"taxonomy":"product_cat","embeddable":true,"href":"https:\/\/www.balliuexport.com\/ca\/wp-json\/wp\/v2\/product_cat?post=5910"},{"taxonomy":"product_tag","embeddable":true,"href":"https:\/\/www.balliuexport.com\/ca\/wp-json\/wp\/v2\/product_tag?post=5910"}],"curies":[{"name":"wp","href":"https:\/\/api.w.org\/{rel}","templated":true}]}}