{"id":5953,"date":"2020-02-03T16:43:45","date_gmt":"2020-02-03T15:43:45","guid":{"rendered":"https:\/\/balliuexport.com\/producto\/mini-eva-pro\/"},"modified":"2026-02-10T10:40:03","modified_gmt":"2026-02-10T09:40:03","slug":"taula-mini-eva-pro","status":"publish","type":"product","link":"https:\/\/www.balliuexport.com\/ca\/producte\/taula-mini-eva-pro\/","title":{"rendered":"Taula auxiliar Eva Pro mini"},"content":{"rendered":"<p><iframe style=\"width: 1000px; height: 440px; overflow: hidden; border-radius: 8px;\" src=\"https:\/\/viewer.ienhance.co\/v\/app\/ee985bbb-6958-4e66-97cd-35ba81e48434\" frameborder=\"0\" allowfullscreen=\"allowfullscreen\"><span data-mce-type=\"bookmark\" style=\"display: inline-block; width: 0px; overflow: hidden; line-height: 0;\" class=\"mce_SELRES_start\"><\/span> <\/iframe><\/p>\n<h2 data-start=\"165\" data-end=\"224\"><span style=\"color: #006eb7;\"><strong data-start=\"165\" data-end=\"224\">Eva pro mini: minimalisme funcional en format compacte<\/strong><\/span><\/h2>\n<p class=\"\" data-start=\"226\" data-end=\"495\"><span style=\"color: #7a7a7a;\">Dissenyada per complementar amb naturalitat espais exteriors, la taula auxiliar Eva Pro mini destaca per la seva estructura de resina de polipropil\u00e8 refor\u00e7ada amb c\u00e0rrega mineral, cosa que li confereix una <span style=\"color: #006eb7;\"><strong>excel\u00b7lent resist\u00e8ncia<\/strong><\/span> i <span style=\"color: #006eb7;\"><strong>lleugeresa<\/strong><\/span> fins i tot en entorns d&#8217;\u00fas intensiu. La superf\u00edcie plana, les vores arrodonides i l&#8217;acabat texturitzat en efecte mat realcen una est\u00e8tica neta i contempor\u00e0nia, en sintonia amb un disseny pensat per integrar-se sense esfor\u00e7. <span style=\"color: #006eb7;\"><strong>Apilable<\/strong><\/span> i <span style=\"color: #006eb7;\"><strong>pr\u00e0ctica<\/strong><\/span> , \u00e9s la companya perfecta per a la <a href=\"https:\/\/www.balliuexport.com\/ca\/producto\/gandula-de-resina-evapro\/\"><span style=\"color: #006eb7;\"><strong>gandula Eva Pro<\/strong><\/span><\/a> , aportant funcionalitat amb un estil discret i harmoni\u00f3s.<\/span><\/p>\n","protected":false},"excerpt":{"rendered":"<p>Taula auxiliar fabricada en resina de polipropil\u00e8<\/p>\n","protected":false},"featured_media":70538,"template":"","meta":{"_acf_changed":false},"product_brand":[],"product_cat":[2249,3075,3251],"product_tag":[],"class_list":{"0":"post-5953","1":"product","2":"type-product","3":"status-publish","4":"has-post-thumbnail","6":"product_cat-mobiliari-de-piscina","7":"product_cat-taules-auxiliars","8":"product_cat-taules-de-resina","10":"first","11":"instock","12":"taxable","13":"shipping-taxable","14":"purchasable","15":"product-type-variable"},"bundled_by":["70285"],"bundle_stock_status":"instock","bundle_stock_quantity":null,"bundle_virtual":false,"bundle_layout":"","bundle_add_to_cart_form_location":"","bundle_editable_in_cart":false,"bundle_sold_individually_context":"","bundle_item_grouping":"","bundle_min_size":"","bundle_max_size":"","bundle_price":[],"bundled_items":[],"bundle_sell_ids":[],"acf":[],"_links":{"self":[{"href":"https:\/\/www.balliuexport.com\/ca\/wp-json\/wp\/v2\/product\/5953","targetHints":{"allow":["GET"]}}],"collection":[{"href":"https:\/\/www.balliuexport.com\/ca\/wp-json\/wp\/v2\/product"}],"about":[{"href":"https:\/\/www.balliuexport.com\/ca\/wp-json\/wp\/v2\/types\/product"}],"wp:featuredmedia":[{"embeddable":true,"href":"https:\/\/www.balliuexport.com\/ca\/wp-json\/wp\/v2\/media\/70538"}],"wp:attachment":[{"href":"https:\/\/www.balliuexport.com\/ca\/wp-json\/wp\/v2\/media?parent=5953"}],"wp:term":[{"taxonomy":"product_brand","embeddable":true,"href":"https:\/\/www.balliuexport.com\/ca\/wp-json\/wp\/v2\/product_brand?post=5953"},{"taxonomy":"product_cat","embeddable":true,"href":"https:\/\/www.balliuexport.com\/ca\/wp-json\/wp\/v2\/product_cat?post=5953"},{"taxonomy":"product_tag","embeddable":true,"href":"https:\/\/www.balliuexport.com\/ca\/wp-json\/wp\/v2\/product_tag?post=5953"}],"curies":[{"name":"wp","href":"https:\/\/api.w.org\/{rel}","templated":true}]}}