{"id":59590,"date":"2025-06-25T10:17:13","date_gmt":"2025-06-25T08:17:13","guid":{"rendered":"https:\/\/www.balliuexport.com\/producto\/recanvi-teixit-balliu-per-parasol-pamela-i-ocean\/"},"modified":"2026-02-12T11:52:45","modified_gmt":"2026-02-12T10:52:45","slug":"recanvi-teixit-balliu-per-parasol-pamela-i-ocean","status":"publish","type":"product","link":"https:\/\/www.balliuexport.com\/ca\/producte\/recanvi-teixit-balliu-per-parasol-pamela-i-ocean\/","title":{"rendered":"Recanvi teixit Balliu per a para-sol Pamela i Ocean"},"content":{"rendered":"<p data-start=\"237\" data-end=\"469\"><span style=\"color: #7a7a7a;\">Perllonga la vida \u00fatil del teu para-sol amb aquest <span style=\"color: #006eb7;\"><strong data-start=\"282\" data-end=\"313\">recanvi de teixit original<\/strong><\/span> , compatible amb els models <a href=\"https:\/\/www.balliuexport.com\/producto\/parasol-pamela\/?v=12470fe406d4\"><span style=\"color: #006eb7;\"><strong data-start=\"342\" data-end=\"352\">Pamela<\/strong><\/span><\/a> i <a href=\"https:\/\/www.balliuexport.com\/producto\/ocean-2\/?v=12470fe406d4\"><span style=\"color: #006eb7;\"><strong data-start=\"355\" data-end=\"364\">Ocean<\/strong><\/span><\/a> . Una soluci\u00f3 pr\u00e0ctica i est\u00e8tica per renovar nom\u00e9s all\u00f2 que necessites, mantenint l&#8217;estructura intacta. Fabricat en materials d&#8217;alta qualitat, el recanvi est\u00e0 disponible en <a href=\"https:\/\/www.balliuexport.com\/ca\/producte\/recanvi-teixit-acrilic-per-parasol-pamela-i-ocean\/\"><span style=\"color: #006eb7;\"><strong>teixit acr\u00edlic<\/strong><\/span><\/a> tintat en massa o teixit t\u00e8cnic Balliu, dissenyats per resistir el sol, la humitat i l&#8217;\u00fas continuat en exteriors. Escull entre diferents colors per recuperar l&#8217;aspecte original del teu para-sol o donar-li un nou aire, sense comprometre&#8217;n el rendiment.<\/span><\/p>\n<p data-start=\"859\" data-end=\"952\"><span style=\"color: #006eb7;\"><strong data-start=\"859\" data-end=\"952\">F\u00e0cil d&#8217;instal\u00b7lar, resistent i durador. Una renovaci\u00f3 intel\u00b7ligent, sense complicacions. <\/strong><\/span><\/p>\n","protected":false},"excerpt":{"rendered":"<p>Perllonga la vida \u00fatil del teu para-sol amb aquest recanvi de teixit original , compatible amb els models Pamela i Ocean . Una soluci\u00f3 pr\u00e0ctica i est\u00e8tica per renovar nom\u00e9s all\u00f2 que necessites, mantenint l&#8217;estructura intacta. Fabricat en materials d&#8217;alta qualitat, el recanvi est\u00e0 disponible en teixit acr\u00edlic tintat en massa o teixit t\u00e8cnic Balliu, dissenyats per resistir el sol,\u2026<\/p>\n","protected":false},"featured_media":60045,"template":"","meta":{"_acf_changed":false},"product_brand":[],"product_cat":[828,3556],"product_tag":[],"class_list":{"0":"post-59590","1":"product","2":"type-product","3":"status-publish","4":"has-post-thumbnail","6":"product_cat-recanvis","7":"product_cat-recanvis-teixit-parasol","8":"pa_diametro-3357","9":"pa_diametro-3360","11":"first","12":"instock","13":"taxable","14":"shipping-taxable","15":"purchasable","16":"product-type-variable"},"bundled_by":[],"bundle_stock_status":"instock","bundle_stock_quantity":null,"bundle_virtual":false,"bundle_layout":"","bundle_add_to_cart_form_location":"","bundle_editable_in_cart":false,"bundle_sold_individually_context":"","bundle_item_grouping":"","bundle_min_size":"","bundle_max_size":"","bundle_price":[],"bundled_items":[],"bundle_sell_ids":[],"acf":[],"_links":{"self":[{"href":"https:\/\/www.balliuexport.com\/ca\/wp-json\/wp\/v2\/product\/59590","targetHints":{"allow":["GET"]}}],"collection":[{"href":"https:\/\/www.balliuexport.com\/ca\/wp-json\/wp\/v2\/product"}],"about":[{"href":"https:\/\/www.balliuexport.com\/ca\/wp-json\/wp\/v2\/types\/product"}],"wp:featuredmedia":[{"embeddable":true,"href":"https:\/\/www.balliuexport.com\/ca\/wp-json\/wp\/v2\/media\/60045"}],"wp:attachment":[{"href":"https:\/\/www.balliuexport.com\/ca\/wp-json\/wp\/v2\/media?parent=59590"}],"wp:term":[{"taxonomy":"product_brand","embeddable":true,"href":"https:\/\/www.balliuexport.com\/ca\/wp-json\/wp\/v2\/product_brand?post=59590"},{"taxonomy":"product_cat","embeddable":true,"href":"https:\/\/www.balliuexport.com\/ca\/wp-json\/wp\/v2\/product_cat?post=59590"},{"taxonomy":"product_tag","embeddable":true,"href":"https:\/\/www.balliuexport.com\/ca\/wp-json\/wp\/v2\/product_tag?post=59590"}],"curies":[{"name":"wp","href":"https:\/\/api.w.org\/{rel}","templated":true}]}}